{"id":4444,"date":"2021-11-30T14:17:31","date_gmt":"2021-11-30T13:17:31","guid":{"rendered":"https:\/\/www.stretchhood.it\/settori\/contenitori\/"},"modified":"2021-12-30T12:05:10","modified_gmt":"2021-12-30T11:05:10","slug":"contenitori","status":"publish","type":"page","link":"https:\/\/stretchhood.it\/it\/settori\/contenitori\/","title":{"rendered":"Contenitori"},"content":{"rendered":"\n<div class=\"wp-block-group alternating-columns is-layout-flow wp-block-group-is-layout-flow\">\n<div class=\"wp-block-columns is-layout-flex wp-container-core-columns-is-layout-1 wp-block-columns-is-layout-flex\">\n<div class=\"wp-block-column is-layout-flow wp-block-column-is-layout-flow\"><div class=\"wp-block-getwid-images-slider has-arrows-inside has-dots-inside has-images-center has-cropped-images has-fixed-height\"><div class=\"wp-block-getwid-images-slider__wrapper\" data-effect=\"fade\" data-slides-show=\"1\" data-slides-show-laptop=\"1\" data-slides-show-tablet=\"1\" data-slides-show-mobile=\"1\" data-slides-scroll=\"1\" data-autoplay=\"true\" data-autoplay-speed=\"5000\" data-infinite=\"true\" data-animation-speed=\"800\" data-center-mode=\"false\" data-variable-width=\"false\" data-arrows=\"inside\" data-dots=\"inside\" data-spacing=\"none\"><div class=\"wp-block-getwid-images-slider__item\" style=\"height:350px\"><figure><img loading=\"lazy\" decoding=\"async\" width=\"1200\" height=\"800\" src=\"https:\/\/www.stretchhood.it\/wp-content\/uploads\/2021\/12\/image-industries-containers-a-01.jpg\" data-id=\"2252\" data-link=\"https:\/\/www.stretchhood.it\/industries\/containers\/attachment\/image-industries-containers-a-01\/\" data-original-link=\"https:\/\/www.stretchhood.it\/wp-content\/uploads\/2021\/12\/image-industries-containers-a-01.jpg\" class=\"wp-block-getwid-images-slider__image wp-image-2252\" srcset=\"https:\/\/www.stretchhood.it\/wp-content\/uploads\/2021\/12\/image-industries-containers-a-01.jpg 1200w, https:\/\/www.stretchhood.it\/wp-content\/uploads\/2021\/12\/image-industries-containers-a-01-980x653.jpg 980w, https:\/\/www.stretchhood.it\/wp-content\/uploads\/2021\/12\/image-industries-containers-a-01-480x320.jpg 480w\" sizes=\"(min-width: 0px) and (max-width: 480px) 480px, (min-width: 481px) and (max-width: 980px) 980px, (min-width: 981px) 1200px, 100vw\" \/><\/figure><\/div><div class=\"wp-block-getwid-images-slider__item\" style=\"height:350px\"><figure><img loading=\"lazy\" decoding=\"async\" width=\"1200\" height=\"800\" src=\"https:\/\/www.stretchhood.it\/wp-content\/uploads\/2021\/12\/image-industries-containers-a-02.jpg\" data-id=\"2253\" data-link=\"https:\/\/www.stretchhood.it\/industries\/containers\/attachment\/image-industries-containers-a-02\/\" data-original-link=\"https:\/\/www.stretchhood.it\/wp-content\/uploads\/2021\/12\/image-industries-containers-a-02.jpg\" class=\"wp-block-getwid-images-slider__image wp-image-2253\" srcset=\"https:\/\/www.stretchhood.it\/wp-content\/uploads\/2021\/12\/image-industries-containers-a-02.jpg 1200w, https:\/\/www.stretchhood.it\/wp-content\/uploads\/2021\/12\/image-industries-containers-a-02-980x653.jpg 980w, https:\/\/www.stretchhood.it\/wp-content\/uploads\/2021\/12\/image-industries-containers-a-02-480x320.jpg 480w\" sizes=\"(min-width: 0px) and (max-width: 480px) 480px, (min-width: 481px) and (max-width: 980px) 980px, (min-width: 981px) 1200px, 100vw\" \/><\/figure><\/div><div class=\"wp-block-getwid-images-slider__item\" style=\"height:350px\"><figure><img loading=\"lazy\" decoding=\"async\" width=\"1200\" height=\"800\" src=\"https:\/\/www.stretchhood.it\/wp-content\/uploads\/2021\/12\/image-industries-containers-a-03.jpg\" data-id=\"2254\" data-link=\"https:\/\/www.stretchhood.it\/industries\/containers\/attachment\/image-industries-containers-a-03\/\" data-original-link=\"https:\/\/www.stretchhood.it\/wp-content\/uploads\/2021\/12\/image-industries-containers-a-03.jpg\" class=\"wp-block-getwid-images-slider__image wp-image-2254\" srcset=\"https:\/\/www.stretchhood.it\/wp-content\/uploads\/2021\/12\/image-industries-containers-a-03.jpg 1200w, https:\/\/www.stretchhood.it\/wp-content\/uploads\/2021\/12\/image-industries-containers-a-03-980x653.jpg 980w, https:\/\/www.stretchhood.it\/wp-content\/uploads\/2021\/12\/image-industries-containers-a-03-480x320.jpg 480w\" sizes=\"(min-width: 0px) and (max-width: 480px) 480px, (min-width: 481px) and (max-width: 980px) 980px, (min-width: 981px) 1200px, 100vw\" \/><\/figure><\/div><div class=\"wp-block-getwid-images-slider__item\" style=\"height:350px\"><figure><img loading=\"lazy\" decoding=\"async\" width=\"1200\" height=\"800\" src=\"https:\/\/www.stretchhood.it\/wp-content\/uploads\/2021\/12\/image-industries-containers-a-04.jpg\" data-id=\"2255\" data-link=\"https:\/\/www.stretchhood.it\/industries\/containers\/attachment\/image-industries-containers-a-04\/\" data-original-link=\"https:\/\/www.stretchhood.it\/wp-content\/uploads\/2021\/12\/image-industries-containers-a-04.jpg\" class=\"wp-block-getwid-images-slider__image wp-image-2255\" srcset=\"https:\/\/www.stretchhood.it\/wp-content\/uploads\/2021\/12\/image-industries-containers-a-04.jpg 1200w, https:\/\/www.stretchhood.it\/wp-content\/uploads\/2021\/12\/image-industries-containers-a-04-980x653.jpg 980w, https:\/\/www.stretchhood.it\/wp-content\/uploads\/2021\/12\/image-industries-containers-a-04-480x320.jpg 480w\" sizes=\"(min-width: 0px) and (max-width: 480px) 480px, (min-width: 481px) and (max-width: 980px) 980px, (min-width: 981px) 1200px, 100vw\" \/><\/figure><\/div><\/div><\/div>\r\n<\/div>\n\n\n\n<div class=\"wp-block-column is-layout-flow wp-block-column-is-layout-flow\">\n<h3 class=\"wp-block-heading\">Stabilit\u00e0<\/h3>\n\n\n\n<p>Le tecnologie\u00a0<a href=\"\/it\/sistemi-di-imballaggio\/incappucciatrici-stretch-hood\/\">stretch hood<\/a>\u00a0o\u00a0<a href=\"\/it\/sistemi-di-imballaggio\/termoretrazione\/\">termoretrazione<\/a>\u00a0sono ideali per l&#8217;industria. Con un solo strato di plastica \u00e8 infatti possibile dare una eccellente stabilit\u00e0 al carico, anche ai carichi pi\u00f9 sbilanciati.<\/p>\n\n\n\n<p>Le forze elastiche dello stretch hood o la stabilit\u00e0 della termoretrazione garantiscono sicurezza per il trasporto e la movimentazione della merce. Le incappucciatrici Bocedi possono essere configurate con vari tipi di film per imballare diversi tipi di merce con un&#8217;unica macchina.<\/p>\n<\/div>\n<\/div>\n\n\n\n<div class=\"wp-block-columns is-layout-flex wp-container-core-columns-is-layout-2 wp-block-columns-is-layout-flex\">\n<div class=\"wp-block-column is-layout-flow wp-block-column-is-layout-flow\"><div class=\"wp-block-getwid-images-slider has-arrows-inside has-dots-inside has-images-center has-cropped-images has-fixed-height\"><div class=\"wp-block-getwid-images-slider__wrapper\" data-effect=\"fade\" data-slides-show=\"1\" data-slides-show-laptop=\"1\" data-slides-show-tablet=\"1\" data-slides-show-mobile=\"1\" data-slides-scroll=\"1\" data-autoplay=\"true\" data-autoplay-speed=\"5000\" data-infinite=\"true\" data-animation-speed=\"800\" data-center-mode=\"false\" data-variable-width=\"false\" data-arrows=\"inside\" data-dots=\"inside\" data-spacing=\"none\"><div class=\"wp-block-getwid-images-slider__item\" style=\"height:350px\"><figure><img loading=\"lazy\" decoding=\"async\" width=\"1200\" height=\"800\" src=\"https:\/\/www.stretchhood.it\/wp-content\/uploads\/2021\/12\/image-industries-containers-b-01.jpg\" data-id=\"2256\" data-link=\"https:\/\/www.stretchhood.it\/industries\/containers\/attachment\/image-industries-containers-b-01\/\" data-original-link=\"https:\/\/www.stretchhood.it\/wp-content\/uploads\/2021\/12\/image-industries-containers-b-01.jpg\" class=\"wp-block-getwid-images-slider__image wp-image-2256\" srcset=\"https:\/\/www.stretchhood.it\/wp-content\/uploads\/2021\/12\/image-industries-containers-b-01.jpg 1200w, https:\/\/www.stretchhood.it\/wp-content\/uploads\/2021\/12\/image-industries-containers-b-01-980x653.jpg 980w, https:\/\/www.stretchhood.it\/wp-content\/uploads\/2021\/12\/image-industries-containers-b-01-480x320.jpg 480w\" sizes=\"(min-width: 0px) and (max-width: 480px) 480px, (min-width: 481px) and (max-width: 980px) 980px, (min-width: 981px) 1200px, 100vw\" \/><\/figure><\/div><div class=\"wp-block-getwid-images-slider__item\" style=\"height:350px\"><figure><img loading=\"lazy\" decoding=\"async\" width=\"1200\" height=\"800\" src=\"https:\/\/www.stretchhood.it\/wp-content\/uploads\/2021\/12\/image-industries-containers-b-02.jpg\" data-id=\"2257\" data-link=\"https:\/\/www.stretchhood.it\/industries\/containers\/attachment\/image-industries-containers-b-02\/\" data-original-link=\"https:\/\/www.stretchhood.it\/wp-content\/uploads\/2021\/12\/image-industries-containers-b-02.jpg\" class=\"wp-block-getwid-images-slider__image wp-image-2257\" srcset=\"https:\/\/www.stretchhood.it\/wp-content\/uploads\/2021\/12\/image-industries-containers-b-02.jpg 1200w, https:\/\/www.stretchhood.it\/wp-content\/uploads\/2021\/12\/image-industries-containers-b-02-980x653.jpg 980w, https:\/\/www.stretchhood.it\/wp-content\/uploads\/2021\/12\/image-industries-containers-b-02-480x320.jpg 480w\" sizes=\"(min-width: 0px) and (max-width: 480px) 480px, (min-width: 481px) and (max-width: 980px) 980px, (min-width: 981px) 1200px, 100vw\" \/><\/figure><\/div><div class=\"wp-block-getwid-images-slider__item\" style=\"height:350px\"><figure><img loading=\"lazy\" decoding=\"async\" width=\"1200\" height=\"800\" src=\"https:\/\/www.stretchhood.it\/wp-content\/uploads\/2021\/12\/image-industries-containers-b-03.jpg\" data-id=\"2258\" data-link=\"https:\/\/www.stretchhood.it\/industries\/containers\/attachment\/image-industries-containers-b-03\/\" data-original-link=\"https:\/\/www.stretchhood.it\/wp-content\/uploads\/2021\/12\/image-industries-containers-b-03.jpg\" class=\"wp-block-getwid-images-slider__image wp-image-2258\" srcset=\"https:\/\/www.stretchhood.it\/wp-content\/uploads\/2021\/12\/image-industries-containers-b-03.jpg 1200w, https:\/\/www.stretchhood.it\/wp-content\/uploads\/2021\/12\/image-industries-containers-b-03-980x653.jpg 980w, https:\/\/www.stretchhood.it\/wp-content\/uploads\/2021\/12\/image-industries-containers-b-03-480x320.jpg 480w\" sizes=\"(min-width: 0px) and (max-width: 480px) 480px, (min-width: 481px) and (max-width: 980px) 980px, (min-width: 981px) 1200px, 100vw\" \/><\/figure><\/div><div class=\"wp-block-getwid-images-slider__item\" style=\"height:350px\"><figure><img loading=\"lazy\" decoding=\"async\" width=\"1200\" height=\"800\" src=\"https:\/\/www.stretchhood.it\/wp-content\/uploads\/2021\/12\/image-industries-containers-b-04.jpg\" data-id=\"2259\" data-link=\"https:\/\/www.stretchhood.it\/industries\/containers\/attachment\/image-industries-containers-b-04\/\" data-original-link=\"https:\/\/www.stretchhood.it\/wp-content\/uploads\/2021\/12\/image-industries-containers-b-04.jpg\" class=\"wp-block-getwid-images-slider__image wp-image-2259\" srcset=\"https:\/\/www.stretchhood.it\/wp-content\/uploads\/2021\/12\/image-industries-containers-b-04.jpg 1200w, https:\/\/www.stretchhood.it\/wp-content\/uploads\/2021\/12\/image-industries-containers-b-04-980x653.jpg 980w, https:\/\/www.stretchhood.it\/wp-content\/uploads\/2021\/12\/image-industries-containers-b-04-480x320.jpg 480w\" sizes=\"(min-width: 0px) and (max-width: 480px) 480px, (min-width: 481px) and (max-width: 980px) 980px, (min-width: 981px) 1200px, 100vw\" \/><\/figure><\/div><div class=\"wp-block-getwid-images-slider__item\" style=\"height:350px\"><figure><img loading=\"lazy\" decoding=\"async\" width=\"1200\" height=\"800\" src=\"https:\/\/www.stretchhood.it\/wp-content\/uploads\/2021\/12\/image-industries-containers-b-05.jpg\" data-id=\"2260\" data-link=\"https:\/\/www.stretchhood.it\/industries\/containers\/attachment\/image-industries-containers-b-05\/\" data-original-link=\"https:\/\/www.stretchhood.it\/wp-content\/uploads\/2021\/12\/image-industries-containers-b-05.jpg\" class=\"wp-block-getwid-images-slider__image wp-image-2260\" srcset=\"https:\/\/www.stretchhood.it\/wp-content\/uploads\/2021\/12\/image-industries-containers-b-05.jpg 1200w, https:\/\/www.stretchhood.it\/wp-content\/uploads\/2021\/12\/image-industries-containers-b-05-980x653.jpg 980w, https:\/\/www.stretchhood.it\/wp-content\/uploads\/2021\/12\/image-industries-containers-b-05-480x320.jpg 480w\" sizes=\"(min-width: 0px) and (max-width: 480px) 480px, (min-width: 481px) and (max-width: 980px) 980px, (min-width: 981px) 1200px, 100vw\" \/><\/figure><\/div><\/div><\/div>\r\n<\/div>\n\n\n\n<div class=\"wp-block-column is-layout-flow wp-block-column-is-layout-flow\">\n<h3 class=\"wp-block-heading\">Sicuro, ordinato, resistente all&#8217;acqua<\/h3>\n\n\n\n<p>I prodotti sono sicuri e protetti, il cappuccio plastico ha una resistenza duratura agli urti e agli strappi durante la movimentazione e il trasporto, e protegge inoltre la merce da intrusioni di personale non autorizzato.<\/p>\n\n\n\n<p>Il collo ha un aspetto estetico superiore, risulta ordinato e professionale, la merce \u00e8 chiaramente visibile e influisce positivamente sulle abitudini di acquisto degli utilizzatori finali.<\/p>\n\n\n\n<p>I pallet incappucciati possono essere stoccati all&#8217;aperto, il packaging \u00e8 resistente all&#8217;acqua ed \u00e8 possibile avere la protezione UV.<\/p>\n<\/div>\n<\/div>\n\n\n\n<div class=\"wp-block-columns is-layout-flex wp-container-core-columns-is-layout-3 wp-block-columns-is-layout-flex\">\n<div class=\"wp-block-column is-layout-flow wp-block-column-is-layout-flow\">\n<figure class=\"wp-block-video\"><video controls=\"\" poster=\"https:\/\/www.stretchhood.it\/wp-content\/uploads\/2021\/12\/video-thumb.jpg\" src=\"\/wp-content\/uploads\/video\/video-fb1000.mp4\"><\/video><\/figure>\n<\/div>\n\n\n\n<div class=\"wp-block-column is-layout-flow wp-block-column-is-layout-flow\">\n<h3 class=\"wp-block-heading\">Soluzioni dedicate per il settore<\/h3>\n\n\n\n<p>I contenitori impilati possono essere molto instabili durante le fasi di movimentazione sui nastri trasportatori. Le\u00a0<a href=\"\/it\/sistemi-di-imballaggio\/incappucciatrici-stretch-hood\/fb1000\/\">incappucciatrici mobili<\/a>\u00a0Bocedi, studiate specificatamente per questo settore, possono spostarsi verso il carico, lasciando la pila di contenitori ferma. Soluzione ideale per l\u2019imballo di prodotti molto leggeri ed instabili.<\/p>\n<\/div>\n<\/div>\n<\/div>\n","protected":false},"excerpt":{"rendered":"<p>Stabilit\u00e0 Le tecnologie\u00a0stretch hood\u00a0o\u00a0termoretrazione\u00a0sono ideali per l&#8217;industria. Con un solo strato di plastica \u00e8 infatti possibile dare una eccellente stabilit\u00e0 al carico, anche ai carichi pi\u00f9 sbilanciati. Le forze elastiche dello stretch hood o la stabilit\u00e0 della termoretrazione garantiscono sicurezza per il trasporto e la movimentazione della merce. Le incappucciatrici Bocedi possono essere configurate con [&hellip;]<\/p>\n","protected":false},"author":1,"featured_media":2789,"parent":3853,"menu_order":0,"comment_status":"closed","ping_status":"closed","template":"","meta":{"_acf_changed":false,"_et_pb_use_builder":"","_et_pb_old_content":"","_et_gb_content_width":"","footnotes":""},"acf":[],"yoast_head":"<!-- This site is optimized with the Yoast SEO plugin v22.7 - https:\/\/yoast.com\/wordpress\/plugins\/seo\/ -->\n<title>Contenitori - Bocedi srl<\/title>\n<meta name=\"description\" content=\"Le incappucciatrici pallet Bocedi sono perfette per il settore dei contenitori: secchi di vernice, barili di plastica e metallo, taniche, vassoi e altro...\" \/>\n<meta name=\"robots\" content=\"index, follow, max-snippet:-1, max-image-preview:large, max-video-preview:-1\" \/>\n<link rel=\"canonical\" href=\"https:\/\/stretchhood.it\/it\/settori\/contenitori\/\" \/>\n<meta property=\"og:locale\" content=\"it_IT\" \/>\n<meta property=\"og:type\" content=\"article\" \/>\n<meta property=\"og:title\" content=\"Contenitori - Bocedi srl\" \/>\n<meta property=\"og:description\" content=\"Le incappucciatrici pallet Bocedi sono perfette per il settore dei contenitori: secchi di vernice, barili di plastica e metallo, taniche, vassoi e altro...\" \/>\n<meta property=\"og:url\" content=\"https:\/\/stretchhood.it\/it\/settori\/contenitori\/\" \/>\n<meta property=\"og:site_name\" content=\"Bocedi srl\" \/>\n<meta property=\"article:modified_time\" content=\"2021-12-30T11:05:10+00:00\" \/>\n<meta property=\"og:image\" content=\"https:\/\/bocedisrl.com\/wp-content\/uploads\/2021\/12\/banner-industries-containers.jpg\" \/>\n\t<meta property=\"og:image:width\" content=\"1200\" \/>\n\t<meta property=\"og:image:height\" content=\"800\" \/>\n\t<meta property=\"og:image:type\" content=\"image\/jpeg\" \/>\n<meta name=\"twitter:card\" content=\"summary_large_image\" \/>\n<meta name=\"twitter:label1\" content=\"Tempo di lettura stimato\" \/>\n\t<meta name=\"twitter:data1\" content=\"1 minuto\" \/>\n<script type=\"application\/ld+json\" class=\"yoast-schema-graph\">{\"@context\":\"https:\/\/schema.org\",\"@graph\":[{\"@type\":\"WebPage\",\"@id\":\"https:\/\/stretchhood.it\/it\/settori\/contenitori\/\",\"url\":\"https:\/\/stretchhood.it\/it\/settori\/contenitori\/\",\"name\":\"Contenitori - Bocedi srl\",\"isPartOf\":{\"@id\":\"https:\/\/bocedisrl.com\/fr\/#website\"},\"primaryImageOfPage\":{\"@id\":\"https:\/\/stretchhood.it\/it\/settori\/contenitori\/#primaryimage\"},\"image\":{\"@id\":\"https:\/\/stretchhood.it\/it\/settori\/contenitori\/#primaryimage\"},\"thumbnailUrl\":\"https:\/\/stretchhood.it\/wp-content\/uploads\/2021\/12\/banner-industries-containers.jpg\",\"datePublished\":\"2021-11-30T13:17:31+00:00\",\"dateModified\":\"2021-12-30T11:05:10+00:00\",\"description\":\"Le incappucciatrici pallet Bocedi sono perfette per il settore dei contenitori: secchi di vernice, barili di plastica e metallo, taniche, vassoi e altro...\",\"breadcrumb\":{\"@id\":\"https:\/\/stretchhood.it\/it\/settori\/contenitori\/#breadcrumb\"},\"inLanguage\":\"it-IT\",\"potentialAction\":[{\"@type\":\"ReadAction\",\"target\":[\"https:\/\/stretchhood.it\/it\/settori\/contenitori\/\"]}]},{\"@type\":\"ImageObject\",\"inLanguage\":\"it-IT\",\"@id\":\"https:\/\/stretchhood.it\/it\/settori\/contenitori\/#primaryimage\",\"url\":\"https:\/\/stretchhood.it\/wp-content\/uploads\/2021\/12\/banner-industries-containers.jpg\",\"contentUrl\":\"https:\/\/stretchhood.it\/wp-content\/uploads\/2021\/12\/banner-industries-containers.jpg\",\"width\":1200,\"height\":800},{\"@type\":\"BreadcrumbList\",\"@id\":\"https:\/\/stretchhood.it\/it\/settori\/contenitori\/#breadcrumb\",\"itemListElement\":[{\"@type\":\"ListItem\",\"position\":1,\"name\":\"Home\",\"item\":\"https:\/\/www.bocedisrl.com\/it\/\"},{\"@type\":\"ListItem\",\"position\":2,\"name\":\"Settori\",\"item\":\"https:\/\/www.bocedisrl.com\/it\/settori\/\"},{\"@type\":\"ListItem\",\"position\":3,\"name\":\"Contenitori\"}]},{\"@type\":\"WebSite\",\"@id\":\"https:\/\/bocedisrl.com\/fr\/#website\",\"url\":\"https:\/\/bocedisrl.com\/fr\/\",\"name\":\"Bocedi srl\",\"description\":\"Pallet Packaging Systems\",\"publisher\":{\"@id\":\"https:\/\/bocedisrl.com\/fr\/#organization\"},\"potentialAction\":[{\"@type\":\"SearchAction\",\"target\":{\"@type\":\"EntryPoint\",\"urlTemplate\":\"https:\/\/bocedisrl.com\/fr\/?s={search_term_string}\"},\"query-input\":\"required name=search_term_string\"}],\"inLanguage\":\"it-IT\"},{\"@type\":\"Organization\",\"@id\":\"https:\/\/bocedisrl.com\/fr\/#organization\",\"name\":\"Bocedi srl\",\"url\":\"https:\/\/bocedisrl.com\/fr\/\",\"logo\":{\"@type\":\"ImageObject\",\"inLanguage\":\"it-IT\",\"@id\":\"https:\/\/bocedisrl.com\/fr\/#\/schema\/logo\/image\/\",\"url\":\"https:\/\/www.bocedisrl.com\/wp-content\/uploads\/2021\/11\/logo-bocedi.png\",\"contentUrl\":\"https:\/\/www.bocedisrl.com\/wp-content\/uploads\/2021\/11\/logo-bocedi.png\",\"width\":800,\"height\":480,\"caption\":\"Bocedi srl\"},\"image\":{\"@id\":\"https:\/\/bocedisrl.com\/fr\/#\/schema\/logo\/image\/\"}}]}<\/script>\n<!-- \/ Yoast SEO plugin. -->","yoast_head_json":{"title":"Contenitori - Bocedi srl","description":"Le incappucciatrici pallet Bocedi sono perfette per il settore dei contenitori: secchi di vernice, barili di plastica e metallo, taniche, vassoi e altro...","robots":{"index":"index","follow":"follow","max-snippet":"max-snippet:-1","max-image-preview":"max-image-preview:large","max-video-preview":"max-video-preview:-1"},"canonical":"https:\/\/stretchhood.it\/it\/settori\/contenitori\/","og_locale":"it_IT","og_type":"article","og_title":"Contenitori - Bocedi srl","og_description":"Le incappucciatrici pallet Bocedi sono perfette per il settore dei contenitori: secchi di vernice, barili di plastica e metallo, taniche, vassoi e altro...","og_url":"https:\/\/stretchhood.it\/it\/settori\/contenitori\/","og_site_name":"Bocedi srl","article_modified_time":"2021-12-30T11:05:10+00:00","og_image":[{"width":1200,"height":800,"url":"https:\/\/bocedisrl.com\/wp-content\/uploads\/2021\/12\/banner-industries-containers.jpg","type":"image\/jpeg"}],"twitter_card":"summary_large_image","twitter_misc":{"Tempo di lettura stimato":"1 minuto"},"schema":{"@context":"https:\/\/schema.org","@graph":[{"@type":"WebPage","@id":"https:\/\/stretchhood.it\/it\/settori\/contenitori\/","url":"https:\/\/stretchhood.it\/it\/settori\/contenitori\/","name":"Contenitori - Bocedi srl","isPartOf":{"@id":"https:\/\/bocedisrl.com\/fr\/#website"},"primaryImageOfPage":{"@id":"https:\/\/stretchhood.it\/it\/settori\/contenitori\/#primaryimage"},"image":{"@id":"https:\/\/stretchhood.it\/it\/settori\/contenitori\/#primaryimage"},"thumbnailUrl":"https:\/\/stretchhood.it\/wp-content\/uploads\/2021\/12\/banner-industries-containers.jpg","datePublished":"2021-11-30T13:17:31+00:00","dateModified":"2021-12-30T11:05:10+00:00","description":"Le incappucciatrici pallet Bocedi sono perfette per il settore dei contenitori: secchi di vernice, barili di plastica e metallo, taniche, vassoi e altro...","breadcrumb":{"@id":"https:\/\/stretchhood.it\/it\/settori\/contenitori\/#breadcrumb"},"inLanguage":"it-IT","potentialAction":[{"@type":"ReadAction","target":["https:\/\/stretchhood.it\/it\/settori\/contenitori\/"]}]},{"@type":"ImageObject","inLanguage":"it-IT","@id":"https:\/\/stretchhood.it\/it\/settori\/contenitori\/#primaryimage","url":"https:\/\/stretchhood.it\/wp-content\/uploads\/2021\/12\/banner-industries-containers.jpg","contentUrl":"https:\/\/stretchhood.it\/wp-content\/uploads\/2021\/12\/banner-industries-containers.jpg","width":1200,"height":800},{"@type":"BreadcrumbList","@id":"https:\/\/stretchhood.it\/it\/settori\/contenitori\/#breadcrumb","itemListElement":[{"@type":"ListItem","position":1,"name":"Home","item":"https:\/\/www.bocedisrl.com\/it\/"},{"@type":"ListItem","position":2,"name":"Settori","item":"https:\/\/www.bocedisrl.com\/it\/settori\/"},{"@type":"ListItem","position":3,"name":"Contenitori"}]},{"@type":"WebSite","@id":"https:\/\/bocedisrl.com\/fr\/#website","url":"https:\/\/bocedisrl.com\/fr\/","name":"Bocedi srl","description":"Pallet Packaging Systems","publisher":{"@id":"https:\/\/bocedisrl.com\/fr\/#organization"},"potentialAction":[{"@type":"SearchAction","target":{"@type":"EntryPoint","urlTemplate":"https:\/\/bocedisrl.com\/fr\/?s={search_term_string}"},"query-input":"required name=search_term_string"}],"inLanguage":"it-IT"},{"@type":"Organization","@id":"https:\/\/bocedisrl.com\/fr\/#organization","name":"Bocedi srl","url":"https:\/\/bocedisrl.com\/fr\/","logo":{"@type":"ImageObject","inLanguage":"it-IT","@id":"https:\/\/bocedisrl.com\/fr\/#\/schema\/logo\/image\/","url":"https:\/\/www.bocedisrl.com\/wp-content\/uploads\/2021\/11\/logo-bocedi.png","contentUrl":"https:\/\/www.bocedisrl.com\/wp-content\/uploads\/2021\/11\/logo-bocedi.png","width":800,"height":480,"caption":"Bocedi srl"},"image":{"@id":"https:\/\/bocedisrl.com\/fr\/#\/schema\/logo\/image\/"}}]}},"_links":{"self":[{"href":"https:\/\/stretchhood.it\/it\/wp-json\/wp\/v2\/pages\/4444"}],"collection":[{"href":"https:\/\/stretchhood.it\/it\/wp-json\/wp\/v2\/pages"}],"about":[{"href":"https:\/\/stretchhood.it\/it\/wp-json\/wp\/v2\/types\/page"}],"author":[{"embeddable":true,"href":"https:\/\/stretchhood.it\/it\/wp-json\/wp\/v2\/users\/1"}],"replies":[{"embeddable":true,"href":"https:\/\/stretchhood.it\/it\/wp-json\/wp\/v2\/comments?post=4444"}],"version-history":[{"count":3,"href":"https:\/\/stretchhood.it\/it\/wp-json\/wp\/v2\/pages\/4444\/revisions"}],"predecessor-version":[{"id":4453,"href":"https:\/\/stretchhood.it\/it\/wp-json\/wp\/v2\/pages\/4444\/revisions\/4453"}],"up":[{"embeddable":true,"href":"https:\/\/stretchhood.it\/it\/wp-json\/wp\/v2\/pages\/3853"}],"wp:featuredmedia":[{"embeddable":true,"href":"https:\/\/stretchhood.it\/it\/wp-json\/wp\/v2\/media\/2789"}],"wp:attachment":[{"href":"https:\/\/stretchhood.it\/it\/wp-json\/wp\/v2\/media?parent=4444"}],"curies":[{"name":"wp","href":"https:\/\/api.w.org\/{rel}","templated":true}]}}