{"id":4362,"date":"2021-12-09T11:04:00","date_gmt":"2021-12-09T10:04:00","guid":{"rendered":"https:\/\/www.stretchhood.it\/sistemi-di-imballaggio\/incappucciatrici-stretch-hood\/fb3000\/"},"modified":"2021-12-30T12:29:54","modified_gmt":"2021-12-30T11:29:54","slug":"fb3000","status":"publish","type":"page","link":"https:\/\/stretchhood.it\/it\/sistemi-di-imballaggio\/incappucciatrici-stretch-hood\/fb3000\/","title":{"rendered":"FB3000"},"content":{"rendered":"\n<div class=\"wp-block-columns is-layout-flex wp-container-core-columns-is-layout-1 wp-block-columns-is-layout-flex\">\n<div class=\"wp-block-column is-layout-flow wp-block-column-is-layout-flow\">\n<h3 class=\"wp-block-heading\">FB3000<\/h3>\n\n\n\n<p>L&#8217;incappucciatrice a cappuccio elastico FB3000 \u00e8 studiata per offrire le migliori soluzioni d&#8217;imballo create su misura per le tue esigenze. Infatti il suo stiro film cartesiano permette di imballare una vasta gamma di prodotti di diversa forma e taglia.<\/p>\n\n\n\n<p>Il nuovo\u00a0sistema\u00a0<a href=\"\/it\/l-azienda\/qualita-e-brevetti\/\">brevettato<\/a>\u00a0della FB3000 consente di effettuare\u00a0tutte le manutenzioni, i servizi e il cambio film da terra. Grazie a questa funzione \u00e8 possibile selezionare separatamente la lama di taglio o il gruppo cambio film ed abbassarli comodamente a livello operatore, per poter lavorare in totale comodit\u00e0 e piena sicurezza.<\/p>\n\n\n\n<p>Il dispositivo per lo stiro del film pu\u00f2 lavorare con tutti i tipi di film elastico: dai pi\u00f9 sottili 20 micron fino a 200 micron. Inoltre i film stretch hood possono essere stampati e personalizzati con grafiche aziendali.<\/p>\n\n\n\n<p>La capacit\u00e0 produttiva dell&#8217;incappucciatrice FB3000 raggiunge gli 80 pallet\/ora. Grazie al sistema integrato di misurazione, la taglia del pallet e l&#8217;altezza del carico vengono rilevati automaticamente dalla macchina, che far\u00e0 un cappuccio su misura per ogni carico.<\/p>\n\n\n\n<p>La FB3000 \u00e8 facile da usare, richiede poca manutenzione ed \u00e8 ingegnerizzata con movimenti pneumatici per garantire la pi\u00f9 assoluta semplicit\u00e0.<\/p>\n\n\n\n<p>Con tante finiture d&#8217;imballo disponibili, la tecnologia stretch hood offre la possibilit\u00e0 di imballare la merce in maniera sicura e personalizzata.<\/p>\n<\/div>\n\n\n\n<div class=\"wp-block-column is-layout-flow wp-block-column-is-layout-flow\"><div class=\"wp-block-getwid-images-slider has-arrows-inside has-dots-inside has-images-center has-cropped-images has-fixed-height\"><div class=\"wp-block-getwid-images-slider__wrapper\" data-effect=\"fade\" data-slides-show=\"1\" data-slides-show-laptop=\"1\" data-slides-show-tablet=\"1\" data-slides-show-mobile=\"1\" data-slides-scroll=\"1\" data-autoplay=\"true\" data-autoplay-speed=\"5000\" data-infinite=\"true\" data-animation-speed=\"800\" data-center-mode=\"false\" data-variable-width=\"false\" data-arrows=\"inside\" data-dots=\"inside\" data-spacing=\"none\"><div class=\"wp-block-getwid-images-slider__item\" style=\"height:350px\"><figure><img loading=\"lazy\" decoding=\"async\" width=\"1200\" height=\"800\" src=\"https:\/\/www.stretchhood.it\/wp-content\/uploads\/2021\/12\/image-fb3000-01.jpg\" data-id=\"2119\" data-link=\"https:\/\/www.stretchhood.it\/packaging-systems\/stretch-hood-machines\/fb3000\/attachment\/image-fb3000-01\/\" data-original-link=\"https:\/\/www.stretchhood.it\/wp-content\/uploads\/2021\/12\/image-fb3000-01.jpg\" class=\"wp-block-getwid-images-slider__image wp-image-2119\" srcset=\"https:\/\/www.stretchhood.it\/wp-content\/uploads\/2021\/12\/image-fb3000-01.jpg 1200w, https:\/\/www.stretchhood.it\/wp-content\/uploads\/2021\/12\/image-fb3000-01-980x653.jpg 980w, https:\/\/www.stretchhood.it\/wp-content\/uploads\/2021\/12\/image-fb3000-01-480x320.jpg 480w\" sizes=\"(min-width: 0px) and (max-width: 480px) 480px, (min-width: 481px) and (max-width: 980px) 980px, (min-width: 981px) 1200px, 100vw\" \/><\/figure><\/div><div class=\"wp-block-getwid-images-slider__item\" style=\"height:350px\"><figure><img loading=\"lazy\" decoding=\"async\" width=\"1200\" height=\"800\" src=\"https:\/\/www.stretchhood.it\/wp-content\/uploads\/2021\/12\/image-fb3000-02.jpg\" data-id=\"2120\" data-link=\"https:\/\/www.stretchhood.it\/packaging-systems\/stretch-hood-machines\/fb3000\/attachment\/image-fb3000-02\/\" data-original-link=\"https:\/\/www.stretchhood.it\/wp-content\/uploads\/2021\/12\/image-fb3000-02.jpg\" class=\"wp-block-getwid-images-slider__image wp-image-2120\" srcset=\"https:\/\/www.stretchhood.it\/wp-content\/uploads\/2021\/12\/image-fb3000-02.jpg 1200w, https:\/\/www.stretchhood.it\/wp-content\/uploads\/2021\/12\/image-fb3000-02-980x653.jpg 980w, https:\/\/www.stretchhood.it\/wp-content\/uploads\/2021\/12\/image-fb3000-02-480x320.jpg 480w\" sizes=\"(min-width: 0px) and (max-width: 480px) 480px, (min-width: 481px) and (max-width: 980px) 980px, (min-width: 981px) 1200px, 100vw\" \/><\/figure><\/div><div class=\"wp-block-getwid-images-slider__item\" style=\"height:350px\"><figure><img loading=\"lazy\" decoding=\"async\" width=\"1200\" height=\"800\" src=\"https:\/\/www.stretchhood.it\/wp-content\/uploads\/2021\/12\/image-fb3000-03.jpg\" data-id=\"2121\" data-link=\"https:\/\/www.stretchhood.it\/packaging-systems\/stretch-hood-machines\/fb3000\/attachment\/image-fb3000-03\/\" data-original-link=\"https:\/\/www.stretchhood.it\/wp-content\/uploads\/2021\/12\/image-fb3000-03.jpg\" class=\"wp-block-getwid-images-slider__image wp-image-2121\" srcset=\"https:\/\/www.stretchhood.it\/wp-content\/uploads\/2021\/12\/image-fb3000-03.jpg 1200w, https:\/\/www.stretchhood.it\/wp-content\/uploads\/2021\/12\/image-fb3000-03-980x653.jpg 980w, https:\/\/www.stretchhood.it\/wp-content\/uploads\/2021\/12\/image-fb3000-03-480x320.jpg 480w\" sizes=\"(min-width: 0px) and (max-width: 480px) 480px, (min-width: 481px) and (max-width: 980px) 980px, (min-width: 981px) 1200px, 100vw\" \/><\/figure><\/div><div class=\"wp-block-getwid-images-slider__item\" style=\"height:350px\"><figure><img loading=\"lazy\" decoding=\"async\" width=\"1200\" height=\"800\" src=\"https:\/\/www.stretchhood.it\/wp-content\/uploads\/2021\/12\/image-fb3000-04.jpg\" data-id=\"2122\" data-link=\"https:\/\/www.stretchhood.it\/packaging-systems\/stretch-hood-machines\/fb3000\/attachment\/image-fb3000-04\/\" data-original-link=\"https:\/\/www.stretchhood.it\/wp-content\/uploads\/2021\/12\/image-fb3000-04.jpg\" class=\"wp-block-getwid-images-slider__image wp-image-2122\" srcset=\"https:\/\/www.stretchhood.it\/wp-content\/uploads\/2021\/12\/image-fb3000-04.jpg 1200w, https:\/\/www.stretchhood.it\/wp-content\/uploads\/2021\/12\/image-fb3000-04-980x653.jpg 980w, https:\/\/www.stretchhood.it\/wp-content\/uploads\/2021\/12\/image-fb3000-04-480x320.jpg 480w\" sizes=\"(min-width: 0px) and (max-width: 480px) 480px, (min-width: 481px) and (max-width: 980px) 980px, (min-width: 981px) 1200px, 100vw\" \/><\/figure><\/div><div class=\"wp-block-getwid-images-slider__item\" style=\"height:350px\"><figure><img loading=\"lazy\" decoding=\"async\" width=\"1200\" height=\"800\" src=\"https:\/\/www.stretchhood.it\/wp-content\/uploads\/2021\/12\/image-fb3000-05.jpg\" data-id=\"2123\" data-link=\"https:\/\/www.stretchhood.it\/packaging-systems\/stretch-hood-machines\/fb3000\/attachment\/image-fb3000-05\/\" data-original-link=\"https:\/\/www.stretchhood.it\/wp-content\/uploads\/2021\/12\/image-fb3000-05.jpg\" class=\"wp-block-getwid-images-slider__image wp-image-2123\" srcset=\"https:\/\/www.stretchhood.it\/wp-content\/uploads\/2021\/12\/image-fb3000-05.jpg 1200w, https:\/\/www.stretchhood.it\/wp-content\/uploads\/2021\/12\/image-fb3000-05-980x653.jpg 980w, https:\/\/www.stretchhood.it\/wp-content\/uploads\/2021\/12\/image-fb3000-05-480x320.jpg 480w\" sizes=\"(min-width: 0px) and (max-width: 480px) 480px, (min-width: 481px) and (max-width: 980px) 980px, (min-width: 981px) 1200px, 100vw\" \/><\/figure><\/div><\/div><\/div>\r\n\n\n\n<h3 class=\"wp-block-heading\">Dati tecnici<\/h3>\n\n\n\n<figure class=\"wp-block-table is-style-stripes\"><table class=\"has-fixed-layout\"><tbody><tr><td>Capacit\u00e0<\/td><td>80\u00a0pallet\/ora<\/td><\/tr><tr><td>Dimensioni minime pallet<\/td><td>600&#215;600\u00a0mm<\/td><\/tr><tr><td>Dimensioni massime pallet<\/td><td>2600&#215;1400\u00a0mm<\/td><\/tr><\/tbody><\/table><\/figure>\n\n\n\n<figure class=\"wp-block-table is-style-stripes\"><table class=\"has-fixed-layout\"><tbody><tr><td><strong>Modello<\/strong><\/td><td><strong>Dimensioni pallet max (LxW)<\/strong><\/td><\/tr><tr><td>FB3000 Small<\/td><td>950&#215;800 mm<\/td><\/tr><tr><td>FB3000 Standard<\/td><td>1350&#215;1150 mm<\/td><\/tr><tr><td>FB3000 XL<\/td><td>1800&#215;1400 mm<\/td><\/tr><tr><td>FB3000 XXL<\/td><td>2600&#215;1400 mm<\/td><\/tr><\/tbody><\/table><\/figure>\n\n\n\n<div class=\"wp-block-buttons is-layout-flex wp-block-buttons-is-layout-flex\">\n<div class=\"wp-block-button button-quotation\"><a class=\"wp-block-button__link\" href=\"\/it\/contatti\/\">Richiedi un Preventivo<\/a><\/div>\n\n\n\n<div class=\"wp-block-button button-pdf inactive\"><a class=\"wp-block-button__link\">Scarica Catalogo<\/a><\/div>\n\n\n\n<div class=\"wp-block-button button-video\"><a class=\"wp-block-button__link\">Guarda il Video<\/a><\/div>\n<\/div>\n\n\n\n<figure class=\"wp-block-video watch-video\"><video controls=\"\" poster=\"https:\/\/www.stretchhood.it\/wp-content\/uploads\/2021\/12\/video-thumb.jpg\" src=\"\/wp-content\/uploads\/video\/video-fb3000.mp4\"><\/video><\/figure>\n<\/div>\n<\/div>\n","protected":false},"excerpt":{"rendered":"<p>FB3000 L&#8217;incappucciatrice a cappuccio elastico FB3000 \u00e8 studiata per offrire le migliori soluzioni d&#8217;imballo create su misura per le tue esigenze. Infatti il suo stiro film cartesiano permette di imballare una vasta gamma di prodotti di diversa forma e taglia. Il nuovo\u00a0sistema\u00a0brevettato\u00a0della FB3000 consente di effettuare\u00a0tutte le manutenzioni, i servizi e il cambio film da [&hellip;]<\/p>\n","protected":false},"author":1,"featured_media":2882,"parent":4129,"menu_order":0,"comment_status":"closed","ping_status":"closed","template":"","meta":{"_acf_changed":false,"_et_pb_use_builder":"off","_et_pb_old_content":"","_et_gb_content_width":"","footnotes":""},"acf":[],"yoast_head":"<!-- This site is optimized with the Yoast SEO plugin v22.7 - https:\/\/yoast.com\/wordpress\/plugins\/seo\/ -->\n<title>FB3000 - Bocedi srl<\/title>\n<meta name=\"description\" content=\"L&#039;incappucciatrice FB3000 \u00e8 studiata per offrire soluzioni d&#039;imballo su misura per le tue esigenze e pu\u00f2 operare su una vasta gamma di prodotti di diversa forma e taglia.\" \/>\n<meta name=\"robots\" content=\"index, follow, max-snippet:-1, max-image-preview:large, max-video-preview:-1\" \/>\n<link rel=\"canonical\" href=\"https:\/\/stretchhood.it\/it\/sistemi-di-imballaggio\/incappucciatrici-stretch-hood\/fb3000\/\" \/>\n<meta property=\"og:locale\" content=\"it_IT\" \/>\n<meta property=\"og:type\" content=\"article\" \/>\n<meta property=\"og:title\" content=\"FB3000 - Bocedi srl\" \/>\n<meta property=\"og:description\" content=\"L&#039;incappucciatrice FB3000 \u00e8 studiata per offrire soluzioni d&#039;imballo su misura per le tue esigenze e pu\u00f2 operare su una vasta gamma di prodotti di diversa forma e taglia.\" \/>\n<meta property=\"og:url\" content=\"https:\/\/stretchhood.it\/it\/sistemi-di-imballaggio\/incappucciatrici-stretch-hood\/fb3000\/\" \/>\n<meta property=\"og:site_name\" content=\"Bocedi srl\" \/>\n<meta property=\"article:modified_time\" content=\"2021-12-30T11:29:54+00:00\" \/>\n<meta property=\"og:image\" content=\"https:\/\/stretchhood.it\/wp-content\/uploads\/2021\/12\/3d-fb3000.jpg\" \/>\n\t<meta property=\"og:image:width\" content=\"1200\" \/>\n\t<meta property=\"og:image:height\" content=\"800\" \/>\n\t<meta property=\"og:image:type\" content=\"image\/jpeg\" \/>\n<meta name=\"twitter:card\" content=\"summary_large_image\" \/>\n<meta name=\"twitter:label1\" content=\"Tempo di lettura stimato\" \/>\n\t<meta name=\"twitter:data1\" content=\"1 minuto\" \/>\n<script type=\"application\/ld+json\" class=\"yoast-schema-graph\">{\"@context\":\"https:\/\/schema.org\",\"@graph\":[{\"@type\":\"WebPage\",\"@id\":\"https:\/\/stretchhood.it\/it\/sistemi-di-imballaggio\/incappucciatrici-stretch-hood\/fb3000\/\",\"url\":\"https:\/\/stretchhood.it\/it\/sistemi-di-imballaggio\/incappucciatrici-stretch-hood\/fb3000\/\",\"name\":\"FB3000 - Bocedi srl\",\"isPartOf\":{\"@id\":\"https:\/\/bocedisrl.com\/#website\"},\"primaryImageOfPage\":{\"@id\":\"https:\/\/stretchhood.it\/it\/sistemi-di-imballaggio\/incappucciatrici-stretch-hood\/fb3000\/#primaryimage\"},\"image\":{\"@id\":\"https:\/\/stretchhood.it\/it\/sistemi-di-imballaggio\/incappucciatrici-stretch-hood\/fb3000\/#primaryimage\"},\"thumbnailUrl\":\"https:\/\/stretchhood.it\/wp-content\/uploads\/2021\/12\/3d-fb3000.jpg\",\"datePublished\":\"2021-12-09T10:04:00+00:00\",\"dateModified\":\"2021-12-30T11:29:54+00:00\",\"description\":\"L'incappucciatrice FB3000 \u00e8 studiata per offrire soluzioni d'imballo su misura per le tue esigenze e pu\u00f2 operare su una vasta gamma di prodotti di diversa forma e taglia.\",\"breadcrumb\":{\"@id\":\"https:\/\/stretchhood.it\/it\/sistemi-di-imballaggio\/incappucciatrici-stretch-hood\/fb3000\/#breadcrumb\"},\"inLanguage\":\"it-IT\",\"potentialAction\":[{\"@type\":\"ReadAction\",\"target\":[\"https:\/\/stretchhood.it\/it\/sistemi-di-imballaggio\/incappucciatrici-stretch-hood\/fb3000\/\"]}]},{\"@type\":\"ImageObject\",\"inLanguage\":\"it-IT\",\"@id\":\"https:\/\/stretchhood.it\/it\/sistemi-di-imballaggio\/incappucciatrici-stretch-hood\/fb3000\/#primaryimage\",\"url\":\"https:\/\/stretchhood.it\/wp-content\/uploads\/2021\/12\/3d-fb3000.jpg\",\"contentUrl\":\"https:\/\/stretchhood.it\/wp-content\/uploads\/2021\/12\/3d-fb3000.jpg\",\"width\":1200,\"height\":800},{\"@type\":\"BreadcrumbList\",\"@id\":\"https:\/\/stretchhood.it\/it\/sistemi-di-imballaggio\/incappucciatrici-stretch-hood\/fb3000\/#breadcrumb\",\"itemListElement\":[{\"@type\":\"ListItem\",\"position\":1,\"name\":\"Home\",\"item\":\"https:\/\/www.stretchhood.it\/it\/\"},{\"@type\":\"ListItem\",\"position\":2,\"name\":\"Sistemi di Imballaggio\",\"item\":\"https:\/\/stretchhood.it\/it\/sistemi-di-imballaggio\/\"},{\"@type\":\"ListItem\",\"position\":3,\"name\":\"Incappuccia&shy;trici Stretch Hood\",\"item\":\"https:\/\/stretchhood.it\/it\/sistemi-di-imballaggio\/incappucciatrici-stretch-hood\/\"},{\"@type\":\"ListItem\",\"position\":4,\"name\":\"FB3000\"}]},{\"@type\":\"WebSite\",\"@id\":\"https:\/\/bocedisrl.com\/#website\",\"url\":\"https:\/\/bocedisrl.com\/\",\"name\":\"Bocedi srl\",\"description\":\"Pallet Packaging Systems\",\"publisher\":{\"@id\":\"https:\/\/bocedisrl.com\/#organization\"},\"potentialAction\":[{\"@type\":\"SearchAction\",\"target\":{\"@type\":\"EntryPoint\",\"urlTemplate\":\"https:\/\/bocedisrl.com\/?s={search_term_string}\"},\"query-input\":\"required name=search_term_string\"}],\"inLanguage\":\"it-IT\"},{\"@type\":\"Organization\",\"@id\":\"https:\/\/bocedisrl.com\/#organization\",\"name\":\"Bocedi srl\",\"url\":\"https:\/\/bocedisrl.com\/\",\"logo\":{\"@type\":\"ImageObject\",\"inLanguage\":\"it-IT\",\"@id\":\"https:\/\/bocedisrl.com\/#\/schema\/logo\/image\/\",\"url\":\"https:\/\/www.bocedisrl.com\/wp-content\/uploads\/2021\/11\/logo-bocedi.png\",\"contentUrl\":\"https:\/\/www.bocedisrl.com\/wp-content\/uploads\/2021\/11\/logo-bocedi.png\",\"width\":800,\"height\":480,\"caption\":\"Bocedi srl\"},\"image\":{\"@id\":\"https:\/\/bocedisrl.com\/#\/schema\/logo\/image\/\"}}]}<\/script>\n<!-- \/ Yoast SEO plugin. -->","yoast_head_json":{"title":"FB3000 - Bocedi srl","description":"L'incappucciatrice FB3000 \u00e8 studiata per offrire soluzioni d'imballo su misura per le tue esigenze e pu\u00f2 operare su una vasta gamma di prodotti di diversa forma e taglia.","robots":{"index":"index","follow":"follow","max-snippet":"max-snippet:-1","max-image-preview":"max-image-preview:large","max-video-preview":"max-video-preview:-1"},"canonical":"https:\/\/stretchhood.it\/it\/sistemi-di-imballaggio\/incappucciatrici-stretch-hood\/fb3000\/","og_locale":"it_IT","og_type":"article","og_title":"FB3000 - Bocedi srl","og_description":"L'incappucciatrice FB3000 \u00e8 studiata per offrire soluzioni d'imballo su misura per le tue esigenze e pu\u00f2 operare su una vasta gamma di prodotti di diversa forma e taglia.","og_url":"https:\/\/stretchhood.it\/it\/sistemi-di-imballaggio\/incappucciatrici-stretch-hood\/fb3000\/","og_site_name":"Bocedi srl","article_modified_time":"2021-12-30T11:29:54+00:00","og_image":[{"width":1200,"height":800,"url":"https:\/\/stretchhood.it\/wp-content\/uploads\/2021\/12\/3d-fb3000.jpg","type":"image\/jpeg"}],"twitter_card":"summary_large_image","twitter_misc":{"Tempo di lettura stimato":"1 minuto"},"schema":{"@context":"https:\/\/schema.org","@graph":[{"@type":"WebPage","@id":"https:\/\/stretchhood.it\/it\/sistemi-di-imballaggio\/incappucciatrici-stretch-hood\/fb3000\/","url":"https:\/\/stretchhood.it\/it\/sistemi-di-imballaggio\/incappucciatrici-stretch-hood\/fb3000\/","name":"FB3000 - Bocedi srl","isPartOf":{"@id":"https:\/\/bocedisrl.com\/#website"},"primaryImageOfPage":{"@id":"https:\/\/stretchhood.it\/it\/sistemi-di-imballaggio\/incappucciatrici-stretch-hood\/fb3000\/#primaryimage"},"image":{"@id":"https:\/\/stretchhood.it\/it\/sistemi-di-imballaggio\/incappucciatrici-stretch-hood\/fb3000\/#primaryimage"},"thumbnailUrl":"https:\/\/stretchhood.it\/wp-content\/uploads\/2021\/12\/3d-fb3000.jpg","datePublished":"2021-12-09T10:04:00+00:00","dateModified":"2021-12-30T11:29:54+00:00","description":"L'incappucciatrice FB3000 \u00e8 studiata per offrire soluzioni d'imballo su misura per le tue esigenze e pu\u00f2 operare su una vasta gamma di prodotti di diversa forma e taglia.","breadcrumb":{"@id":"https:\/\/stretchhood.it\/it\/sistemi-di-imballaggio\/incappucciatrici-stretch-hood\/fb3000\/#breadcrumb"},"inLanguage":"it-IT","potentialAction":[{"@type":"ReadAction","target":["https:\/\/stretchhood.it\/it\/sistemi-di-imballaggio\/incappucciatrici-stretch-hood\/fb3000\/"]}]},{"@type":"ImageObject","inLanguage":"it-IT","@id":"https:\/\/stretchhood.it\/it\/sistemi-di-imballaggio\/incappucciatrici-stretch-hood\/fb3000\/#primaryimage","url":"https:\/\/stretchhood.it\/wp-content\/uploads\/2021\/12\/3d-fb3000.jpg","contentUrl":"https:\/\/stretchhood.it\/wp-content\/uploads\/2021\/12\/3d-fb3000.jpg","width":1200,"height":800},{"@type":"BreadcrumbList","@id":"https:\/\/stretchhood.it\/it\/sistemi-di-imballaggio\/incappucciatrici-stretch-hood\/fb3000\/#breadcrumb","itemListElement":[{"@type":"ListItem","position":1,"name":"Home","item":"https:\/\/www.stretchhood.it\/it\/"},{"@type":"ListItem","position":2,"name":"Sistemi di Imballaggio","item":"https:\/\/stretchhood.it\/it\/sistemi-di-imballaggio\/"},{"@type":"ListItem","position":3,"name":"Incappuccia&shy;trici Stretch Hood","item":"https:\/\/stretchhood.it\/it\/sistemi-di-imballaggio\/incappucciatrici-stretch-hood\/"},{"@type":"ListItem","position":4,"name":"FB3000"}]},{"@type":"WebSite","@id":"https:\/\/bocedisrl.com\/#website","url":"https:\/\/bocedisrl.com\/","name":"Bocedi srl","description":"Pallet Packaging Systems","publisher":{"@id":"https:\/\/bocedisrl.com\/#organization"},"potentialAction":[{"@type":"SearchAction","target":{"@type":"EntryPoint","urlTemplate":"https:\/\/bocedisrl.com\/?s={search_term_string}"},"query-input":"required name=search_term_string"}],"inLanguage":"it-IT"},{"@type":"Organization","@id":"https:\/\/bocedisrl.com\/#organization","name":"Bocedi srl","url":"https:\/\/bocedisrl.com\/","logo":{"@type":"ImageObject","inLanguage":"it-IT","@id":"https:\/\/bocedisrl.com\/#\/schema\/logo\/image\/","url":"https:\/\/www.bocedisrl.com\/wp-content\/uploads\/2021\/11\/logo-bocedi.png","contentUrl":"https:\/\/www.bocedisrl.com\/wp-content\/uploads\/2021\/11\/logo-bocedi.png","width":800,"height":480,"caption":"Bocedi srl"},"image":{"@id":"https:\/\/bocedisrl.com\/#\/schema\/logo\/image\/"}}]}},"_links":{"self":[{"href":"https:\/\/stretchhood.it\/it\/wp-json\/wp\/v2\/pages\/4362"}],"collection":[{"href":"https:\/\/stretchhood.it\/it\/wp-json\/wp\/v2\/pages"}],"about":[{"href":"https:\/\/stretchhood.it\/it\/wp-json\/wp\/v2\/types\/page"}],"author":[{"embeddable":true,"href":"https:\/\/stretchhood.it\/it\/wp-json\/wp\/v2\/users\/1"}],"replies":[{"embeddable":true,"href":"https:\/\/stretchhood.it\/it\/wp-json\/wp\/v2\/comments?post=4362"}],"version-history":[{"count":3,"href":"https:\/\/stretchhood.it\/it\/wp-json\/wp\/v2\/pages\/4362\/revisions"}],"predecessor-version":[{"id":4373,"href":"https:\/\/stretchhood.it\/it\/wp-json\/wp\/v2\/pages\/4362\/revisions\/4373"}],"up":[{"embeddable":true,"href":"https:\/\/stretchhood.it\/it\/wp-json\/wp\/v2\/pages\/4129"}],"wp:featuredmedia":[{"embeddable":true,"href":"https:\/\/stretchhood.it\/it\/wp-json\/wp\/v2\/media\/2882"}],"wp:attachment":[{"href":"https:\/\/stretchhood.it\/it\/wp-json\/wp\/v2\/media?parent=4362"}],"curies":[{"name":"wp","href":"https:\/\/api.w.org\/{rel}","templated":true}]}}