{"id":4113,"date":"2021-11-30T14:15:27","date_gmt":"2021-11-30T13:15:27","guid":{"rendered":"https:\/\/www.stretchhood.it\/l-azienda\/qualita-e-brevetti\/"},"modified":"2025-11-05T15:41:35","modified_gmt":"2025-11-05T14:41:35","slug":"qualita-e-brevetti","status":"publish","type":"page","link":"https:\/\/stretchhood.it\/it\/l-azienda\/qualita-e-brevetti\/","title":{"rendered":"Qualit\u00e0 e Brevetti"},"content":{"rendered":"\n<div class=\"wp-block-columns is-layout-flex wp-container-core-columns-is-layout-1 wp-block-columns-is-layout-flex\">\n<div class=\"wp-block-column is-layout-flow wp-block-column-is-layout-flow\">\n<h3 class=\"wp-block-heading\">Prodotto in Italia<\/h3>\n\n\n\n<p>La totalit\u00e0 dei componenti per la produzione dei macchinari per l&#8217;imballaggio \u00e8 progettata e selezionata dal nostro ufficio tecnico; le parti principali delle macchine sono prodotte esclusivamente in Italia, per garantire la miglior qualit\u00e0 e per poter tenere la filiera produttiva in attiva collaborazione e sotto controllo.<\/p>\n\n\n\n<h3 class=\"wp-block-heading\">Personale tecnico altamente qualificato<\/h3>\n\n\n\n<p>Tutti i macchinari sono assemblati nei nostri stabilimenti di Scandiano da personale tecnico altamente qualificato; 100% della produzione deve passare&nbsp;<a href=\"\/it\/servizi\/#02\">rigorosi test<\/a>&nbsp;in accordo con le specifiche del cliente o come da nostri standard, prima di procedere alla fase di spedizione.<\/p>\n\n\n\n<h3 class=\"wp-block-heading\">Semplicit\u00e0 ed innovazione<\/h3>\n\n\n\n<p>Grazie alla propria esperienza pluriennale, Bocedi ha progettato 4 sistemi brevettati sulle&nbsp;<a href=\"\/it\/sistemi-di-imballaggio\/incappucciatrici-stretch-hood\/\">incappucciatrici a cappuccio elastico<\/a>, mantenendo un equilibrio perfetto tra semplicit\u00e0 ed innovazione.<\/p>\n\n\n\n<h3 class=\"wp-block-heading\" style=\"text-decoration:underline\"><a href=\"https:\/\/www.bocedisrl.com\/wp-content\/uploads\/pdf\/2025_Politica_Integrata_9001-14001_IT.pdf\">Politica Integrata<\/a><\/h3>\n<\/div>\n\n\n\n<div class=\"wp-block-column is-layout-flow wp-block-column-is-layout-flow\">\n<div class=\"wp-block-getwid-images-slider has-arrows-inside has-dots-inside has-images-center has-cropped-images has-fixed-height\"><div class=\"wp-block-getwid-images-slider__wrapper\" data-effect=\"fade\" data-slides-show=\"1\" data-slides-show-laptop=\"1\" data-slides-show-tablet=\"1\" data-slides-show-mobile=\"1\" data-slides-scroll=\"1\" data-autoplay=\"true\" data-autoplay-speed=\"5000\" data-infinite=\"true\" data-animation-speed=\"800\" data-center-mode=\"false\" data-variable-width=\"false\" data-arrows=\"inside\" data-dots=\"inside\" data-spacing=\"none\"><div class=\"wp-block-getwid-images-slider__item\" style=\"height:350px\"><figure><img loading=\"lazy\" decoding=\"async\" width=\"1200\" height=\"800\" src=\"https:\/\/www.stretchhood.it\/wp-content\/uploads\/2021\/12\/image-quality-and-patents-01.jpg\" data-id=\"2033\" data-link=\"https:\/\/www.stretchhood.it\/company\/quality-and-patents\/attachment\/image-quality-and-patents-01\/\" data-original-link=\"https:\/\/www.stretchhood.it\/wp-content\/uploads\/2021\/12\/image-quality-and-patents-01.jpg\" class=\"wp-block-getwid-images-slider__image wp-image-2033\" srcset=\"https:\/\/www.stretchhood.it\/wp-content\/uploads\/2021\/12\/image-quality-and-patents-01.jpg 1200w, https:\/\/www.stretchhood.it\/wp-content\/uploads\/2021\/12\/image-quality-and-patents-01-980x653.jpg 980w, https:\/\/www.stretchhood.it\/wp-content\/uploads\/2021\/12\/image-quality-and-patents-01-480x320.jpg 480w\" sizes=\"(min-width: 0px) and (max-width: 480px) 480px, (min-width: 481px) and (max-width: 980px) 980px, (min-width: 981px) 1200px, 100vw\" \/><\/figure><\/div><\/div><\/div>\n\n\n\n<h3 class=\"wp-block-heading\">Brevetti<\/h3>\n\n\n\n<figure class=\"wp-block-table is-style-stripes\"><table class=\"has-fixed-layout\"><tbody><tr><td>Stretch Hooder 4.0<\/td><td>EP 3144233<\/td><\/tr><tr><td>Stretch Hooder FB2000 <\/td><td>EP 2792599<\/td><\/tr><tr><td>Stretch Hooder FB3000<\/td><td>102019000024781<\/td><\/tr><tr><td>Stretch Hooder FB1000 <\/td><td>N 271900<\/td><\/tr><\/tbody><\/table><\/figure>\n<\/div>\n<\/div>\n","protected":false},"excerpt":{"rendered":"<p>Prodotto in Italia La totalit\u00e0 dei componenti per la produzione dei macchinari per l&#8217;imballaggio \u00e8 progettata e selezionata dal nostro ufficio tecnico; le parti principali delle macchine sono prodotte esclusivamente in Italia, per garantire la miglior qualit\u00e0 e per poter tenere la filiera produttiva in attiva collaborazione e sotto controllo. Personale tecnico altamente qualificato Tutti [&hellip;]<\/p>\n","protected":false},"author":1,"featured_media":2951,"parent":4075,"menu_order":0,"comment_status":"closed","ping_status":"closed","template":"","meta":{"_acf_changed":false,"_et_pb_use_builder":"","_et_pb_old_content":"","_et_gb_content_width":"","footnotes":""},"acf":[],"yoast_head":"<!-- This site is optimized with the Yoast SEO plugin v22.7 - https:\/\/yoast.com\/wordpress\/plugins\/seo\/ -->\n<title>Qualit\u00e0 e Brevetti - Bocedi srl<\/title>\n<meta name=\"description\" content=\"Bocedi pu\u00f2 vantare la migliore qualit\u00e0 nelle linee di produzione dell&#039;azienda e tre diversi sistemi brevettati sulle incappucciatrici a cappuccio elastico.\" \/>\n<meta name=\"robots\" content=\"index, follow, max-snippet:-1, max-image-preview:large, max-video-preview:-1\" \/>\n<link rel=\"canonical\" href=\"https:\/\/stretchhood.it\/it\/l-azienda\/qualita-e-brevetti\/\" \/>\n<meta property=\"og:locale\" content=\"it_IT\" \/>\n<meta property=\"og:type\" content=\"article\" \/>\n<meta property=\"og:title\" content=\"Qualit\u00e0 e Brevetti - Bocedi srl\" \/>\n<meta property=\"og:description\" content=\"Bocedi pu\u00f2 vantare la migliore qualit\u00e0 nelle linee di produzione dell&#039;azienda e tre diversi sistemi brevettati sulle incappucciatrici a cappuccio elastico.\" \/>\n<meta property=\"og:url\" content=\"https:\/\/stretchhood.it\/it\/l-azienda\/qualita-e-brevetti\/\" \/>\n<meta property=\"og:site_name\" content=\"Bocedi srl\" \/>\n<meta property=\"article:modified_time\" content=\"2025-11-05T14:41:35+00:00\" \/>\n<meta property=\"og:image\" content=\"https:\/\/bocedisrl.com\/wp-content\/uploads\/2021\/12\/banner-quality-and-patents.jpg\" \/>\n\t<meta property=\"og:image:width\" content=\"1200\" \/>\n\t<meta property=\"og:image:height\" content=\"800\" \/>\n\t<meta property=\"og:image:type\" content=\"image\/jpeg\" \/>\n<meta name=\"twitter:card\" content=\"summary_large_image\" \/>\n<meta name=\"twitter:label1\" content=\"Tempo di lettura stimato\" \/>\n\t<meta name=\"twitter:data1\" content=\"1 minuto\" \/>\n<script type=\"application\/ld+json\" class=\"yoast-schema-graph\">{\"@context\":\"https:\/\/schema.org\",\"@graph\":[{\"@type\":\"WebPage\",\"@id\":\"https:\/\/stretchhood.it\/it\/l-azienda\/qualita-e-brevetti\/\",\"url\":\"https:\/\/stretchhood.it\/it\/l-azienda\/qualita-e-brevetti\/\",\"name\":\"Qualit\u00e0 e Brevetti - Bocedi srl\",\"isPartOf\":{\"@id\":\"https:\/\/bocedisrl.com\/fr\/#website\"},\"primaryImageOfPage\":{\"@id\":\"https:\/\/stretchhood.it\/it\/l-azienda\/qualita-e-brevetti\/#primaryimage\"},\"image\":{\"@id\":\"https:\/\/stretchhood.it\/it\/l-azienda\/qualita-e-brevetti\/#primaryimage\"},\"thumbnailUrl\":\"https:\/\/stretchhood.it\/wp-content\/uploads\/2021\/12\/banner-quality-and-patents.jpg\",\"datePublished\":\"2021-11-30T13:15:27+00:00\",\"dateModified\":\"2025-11-05T14:41:35+00:00\",\"description\":\"Bocedi pu\u00f2 vantare la migliore qualit\u00e0 nelle linee di produzione dell'azienda e tre diversi sistemi brevettati sulle incappucciatrici a cappuccio elastico.\",\"breadcrumb\":{\"@id\":\"https:\/\/stretchhood.it\/it\/l-azienda\/qualita-e-brevetti\/#breadcrumb\"},\"inLanguage\":\"it-IT\",\"potentialAction\":[{\"@type\":\"ReadAction\",\"target\":[\"https:\/\/stretchhood.it\/it\/l-azienda\/qualita-e-brevetti\/\"]}]},{\"@type\":\"ImageObject\",\"inLanguage\":\"it-IT\",\"@id\":\"https:\/\/stretchhood.it\/it\/l-azienda\/qualita-e-brevetti\/#primaryimage\",\"url\":\"https:\/\/stretchhood.it\/wp-content\/uploads\/2021\/12\/banner-quality-and-patents.jpg\",\"contentUrl\":\"https:\/\/stretchhood.it\/wp-content\/uploads\/2021\/12\/banner-quality-and-patents.jpg\",\"width\":1200,\"height\":800},{\"@type\":\"BreadcrumbList\",\"@id\":\"https:\/\/stretchhood.it\/it\/l-azienda\/qualita-e-brevetti\/#breadcrumb\",\"itemListElement\":[{\"@type\":\"ListItem\",\"position\":1,\"name\":\"Home\",\"item\":\"https:\/\/www.bocedisrl.com\/it\/\"},{\"@type\":\"ListItem\",\"position\":2,\"name\":\"L&#8217;Azienda\",\"item\":\"https:\/\/www.bocedisrl.com\/it\/l-azienda\/\"},{\"@type\":\"ListItem\",\"position\":3,\"name\":\"Qualit\u00e0 e Brevetti\"}]},{\"@type\":\"WebSite\",\"@id\":\"https:\/\/bocedisrl.com\/fr\/#website\",\"url\":\"https:\/\/bocedisrl.com\/fr\/\",\"name\":\"Bocedi srl\",\"description\":\"Pallet Packaging Systems\",\"publisher\":{\"@id\":\"https:\/\/bocedisrl.com\/fr\/#organization\"},\"potentialAction\":[{\"@type\":\"SearchAction\",\"target\":{\"@type\":\"EntryPoint\",\"urlTemplate\":\"https:\/\/bocedisrl.com\/fr\/?s={search_term_string}\"},\"query-input\":\"required name=search_term_string\"}],\"inLanguage\":\"it-IT\"},{\"@type\":\"Organization\",\"@id\":\"https:\/\/bocedisrl.com\/fr\/#organization\",\"name\":\"Bocedi srl\",\"url\":\"https:\/\/bocedisrl.com\/fr\/\",\"logo\":{\"@type\":\"ImageObject\",\"inLanguage\":\"it-IT\",\"@id\":\"https:\/\/bocedisrl.com\/fr\/#\/schema\/logo\/image\/\",\"url\":\"https:\/\/www.bocedisrl.com\/wp-content\/uploads\/2021\/11\/logo-bocedi.png\",\"contentUrl\":\"https:\/\/www.bocedisrl.com\/wp-content\/uploads\/2021\/11\/logo-bocedi.png\",\"width\":800,\"height\":480,\"caption\":\"Bocedi srl\"},\"image\":{\"@id\":\"https:\/\/bocedisrl.com\/fr\/#\/schema\/logo\/image\/\"}}]}<\/script>\n<!-- \/ Yoast SEO plugin. -->","yoast_head_json":{"title":"Qualit\u00e0 e Brevetti - Bocedi srl","description":"Bocedi pu\u00f2 vantare la migliore qualit\u00e0 nelle linee di produzione dell'azienda e tre diversi sistemi brevettati sulle incappucciatrici a cappuccio elastico.","robots":{"index":"index","follow":"follow","max-snippet":"max-snippet:-1","max-image-preview":"max-image-preview:large","max-video-preview":"max-video-preview:-1"},"canonical":"https:\/\/stretchhood.it\/it\/l-azienda\/qualita-e-brevetti\/","og_locale":"it_IT","og_type":"article","og_title":"Qualit\u00e0 e Brevetti - Bocedi srl","og_description":"Bocedi pu\u00f2 vantare la migliore qualit\u00e0 nelle linee di produzione dell'azienda e tre diversi sistemi brevettati sulle incappucciatrici a cappuccio elastico.","og_url":"https:\/\/stretchhood.it\/it\/l-azienda\/qualita-e-brevetti\/","og_site_name":"Bocedi srl","article_modified_time":"2025-11-05T14:41:35+00:00","og_image":[{"width":1200,"height":800,"url":"https:\/\/bocedisrl.com\/wp-content\/uploads\/2021\/12\/banner-quality-and-patents.jpg","type":"image\/jpeg"}],"twitter_card":"summary_large_image","twitter_misc":{"Tempo di lettura stimato":"1 minuto"},"schema":{"@context":"https:\/\/schema.org","@graph":[{"@type":"WebPage","@id":"https:\/\/stretchhood.it\/it\/l-azienda\/qualita-e-brevetti\/","url":"https:\/\/stretchhood.it\/it\/l-azienda\/qualita-e-brevetti\/","name":"Qualit\u00e0 e Brevetti - Bocedi srl","isPartOf":{"@id":"https:\/\/bocedisrl.com\/fr\/#website"},"primaryImageOfPage":{"@id":"https:\/\/stretchhood.it\/it\/l-azienda\/qualita-e-brevetti\/#primaryimage"},"image":{"@id":"https:\/\/stretchhood.it\/it\/l-azienda\/qualita-e-brevetti\/#primaryimage"},"thumbnailUrl":"https:\/\/stretchhood.it\/wp-content\/uploads\/2021\/12\/banner-quality-and-patents.jpg","datePublished":"2021-11-30T13:15:27+00:00","dateModified":"2025-11-05T14:41:35+00:00","description":"Bocedi pu\u00f2 vantare la migliore qualit\u00e0 nelle linee di produzione dell'azienda e tre diversi sistemi brevettati sulle incappucciatrici a cappuccio elastico.","breadcrumb":{"@id":"https:\/\/stretchhood.it\/it\/l-azienda\/qualita-e-brevetti\/#breadcrumb"},"inLanguage":"it-IT","potentialAction":[{"@type":"ReadAction","target":["https:\/\/stretchhood.it\/it\/l-azienda\/qualita-e-brevetti\/"]}]},{"@type":"ImageObject","inLanguage":"it-IT","@id":"https:\/\/stretchhood.it\/it\/l-azienda\/qualita-e-brevetti\/#primaryimage","url":"https:\/\/stretchhood.it\/wp-content\/uploads\/2021\/12\/banner-quality-and-patents.jpg","contentUrl":"https:\/\/stretchhood.it\/wp-content\/uploads\/2021\/12\/banner-quality-and-patents.jpg","width":1200,"height":800},{"@type":"BreadcrumbList","@id":"https:\/\/stretchhood.it\/it\/l-azienda\/qualita-e-brevetti\/#breadcrumb","itemListElement":[{"@type":"ListItem","position":1,"name":"Home","item":"https:\/\/www.bocedisrl.com\/it\/"},{"@type":"ListItem","position":2,"name":"L&#8217;Azienda","item":"https:\/\/www.bocedisrl.com\/it\/l-azienda\/"},{"@type":"ListItem","position":3,"name":"Qualit\u00e0 e Brevetti"}]},{"@type":"WebSite","@id":"https:\/\/bocedisrl.com\/fr\/#website","url":"https:\/\/bocedisrl.com\/fr\/","name":"Bocedi srl","description":"Pallet Packaging Systems","publisher":{"@id":"https:\/\/bocedisrl.com\/fr\/#organization"},"potentialAction":[{"@type":"SearchAction","target":{"@type":"EntryPoint","urlTemplate":"https:\/\/bocedisrl.com\/fr\/?s={search_term_string}"},"query-input":"required name=search_term_string"}],"inLanguage":"it-IT"},{"@type":"Organization","@id":"https:\/\/bocedisrl.com\/fr\/#organization","name":"Bocedi srl","url":"https:\/\/bocedisrl.com\/fr\/","logo":{"@type":"ImageObject","inLanguage":"it-IT","@id":"https:\/\/bocedisrl.com\/fr\/#\/schema\/logo\/image\/","url":"https:\/\/www.bocedisrl.com\/wp-content\/uploads\/2021\/11\/logo-bocedi.png","contentUrl":"https:\/\/www.bocedisrl.com\/wp-content\/uploads\/2021\/11\/logo-bocedi.png","width":800,"height":480,"caption":"Bocedi srl"},"image":{"@id":"https:\/\/bocedisrl.com\/fr\/#\/schema\/logo\/image\/"}}]}},"_links":{"self":[{"href":"https:\/\/stretchhood.it\/it\/wp-json\/wp\/v2\/pages\/4113"}],"collection":[{"href":"https:\/\/stretchhood.it\/it\/wp-json\/wp\/v2\/pages"}],"about":[{"href":"https:\/\/stretchhood.it\/it\/wp-json\/wp\/v2\/types\/page"}],"author":[{"embeddable":true,"href":"https:\/\/stretchhood.it\/it\/wp-json\/wp\/v2\/users\/1"}],"replies":[{"embeddable":true,"href":"https:\/\/stretchhood.it\/it\/wp-json\/wp\/v2\/comments?post=4113"}],"version-history":[{"count":5,"href":"https:\/\/stretchhood.it\/it\/wp-json\/wp\/v2\/pages\/4113\/revisions"}],"predecessor-version":[{"id":16592,"href":"https:\/\/stretchhood.it\/it\/wp-json\/wp\/v2\/pages\/4113\/revisions\/16592"}],"up":[{"embeddable":true,"href":"https:\/\/stretchhood.it\/it\/wp-json\/wp\/v2\/pages\/4075"}],"wp:featuredmedia":[{"embeddable":true,"href":"https:\/\/stretchhood.it\/it\/wp-json\/wp\/v2\/media\/2951"}],"wp:attachment":[{"href":"https:\/\/stretchhood.it\/it\/wp-json\/wp\/v2\/media?parent=4113"}],"curies":[{"name":"wp","href":"https:\/\/api.w.org\/{rel}","templated":true}]}}