{"id":4075,"date":"2021-11-29T10:38:57","date_gmt":"2021-11-29T09:38:57","guid":{"rendered":"https:\/\/www.stretchhood.it\/lazienda\/"},"modified":"2024-05-20T16:09:00","modified_gmt":"2024-05-20T15:09:00","slug":"l-azienda","status":"publish","type":"page","link":"https:\/\/stretchhood.it\/it\/l-azienda\/","title":{"rendered":"L&#8217;Azienda"},"content":{"rendered":"\n<div class=\"wp-block-columns is-layout-flex wp-container-core-columns-is-layout-1 wp-block-columns-is-layout-flex\">\n<div class=\"wp-block-column is-layout-flow wp-block-column-is-layout-flow\">\n<h3 class=\"wp-block-heading\">Bocedi srl<\/h3>\n\n\n\n<p>Officina Bocedi, con sede a Scandiano di Reggio Emilia, \u00e8 un&#8217;azienda produttrice di <a href=\"\/it\/sistemi-di-imballaggio\/\">sistemi di imballaggio<\/a> per il fine linea, leader nel settore. Bocedi offre una gamma completa di prodotti per l&#8217;imballaggio di fine linea: <a href=\"\/it\/sistemi-di-imballaggio\/incappucciatrici-stretch-hood\/\">incappucciatici a cappuccio elastico<\/a>, sistemi di <a href=\"\/it\/sistemi-di-imballaggio\/termoretrazione\/\">termoretrazione<\/a>, <a href=\"\/it\/sistemi-di-imballaggio\/accessori\/#04\">nastri trasportatori<\/a>, <a href=\"\/it\/sistemi-di-imballaggio\/reggiatrici\/\">reggiatrici<\/a> orizzontali e verticali, <a href=\"\/it\/sistemi-di-imballaggio\/mettisacco\/\">metti-sacco<\/a> automatiche ed una moltitudine di <a href=\"\/it\/sistemi-di-imballaggio\/accessori\/\">accessori<\/a> personalizzabili. La modularit\u00e0 dei propri prodotti e l&#8217;engineering personalizzato permettono a Bocedi di fornire la soluzione perfetta anche per il ciclo di imballaggio pi\u00f9 esigente.<\/p>\n\n\n\n<h3 class=\"wp-block-heading\">50 anni di esperienza<\/h3>\n\n\n\n<p>L&#8217;azienda ha saputo diversificare la propria gamma di prodotti sfruttando con successo i 50 anni di esperienza maturata sul mercato mondiale, creando soluzioni specifiche per settori come <a href=\"\/it\/settori\/ceramica-e-materiali-da-costruzione\/\">ceramica e materiali da costruzione<\/a>, <a href=\"\/it\/settori\/sacchi\/\">sacchi<\/a>, <a href=\"\/it\/settori\/food-and-beverage\/\">alimentare<\/a>, <a href=\"\/it\/settori\/carta-e-cartone\/\">carta e cartone<\/a>, <a href=\"\/it\/settori\/elettrodomestici\/\">elettrodomestici<\/a> e <a href=\"\/it\/settori\/\">molti altri<\/a>.<\/p>\n\n\n\n<h3 class=\"wp-block-heading\">Soluzioni personalizzate chiavi in mano<\/h3>\n\n\n\n<p>La soddisfazione del cliente \u00e8 ci\u00f2 che guida il team Bocedi durante la progettazione dei macchinari di indiscutibile qualit\u00e0, soluzioni personalizzate per offrire un prodotto chiavi in mano alla propria clientela.<\/p>\n\n\n\n<p>Tutte le soluzioni Bocedi sono ingegnerizzate per stabilizzare il carico durante il trasporto, per rendere l&#8217;imballo impermeabile e proteggere la merce da acqua, polvere ed agenti atmosferici, preservandone l&#8217;integrit\u00e0.<\/p>\n<\/div>\n\n\n\n<div class=\"wp-block-column is-layout-flow wp-block-column-is-layout-flow\">\n<div class=\"wp-block-getwid-images-slider has-arrows-inside has-dots-inside has-images-center has-cropped-images has-fixed-height\"><div class=\"wp-block-getwid-images-slider__wrapper\" data-effect=\"fade\" data-slides-show=\"1\" data-slides-show-laptop=\"1\" data-slides-show-tablet=\"1\" data-slides-show-mobile=\"1\" data-slides-scroll=\"1\" data-autoplay=\"true\" data-autoplay-speed=\"5000\" data-infinite=\"true\" data-animation-speed=\"800\" data-center-mode=\"false\" data-variable-width=\"false\" data-arrows=\"inside\" data-dots=\"inside\" data-spacing=\"none\"><div class=\"wp-block-getwid-images-slider__item\" style=\"height:350px\"><figure><img loading=\"lazy\" decoding=\"async\" width=\"1200\" height=\"800\" src=\"https:\/\/www.stretchhood.it\/wp-content\/uploads\/2021\/12\/image-company-01.jpg\" data-id=\"2082\" data-link=\"https:\/\/www.stretchhood.it\/company\/attachment\/image-company-01\/\" data-original-link=\"https:\/\/www.stretchhood.it\/wp-content\/uploads\/2021\/12\/image-company-01.jpg\" class=\"wp-block-getwid-images-slider__image wp-image-2082\" srcset=\"https:\/\/www.stretchhood.it\/wp-content\/uploads\/2021\/12\/image-company-01.jpg 1200w, https:\/\/www.stretchhood.it\/wp-content\/uploads\/2021\/12\/image-company-01-980x653.jpg 980w, https:\/\/www.stretchhood.it\/wp-content\/uploads\/2021\/12\/image-company-01-480x320.jpg 480w\" sizes=\"(min-width: 0px) and (max-width: 480px) 480px, (min-width: 481px) and (max-width: 980px) 980px, (min-width: 981px) 1200px, 100vw\" \/><\/figure><\/div><div class=\"wp-block-getwid-images-slider__item\" style=\"height:350px\"><figure><img loading=\"lazy\" decoding=\"async\" width=\"1200\" height=\"800\" src=\"https:\/\/www.stretchhood.it\/wp-content\/uploads\/2021\/12\/image-company-02.jpg\" data-id=\"2083\" data-link=\"https:\/\/www.stretchhood.it\/company\/attachment\/image-company-02\/\" data-original-link=\"https:\/\/www.stretchhood.it\/wp-content\/uploads\/2021\/12\/image-company-02.jpg\" class=\"wp-block-getwid-images-slider__image wp-image-2083\" srcset=\"https:\/\/www.stretchhood.it\/wp-content\/uploads\/2021\/12\/image-company-02.jpg 1200w, https:\/\/www.stretchhood.it\/wp-content\/uploads\/2021\/12\/image-company-02-980x653.jpg 980w, https:\/\/www.stretchhood.it\/wp-content\/uploads\/2021\/12\/image-company-02-480x320.jpg 480w\" sizes=\"(min-width: 0px) and (max-width: 480px) 480px, (min-width: 481px) and (max-width: 980px) 980px, (min-width: 981px) 1200px, 100vw\" \/><\/figure><\/div><div class=\"wp-block-getwid-images-slider__item\" style=\"height:350px\"><figure><img loading=\"lazy\" decoding=\"async\" width=\"1200\" height=\"800\" src=\"https:\/\/www.stretchhood.it\/wp-content\/uploads\/2021\/12\/image-company-03.jpg\" data-id=\"2084\" data-link=\"https:\/\/www.stretchhood.it\/company\/attachment\/image-company-03\/\" data-original-link=\"https:\/\/www.stretchhood.it\/wp-content\/uploads\/2021\/12\/image-company-03.jpg\" class=\"wp-block-getwid-images-slider__image wp-image-2084\" srcset=\"https:\/\/www.stretchhood.it\/wp-content\/uploads\/2021\/12\/image-company-03.jpg 1200w, https:\/\/www.stretchhood.it\/wp-content\/uploads\/2021\/12\/image-company-03-980x653.jpg 980w, https:\/\/www.stretchhood.it\/wp-content\/uploads\/2021\/12\/image-company-03-480x320.jpg 480w\" sizes=\"(min-width: 0px) and (max-width: 480px) 480px, (min-width: 481px) and (max-width: 980px) 980px, (min-width: 981px) 1200px, 100vw\" \/><\/figure><\/div><div class=\"wp-block-getwid-images-slider__item\" style=\"height:350px\"><figure><img loading=\"lazy\" decoding=\"async\" width=\"1200\" height=\"800\" src=\"https:\/\/www.stretchhood.it\/wp-content\/uploads\/2021\/12\/image-company-04.jpg\" data-id=\"2372\" data-link=\"https:\/\/www.stretchhood.it\/company\/attachment\/image-company-04\/\" data-original-link=\"https:\/\/www.stretchhood.it\/wp-content\/uploads\/2021\/12\/image-company-04.jpg\" class=\"wp-block-getwid-images-slider__image wp-image-2372\" srcset=\"https:\/\/www.stretchhood.it\/wp-content\/uploads\/2021\/12\/image-company-04.jpg 1200w, https:\/\/www.stretchhood.it\/wp-content\/uploads\/2021\/12\/image-company-04-980x653.jpg 980w, https:\/\/www.stretchhood.it\/wp-content\/uploads\/2021\/12\/image-company-04-480x320.jpg 480w\" sizes=\"(min-width: 0px) and (max-width: 480px) 480px, (min-width: 481px) and (max-width: 980px) 980px, (min-width: 981px) 1200px, 100vw\" \/><\/figure><\/div><\/div><\/div>\n<\/div>\n<\/div>\n","protected":false},"excerpt":{"rendered":"<p>Bocedi srl Officina Bocedi, con sede a Scandiano di Reggio Emilia, \u00e8 un&#8217;azienda produttrice di sistemi di imballaggio per il fine linea, leader nel settore. Bocedi offre una gamma completa di prodotti per l&#8217;imballaggio di fine linea: incappucciatici a cappuccio elastico, sistemi di termoretrazione, nastri trasportatori, reggiatrici orizzontali e verticali, metti-sacco automatiche ed una moltitudine [&hellip;]<\/p>\n","protected":false},"author":1,"featured_media":2903,"parent":0,"menu_order":0,"comment_status":"closed","ping_status":"closed","template":"","meta":{"_acf_changed":false,"_et_pb_use_builder":"off","_et_pb_old_content":"","_et_gb_content_width":"","footnotes":""},"acf":[],"yoast_head":"<!-- This site is optimized with the Yoast SEO plugin v22.7 - https:\/\/yoast.com\/wordpress\/plugins\/seo\/ -->\n<title>L&#039;Azienda - Bocedi srl<\/title>\n<meta name=\"description\" content=\"Officina Bocedi, con sede a Scandiano di Reggio Emilia, \u00e8 un&#039;azienda produttrice di sistemi di imballaggio per il fine linea, leader nel settore.\" \/>\n<meta name=\"robots\" content=\"index, follow, max-snippet:-1, max-image-preview:large, max-video-preview:-1\" \/>\n<link rel=\"canonical\" href=\"https:\/\/stretchhood.it\/it\/l-azienda\/\" \/>\n<meta property=\"og:locale\" content=\"it_IT\" \/>\n<meta property=\"og:type\" content=\"article\" \/>\n<meta property=\"og:title\" content=\"L&#039;Azienda - Bocedi srl\" \/>\n<meta property=\"og:description\" content=\"Officina Bocedi, con sede a Scandiano di Reggio Emilia, \u00e8 un&#039;azienda produttrice di sistemi di imballaggio per il fine linea, leader nel settore.\" \/>\n<meta property=\"og:url\" content=\"https:\/\/stretchhood.it\/it\/l-azienda\/\" \/>\n<meta property=\"og:site_name\" content=\"Bocedi srl\" \/>\n<meta property=\"article:modified_time\" content=\"2024-05-20T15:09:00+00:00\" \/>\n<meta property=\"og:image\" content=\"https:\/\/stretchhood.it\/wp-content\/uploads\/2021\/12\/banner-company.jpg\" \/>\n\t<meta property=\"og:image:width\" content=\"1200\" \/>\n\t<meta property=\"og:image:height\" content=\"800\" \/>\n\t<meta property=\"og:image:type\" content=\"image\/jpeg\" \/>\n<meta name=\"twitter:card\" content=\"summary_large_image\" \/>\n<meta name=\"twitter:label1\" content=\"Tempo di lettura stimato\" \/>\n\t<meta name=\"twitter:data1\" content=\"1 minuto\" \/>\n<script type=\"application\/ld+json\" class=\"yoast-schema-graph\">{\"@context\":\"https:\/\/schema.org\",\"@graph\":[{\"@type\":\"WebPage\",\"@id\":\"https:\/\/stretchhood.it\/it\/l-azienda\/\",\"url\":\"https:\/\/stretchhood.it\/it\/l-azienda\/\",\"name\":\"L'Azienda - Bocedi srl\",\"isPartOf\":{\"@id\":\"https:\/\/bocedisrl.com\/#website\"},\"primaryImageOfPage\":{\"@id\":\"https:\/\/stretchhood.it\/it\/l-azienda\/#primaryimage\"},\"image\":{\"@id\":\"https:\/\/stretchhood.it\/it\/l-azienda\/#primaryimage\"},\"thumbnailUrl\":\"https:\/\/stretchhood.it\/wp-content\/uploads\/2021\/12\/banner-company.jpg\",\"datePublished\":\"2021-11-29T09:38:57+00:00\",\"dateModified\":\"2024-05-20T15:09:00+00:00\",\"description\":\"Officina Bocedi, con sede a Scandiano di Reggio Emilia, \u00e8 un'azienda produttrice di sistemi di imballaggio per il fine linea, leader nel settore.\",\"breadcrumb\":{\"@id\":\"https:\/\/stretchhood.it\/it\/l-azienda\/#breadcrumb\"},\"inLanguage\":\"it-IT\",\"potentialAction\":[{\"@type\":\"ReadAction\",\"target\":[\"https:\/\/stretchhood.it\/it\/l-azienda\/\"]}]},{\"@type\":\"ImageObject\",\"inLanguage\":\"it-IT\",\"@id\":\"https:\/\/stretchhood.it\/it\/l-azienda\/#primaryimage\",\"url\":\"https:\/\/stretchhood.it\/wp-content\/uploads\/2021\/12\/banner-company.jpg\",\"contentUrl\":\"https:\/\/stretchhood.it\/wp-content\/uploads\/2021\/12\/banner-company.jpg\",\"width\":1200,\"height\":800},{\"@type\":\"BreadcrumbList\",\"@id\":\"https:\/\/stretchhood.it\/it\/l-azienda\/#breadcrumb\",\"itemListElement\":[{\"@type\":\"ListItem\",\"position\":1,\"name\":\"Home\",\"item\":\"https:\/\/www.stretchhood.it\/it\/\"},{\"@type\":\"ListItem\",\"position\":2,\"name\":\"L&#8217;Azienda\"}]},{\"@type\":\"WebSite\",\"@id\":\"https:\/\/bocedisrl.com\/#website\",\"url\":\"https:\/\/bocedisrl.com\/\",\"name\":\"Bocedi srl\",\"description\":\"Pallet Packaging Systems\",\"publisher\":{\"@id\":\"https:\/\/bocedisrl.com\/#organization\"},\"potentialAction\":[{\"@type\":\"SearchAction\",\"target\":{\"@type\":\"EntryPoint\",\"urlTemplate\":\"https:\/\/bocedisrl.com\/?s={search_term_string}\"},\"query-input\":\"required name=search_term_string\"}],\"inLanguage\":\"it-IT\"},{\"@type\":\"Organization\",\"@id\":\"https:\/\/bocedisrl.com\/#organization\",\"name\":\"Bocedi srl\",\"url\":\"https:\/\/bocedisrl.com\/\",\"logo\":{\"@type\":\"ImageObject\",\"inLanguage\":\"it-IT\",\"@id\":\"https:\/\/bocedisrl.com\/#\/schema\/logo\/image\/\",\"url\":\"https:\/\/www.bocedisrl.com\/wp-content\/uploads\/2021\/11\/logo-bocedi.png\",\"contentUrl\":\"https:\/\/www.bocedisrl.com\/wp-content\/uploads\/2021\/11\/logo-bocedi.png\",\"width\":800,\"height\":480,\"caption\":\"Bocedi srl\"},\"image\":{\"@id\":\"https:\/\/bocedisrl.com\/#\/schema\/logo\/image\/\"}}]}<\/script>\n<!-- \/ Yoast SEO plugin. -->","yoast_head_json":{"title":"L'Azienda - Bocedi srl","description":"Officina Bocedi, con sede a Scandiano di Reggio Emilia, \u00e8 un'azienda produttrice di sistemi di imballaggio per il fine linea, leader nel settore.","robots":{"index":"index","follow":"follow","max-snippet":"max-snippet:-1","max-image-preview":"max-image-preview:large","max-video-preview":"max-video-preview:-1"},"canonical":"https:\/\/stretchhood.it\/it\/l-azienda\/","og_locale":"it_IT","og_type":"article","og_title":"L'Azienda - Bocedi srl","og_description":"Officina Bocedi, con sede a Scandiano di Reggio Emilia, \u00e8 un'azienda produttrice di sistemi di imballaggio per il fine linea, leader nel settore.","og_url":"https:\/\/stretchhood.it\/it\/l-azienda\/","og_site_name":"Bocedi srl","article_modified_time":"2024-05-20T15:09:00+00:00","og_image":[{"width":1200,"height":800,"url":"https:\/\/stretchhood.it\/wp-content\/uploads\/2021\/12\/banner-company.jpg","type":"image\/jpeg"}],"twitter_card":"summary_large_image","twitter_misc":{"Tempo di lettura stimato":"1 minuto"},"schema":{"@context":"https:\/\/schema.org","@graph":[{"@type":"WebPage","@id":"https:\/\/stretchhood.it\/it\/l-azienda\/","url":"https:\/\/stretchhood.it\/it\/l-azienda\/","name":"L'Azienda - Bocedi srl","isPartOf":{"@id":"https:\/\/bocedisrl.com\/#website"},"primaryImageOfPage":{"@id":"https:\/\/stretchhood.it\/it\/l-azienda\/#primaryimage"},"image":{"@id":"https:\/\/stretchhood.it\/it\/l-azienda\/#primaryimage"},"thumbnailUrl":"https:\/\/stretchhood.it\/wp-content\/uploads\/2021\/12\/banner-company.jpg","datePublished":"2021-11-29T09:38:57+00:00","dateModified":"2024-05-20T15:09:00+00:00","description":"Officina Bocedi, con sede a Scandiano di Reggio Emilia, \u00e8 un'azienda produttrice di sistemi di imballaggio per il fine linea, leader nel settore.","breadcrumb":{"@id":"https:\/\/stretchhood.it\/it\/l-azienda\/#breadcrumb"},"inLanguage":"it-IT","potentialAction":[{"@type":"ReadAction","target":["https:\/\/stretchhood.it\/it\/l-azienda\/"]}]},{"@type":"ImageObject","inLanguage":"it-IT","@id":"https:\/\/stretchhood.it\/it\/l-azienda\/#primaryimage","url":"https:\/\/stretchhood.it\/wp-content\/uploads\/2021\/12\/banner-company.jpg","contentUrl":"https:\/\/stretchhood.it\/wp-content\/uploads\/2021\/12\/banner-company.jpg","width":1200,"height":800},{"@type":"BreadcrumbList","@id":"https:\/\/stretchhood.it\/it\/l-azienda\/#breadcrumb","itemListElement":[{"@type":"ListItem","position":1,"name":"Home","item":"https:\/\/www.stretchhood.it\/it\/"},{"@type":"ListItem","position":2,"name":"L&#8217;Azienda"}]},{"@type":"WebSite","@id":"https:\/\/bocedisrl.com\/#website","url":"https:\/\/bocedisrl.com\/","name":"Bocedi srl","description":"Pallet Packaging Systems","publisher":{"@id":"https:\/\/bocedisrl.com\/#organization"},"potentialAction":[{"@type":"SearchAction","target":{"@type":"EntryPoint","urlTemplate":"https:\/\/bocedisrl.com\/?s={search_term_string}"},"query-input":"required name=search_term_string"}],"inLanguage":"it-IT"},{"@type":"Organization","@id":"https:\/\/bocedisrl.com\/#organization","name":"Bocedi srl","url":"https:\/\/bocedisrl.com\/","logo":{"@type":"ImageObject","inLanguage":"it-IT","@id":"https:\/\/bocedisrl.com\/#\/schema\/logo\/image\/","url":"https:\/\/www.bocedisrl.com\/wp-content\/uploads\/2021\/11\/logo-bocedi.png","contentUrl":"https:\/\/www.bocedisrl.com\/wp-content\/uploads\/2021\/11\/logo-bocedi.png","width":800,"height":480,"caption":"Bocedi srl"},"image":{"@id":"https:\/\/bocedisrl.com\/#\/schema\/logo\/image\/"}}]}},"_links":{"self":[{"href":"https:\/\/stretchhood.it\/it\/wp-json\/wp\/v2\/pages\/4075"}],"collection":[{"href":"https:\/\/stretchhood.it\/it\/wp-json\/wp\/v2\/pages"}],"about":[{"href":"https:\/\/stretchhood.it\/it\/wp-json\/wp\/v2\/types\/page"}],"author":[{"embeddable":true,"href":"https:\/\/stretchhood.it\/it\/wp-json\/wp\/v2\/users\/1"}],"replies":[{"embeddable":true,"href":"https:\/\/stretchhood.it\/it\/wp-json\/wp\/v2\/comments?post=4075"}],"version-history":[{"count":5,"href":"https:\/\/stretchhood.it\/it\/wp-json\/wp\/v2\/pages\/4075\/revisions"}],"predecessor-version":[{"id":13390,"href":"https:\/\/stretchhood.it\/it\/wp-json\/wp\/v2\/pages\/4075\/revisions\/13390"}],"wp:featuredmedia":[{"embeddable":true,"href":"https:\/\/stretchhood.it\/it\/wp-json\/wp\/v2\/media\/2903"}],"wp:attachment":[{"href":"https:\/\/stretchhood.it\/it\/wp-json\/wp\/v2\/media?parent=4075"}],"curies":[{"name":"wp","href":"https:\/\/api.w.org\/{rel}","templated":true}]}}