{"id":4976,"date":"2021-11-29T10:38:06","date_gmt":"2021-11-29T09:38:06","guid":{"rendered":"https:\/\/www.stretchhood.it\/home\/"},"modified":"2022-09-05T08:51:09","modified_gmt":"2022-09-05T07:51:09","slug":"home","status":"publish","type":"page","link":"https:\/\/stretchhood.it\/fr\/","title":{"rendered":"Home"},"content":{"rendered":"<p>[et_pb_section admin_label=\u00a0\u00bbsection\u00a0\u00bb]<br \/>\n\t\t\t[et_pb_row admin_label=\u00a0\u00bbrow\u00a0\u00bb]<br \/>\n\t\t\t\t[et_pb_column type=\u00a0\u00bb4_4&Prime;][\/et_pb_column]<br \/>\n\t\t\t[\/et_pb_row]<br \/>\n\t\t[\/et_pb_section]<\/p>\n","protected":false},"excerpt":{"rendered":"","protected":false},"author":1,"featured_media":3580,"parent":0,"menu_order":0,"comment_status":"closed","ping_status":"closed","template":"","meta":{"_acf_changed":false,"_et_pb_use_builder":"on","_et_pb_old_content":"","_et_gb_content_width":"","footnotes":""},"acf":[],"yoast_head":"<!-- This site is optimized with the Yoast SEO plugin v22.7 - https:\/\/yoast.com\/wordpress\/plugins\/seo\/ -->\n<title>Bocedi srl - Pallet Packaging Systems<\/title>\n<meta name=\"description\" content=\"Bocedi srl est l&#039;un des leaders mondiaux dans la conception et la fabrication de syst\u00e8mes d&#039;emballage de fin de ligne... Housseuse \u00e0 housse \u00e9tirable, r\u00e8tractable et plus encore...\" \/>\n<meta name=\"robots\" content=\"index, follow, max-snippet:-1, max-image-preview:large, max-video-preview:-1\" \/>\n<link rel=\"canonical\" href=\"https:\/\/stretchhood.it\/fr\/\" \/>\n<meta property=\"og:locale\" content=\"fr_FR\" \/>\n<meta property=\"og:type\" content=\"article\" \/>\n<meta property=\"og:title\" content=\"Bocedi srl - Pallet Packaging Systems\" \/>\n<meta property=\"og:description\" content=\"Bocedi srl est l&#039;un des leaders mondiaux dans la conception et la fabrication de syst\u00e8mes d&#039;emballage de fin de ligne... Housseuse \u00e0 housse \u00e9tirable, r\u00e8tractable et plus encore...\" \/>\n<meta property=\"og:url\" content=\"https:\/\/stretchhood.it\/fr\/\" \/>\n<meta property=\"og:site_name\" content=\"Bocedi srl\" \/>\n<meta property=\"article:modified_time\" content=\"2022-09-05T07:51:09+00:00\" \/>\n<meta property=\"og:image\" content=\"https:\/\/www.stretchhood.it\/wp-content\/uploads\/2021\/12\/banner-home-01.jpg\" \/>\n\t<meta property=\"og:image:width\" content=\"1200\" \/>\n\t<meta property=\"og:image:height\" content=\"800\" \/>\n\t<meta property=\"og:image:type\" content=\"image\/jpeg\" \/>\n<meta name=\"twitter:card\" content=\"summary_large_image\" \/>\n<script type=\"application\/ld+json\" class=\"yoast-schema-graph\">{\"@context\":\"https:\/\/schema.org\",\"@graph\":[{\"@type\":\"WebPage\",\"@id\":\"https:\/\/stretchhood.it\/fr\/\",\"url\":\"https:\/\/stretchhood.it\/fr\/\",\"name\":\"Bocedi srl - Pallet Packaging Systems\",\"isPartOf\":{\"@id\":\"https:\/\/www.stretchhood.it\/fr\/#website\"},\"primaryImageOfPage\":{\"@id\":\"https:\/\/stretchhood.it\/fr\/#primaryimage\"},\"image\":{\"@id\":\"https:\/\/stretchhood.it\/fr\/#primaryimage\"},\"thumbnailUrl\":\"https:\/\/stretchhood.it\/wp-content\/uploads\/2021\/12\/banner-home-01.jpg\",\"datePublished\":\"2021-11-29T09:38:06+00:00\",\"dateModified\":\"2022-09-05T07:51:09+00:00\",\"description\":\"Bocedi srl est l'un des leaders mondiaux dans la conception et la fabrication de syst\u00e8mes d'emballage de fin de ligne... Housseuse \u00e0 housse \u00e9tirable, r\u00e8tractable et plus encore...\",\"breadcrumb\":{\"@id\":\"https:\/\/stretchhood.it\/fr\/#breadcrumb\"},\"inLanguage\":\"fr-FR\",\"potentialAction\":[{\"@type\":\"ReadAction\",\"target\":[\"https:\/\/stretchhood.it\/fr\/\"]}]},{\"@type\":\"ImageObject\",\"inLanguage\":\"fr-FR\",\"@id\":\"https:\/\/stretchhood.it\/fr\/#primaryimage\",\"url\":\"https:\/\/stretchhood.it\/wp-content\/uploads\/2021\/12\/banner-home-01.jpg\",\"contentUrl\":\"https:\/\/stretchhood.it\/wp-content\/uploads\/2021\/12\/banner-home-01.jpg\",\"width\":1200,\"height\":800},{\"@type\":\"BreadcrumbList\",\"@id\":\"https:\/\/stretchhood.it\/fr\/#breadcrumb\",\"itemListElement\":[{\"@type\":\"ListItem\",\"position\":1,\"name\":\"Home\",\"item\":\"https:\/\/www.stretchhood.it\/fr\/\"},{\"@type\":\"ListItem\",\"position\":2,\"name\":\"Home\"}]},{\"@type\":\"WebSite\",\"@id\":\"https:\/\/www.stretchhood.it\/fr\/#website\",\"url\":\"https:\/\/www.stretchhood.it\/fr\/\",\"name\":\"Bocedi srl\",\"description\":\"Pallet Packaging Systems\",\"publisher\":{\"@id\":\"https:\/\/www.stretchhood.it\/fr\/#organization\"},\"potentialAction\":[{\"@type\":\"SearchAction\",\"target\":{\"@type\":\"EntryPoint\",\"urlTemplate\":\"https:\/\/www.stretchhood.it\/fr\/?s={search_term_string}\"},\"query-input\":\"required name=search_term_string\"}],\"inLanguage\":\"fr-FR\"},{\"@type\":\"Organization\",\"@id\":\"https:\/\/www.stretchhood.it\/fr\/#organization\",\"name\":\"Bocedi srl\",\"url\":\"https:\/\/www.stretchhood.it\/fr\/\",\"logo\":{\"@type\":\"ImageObject\",\"inLanguage\":\"fr-FR\",\"@id\":\"https:\/\/www.stretchhood.it\/fr\/#\/schema\/logo\/image\/\",\"url\":\"https:\/\/www.bocedisrl.com\/wp-content\/uploads\/2021\/11\/logo-bocedi.png\",\"contentUrl\":\"https:\/\/www.bocedisrl.com\/wp-content\/uploads\/2021\/11\/logo-bocedi.png\",\"width\":800,\"height\":480,\"caption\":\"Bocedi srl\"},\"image\":{\"@id\":\"https:\/\/www.stretchhood.it\/fr\/#\/schema\/logo\/image\/\"}}]}<\/script>\n<!-- \/ Yoast SEO plugin. -->","yoast_head_json":{"title":"Bocedi srl - Pallet Packaging Systems","description":"Bocedi srl est l'un des leaders mondiaux dans la conception et la fabrication de syst\u00e8mes d'emballage de fin de ligne... Housseuse \u00e0 housse \u00e9tirable, r\u00e8tractable et plus encore...","robots":{"index":"index","follow":"follow","max-snippet":"max-snippet:-1","max-image-preview":"max-image-preview:large","max-video-preview":"max-video-preview:-1"},"canonical":"https:\/\/stretchhood.it\/fr\/","og_locale":"fr_FR","og_type":"article","og_title":"Bocedi srl - Pallet Packaging Systems","og_description":"Bocedi srl est l'un des leaders mondiaux dans la conception et la fabrication de syst\u00e8mes d'emballage de fin de ligne... Housseuse \u00e0 housse \u00e9tirable, r\u00e8tractable et plus encore...","og_url":"https:\/\/stretchhood.it\/fr\/","og_site_name":"Bocedi srl","article_modified_time":"2022-09-05T07:51:09+00:00","og_image":[{"width":1200,"height":800,"url":"https:\/\/www.stretchhood.it\/wp-content\/uploads\/2021\/12\/banner-home-01.jpg","type":"image\/jpeg"}],"twitter_card":"summary_large_image","schema":{"@context":"https:\/\/schema.org","@graph":[{"@type":"WebPage","@id":"https:\/\/stretchhood.it\/fr\/","url":"https:\/\/stretchhood.it\/fr\/","name":"Bocedi srl - Pallet Packaging Systems","isPartOf":{"@id":"https:\/\/www.stretchhood.it\/fr\/#website"},"primaryImageOfPage":{"@id":"https:\/\/stretchhood.it\/fr\/#primaryimage"},"image":{"@id":"https:\/\/stretchhood.it\/fr\/#primaryimage"},"thumbnailUrl":"https:\/\/stretchhood.it\/wp-content\/uploads\/2021\/12\/banner-home-01.jpg","datePublished":"2021-11-29T09:38:06+00:00","dateModified":"2022-09-05T07:51:09+00:00","description":"Bocedi srl est l'un des leaders mondiaux dans la conception et la fabrication de syst\u00e8mes d'emballage de fin de ligne... Housseuse \u00e0 housse \u00e9tirable, r\u00e8tractable et plus encore...","breadcrumb":{"@id":"https:\/\/stretchhood.it\/fr\/#breadcrumb"},"inLanguage":"fr-FR","potentialAction":[{"@type":"ReadAction","target":["https:\/\/stretchhood.it\/fr\/"]}]},{"@type":"ImageObject","inLanguage":"fr-FR","@id":"https:\/\/stretchhood.it\/fr\/#primaryimage","url":"https:\/\/stretchhood.it\/wp-content\/uploads\/2021\/12\/banner-home-01.jpg","contentUrl":"https:\/\/stretchhood.it\/wp-content\/uploads\/2021\/12\/banner-home-01.jpg","width":1200,"height":800},{"@type":"BreadcrumbList","@id":"https:\/\/stretchhood.it\/fr\/#breadcrumb","itemListElement":[{"@type":"ListItem","position":1,"name":"Home","item":"https:\/\/www.stretchhood.it\/fr\/"},{"@type":"ListItem","position":2,"name":"Home"}]},{"@type":"WebSite","@id":"https:\/\/www.stretchhood.it\/fr\/#website","url":"https:\/\/www.stretchhood.it\/fr\/","name":"Bocedi srl","description":"Pallet Packaging Systems","publisher":{"@id":"https:\/\/www.stretchhood.it\/fr\/#organization"},"potentialAction":[{"@type":"SearchAction","target":{"@type":"EntryPoint","urlTemplate":"https:\/\/www.stretchhood.it\/fr\/?s={search_term_string}"},"query-input":"required name=search_term_string"}],"inLanguage":"fr-FR"},{"@type":"Organization","@id":"https:\/\/www.stretchhood.it\/fr\/#organization","name":"Bocedi srl","url":"https:\/\/www.stretchhood.it\/fr\/","logo":{"@type":"ImageObject","inLanguage":"fr-FR","@id":"https:\/\/www.stretchhood.it\/fr\/#\/schema\/logo\/image\/","url":"https:\/\/www.bocedisrl.com\/wp-content\/uploads\/2021\/11\/logo-bocedi.png","contentUrl":"https:\/\/www.bocedisrl.com\/wp-content\/uploads\/2021\/11\/logo-bocedi.png","width":800,"height":480,"caption":"Bocedi srl"},"image":{"@id":"https:\/\/www.stretchhood.it\/fr\/#\/schema\/logo\/image\/"}}]}},"_links":{"self":[{"href":"https:\/\/stretchhood.it\/fr\/wp-json\/wp\/v2\/pages\/4976"}],"collection":[{"href":"https:\/\/stretchhood.it\/fr\/wp-json\/wp\/v2\/pages"}],"about":[{"href":"https:\/\/stretchhood.it\/fr\/wp-json\/wp\/v2\/types\/page"}],"author":[{"embeddable":true,"href":"https:\/\/stretchhood.it\/fr\/wp-json\/wp\/v2\/users\/1"}],"replies":[{"embeddable":true,"href":"https:\/\/stretchhood.it\/fr\/wp-json\/wp\/v2\/comments?post=4976"}],"version-history":[{"count":2,"href":"https:\/\/stretchhood.it\/fr\/wp-json\/wp\/v2\/pages\/4976\/revisions"}],"predecessor-version":[{"id":8360,"href":"https:\/\/stretchhood.it\/fr\/wp-json\/wp\/v2\/pages\/4976\/revisions\/8360"}],"wp:featuredmedia":[{"embeddable":true,"href":"https:\/\/stretchhood.it\/fr\/wp-json\/wp\/v2\/media\/3580"}],"wp:attachment":[{"href":"https:\/\/stretchhood.it\/fr\/wp-json\/wp\/v2\/media?parent=4976"}],"curies":[{"name":"wp","href":"https:\/\/api.w.org\/{rel}","templated":true}]}}