{"id":4446,"date":"2021-11-30T14:17:31","date_gmt":"2021-11-30T13:17:31","guid":{"rendered":"https:\/\/www.stretchhood.it\/industries\/conteneurs\/"},"modified":"2021-12-30T13:13:07","modified_gmt":"2021-12-30T12:13:07","slug":"conteneurs","status":"publish","type":"page","link":"https:\/\/stretchhood.it\/fr\/industries\/conteneurs\/","title":{"rendered":"Conteneurs"},"content":{"rendered":"\n<div class=\"wp-block-group alternating-columns is-layout-flow wp-block-group-is-layout-flow\">\n<div class=\"wp-block-columns is-layout-flex wp-container-core-columns-is-layout-1 wp-block-columns-is-layout-flex\">\n<div class=\"wp-block-column is-layout-flow wp-block-column-is-layout-flow\"><div class=\"wp-block-getwid-images-slider has-arrows-inside has-dots-inside has-images-center has-cropped-images has-fixed-height\"><div class=\"wp-block-getwid-images-slider__wrapper\" data-effect=\"fade\" data-slides-show=\"1\" data-slides-show-laptop=\"1\" data-slides-show-tablet=\"1\" data-slides-show-mobile=\"1\" data-slides-scroll=\"1\" data-autoplay=\"true\" data-autoplay-speed=\"5000\" data-infinite=\"true\" data-animation-speed=\"800\" data-center-mode=\"false\" data-variable-width=\"false\" data-arrows=\"inside\" data-dots=\"inside\" data-spacing=\"none\"><div class=\"wp-block-getwid-images-slider__item\" style=\"height:350px\"><figure><img loading=\"lazy\" decoding=\"async\" width=\"1200\" height=\"800\" src=\"https:\/\/www.stretchhood.it\/wp-content\/uploads\/2021\/12\/image-industries-containers-a-01.jpg\" data-id=\"2252\" data-link=\"https:\/\/www.stretchhood.it\/industries\/containers\/attachment\/image-industries-containers-a-01\/\" data-original-link=\"https:\/\/www.stretchhood.it\/wp-content\/uploads\/2021\/12\/image-industries-containers-a-01.jpg\" class=\"wp-block-getwid-images-slider__image wp-image-2252\" srcset=\"https:\/\/www.stretchhood.it\/wp-content\/uploads\/2021\/12\/image-industries-containers-a-01.jpg 1200w, https:\/\/www.stretchhood.it\/wp-content\/uploads\/2021\/12\/image-industries-containers-a-01-980x653.jpg 980w, https:\/\/www.stretchhood.it\/wp-content\/uploads\/2021\/12\/image-industries-containers-a-01-480x320.jpg 480w\" sizes=\"(min-width: 0px) and (max-width: 480px) 480px, (min-width: 481px) and (max-width: 980px) 980px, (min-width: 981px) 1200px, 100vw\" \/><\/figure><\/div><div class=\"wp-block-getwid-images-slider__item\" style=\"height:350px\"><figure><img loading=\"lazy\" decoding=\"async\" width=\"1200\" height=\"800\" src=\"https:\/\/www.stretchhood.it\/wp-content\/uploads\/2021\/12\/image-industries-containers-a-02.jpg\" data-id=\"2253\" data-link=\"https:\/\/www.stretchhood.it\/industries\/containers\/attachment\/image-industries-containers-a-02\/\" data-original-link=\"https:\/\/www.stretchhood.it\/wp-content\/uploads\/2021\/12\/image-industries-containers-a-02.jpg\" class=\"wp-block-getwid-images-slider__image wp-image-2253\" srcset=\"https:\/\/www.stretchhood.it\/wp-content\/uploads\/2021\/12\/image-industries-containers-a-02.jpg 1200w, https:\/\/www.stretchhood.it\/wp-content\/uploads\/2021\/12\/image-industries-containers-a-02-980x653.jpg 980w, https:\/\/www.stretchhood.it\/wp-content\/uploads\/2021\/12\/image-industries-containers-a-02-480x320.jpg 480w\" sizes=\"(min-width: 0px) and (max-width: 480px) 480px, (min-width: 481px) and (max-width: 980px) 980px, (min-width: 981px) 1200px, 100vw\" \/><\/figure><\/div><div class=\"wp-block-getwid-images-slider__item\" style=\"height:350px\"><figure><img loading=\"lazy\" decoding=\"async\" width=\"1200\" height=\"800\" src=\"https:\/\/www.stretchhood.it\/wp-content\/uploads\/2021\/12\/image-industries-containers-a-03.jpg\" data-id=\"2254\" data-link=\"https:\/\/www.stretchhood.it\/industries\/containers\/attachment\/image-industries-containers-a-03\/\" data-original-link=\"https:\/\/www.stretchhood.it\/wp-content\/uploads\/2021\/12\/image-industries-containers-a-03.jpg\" class=\"wp-block-getwid-images-slider__image wp-image-2254\" srcset=\"https:\/\/www.stretchhood.it\/wp-content\/uploads\/2021\/12\/image-industries-containers-a-03.jpg 1200w, https:\/\/www.stretchhood.it\/wp-content\/uploads\/2021\/12\/image-industries-containers-a-03-980x653.jpg 980w, https:\/\/www.stretchhood.it\/wp-content\/uploads\/2021\/12\/image-industries-containers-a-03-480x320.jpg 480w\" sizes=\"(min-width: 0px) and (max-width: 480px) 480px, (min-width: 481px) and (max-width: 980px) 980px, (min-width: 981px) 1200px, 100vw\" \/><\/figure><\/div><div class=\"wp-block-getwid-images-slider__item\" style=\"height:350px\"><figure><img loading=\"lazy\" decoding=\"async\" width=\"1200\" height=\"800\" src=\"https:\/\/www.stretchhood.it\/wp-content\/uploads\/2021\/12\/image-industries-containers-a-04.jpg\" data-id=\"2255\" data-link=\"https:\/\/www.stretchhood.it\/industries\/containers\/attachment\/image-industries-containers-a-04\/\" data-original-link=\"https:\/\/www.stretchhood.it\/wp-content\/uploads\/2021\/12\/image-industries-containers-a-04.jpg\" class=\"wp-block-getwid-images-slider__image wp-image-2255\" srcset=\"https:\/\/www.stretchhood.it\/wp-content\/uploads\/2021\/12\/image-industries-containers-a-04.jpg 1200w, https:\/\/www.stretchhood.it\/wp-content\/uploads\/2021\/12\/image-industries-containers-a-04-980x653.jpg 980w, https:\/\/www.stretchhood.it\/wp-content\/uploads\/2021\/12\/image-industries-containers-a-04-480x320.jpg 480w\" sizes=\"(min-width: 0px) and (max-width: 480px) 480px, (min-width: 481px) and (max-width: 980px) 980px, (min-width: 981px) 1200px, 100vw\" \/><\/figure><\/div><\/div><\/div>\r\n<\/div>\n\n\n\n<div class=\"wp-block-column is-layout-flow wp-block-column-is-layout-flow\">\n<h3 class=\"wp-block-heading\">Stabilit\u00e9<\/h3>\n\n\n\n<p>Les technologies de\u00a0<a href=\"\/fr\/systemes-d-emballage\/housseuse-a-housse-etirable\/\">houssage \u00e9tirable<\/a>\u00a0ou\u00a0<a href=\"\/fr\/systemes-d-emballage\/housseuse-a-housse-retractable\/\">thermor\u00e9tractable<\/a>\u00a0sont id\u00e9ales pour l&rsquo;industrie. Avec une seule couche de plastique, il est en effet possible d&rsquo;obtenir une grande stabilit\u00e9 m\u00eame pour les tailles de palette les plus in\u00e9gales.<\/p>\n\n\n\n<p>Les forces d&rsquo;\u00e9tirement ou de thermor\u00e9traction fixeront la charge sur la palette, en garantissant une manipulation et un transport en toute s\u00e9curit\u00e9. Les housseuses Bocedi sont configurables avec plusieurs tailles de film diff\u00e9rentes pour trouver la housse parfaite pour chaque taille de palette.<\/p>\n<\/div>\n<\/div>\n\n\n\n<div class=\"wp-block-columns is-layout-flex wp-container-core-columns-is-layout-2 wp-block-columns-is-layout-flex\">\n<div class=\"wp-block-column is-layout-flow wp-block-column-is-layout-flow\"><div class=\"wp-block-getwid-images-slider has-arrows-inside has-dots-inside has-images-center has-cropped-images has-fixed-height\"><div class=\"wp-block-getwid-images-slider__wrapper\" data-effect=\"fade\" data-slides-show=\"1\" data-slides-show-laptop=\"1\" data-slides-show-tablet=\"1\" data-slides-show-mobile=\"1\" data-slides-scroll=\"1\" data-autoplay=\"true\" data-autoplay-speed=\"5000\" data-infinite=\"true\" data-animation-speed=\"800\" data-center-mode=\"false\" data-variable-width=\"false\" data-arrows=\"inside\" data-dots=\"inside\" data-spacing=\"none\"><div class=\"wp-block-getwid-images-slider__item\" style=\"height:350px\"><figure><img loading=\"lazy\" decoding=\"async\" width=\"1200\" height=\"800\" src=\"https:\/\/www.stretchhood.it\/wp-content\/uploads\/2021\/12\/image-industries-containers-b-01.jpg\" data-id=\"2256\" data-link=\"https:\/\/www.stretchhood.it\/industries\/containers\/attachment\/image-industries-containers-b-01\/\" data-original-link=\"https:\/\/www.stretchhood.it\/wp-content\/uploads\/2021\/12\/image-industries-containers-b-01.jpg\" class=\"wp-block-getwid-images-slider__image wp-image-2256\" srcset=\"https:\/\/www.stretchhood.it\/wp-content\/uploads\/2021\/12\/image-industries-containers-b-01.jpg 1200w, https:\/\/www.stretchhood.it\/wp-content\/uploads\/2021\/12\/image-industries-containers-b-01-980x653.jpg 980w, https:\/\/www.stretchhood.it\/wp-content\/uploads\/2021\/12\/image-industries-containers-b-01-480x320.jpg 480w\" sizes=\"(min-width: 0px) and (max-width: 480px) 480px, (min-width: 481px) and (max-width: 980px) 980px, (min-width: 981px) 1200px, 100vw\" \/><\/figure><\/div><div class=\"wp-block-getwid-images-slider__item\" style=\"height:350px\"><figure><img loading=\"lazy\" decoding=\"async\" width=\"1200\" height=\"800\" src=\"https:\/\/www.stretchhood.it\/wp-content\/uploads\/2021\/12\/image-industries-containers-b-02.jpg\" data-id=\"2257\" data-link=\"https:\/\/www.stretchhood.it\/industries\/containers\/attachment\/image-industries-containers-b-02\/\" data-original-link=\"https:\/\/www.stretchhood.it\/wp-content\/uploads\/2021\/12\/image-industries-containers-b-02.jpg\" class=\"wp-block-getwid-images-slider__image wp-image-2257\" srcset=\"https:\/\/www.stretchhood.it\/wp-content\/uploads\/2021\/12\/image-industries-containers-b-02.jpg 1200w, https:\/\/www.stretchhood.it\/wp-content\/uploads\/2021\/12\/image-industries-containers-b-02-980x653.jpg 980w, https:\/\/www.stretchhood.it\/wp-content\/uploads\/2021\/12\/image-industries-containers-b-02-480x320.jpg 480w\" sizes=\"(min-width: 0px) and (max-width: 480px) 480px, (min-width: 481px) and (max-width: 980px) 980px, (min-width: 981px) 1200px, 100vw\" \/><\/figure><\/div><div class=\"wp-block-getwid-images-slider__item\" style=\"height:350px\"><figure><img loading=\"lazy\" decoding=\"async\" width=\"1200\" height=\"800\" src=\"https:\/\/www.stretchhood.it\/wp-content\/uploads\/2021\/12\/image-industries-containers-b-03.jpg\" data-id=\"2258\" data-link=\"https:\/\/www.stretchhood.it\/industries\/containers\/attachment\/image-industries-containers-b-03\/\" data-original-link=\"https:\/\/www.stretchhood.it\/wp-content\/uploads\/2021\/12\/image-industries-containers-b-03.jpg\" class=\"wp-block-getwid-images-slider__image wp-image-2258\" srcset=\"https:\/\/www.stretchhood.it\/wp-content\/uploads\/2021\/12\/image-industries-containers-b-03.jpg 1200w, https:\/\/www.stretchhood.it\/wp-content\/uploads\/2021\/12\/image-industries-containers-b-03-980x653.jpg 980w, https:\/\/www.stretchhood.it\/wp-content\/uploads\/2021\/12\/image-industries-containers-b-03-480x320.jpg 480w\" sizes=\"(min-width: 0px) and (max-width: 480px) 480px, (min-width: 481px) and (max-width: 980px) 980px, (min-width: 981px) 1200px, 100vw\" \/><\/figure><\/div><div class=\"wp-block-getwid-images-slider__item\" style=\"height:350px\"><figure><img loading=\"lazy\" decoding=\"async\" width=\"1200\" height=\"800\" src=\"https:\/\/www.stretchhood.it\/wp-content\/uploads\/2021\/12\/image-industries-containers-b-04.jpg\" data-id=\"2259\" data-link=\"https:\/\/www.stretchhood.it\/industries\/containers\/attachment\/image-industries-containers-b-04\/\" data-original-link=\"https:\/\/www.stretchhood.it\/wp-content\/uploads\/2021\/12\/image-industries-containers-b-04.jpg\" class=\"wp-block-getwid-images-slider__image wp-image-2259\" srcset=\"https:\/\/www.stretchhood.it\/wp-content\/uploads\/2021\/12\/image-industries-containers-b-04.jpg 1200w, https:\/\/www.stretchhood.it\/wp-content\/uploads\/2021\/12\/image-industries-containers-b-04-980x653.jpg 980w, https:\/\/www.stretchhood.it\/wp-content\/uploads\/2021\/12\/image-industries-containers-b-04-480x320.jpg 480w\" sizes=\"(min-width: 0px) and (max-width: 480px) 480px, (min-width: 481px) and (max-width: 980px) 980px, (min-width: 981px) 1200px, 100vw\" \/><\/figure><\/div><div class=\"wp-block-getwid-images-slider__item\" style=\"height:350px\"><figure><img loading=\"lazy\" decoding=\"async\" width=\"1200\" height=\"800\" src=\"https:\/\/www.stretchhood.it\/wp-content\/uploads\/2021\/12\/image-industries-containers-b-05.jpg\" data-id=\"2260\" data-link=\"https:\/\/www.stretchhood.it\/industries\/containers\/attachment\/image-industries-containers-b-05\/\" data-original-link=\"https:\/\/www.stretchhood.it\/wp-content\/uploads\/2021\/12\/image-industries-containers-b-05.jpg\" class=\"wp-block-getwid-images-slider__image wp-image-2260\" srcset=\"https:\/\/www.stretchhood.it\/wp-content\/uploads\/2021\/12\/image-industries-containers-b-05.jpg 1200w, https:\/\/www.stretchhood.it\/wp-content\/uploads\/2021\/12\/image-industries-containers-b-05-980x653.jpg 980w, https:\/\/www.stretchhood.it\/wp-content\/uploads\/2021\/12\/image-industries-containers-b-05-480x320.jpg 480w\" sizes=\"(min-width: 0px) and (max-width: 480px) 480px, (min-width: 481px) and (max-width: 980px) 980px, (min-width: 981px) 1200px, 100vw\" \/><\/figure><\/div><\/div><\/div>\r\n<\/div>\n\n\n\n<div class=\"wp-block-column is-layout-flow wp-block-column-is-layout-flow\">\n<h3 class=\"wp-block-heading\">S\u00fbr, rang\u00e9, \u00e9tanche<\/h3>\n\n\n\n<p>Les produits sont conditionn\u00e9s en toute s\u00e9curit\u00e9, le film plastique affiche une r\u00e9sistance de longue dur\u00e9e \u00e0 la perforation afin d&#8217;emp\u00eacher toute fissure lors de la manutention ou l&#8217;empilement, et d&rsquo;\u00e9viter l&rsquo;intrusion de personnel non autoris\u00e9.<\/p>\n\n\n\n<p>La housse de protection donnera une bonne finition aux produits: un conditionnement bien rang\u00e9 et professionnel affecte positivement l&rsquo;attitude des acheteurs\/consommateurs.<\/p>\n\n\n\n<p>La palette sous housse peut \u00eatre stock\u00e9e \u00e0 l&rsquo;ext\u00e9rieur, le conditionnement est \u00e9tanche, avec la possibilit\u00e9 d&rsquo;ajouter \u00e9galement une protection UV.<\/p>\n<\/div>\n<\/div>\n\n\n\n<div class=\"wp-block-columns is-layout-flex wp-container-core-columns-is-layout-3 wp-block-columns-is-layout-flex\">\n<div class=\"wp-block-column is-layout-flow wp-block-column-is-layout-flow\">\n<figure class=\"wp-block-video\"><video controls=\"\" poster=\"https:\/\/www.stretchhood.it\/wp-content\/uploads\/2021\/12\/video-thumb.jpg\" src=\"\/wp-content\/uploads\/video\/video-fb1000.mp4\"><\/video><\/figure>\n<\/div>\n\n\n\n<div class=\"wp-block-column is-layout-flow wp-block-column-is-layout-flow\">\n<h3 class=\"wp-block-heading\">Solutions d\u00e9di\u00e9es pour le secteur<\/h3>\n\n\n\n<p>Les conteneurs vides peuvent \u00eatre tr\u00e8s instables pendant la phase de transport d&rsquo;une station \u00e0 l&rsquo;autre. Les\u00a0<a href=\"\/fr\/systemes-d-emballage\/housseuse-a-housse-etirable\/fb1000\/\">housseuses sous housse \u00e9tirable personnalis\u00e9es<\/a>\u00a0Bocedi sont con\u00e7ues pour d\u00e9placer leur station de houssage compl\u00e8te vers la charge, tandis que la charge reste immobile. Avantage consid\u00e9rable pour conditionner des charges de palettes tr\u00e8s l\u00e9g\u00e8res et branlantes.<\/p>\n<\/div>\n<\/div>\n<\/div>\n","protected":false},"excerpt":{"rendered":"<p>Stabilit\u00e9 Les technologies de\u00a0houssage \u00e9tirable\u00a0ou\u00a0thermor\u00e9tractable\u00a0sont id\u00e9ales pour l&rsquo;industrie. Avec une seule couche de plastique, il est en effet possible d&rsquo;obtenir une grande stabilit\u00e9 m\u00eame pour les tailles de palette les plus in\u00e9gales. Les forces d&rsquo;\u00e9tirement ou de thermor\u00e9traction fixeront la charge sur la palette, en garantissant une manipulation et un transport en toute s\u00e9curit\u00e9. Les [&hellip;]<\/p>\n","protected":false},"author":1,"featured_media":2788,"parent":3988,"menu_order":0,"comment_status":"closed","ping_status":"closed","template":"","meta":{"_acf_changed":false,"_et_pb_use_builder":"","_et_pb_old_content":"","_et_gb_content_width":"","footnotes":""},"acf":[],"yoast_head":"<!-- This site is optimized with the Yoast SEO plugin v22.7 - https:\/\/yoast.com\/wordpress\/plugins\/seo\/ -->\n<title>Conteneurs - Bocedi srl<\/title>\n<meta name=\"description\" content=\"La technologie de housseuse Bocedi c&#039;est parfait pour l&#039;industrie des conteneurs: seaux de peinture, f\u00fbts en plastique et en m\u00e9tal, bidons, plateaux et plus encore...\" \/>\n<meta name=\"robots\" content=\"index, follow, max-snippet:-1, max-image-preview:large, max-video-preview:-1\" \/>\n<link rel=\"canonical\" href=\"https:\/\/stretchhood.it\/fr\/industries\/conteneurs\/\" \/>\n<meta property=\"og:locale\" content=\"fr_FR\" \/>\n<meta property=\"og:type\" content=\"article\" \/>\n<meta property=\"og:title\" content=\"Conteneurs - Bocedi srl\" \/>\n<meta property=\"og:description\" content=\"La technologie de housseuse Bocedi c&#039;est parfait pour l&#039;industrie des conteneurs: seaux de peinture, f\u00fbts en plastique et en m\u00e9tal, bidons, plateaux et plus encore...\" \/>\n<meta property=\"og:url\" content=\"https:\/\/stretchhood.it\/fr\/industries\/conteneurs\/\" \/>\n<meta property=\"og:site_name\" content=\"Bocedi srl\" \/>\n<meta property=\"article:modified_time\" content=\"2021-12-30T12:13:07+00:00\" \/>\n<meta property=\"og:image\" content=\"https:\/\/bocedisrl.com\/wp-content\/uploads\/2021\/12\/banner-industries-containers.jpg\" \/>\n\t<meta property=\"og:image:width\" content=\"1200\" \/>\n\t<meta property=\"og:image:height\" content=\"800\" \/>\n\t<meta property=\"og:image:type\" content=\"image\/jpeg\" \/>\n<meta name=\"twitter:card\" content=\"summary_large_image\" \/>\n<meta name=\"twitter:label1\" content=\"Dur\u00e9e de lecture estim\u00e9e\" \/>\n\t<meta name=\"twitter:data1\" content=\"1 minute\" \/>\n<script type=\"application\/ld+json\" class=\"yoast-schema-graph\">{\"@context\":\"https:\/\/schema.org\",\"@graph\":[{\"@type\":\"WebPage\",\"@id\":\"https:\/\/stretchhood.it\/fr\/industries\/conteneurs\/\",\"url\":\"https:\/\/stretchhood.it\/fr\/industries\/conteneurs\/\",\"name\":\"Conteneurs - Bocedi srl\",\"isPartOf\":{\"@id\":\"https:\/\/bocedisrl.com\/fr\/#website\"},\"primaryImageOfPage\":{\"@id\":\"https:\/\/stretchhood.it\/fr\/industries\/conteneurs\/#primaryimage\"},\"image\":{\"@id\":\"https:\/\/stretchhood.it\/fr\/industries\/conteneurs\/#primaryimage\"},\"thumbnailUrl\":\"https:\/\/stretchhood.it\/wp-content\/uploads\/2021\/12\/banner-industries-containers.jpg\",\"datePublished\":\"2021-11-30T13:17:31+00:00\",\"dateModified\":\"2021-12-30T12:13:07+00:00\",\"description\":\"La technologie de housseuse Bocedi c'est parfait pour l'industrie des conteneurs: seaux de peinture, f\u00fbts en plastique et en m\u00e9tal, bidons, plateaux et plus encore...\",\"breadcrumb\":{\"@id\":\"https:\/\/stretchhood.it\/fr\/industries\/conteneurs\/#breadcrumb\"},\"inLanguage\":\"fr-FR\",\"potentialAction\":[{\"@type\":\"ReadAction\",\"target\":[\"https:\/\/stretchhood.it\/fr\/industries\/conteneurs\/\"]}]},{\"@type\":\"ImageObject\",\"inLanguage\":\"fr-FR\",\"@id\":\"https:\/\/stretchhood.it\/fr\/industries\/conteneurs\/#primaryimage\",\"url\":\"https:\/\/stretchhood.it\/wp-content\/uploads\/2021\/12\/banner-industries-containers.jpg\",\"contentUrl\":\"https:\/\/stretchhood.it\/wp-content\/uploads\/2021\/12\/banner-industries-containers.jpg\",\"width\":1200,\"height\":800},{\"@type\":\"BreadcrumbList\",\"@id\":\"https:\/\/stretchhood.it\/fr\/industries\/conteneurs\/#breadcrumb\",\"itemListElement\":[{\"@type\":\"ListItem\",\"position\":1,\"name\":\"Home\",\"item\":\"https:\/\/bocedisrl.com\/fr\/\"},{\"@type\":\"ListItem\",\"position\":2,\"name\":\"Industries\",\"item\":\"https:\/\/mail.stretchhood.it\/fr\/industries\/\"},{\"@type\":\"ListItem\",\"position\":3,\"name\":\"Conteneurs\"}]},{\"@type\":\"WebSite\",\"@id\":\"https:\/\/bocedisrl.com\/fr\/#website\",\"url\":\"https:\/\/bocedisrl.com\/fr\/\",\"name\":\"Bocedi srl\",\"description\":\"Pallet Packaging Systems\",\"publisher\":{\"@id\":\"https:\/\/bocedisrl.com\/fr\/#organization\"},\"potentialAction\":[{\"@type\":\"SearchAction\",\"target\":{\"@type\":\"EntryPoint\",\"urlTemplate\":\"https:\/\/bocedisrl.com\/fr\/?s={search_term_string}\"},\"query-input\":\"required name=search_term_string\"}],\"inLanguage\":\"fr-FR\"},{\"@type\":\"Organization\",\"@id\":\"https:\/\/bocedisrl.com\/fr\/#organization\",\"name\":\"Bocedi srl\",\"url\":\"https:\/\/bocedisrl.com\/fr\/\",\"logo\":{\"@type\":\"ImageObject\",\"inLanguage\":\"fr-FR\",\"@id\":\"https:\/\/bocedisrl.com\/fr\/#\/schema\/logo\/image\/\",\"url\":\"https:\/\/www.bocedisrl.com\/wp-content\/uploads\/2021\/11\/logo-bocedi.png\",\"contentUrl\":\"https:\/\/www.bocedisrl.com\/wp-content\/uploads\/2021\/11\/logo-bocedi.png\",\"width\":800,\"height\":480,\"caption\":\"Bocedi srl\"},\"image\":{\"@id\":\"https:\/\/bocedisrl.com\/fr\/#\/schema\/logo\/image\/\"}}]}<\/script>\n<!-- \/ Yoast SEO plugin. -->","yoast_head_json":{"title":"Conteneurs - Bocedi srl","description":"La technologie de housseuse Bocedi c'est parfait pour l'industrie des conteneurs: seaux de peinture, f\u00fbts en plastique et en m\u00e9tal, bidons, plateaux et plus encore...","robots":{"index":"index","follow":"follow","max-snippet":"max-snippet:-1","max-image-preview":"max-image-preview:large","max-video-preview":"max-video-preview:-1"},"canonical":"https:\/\/stretchhood.it\/fr\/industries\/conteneurs\/","og_locale":"fr_FR","og_type":"article","og_title":"Conteneurs - Bocedi srl","og_description":"La technologie de housseuse Bocedi c'est parfait pour l'industrie des conteneurs: seaux de peinture, f\u00fbts en plastique et en m\u00e9tal, bidons, plateaux et plus encore...","og_url":"https:\/\/stretchhood.it\/fr\/industries\/conteneurs\/","og_site_name":"Bocedi srl","article_modified_time":"2021-12-30T12:13:07+00:00","og_image":[{"width":1200,"height":800,"url":"https:\/\/bocedisrl.com\/wp-content\/uploads\/2021\/12\/banner-industries-containers.jpg","type":"image\/jpeg"}],"twitter_card":"summary_large_image","twitter_misc":{"Dur\u00e9e de lecture estim\u00e9e":"1 minute"},"schema":{"@context":"https:\/\/schema.org","@graph":[{"@type":"WebPage","@id":"https:\/\/stretchhood.it\/fr\/industries\/conteneurs\/","url":"https:\/\/stretchhood.it\/fr\/industries\/conteneurs\/","name":"Conteneurs - Bocedi srl","isPartOf":{"@id":"https:\/\/bocedisrl.com\/fr\/#website"},"primaryImageOfPage":{"@id":"https:\/\/stretchhood.it\/fr\/industries\/conteneurs\/#primaryimage"},"image":{"@id":"https:\/\/stretchhood.it\/fr\/industries\/conteneurs\/#primaryimage"},"thumbnailUrl":"https:\/\/stretchhood.it\/wp-content\/uploads\/2021\/12\/banner-industries-containers.jpg","datePublished":"2021-11-30T13:17:31+00:00","dateModified":"2021-12-30T12:13:07+00:00","description":"La technologie de housseuse Bocedi c'est parfait pour l'industrie des conteneurs: seaux de peinture, f\u00fbts en plastique et en m\u00e9tal, bidons, plateaux et plus encore...","breadcrumb":{"@id":"https:\/\/stretchhood.it\/fr\/industries\/conteneurs\/#breadcrumb"},"inLanguage":"fr-FR","potentialAction":[{"@type":"ReadAction","target":["https:\/\/stretchhood.it\/fr\/industries\/conteneurs\/"]}]},{"@type":"ImageObject","inLanguage":"fr-FR","@id":"https:\/\/stretchhood.it\/fr\/industries\/conteneurs\/#primaryimage","url":"https:\/\/stretchhood.it\/wp-content\/uploads\/2021\/12\/banner-industries-containers.jpg","contentUrl":"https:\/\/stretchhood.it\/wp-content\/uploads\/2021\/12\/banner-industries-containers.jpg","width":1200,"height":800},{"@type":"BreadcrumbList","@id":"https:\/\/stretchhood.it\/fr\/industries\/conteneurs\/#breadcrumb","itemListElement":[{"@type":"ListItem","position":1,"name":"Home","item":"https:\/\/bocedisrl.com\/fr\/"},{"@type":"ListItem","position":2,"name":"Industries","item":"https:\/\/mail.stretchhood.it\/fr\/industries\/"},{"@type":"ListItem","position":3,"name":"Conteneurs"}]},{"@type":"WebSite","@id":"https:\/\/bocedisrl.com\/fr\/#website","url":"https:\/\/bocedisrl.com\/fr\/","name":"Bocedi srl","description":"Pallet Packaging Systems","publisher":{"@id":"https:\/\/bocedisrl.com\/fr\/#organization"},"potentialAction":[{"@type":"SearchAction","target":{"@type":"EntryPoint","urlTemplate":"https:\/\/bocedisrl.com\/fr\/?s={search_term_string}"},"query-input":"required name=search_term_string"}],"inLanguage":"fr-FR"},{"@type":"Organization","@id":"https:\/\/bocedisrl.com\/fr\/#organization","name":"Bocedi srl","url":"https:\/\/bocedisrl.com\/fr\/","logo":{"@type":"ImageObject","inLanguage":"fr-FR","@id":"https:\/\/bocedisrl.com\/fr\/#\/schema\/logo\/image\/","url":"https:\/\/www.bocedisrl.com\/wp-content\/uploads\/2021\/11\/logo-bocedi.png","contentUrl":"https:\/\/www.bocedisrl.com\/wp-content\/uploads\/2021\/11\/logo-bocedi.png","width":800,"height":480,"caption":"Bocedi srl"},"image":{"@id":"https:\/\/bocedisrl.com\/fr\/#\/schema\/logo\/image\/"}}]}},"_links":{"self":[{"href":"https:\/\/stretchhood.it\/fr\/wp-json\/wp\/v2\/pages\/4446"}],"collection":[{"href":"https:\/\/stretchhood.it\/fr\/wp-json\/wp\/v2\/pages"}],"about":[{"href":"https:\/\/stretchhood.it\/fr\/wp-json\/wp\/v2\/types\/page"}],"author":[{"embeddable":true,"href":"https:\/\/stretchhood.it\/fr\/wp-json\/wp\/v2\/users\/1"}],"replies":[{"embeddable":true,"href":"https:\/\/stretchhood.it\/fr\/wp-json\/wp\/v2\/comments?post=4446"}],"version-history":[{"count":3,"href":"https:\/\/stretchhood.it\/fr\/wp-json\/wp\/v2\/pages\/4446\/revisions"}],"predecessor-version":[{"id":4451,"href":"https:\/\/stretchhood.it\/fr\/wp-json\/wp\/v2\/pages\/4446\/revisions\/4451"}],"up":[{"embeddable":true,"href":"https:\/\/stretchhood.it\/fr\/wp-json\/wp\/v2\/pages\/3988"}],"wp:featuredmedia":[{"embeddable":true,"href":"https:\/\/stretchhood.it\/fr\/wp-json\/wp\/v2\/media\/2788"}],"wp:attachment":[{"href":"https:\/\/stretchhood.it\/fr\/wp-json\/wp\/v2\/media?parent=4446"}],"curies":[{"name":"wp","href":"https:\/\/api.w.org\/{rel}","templated":true}]}}