{"id":4392,"date":"2021-12-10T07:56:54","date_gmt":"2021-12-10T06:56:54","guid":{"rendered":"https:\/\/www.stretchhood.it\/systemes-d-emballage\/housseuse-a-housse-retractable\/rotomatic-60\/"},"modified":"2021-12-30T12:47:24","modified_gmt":"2021-12-30T11:47:24","slug":"rotomatic-60","status":"publish","type":"page","link":"https:\/\/stretchhood.it\/fr\/systemes-d-emballage\/housseuse-a-housse-retractable\/rotomatic-60\/","title":{"rendered":"Rotomatic 60"},"content":{"rendered":"\n<div class=\"wp-block-columns is-layout-flex wp-container-core-columns-is-layout-1 wp-block-columns-is-layout-flex\">\n<div class=\"wp-block-column is-layout-flow wp-block-column-is-layout-flow\">\n<h3 class=\"wp-block-heading\">Rotomatic 60<\/h3>\n\n\n\n<p>ROTOMATIC 60 est une excellente solution si vous cherchez \u00e0 automatiser et augmenter la productivit\u00e9 de votre\u00a0<a href=\"\/fr\/systemes-d-emballage\/\">ligne de conditionnement<\/a>.<\/p>\n\n\n\n<h3 class=\"wp-block-heading\">Augmenter la productivit\u00e9 de votre ligne de conditionnement<\/h3>\n\n\n\n<p>Cette machine permet la thermor\u00e9traction du film autour d&rsquo;une charge houss\u00e9e gr\u00e2ce \u00e0 des dispositifs de chauffage sur 1 c\u00f4t\u00e9 qui chauffent d\u00e9licatement la housse en plastique autour de la charge avec de l&rsquo;air chaud recycl\u00e9 contr\u00f4l\u00e9.<\/p>\n\n\n\n<p>La charge palettis\u00e9e tourne sur une plateforme tournante pour permettre la thermor\u00e9traction de tous les c\u00f4t\u00e9s.<\/p>\n\n\n\n<h3 class=\"wp-block-heading\">Plateforme tournante<\/h3>\n\n\n\n<p>Le syst\u00e8me innovant sans flamme fonctionne avec n&rsquo;importe quel gaz \u00e0 basse pression et utilise de l&rsquo;air chaud recycl\u00e9 contr\u00f4l\u00e9 pour pr\u00e9server l&rsquo;\u00e9lasticit\u00e9 et la r\u00e9sistance du film.<\/p>\n<\/div>\n\n\n\n<div class=\"wp-block-column is-layout-flow wp-block-column-is-layout-flow\"><div class=\"wp-block-getwid-images-slider has-arrows-inside has-dots-inside has-images-center has-cropped-images has-fixed-height\"><div class=\"wp-block-getwid-images-slider__wrapper\" data-effect=\"fade\" data-slides-show=\"1\" data-slides-show-laptop=\"1\" data-slides-show-tablet=\"1\" data-slides-show-mobile=\"1\" data-slides-scroll=\"1\" data-autoplay=\"true\" data-autoplay-speed=\"5000\" data-infinite=\"true\" data-animation-speed=\"800\" data-center-mode=\"false\" data-variable-width=\"false\" data-arrows=\"inside\" data-dots=\"inside\" data-spacing=\"none\"><div class=\"wp-block-getwid-images-slider__item\" style=\"height:350px\"><figure><img loading=\"lazy\" decoding=\"async\" width=\"1200\" height=\"800\" src=\"https:\/\/www.stretchhood.it\/wp-content\/uploads\/2021\/12\/image-rotomatic-60-01.jpg\" data-id=\"2150\" data-link=\"https:\/\/www.stretchhood.it\/packaging-systems\/shrink-hood-machines\/rotomatic-60\/attachment\/image-rotomatic-60-01\/\" data-original-link=\"https:\/\/www.stretchhood.it\/wp-content\/uploads\/2021\/12\/image-rotomatic-60-01.jpg\" class=\"wp-block-getwid-images-slider__image wp-image-2150\" srcset=\"https:\/\/www.stretchhood.it\/wp-content\/uploads\/2021\/12\/image-rotomatic-60-01.jpg 1200w, https:\/\/www.stretchhood.it\/wp-content\/uploads\/2021\/12\/image-rotomatic-60-01-980x653.jpg 980w, https:\/\/www.stretchhood.it\/wp-content\/uploads\/2021\/12\/image-rotomatic-60-01-480x320.jpg 480w\" sizes=\"(min-width: 0px) and (max-width: 480px) 480px, (min-width: 481px) and (max-width: 980px) 980px, (min-width: 981px) 1200px, 100vw\" \/><\/figure><\/div><\/div><\/div>\r\n\n\n\n<h3 class=\"wp-block-heading\">Caract\u00e9ristiques technique<\/h3>\n\n\n\n<figure class=\"wp-block-table is-style-stripes\"><table class=\"has-fixed-layout\"><tbody><tr><td>Productivit\u00e9 (selon la taille de l\u2019anneau et le produit)<\/td><td>20 palettes\/h<\/td><\/tr><tr><td>Taille minimale des palettes<\/td><td>600&#215;600\u00a0mm<\/td><\/tr><tr><td>Taille maximale des palettes<\/td><td>1200&#215;1200 mm<\/td><\/tr><\/tbody><\/table><\/figure>\n\n\n\n<div class=\"wp-block-buttons is-layout-flex wp-block-buttons-is-layout-flex\">\n<div class=\"wp-block-button button-quotation\"><a class=\"wp-block-button__link\" href=\"\/fr\/contact\/\">Demander un Devis<\/a><\/div>\n\n\n\n<div class=\"wp-block-button button-pdf inactive\"><a class=\"wp-block-button__link\">Download Catalogue<\/a><\/div>\n\n\n\n<div class=\"wp-block-button button-video inactive\"><a class=\"wp-block-button__link\">Voir la Vid\u00e9o<\/a><\/div>\n<\/div>\n<\/div>\n<\/div>\n","protected":false},"excerpt":{"rendered":"<p>Rotomatic 60 ROTOMATIC 60 est une excellente solution si vous cherchez \u00e0 automatiser et augmenter la productivit\u00e9 de votre\u00a0ligne de conditionnement. Augmenter la productivit\u00e9 de votre ligne de conditionnement Cette machine permet la thermor\u00e9traction du film autour d&rsquo;une charge houss\u00e9e gr\u00e2ce \u00e0 des dispositifs de chauffage sur 1 c\u00f4t\u00e9 qui chauffent d\u00e9licatement la housse en [&hellip;]<\/p>\n","protected":false},"author":1,"featured_media":3223,"parent":4171,"menu_order":0,"comment_status":"closed","ping_status":"closed","template":"","meta":{"_acf_changed":false,"_et_pb_use_builder":"off","_et_pb_old_content":"","_et_gb_content_width":"","footnotes":""},"acf":[],"yoast_head":"<!-- This site is optimized with the Yoast SEO plugin v22.7 - https:\/\/yoast.com\/wordpress\/plugins\/seo\/ -->\n<title>Rotomatic 60 - Bocedi srl<\/title>\n<meta name=\"description\" content=\"Le Rotomatic 60 est une solution pratique qui permet de r\u00e9tracter le film sur une charge encapuchonn\u00e9e gr\u00e2ce \u00e0 des r\u00e9chauffeurs en acier inoxydable unilat\u00e9raux.\" \/>\n<meta name=\"robots\" content=\"index, follow, max-snippet:-1, max-image-preview:large, max-video-preview:-1\" \/>\n<link rel=\"canonical\" href=\"https:\/\/stretchhood.it\/fr\/systemes-d-emballage\/housseuse-a-housse-retractable\/rotomatic-60\/\" \/>\n<meta property=\"og:locale\" content=\"fr_FR\" \/>\n<meta property=\"og:type\" content=\"article\" \/>\n<meta property=\"og:title\" content=\"Rotomatic 60 - Bocedi srl\" \/>\n<meta property=\"og:description\" content=\"Le Rotomatic 60 est une solution pratique qui permet de r\u00e9tracter le film sur une charge encapuchonn\u00e9e gr\u00e2ce \u00e0 des r\u00e9chauffeurs en acier inoxydable unilat\u00e9raux.\" \/>\n<meta property=\"og:url\" content=\"https:\/\/stretchhood.it\/fr\/systemes-d-emballage\/housseuse-a-housse-retractable\/rotomatic-60\/\" \/>\n<meta property=\"og:site_name\" content=\"Bocedi srl\" \/>\n<meta property=\"article:modified_time\" content=\"2021-12-30T11:47:24+00:00\" \/>\n<meta property=\"og:image\" content=\"https:\/\/bocedisrl.com\/wp-content\/uploads\/2021\/12\/image-rotomatic-60-01.jpg\" \/>\n\t<meta property=\"og:image:width\" content=\"1200\" \/>\n\t<meta property=\"og:image:height\" content=\"800\" \/>\n\t<meta property=\"og:image:type\" content=\"image\/jpeg\" \/>\n<meta name=\"twitter:card\" content=\"summary_large_image\" \/>\n<meta name=\"twitter:label1\" content=\"Dur\u00e9e de lecture estim\u00e9e\" \/>\n\t<meta name=\"twitter:data1\" content=\"1 minute\" \/>\n<script type=\"application\/ld+json\" class=\"yoast-schema-graph\">{\"@context\":\"https:\/\/schema.org\",\"@graph\":[{\"@type\":\"WebPage\",\"@id\":\"https:\/\/stretchhood.it\/fr\/systemes-d-emballage\/housseuse-a-housse-retractable\/rotomatic-60\/\",\"url\":\"https:\/\/stretchhood.it\/fr\/systemes-d-emballage\/housseuse-a-housse-retractable\/rotomatic-60\/\",\"name\":\"Rotomatic 60 - Bocedi srl\",\"isPartOf\":{\"@id\":\"https:\/\/bocedisrl.com\/fr\/#website\"},\"primaryImageOfPage\":{\"@id\":\"https:\/\/stretchhood.it\/fr\/systemes-d-emballage\/housseuse-a-housse-retractable\/rotomatic-60\/#primaryimage\"},\"image\":{\"@id\":\"https:\/\/stretchhood.it\/fr\/systemes-d-emballage\/housseuse-a-housse-retractable\/rotomatic-60\/#primaryimage\"},\"thumbnailUrl\":\"https:\/\/stretchhood.it\/wp-content\/uploads\/2021\/12\/image-rotomatic-60-01.jpg\",\"datePublished\":\"2021-12-10T06:56:54+00:00\",\"dateModified\":\"2021-12-30T11:47:24+00:00\",\"description\":\"Le Rotomatic 60 est une solution pratique qui permet de r\u00e9tracter le film sur une charge encapuchonn\u00e9e gr\u00e2ce \u00e0 des r\u00e9chauffeurs en acier inoxydable unilat\u00e9raux.\",\"breadcrumb\":{\"@id\":\"https:\/\/stretchhood.it\/fr\/systemes-d-emballage\/housseuse-a-housse-retractable\/rotomatic-60\/#breadcrumb\"},\"inLanguage\":\"fr-FR\",\"potentialAction\":[{\"@type\":\"ReadAction\",\"target\":[\"https:\/\/stretchhood.it\/fr\/systemes-d-emballage\/housseuse-a-housse-retractable\/rotomatic-60\/\"]}]},{\"@type\":\"ImageObject\",\"inLanguage\":\"fr-FR\",\"@id\":\"https:\/\/stretchhood.it\/fr\/systemes-d-emballage\/housseuse-a-housse-retractable\/rotomatic-60\/#primaryimage\",\"url\":\"https:\/\/stretchhood.it\/wp-content\/uploads\/2021\/12\/image-rotomatic-60-01.jpg\",\"contentUrl\":\"https:\/\/stretchhood.it\/wp-content\/uploads\/2021\/12\/image-rotomatic-60-01.jpg\",\"width\":1200,\"height\":800},{\"@type\":\"BreadcrumbList\",\"@id\":\"https:\/\/stretchhood.it\/fr\/systemes-d-emballage\/housseuse-a-housse-retractable\/rotomatic-60\/#breadcrumb\",\"itemListElement\":[{\"@type\":\"ListItem\",\"position\":1,\"name\":\"Home\",\"item\":\"https:\/\/bocedisrl.com\/fr\/\"},{\"@type\":\"ListItem\",\"position\":2,\"name\":\"Syst\u00e9mes d&rsquo;Emballage\",\"item\":\"https:\/\/www.bocedisrl.com\/fr\/systemes-d-emballage\/\"},{\"@type\":\"ListItem\",\"position\":3,\"name\":\"Housseuse \u00e0 Housse R\u00e8tractable\",\"item\":\"https:\/\/www.bocedisrl.com\/fr\/systemes-d-emballage\/housseuse-a-housse-retractable\/\"},{\"@type\":\"ListItem\",\"position\":4,\"name\":\"Rotomatic 60\"}]},{\"@type\":\"WebSite\",\"@id\":\"https:\/\/bocedisrl.com\/fr\/#website\",\"url\":\"https:\/\/bocedisrl.com\/fr\/\",\"name\":\"Bocedi srl\",\"description\":\"Pallet Packaging Systems\",\"publisher\":{\"@id\":\"https:\/\/bocedisrl.com\/fr\/#organization\"},\"potentialAction\":[{\"@type\":\"SearchAction\",\"target\":{\"@type\":\"EntryPoint\",\"urlTemplate\":\"https:\/\/bocedisrl.com\/fr\/?s={search_term_string}\"},\"query-input\":\"required name=search_term_string\"}],\"inLanguage\":\"fr-FR\"},{\"@type\":\"Organization\",\"@id\":\"https:\/\/bocedisrl.com\/fr\/#organization\",\"name\":\"Bocedi srl\",\"url\":\"https:\/\/bocedisrl.com\/fr\/\",\"logo\":{\"@type\":\"ImageObject\",\"inLanguage\":\"fr-FR\",\"@id\":\"https:\/\/bocedisrl.com\/fr\/#\/schema\/logo\/image\/\",\"url\":\"https:\/\/www.bocedisrl.com\/wp-content\/uploads\/2021\/11\/logo-bocedi.png\",\"contentUrl\":\"https:\/\/www.bocedisrl.com\/wp-content\/uploads\/2021\/11\/logo-bocedi.png\",\"width\":800,\"height\":480,\"caption\":\"Bocedi srl\"},\"image\":{\"@id\":\"https:\/\/bocedisrl.com\/fr\/#\/schema\/logo\/image\/\"}}]}<\/script>\n<!-- \/ Yoast SEO plugin. -->","yoast_head_json":{"title":"Rotomatic 60 - Bocedi srl","description":"Le Rotomatic 60 est une solution pratique qui permet de r\u00e9tracter le film sur une charge encapuchonn\u00e9e gr\u00e2ce \u00e0 des r\u00e9chauffeurs en acier inoxydable unilat\u00e9raux.","robots":{"index":"index","follow":"follow","max-snippet":"max-snippet:-1","max-image-preview":"max-image-preview:large","max-video-preview":"max-video-preview:-1"},"canonical":"https:\/\/stretchhood.it\/fr\/systemes-d-emballage\/housseuse-a-housse-retractable\/rotomatic-60\/","og_locale":"fr_FR","og_type":"article","og_title":"Rotomatic 60 - Bocedi srl","og_description":"Le Rotomatic 60 est une solution pratique qui permet de r\u00e9tracter le film sur une charge encapuchonn\u00e9e gr\u00e2ce \u00e0 des r\u00e9chauffeurs en acier inoxydable unilat\u00e9raux.","og_url":"https:\/\/stretchhood.it\/fr\/systemes-d-emballage\/housseuse-a-housse-retractable\/rotomatic-60\/","og_site_name":"Bocedi srl","article_modified_time":"2021-12-30T11:47:24+00:00","og_image":[{"width":1200,"height":800,"url":"https:\/\/bocedisrl.com\/wp-content\/uploads\/2021\/12\/image-rotomatic-60-01.jpg","type":"image\/jpeg"}],"twitter_card":"summary_large_image","twitter_misc":{"Dur\u00e9e de lecture estim\u00e9e":"1 minute"},"schema":{"@context":"https:\/\/schema.org","@graph":[{"@type":"WebPage","@id":"https:\/\/stretchhood.it\/fr\/systemes-d-emballage\/housseuse-a-housse-retractable\/rotomatic-60\/","url":"https:\/\/stretchhood.it\/fr\/systemes-d-emballage\/housseuse-a-housse-retractable\/rotomatic-60\/","name":"Rotomatic 60 - Bocedi srl","isPartOf":{"@id":"https:\/\/bocedisrl.com\/fr\/#website"},"primaryImageOfPage":{"@id":"https:\/\/stretchhood.it\/fr\/systemes-d-emballage\/housseuse-a-housse-retractable\/rotomatic-60\/#primaryimage"},"image":{"@id":"https:\/\/stretchhood.it\/fr\/systemes-d-emballage\/housseuse-a-housse-retractable\/rotomatic-60\/#primaryimage"},"thumbnailUrl":"https:\/\/stretchhood.it\/wp-content\/uploads\/2021\/12\/image-rotomatic-60-01.jpg","datePublished":"2021-12-10T06:56:54+00:00","dateModified":"2021-12-30T11:47:24+00:00","description":"Le Rotomatic 60 est une solution pratique qui permet de r\u00e9tracter le film sur une charge encapuchonn\u00e9e gr\u00e2ce \u00e0 des r\u00e9chauffeurs en acier inoxydable unilat\u00e9raux.","breadcrumb":{"@id":"https:\/\/stretchhood.it\/fr\/systemes-d-emballage\/housseuse-a-housse-retractable\/rotomatic-60\/#breadcrumb"},"inLanguage":"fr-FR","potentialAction":[{"@type":"ReadAction","target":["https:\/\/stretchhood.it\/fr\/systemes-d-emballage\/housseuse-a-housse-retractable\/rotomatic-60\/"]}]},{"@type":"ImageObject","inLanguage":"fr-FR","@id":"https:\/\/stretchhood.it\/fr\/systemes-d-emballage\/housseuse-a-housse-retractable\/rotomatic-60\/#primaryimage","url":"https:\/\/stretchhood.it\/wp-content\/uploads\/2021\/12\/image-rotomatic-60-01.jpg","contentUrl":"https:\/\/stretchhood.it\/wp-content\/uploads\/2021\/12\/image-rotomatic-60-01.jpg","width":1200,"height":800},{"@type":"BreadcrumbList","@id":"https:\/\/stretchhood.it\/fr\/systemes-d-emballage\/housseuse-a-housse-retractable\/rotomatic-60\/#breadcrumb","itemListElement":[{"@type":"ListItem","position":1,"name":"Home","item":"https:\/\/bocedisrl.com\/fr\/"},{"@type":"ListItem","position":2,"name":"Syst\u00e9mes d&rsquo;Emballage","item":"https:\/\/www.bocedisrl.com\/fr\/systemes-d-emballage\/"},{"@type":"ListItem","position":3,"name":"Housseuse \u00e0 Housse R\u00e8tractable","item":"https:\/\/www.bocedisrl.com\/fr\/systemes-d-emballage\/housseuse-a-housse-retractable\/"},{"@type":"ListItem","position":4,"name":"Rotomatic 60"}]},{"@type":"WebSite","@id":"https:\/\/bocedisrl.com\/fr\/#website","url":"https:\/\/bocedisrl.com\/fr\/","name":"Bocedi srl","description":"Pallet Packaging Systems","publisher":{"@id":"https:\/\/bocedisrl.com\/fr\/#organization"},"potentialAction":[{"@type":"SearchAction","target":{"@type":"EntryPoint","urlTemplate":"https:\/\/bocedisrl.com\/fr\/?s={search_term_string}"},"query-input":"required name=search_term_string"}],"inLanguage":"fr-FR"},{"@type":"Organization","@id":"https:\/\/bocedisrl.com\/fr\/#organization","name":"Bocedi srl","url":"https:\/\/bocedisrl.com\/fr\/","logo":{"@type":"ImageObject","inLanguage":"fr-FR","@id":"https:\/\/bocedisrl.com\/fr\/#\/schema\/logo\/image\/","url":"https:\/\/www.bocedisrl.com\/wp-content\/uploads\/2021\/11\/logo-bocedi.png","contentUrl":"https:\/\/www.bocedisrl.com\/wp-content\/uploads\/2021\/11\/logo-bocedi.png","width":800,"height":480,"caption":"Bocedi srl"},"image":{"@id":"https:\/\/bocedisrl.com\/fr\/#\/schema\/logo\/image\/"}}]}},"_links":{"self":[{"href":"https:\/\/stretchhood.it\/fr\/wp-json\/wp\/v2\/pages\/4392"}],"collection":[{"href":"https:\/\/stretchhood.it\/fr\/wp-json\/wp\/v2\/pages"}],"about":[{"href":"https:\/\/stretchhood.it\/fr\/wp-json\/wp\/v2\/types\/page"}],"author":[{"embeddable":true,"href":"https:\/\/stretchhood.it\/fr\/wp-json\/wp\/v2\/users\/1"}],"replies":[{"embeddable":true,"href":"https:\/\/stretchhood.it\/fr\/wp-json\/wp\/v2\/comments?post=4392"}],"version-history":[{"count":1,"href":"https:\/\/stretchhood.it\/fr\/wp-json\/wp\/v2\/pages\/4392\/revisions"}],"predecessor-version":[{"id":4393,"href":"https:\/\/stretchhood.it\/fr\/wp-json\/wp\/v2\/pages\/4392\/revisions\/4393"}],"up":[{"embeddable":true,"href":"https:\/\/stretchhood.it\/fr\/wp-json\/wp\/v2\/pages\/4171"}],"wp:featuredmedia":[{"embeddable":true,"href":"https:\/\/stretchhood.it\/fr\/wp-json\/wp\/v2\/media\/3223"}],"wp:attachment":[{"href":"https:\/\/stretchhood.it\/fr\/wp-json\/wp\/v2\/media?parent=4392"}],"curies":[{"name":"wp","href":"https:\/\/api.w.org\/{rel}","templated":true}]}}