{"id":4364,"date":"2021-12-09T11:04:00","date_gmt":"2021-12-09T10:04:00","guid":{"rendered":"https:\/\/www.stretchhood.it\/systemes-d-emballage\/housseuse-a-housse-etirable\/fb3000\/"},"modified":"2021-12-30T12:43:27","modified_gmt":"2021-12-30T11:43:27","slug":"fb3000","status":"publish","type":"page","link":"https:\/\/stretchhood.it\/fr\/systemes-d-emballage\/housseuse-a-housse-etirable\/fb3000\/","title":{"rendered":"FB3000"},"content":{"rendered":"\n<div class=\"wp-block-columns is-layout-flex wp-container-core-columns-is-layout-1 wp-block-columns-is-layout-flex\">\n<div class=\"wp-block-column is-layout-flow wp-block-column-is-layout-flow\">\n<h3 class=\"wp-block-heading\">FB3000<\/h3>\n\n\n\n<p>La housseuse \u00e0 housse \u00e9tirable FB3000 est con\u00e7ue pour offrir solutions d&#8217;emballage flexibles sur mesure. Grace au syst\u00e8me d&rsquo;\u00e9tirement cart\u00e9sien qui permet d&rsquo;adapter l&rsquo;application de la housse \u00e0 chaque cycle, cette machine est capable d&#8217;emballer plusieurs dimensions de palettes et types de charges diversifi\u00e9es.<\/p>\n\n\n\n<p>Le nouveau syst\u00e8me\u00a0<a href=\"\/fr\/la-societe\/qualite-et-brevets\/\">brevet\u00e9<\/a>\u00a0de la housseuse FB3000 permet de faire\u00a0toutes les op\u00e9rations de maintenance et service standard comme le changement de bobine \u00e0 niveau du sol. Il est possible de s\u00e9parer la descente de la t\u00eate avec lame de coupe et barre de soudure et la descente du groupe de changement bobine afin de pouvoir faire tous les travails en totale s\u00e9curit\u00e9 au sol.<\/p>\n\n\n\n<p>Notre dispositif d&rsquo;ouverture sp\u00e9cifique du film vous permet de travailler avec plusieurs types de gaine \u00e9tirable, avec diff\u00e9rentes \u00e9paisseurs \u00e0 partir de 20my jusqu&rsquo;\u00e0 200my et avec un film imprim\u00e9, color\u00e9 ou transparent.<\/p>\n\n\n\n<p>La cadence de la housseuse FB3000 arrive \u00e0 80 palettes\/heure. Grace au syst\u00e8me de d\u00e9tection automatique des dimensions et de la hauteur, il est possible de cr\u00e9er des housses sur mesure pour chaque type de charge palettis\u00e9e.<\/p>\n\n\n\n<p>Une machine de conception simple qui utilise seulement mouvements pneumatiques pour r\u00e9duire la maintenance \u00e0 faire sur la machine et assurer la totale adaptabilit\u00e9 pour tous les op\u00e9rateurs.<\/p>\n\n\n\n<p>Avec la possibilit\u00e9 de faire diff\u00e9rentes finitions de film sur la palette, la technologie \u00e0 housse \u00e9tirable vous permet d&#8217;emballer et prot\u00e9ger vos produits en totale s\u00e9curit\u00e9 selon vos n\u00e9cessit\u00e9s.<\/p>\n<\/div>\n\n\n\n<div class=\"wp-block-column is-layout-flow wp-block-column-is-layout-flow\"><div class=\"wp-block-getwid-images-slider has-arrows-inside has-dots-inside has-images-center has-cropped-images has-fixed-height\"><div class=\"wp-block-getwid-images-slider__wrapper\" data-effect=\"fade\" data-slides-show=\"1\" data-slides-show-laptop=\"1\" data-slides-show-tablet=\"1\" data-slides-show-mobile=\"1\" data-slides-scroll=\"1\" data-autoplay=\"true\" data-autoplay-speed=\"5000\" data-infinite=\"true\" data-animation-speed=\"800\" data-center-mode=\"false\" data-variable-width=\"false\" data-arrows=\"inside\" data-dots=\"inside\" data-spacing=\"none\"><div class=\"wp-block-getwid-images-slider__item\" style=\"height:350px\"><figure><img loading=\"lazy\" decoding=\"async\" width=\"1200\" height=\"800\" src=\"https:\/\/www.stretchhood.it\/wp-content\/uploads\/2021\/12\/image-fb3000-01.jpg\" data-id=\"2119\" data-link=\"https:\/\/www.stretchhood.it\/packaging-systems\/stretch-hood-machines\/fb3000\/attachment\/image-fb3000-01\/\" data-original-link=\"https:\/\/www.stretchhood.it\/wp-content\/uploads\/2021\/12\/image-fb3000-01.jpg\" class=\"wp-block-getwid-images-slider__image wp-image-2119\" srcset=\"https:\/\/www.stretchhood.it\/wp-content\/uploads\/2021\/12\/image-fb3000-01.jpg 1200w, https:\/\/www.stretchhood.it\/wp-content\/uploads\/2021\/12\/image-fb3000-01-980x653.jpg 980w, https:\/\/www.stretchhood.it\/wp-content\/uploads\/2021\/12\/image-fb3000-01-480x320.jpg 480w\" sizes=\"(min-width: 0px) and (max-width: 480px) 480px, (min-width: 481px) and (max-width: 980px) 980px, (min-width: 981px) 1200px, 100vw\" \/><\/figure><\/div><div class=\"wp-block-getwid-images-slider__item\" style=\"height:350px\"><figure><img loading=\"lazy\" decoding=\"async\" width=\"1200\" height=\"800\" src=\"https:\/\/www.stretchhood.it\/wp-content\/uploads\/2021\/12\/image-fb3000-02.jpg\" data-id=\"2120\" data-link=\"https:\/\/www.stretchhood.it\/packaging-systems\/stretch-hood-machines\/fb3000\/attachment\/image-fb3000-02\/\" data-original-link=\"https:\/\/www.stretchhood.it\/wp-content\/uploads\/2021\/12\/image-fb3000-02.jpg\" class=\"wp-block-getwid-images-slider__image wp-image-2120\" srcset=\"https:\/\/www.stretchhood.it\/wp-content\/uploads\/2021\/12\/image-fb3000-02.jpg 1200w, https:\/\/www.stretchhood.it\/wp-content\/uploads\/2021\/12\/image-fb3000-02-980x653.jpg 980w, https:\/\/www.stretchhood.it\/wp-content\/uploads\/2021\/12\/image-fb3000-02-480x320.jpg 480w\" sizes=\"(min-width: 0px) and (max-width: 480px) 480px, (min-width: 481px) and (max-width: 980px) 980px, (min-width: 981px) 1200px, 100vw\" \/><\/figure><\/div><div class=\"wp-block-getwid-images-slider__item\" style=\"height:350px\"><figure><img loading=\"lazy\" decoding=\"async\" width=\"1200\" height=\"800\" src=\"https:\/\/www.stretchhood.it\/wp-content\/uploads\/2021\/12\/image-fb3000-03.jpg\" data-id=\"2121\" data-link=\"https:\/\/www.stretchhood.it\/packaging-systems\/stretch-hood-machines\/fb3000\/attachment\/image-fb3000-03\/\" data-original-link=\"https:\/\/www.stretchhood.it\/wp-content\/uploads\/2021\/12\/image-fb3000-03.jpg\" class=\"wp-block-getwid-images-slider__image wp-image-2121\" srcset=\"https:\/\/www.stretchhood.it\/wp-content\/uploads\/2021\/12\/image-fb3000-03.jpg 1200w, https:\/\/www.stretchhood.it\/wp-content\/uploads\/2021\/12\/image-fb3000-03-980x653.jpg 980w, https:\/\/www.stretchhood.it\/wp-content\/uploads\/2021\/12\/image-fb3000-03-480x320.jpg 480w\" sizes=\"(min-width: 0px) and (max-width: 480px) 480px, (min-width: 481px) and (max-width: 980px) 980px, (min-width: 981px) 1200px, 100vw\" \/><\/figure><\/div><div class=\"wp-block-getwid-images-slider__item\" style=\"height:350px\"><figure><img loading=\"lazy\" decoding=\"async\" width=\"1200\" height=\"800\" src=\"https:\/\/www.stretchhood.it\/wp-content\/uploads\/2021\/12\/image-fb3000-04.jpg\" data-id=\"2122\" data-link=\"https:\/\/www.stretchhood.it\/packaging-systems\/stretch-hood-machines\/fb3000\/attachment\/image-fb3000-04\/\" data-original-link=\"https:\/\/www.stretchhood.it\/wp-content\/uploads\/2021\/12\/image-fb3000-04.jpg\" class=\"wp-block-getwid-images-slider__image wp-image-2122\" srcset=\"https:\/\/www.stretchhood.it\/wp-content\/uploads\/2021\/12\/image-fb3000-04.jpg 1200w, https:\/\/www.stretchhood.it\/wp-content\/uploads\/2021\/12\/image-fb3000-04-980x653.jpg 980w, https:\/\/www.stretchhood.it\/wp-content\/uploads\/2021\/12\/image-fb3000-04-480x320.jpg 480w\" sizes=\"(min-width: 0px) and (max-width: 480px) 480px, (min-width: 481px) and (max-width: 980px) 980px, (min-width: 981px) 1200px, 100vw\" \/><\/figure><\/div><div class=\"wp-block-getwid-images-slider__item\" style=\"height:350px\"><figure><img loading=\"lazy\" decoding=\"async\" width=\"1200\" height=\"800\" src=\"https:\/\/www.stretchhood.it\/wp-content\/uploads\/2021\/12\/image-fb3000-05.jpg\" data-id=\"2123\" data-link=\"https:\/\/www.stretchhood.it\/packaging-systems\/stretch-hood-machines\/fb3000\/attachment\/image-fb3000-05\/\" data-original-link=\"https:\/\/www.stretchhood.it\/wp-content\/uploads\/2021\/12\/image-fb3000-05.jpg\" class=\"wp-block-getwid-images-slider__image wp-image-2123\" srcset=\"https:\/\/www.stretchhood.it\/wp-content\/uploads\/2021\/12\/image-fb3000-05.jpg 1200w, https:\/\/www.stretchhood.it\/wp-content\/uploads\/2021\/12\/image-fb3000-05-980x653.jpg 980w, https:\/\/www.stretchhood.it\/wp-content\/uploads\/2021\/12\/image-fb3000-05-480x320.jpg 480w\" sizes=\"(min-width: 0px) and (max-width: 480px) 480px, (min-width: 481px) and (max-width: 980px) 980px, (min-width: 981px) 1200px, 100vw\" \/><\/figure><\/div><\/div><\/div>\r\n\n\n\n<h3 class=\"wp-block-heading\">Caract\u00e9ristiques technique<\/h3>\n\n\n\n<figure class=\"wp-block-table is-style-stripes\"><table class=\"has-fixed-layout\"><tbody><tr><td>Productivit\u00e9<\/td><td>80 palettes\/h<\/td><\/tr><tr><td>Taille minimale des palettes<\/td><td>600&#215;600\u00a0mm<\/td><\/tr><tr><td>Taille maximale des palettes<\/td><td>2600&#215;1400\u00a0mm<\/td><\/tr><\/tbody><\/table><\/figure>\n\n\n\n<figure class=\"wp-block-table is-style-stripes\"><table class=\"has-fixed-layout\"><tbody><tr><td><strong>Mod\u00e8le<\/strong><\/td><td><strong>Taille maximum des palettes (LxW)<\/strong><\/td><\/tr><tr><td>FB3000 Petite<\/td><td>950&#215;800 mm<\/td><\/tr><tr><td>FB3000 Standard<\/td><td>1350&#215;1150 mm<\/td><\/tr><tr><td>FB3000 XL<\/td><td>1800&#215;1400 mm<\/td><\/tr><tr><td>FB3000 XXL<\/td><td>2600&#215;1400 mm<\/td><\/tr><\/tbody><\/table><\/figure>\n\n\n\n<div class=\"wp-block-buttons is-layout-flex wp-block-buttons-is-layout-flex\">\n<div class=\"wp-block-button button-quotation\"><a class=\"wp-block-button__link\" href=\"\/fr\/contact\/\">Demander un Devis<\/a><\/div>\n\n\n\n<div class=\"wp-block-button button-pdf inactive\"><a class=\"wp-block-button__link\">Download Catalogue<\/a><\/div>\n\n\n\n<div class=\"wp-block-button button-video\"><a class=\"wp-block-button__link\">Voir la Vid\u00e9o<\/a><\/div>\n<\/div>\n\n\n\n<figure class=\"wp-block-video watch-video\"><video controls=\"\" poster=\"https:\/\/www.stretchhood.it\/wp-content\/uploads\/2021\/12\/video-thumb.jpg\" src=\"\/wp-content\/uploads\/video\/video-fb3000.mp4\"><\/video><\/figure>\n<\/div>\n<\/div>\n","protected":false},"excerpt":{"rendered":"<p>FB3000 La housseuse \u00e0 housse \u00e9tirable FB3000 est con\u00e7ue pour offrir solutions d&#8217;emballage flexibles sur mesure. Grace au syst\u00e8me d&rsquo;\u00e9tirement cart\u00e9sien qui permet d&rsquo;adapter l&rsquo;application de la housse \u00e0 chaque cycle, cette machine est capable d&#8217;emballer plusieurs dimensions de palettes et types de charges diversifi\u00e9es. Le nouveau syst\u00e8me\u00a0brevet\u00e9\u00a0de la housseuse FB3000 permet de faire\u00a0toutes les [&hellip;]<\/p>\n","protected":false},"author":1,"featured_media":2881,"parent":4135,"menu_order":0,"comment_status":"closed","ping_status":"closed","template":"","meta":{"_acf_changed":false,"_et_pb_use_builder":"off","_et_pb_old_content":"","_et_gb_content_width":"","footnotes":""},"acf":[],"yoast_head":"<!-- This site is optimized with the Yoast SEO plugin v22.7 - https:\/\/yoast.com\/wordpress\/plugins\/seo\/ -->\n<title>FB3000 - Bocedi srl<\/title>\n<meta name=\"description\" content=\"La housseuse \u00e0 housse \u00e9tirable FB3000 est con\u00e7ue pour offrir solutions d&#039;emballage flexibles et permet d&#039;adapter l&#039;application \u00e0 plusieurs dimensions de palettes et types de charges diversifi\u00e9es.\" \/>\n<meta name=\"robots\" content=\"index, follow, max-snippet:-1, max-image-preview:large, max-video-preview:-1\" \/>\n<link rel=\"canonical\" href=\"https:\/\/stretchhood.it\/fr\/systemes-d-emballage\/housseuse-a-housse-etirable\/fb3000\/\" \/>\n<meta property=\"og:locale\" content=\"fr_FR\" \/>\n<meta property=\"og:type\" content=\"article\" \/>\n<meta property=\"og:title\" content=\"FB3000 - Bocedi srl\" \/>\n<meta property=\"og:description\" content=\"La housseuse \u00e0 housse \u00e9tirable FB3000 est con\u00e7ue pour offrir solutions d&#039;emballage flexibles et permet d&#039;adapter l&#039;application \u00e0 plusieurs dimensions de palettes et types de charges diversifi\u00e9es.\" \/>\n<meta property=\"og:url\" content=\"https:\/\/stretchhood.it\/fr\/systemes-d-emballage\/housseuse-a-housse-etirable\/fb3000\/\" \/>\n<meta property=\"og:site_name\" content=\"Bocedi srl\" \/>\n<meta property=\"article:modified_time\" content=\"2021-12-30T11:43:27+00:00\" \/>\n<meta property=\"og:image\" content=\"https:\/\/www.bocedisrl.com\/wp-content\/uploads\/2021\/12\/3d-fb3000.jpg\" \/>\n\t<meta property=\"og:image:width\" content=\"1200\" \/>\n\t<meta property=\"og:image:height\" content=\"800\" \/>\n\t<meta property=\"og:image:type\" content=\"image\/jpeg\" \/>\n<meta name=\"twitter:card\" content=\"summary_large_image\" \/>\n<meta name=\"twitter:label1\" content=\"Dur\u00e9e de lecture estim\u00e9e\" \/>\n\t<meta name=\"twitter:data1\" content=\"1 minute\" \/>\n<script type=\"application\/ld+json\" class=\"yoast-schema-graph\">{\"@context\":\"https:\/\/schema.org\",\"@graph\":[{\"@type\":\"WebPage\",\"@id\":\"https:\/\/stretchhood.it\/fr\/systemes-d-emballage\/housseuse-a-housse-etirable\/fb3000\/\",\"url\":\"https:\/\/stretchhood.it\/fr\/systemes-d-emballage\/housseuse-a-housse-etirable\/fb3000\/\",\"name\":\"FB3000 - Bocedi srl\",\"isPartOf\":{\"@id\":\"https:\/\/bocedisrl.com\/fr\/#website\"},\"primaryImageOfPage\":{\"@id\":\"https:\/\/stretchhood.it\/fr\/systemes-d-emballage\/housseuse-a-housse-etirable\/fb3000\/#primaryimage\"},\"image\":{\"@id\":\"https:\/\/stretchhood.it\/fr\/systemes-d-emballage\/housseuse-a-housse-etirable\/fb3000\/#primaryimage\"},\"thumbnailUrl\":\"https:\/\/stretchhood.it\/wp-content\/uploads\/2021\/12\/3d-fb3000.jpg\",\"datePublished\":\"2021-12-09T10:04:00+00:00\",\"dateModified\":\"2021-12-30T11:43:27+00:00\",\"description\":\"La housseuse \u00e0 housse \u00e9tirable FB3000 est con\u00e7ue pour offrir solutions d'emballage flexibles et permet d'adapter l'application \u00e0 plusieurs dimensions de palettes et types de charges diversifi\u00e9es.\",\"breadcrumb\":{\"@id\":\"https:\/\/stretchhood.it\/fr\/systemes-d-emballage\/housseuse-a-housse-etirable\/fb3000\/#breadcrumb\"},\"inLanguage\":\"fr-FR\",\"potentialAction\":[{\"@type\":\"ReadAction\",\"target\":[\"https:\/\/stretchhood.it\/fr\/systemes-d-emballage\/housseuse-a-housse-etirable\/fb3000\/\"]}]},{\"@type\":\"ImageObject\",\"inLanguage\":\"fr-FR\",\"@id\":\"https:\/\/stretchhood.it\/fr\/systemes-d-emballage\/housseuse-a-housse-etirable\/fb3000\/#primaryimage\",\"url\":\"https:\/\/stretchhood.it\/wp-content\/uploads\/2021\/12\/3d-fb3000.jpg\",\"contentUrl\":\"https:\/\/stretchhood.it\/wp-content\/uploads\/2021\/12\/3d-fb3000.jpg\",\"width\":1200,\"height\":800},{\"@type\":\"BreadcrumbList\",\"@id\":\"https:\/\/stretchhood.it\/fr\/systemes-d-emballage\/housseuse-a-housse-etirable\/fb3000\/#breadcrumb\",\"itemListElement\":[{\"@type\":\"ListItem\",\"position\":1,\"name\":\"Home\",\"item\":\"https:\/\/bocedisrl.com\/fr\/\"},{\"@type\":\"ListItem\",\"position\":2,\"name\":\"Syst\u00e9mes d&rsquo;Emballage\",\"item\":\"https:\/\/www.bocedisrl.com\/fr\/systemes-d-emballage\/\"},{\"@type\":\"ListItem\",\"position\":3,\"name\":\"Housseuse \u00e0 Housse \u00c9tirable\",\"item\":\"https:\/\/stretchhood.it\/fr\/systemes-d-emballage\/housseuse-a-housse-etirable\/\"},{\"@type\":\"ListItem\",\"position\":4,\"name\":\"FB3000\"}]},{\"@type\":\"WebSite\",\"@id\":\"https:\/\/bocedisrl.com\/fr\/#website\",\"url\":\"https:\/\/bocedisrl.com\/fr\/\",\"name\":\"Bocedi srl\",\"description\":\"Pallet Packaging Systems\",\"publisher\":{\"@id\":\"https:\/\/bocedisrl.com\/fr\/#organization\"},\"potentialAction\":[{\"@type\":\"SearchAction\",\"target\":{\"@type\":\"EntryPoint\",\"urlTemplate\":\"https:\/\/bocedisrl.com\/fr\/?s={search_term_string}\"},\"query-input\":\"required name=search_term_string\"}],\"inLanguage\":\"fr-FR\"},{\"@type\":\"Organization\",\"@id\":\"https:\/\/bocedisrl.com\/fr\/#organization\",\"name\":\"Bocedi srl\",\"url\":\"https:\/\/bocedisrl.com\/fr\/\",\"logo\":{\"@type\":\"ImageObject\",\"inLanguage\":\"fr-FR\",\"@id\":\"https:\/\/bocedisrl.com\/fr\/#\/schema\/logo\/image\/\",\"url\":\"https:\/\/www.bocedisrl.com\/wp-content\/uploads\/2021\/11\/logo-bocedi.png\",\"contentUrl\":\"https:\/\/www.bocedisrl.com\/wp-content\/uploads\/2021\/11\/logo-bocedi.png\",\"width\":800,\"height\":480,\"caption\":\"Bocedi srl\"},\"image\":{\"@id\":\"https:\/\/bocedisrl.com\/fr\/#\/schema\/logo\/image\/\"}}]}<\/script>\n<!-- \/ Yoast SEO plugin. -->","yoast_head_json":{"title":"FB3000 - Bocedi srl","description":"La housseuse \u00e0 housse \u00e9tirable FB3000 est con\u00e7ue pour offrir solutions d'emballage flexibles et permet d'adapter l'application \u00e0 plusieurs dimensions de palettes et types de charges diversifi\u00e9es.","robots":{"index":"index","follow":"follow","max-snippet":"max-snippet:-1","max-image-preview":"max-image-preview:large","max-video-preview":"max-video-preview:-1"},"canonical":"https:\/\/stretchhood.it\/fr\/systemes-d-emballage\/housseuse-a-housse-etirable\/fb3000\/","og_locale":"fr_FR","og_type":"article","og_title":"FB3000 - Bocedi srl","og_description":"La housseuse \u00e0 housse \u00e9tirable FB3000 est con\u00e7ue pour offrir solutions d'emballage flexibles et permet d'adapter l'application \u00e0 plusieurs dimensions de palettes et types de charges diversifi\u00e9es.","og_url":"https:\/\/stretchhood.it\/fr\/systemes-d-emballage\/housseuse-a-housse-etirable\/fb3000\/","og_site_name":"Bocedi srl","article_modified_time":"2021-12-30T11:43:27+00:00","og_image":[{"width":1200,"height":800,"url":"https:\/\/www.bocedisrl.com\/wp-content\/uploads\/2021\/12\/3d-fb3000.jpg","type":"image\/jpeg"}],"twitter_card":"summary_large_image","twitter_misc":{"Dur\u00e9e de lecture estim\u00e9e":"1 minute"},"schema":{"@context":"https:\/\/schema.org","@graph":[{"@type":"WebPage","@id":"https:\/\/stretchhood.it\/fr\/systemes-d-emballage\/housseuse-a-housse-etirable\/fb3000\/","url":"https:\/\/stretchhood.it\/fr\/systemes-d-emballage\/housseuse-a-housse-etirable\/fb3000\/","name":"FB3000 - Bocedi srl","isPartOf":{"@id":"https:\/\/bocedisrl.com\/fr\/#website"},"primaryImageOfPage":{"@id":"https:\/\/stretchhood.it\/fr\/systemes-d-emballage\/housseuse-a-housse-etirable\/fb3000\/#primaryimage"},"image":{"@id":"https:\/\/stretchhood.it\/fr\/systemes-d-emballage\/housseuse-a-housse-etirable\/fb3000\/#primaryimage"},"thumbnailUrl":"https:\/\/stretchhood.it\/wp-content\/uploads\/2021\/12\/3d-fb3000.jpg","datePublished":"2021-12-09T10:04:00+00:00","dateModified":"2021-12-30T11:43:27+00:00","description":"La housseuse \u00e0 housse \u00e9tirable FB3000 est con\u00e7ue pour offrir solutions d'emballage flexibles et permet d'adapter l'application \u00e0 plusieurs dimensions de palettes et types de charges diversifi\u00e9es.","breadcrumb":{"@id":"https:\/\/stretchhood.it\/fr\/systemes-d-emballage\/housseuse-a-housse-etirable\/fb3000\/#breadcrumb"},"inLanguage":"fr-FR","potentialAction":[{"@type":"ReadAction","target":["https:\/\/stretchhood.it\/fr\/systemes-d-emballage\/housseuse-a-housse-etirable\/fb3000\/"]}]},{"@type":"ImageObject","inLanguage":"fr-FR","@id":"https:\/\/stretchhood.it\/fr\/systemes-d-emballage\/housseuse-a-housse-etirable\/fb3000\/#primaryimage","url":"https:\/\/stretchhood.it\/wp-content\/uploads\/2021\/12\/3d-fb3000.jpg","contentUrl":"https:\/\/stretchhood.it\/wp-content\/uploads\/2021\/12\/3d-fb3000.jpg","width":1200,"height":800},{"@type":"BreadcrumbList","@id":"https:\/\/stretchhood.it\/fr\/systemes-d-emballage\/housseuse-a-housse-etirable\/fb3000\/#breadcrumb","itemListElement":[{"@type":"ListItem","position":1,"name":"Home","item":"https:\/\/bocedisrl.com\/fr\/"},{"@type":"ListItem","position":2,"name":"Syst\u00e9mes d&rsquo;Emballage","item":"https:\/\/www.bocedisrl.com\/fr\/systemes-d-emballage\/"},{"@type":"ListItem","position":3,"name":"Housseuse \u00e0 Housse \u00c9tirable","item":"https:\/\/stretchhood.it\/fr\/systemes-d-emballage\/housseuse-a-housse-etirable\/"},{"@type":"ListItem","position":4,"name":"FB3000"}]},{"@type":"WebSite","@id":"https:\/\/bocedisrl.com\/fr\/#website","url":"https:\/\/bocedisrl.com\/fr\/","name":"Bocedi srl","description":"Pallet Packaging Systems","publisher":{"@id":"https:\/\/bocedisrl.com\/fr\/#organization"},"potentialAction":[{"@type":"SearchAction","target":{"@type":"EntryPoint","urlTemplate":"https:\/\/bocedisrl.com\/fr\/?s={search_term_string}"},"query-input":"required name=search_term_string"}],"inLanguage":"fr-FR"},{"@type":"Organization","@id":"https:\/\/bocedisrl.com\/fr\/#organization","name":"Bocedi srl","url":"https:\/\/bocedisrl.com\/fr\/","logo":{"@type":"ImageObject","inLanguage":"fr-FR","@id":"https:\/\/bocedisrl.com\/fr\/#\/schema\/logo\/image\/","url":"https:\/\/www.bocedisrl.com\/wp-content\/uploads\/2021\/11\/logo-bocedi.png","contentUrl":"https:\/\/www.bocedisrl.com\/wp-content\/uploads\/2021\/11\/logo-bocedi.png","width":800,"height":480,"caption":"Bocedi srl"},"image":{"@id":"https:\/\/bocedisrl.com\/fr\/#\/schema\/logo\/image\/"}}]}},"_links":{"self":[{"href":"https:\/\/stretchhood.it\/fr\/wp-json\/wp\/v2\/pages\/4364"}],"collection":[{"href":"https:\/\/stretchhood.it\/fr\/wp-json\/wp\/v2\/pages"}],"about":[{"href":"https:\/\/stretchhood.it\/fr\/wp-json\/wp\/v2\/types\/page"}],"author":[{"embeddable":true,"href":"https:\/\/stretchhood.it\/fr\/wp-json\/wp\/v2\/users\/1"}],"replies":[{"embeddable":true,"href":"https:\/\/stretchhood.it\/fr\/wp-json\/wp\/v2\/comments?post=4364"}],"version-history":[{"count":3,"href":"https:\/\/stretchhood.it\/fr\/wp-json\/wp\/v2\/pages\/4364\/revisions"}],"predecessor-version":[{"id":4374,"href":"https:\/\/stretchhood.it\/fr\/wp-json\/wp\/v2\/pages\/4364\/revisions\/4374"}],"up":[{"embeddable":true,"href":"https:\/\/stretchhood.it\/fr\/wp-json\/wp\/v2\/pages\/4135"}],"wp:featuredmedia":[{"embeddable":true,"href":"https:\/\/stretchhood.it\/fr\/wp-json\/wp\/v2\/media\/2881"}],"wp:attachment":[{"href":"https:\/\/stretchhood.it\/fr\/wp-json\/wp\/v2\/media?parent=4364"}],"curies":[{"name":"wp","href":"https:\/\/api.w.org\/{rel}","templated":true}]}}