{"id":4171,"date":"2021-11-29T14:16:57","date_gmt":"2021-11-29T13:16:57","guid":{"rendered":"https:\/\/www.stretchhood.it\/systemes-demballage\/housseuse-a-housse-retractable\/"},"modified":"2021-12-30T12:35:41","modified_gmt":"2021-12-30T11:35:41","slug":"housseuse-a-housse-retractable","status":"publish","type":"page","link":"https:\/\/stretchhood.it\/fr\/systemes-d-emballage\/housseuse-a-housse-retractable\/","title":{"rendered":"Housseuse \u00e0 Housse R\u00e8tractable"},"content":{"rendered":"\n<div class=\"wp-block-columns is-layout-flex wp-container-core-columns-is-layout-1 wp-block-columns-is-layout-flex\">\n<div class=\"wp-block-column is-layout-flow wp-block-column-is-layout-flow\">\n<h3 class=\"wp-block-heading\">Technologie de conditionnement sous Housse R\u00e9tractable<\/h3>\n\n\n\n<p>Le houssage sous housse r\u00e9tractable est une technologie de conditionnement qui a fait ses preuves. Chez Bocedi, nous avons plus de <a href=\"\/fr\/la-societe\/histoire\/\">50 ans d&rsquo;exp\u00e9rience<\/a> dans son utilisation.<\/p>\n\n\n\n<p>Elle constitue un moyen de protection robuste qui fixe la charge \u00e0 la palette pour garantir sa stabilit\u00e9 pendant le transport et le stockage et pour prot\u00e9ger la marchandise contre la poussi\u00e8re et l&rsquo;humidit\u00e9.<\/p>\n\n\n\n<h3 class=\"wp-block-heading\">Adaptable pour chaque dimension de charges<\/h3>\n\n\n\n<p>La technologie de conditionnement sous housse r\u00e9tractable est adapt\u00e9e \u00e0 toutes les formes de chargement et \u00e0 toutes les tailles de palette, et elle est sp\u00e9cifiquement recommand\u00e9e pour les <a href=\"\/fr\/industries\/isolation\/\">produits d&rsquo;isolation<\/a> tels que les membranes bitumineuses et les produits en verre. En effet, le syst\u00e8me de houssage sous housse r\u00e9tractable applique la housse en plastique r\u00e9tractable sans entrer en contact avec le produit, et sans exercer de pression sur la charge ni alt\u00e9rer sa forme.<\/p>\n\n\n\n<p>La housse r\u00e9tractable est d\u00e9roul\u00e9e \u00e0 partir d&rsquo;un film tubulaire thermor\u00e9tractable, automatiquement coup\u00e9 sur mesure par une barre de soudage, puis gonfl\u00e9 comme un ballon afin d&rsquo;\u00e9viter tout contact avec la charge lors de son application autour de la charge.<\/p>\n\n\n\n<h3 class=\"wp-block-heading\">Excellente stabilit\u00e9 de la charge<\/h3>\n\n\n\n<p>Le processus de thermor\u00e9traction de Bocedi commence par le bas de la palette pour finir au sommet de la charge, tandis que l&rsquo;air contenu \u00e0 l&rsquo;int\u00e9rieur de la housse est aspir\u00e9 par un dispositif d&rsquo;aspiration sp\u00e9cifique. Cette m\u00e9thode garantit la fixation s\u00fbre du film sous la palette, et donc une excellente stabilit\u00e9 de la charge.<\/p>\n\n\n\n<p>Les anneaux de thermor\u00e9traction utilisent de l&rsquo;air chaud contr\u00f4l\u00e9 pour chauffer d\u00e9licatement le plastique autour de la charge; en effet, l&rsquo;absence de contact direct avec des flammes pr\u00e9serve l&rsquo;\u00e9lasticit\u00e9 et la r\u00e9sistance du film.<\/p>\n\n\n\n<h3 class=\"wp-block-heading\">Respect de l&rsquo;environnement<\/h3>\n\n\n\n<p>L&rsquo;environnement est toujours fondamental; c&rsquo;est la raison pour laquelle les machines Bocedi sont con\u00e7ues pour utiliser aussi peu de film que possible et pour consommer la plus petite quantit\u00e9 possible d&rsquo;\u00e9nergie et de gaz avec les anneaux de thermor\u00e9traction \u00e0 air chaud recycl\u00e9 contr\u00f4l\u00e9.<\/p>\n<\/div>\n\n\n\n<div class=\"wp-block-column is-layout-flow wp-block-column-is-layout-flow\"><div class=\"wp-block-getwid-images-slider has-arrows-inside has-dots-inside has-images-center has-cropped-images has-fixed-height\"><div class=\"wp-block-getwid-images-slider__wrapper\" data-effect=\"fade\" data-slides-show=\"1\" data-slides-show-laptop=\"1\" data-slides-show-tablet=\"1\" data-slides-show-mobile=\"1\" data-slides-scroll=\"1\" data-autoplay=\"true\" data-autoplay-speed=\"5000\" data-infinite=\"true\" data-animation-speed=\"800\" data-center-mode=\"false\" data-variable-width=\"false\" data-arrows=\"inside\" data-dots=\"inside\" data-spacing=\"none\"><div class=\"wp-block-getwid-images-slider__item\" style=\"height:350px\"><figure><img loading=\"lazy\" decoding=\"async\" width=\"1200\" height=\"800\" src=\"https:\/\/www.stretchhood.it\/wp-content\/uploads\/2021\/12\/image-shrink-hood-machines-01.jpg\" data-id=\"2060\" data-link=\"https:\/\/www.stretchhood.it\/packaging-systems\/shrink-hood-machines\/attachment\/image-shrink-hood-machines-01\/\" data-original-link=\"https:\/\/www.stretchhood.it\/wp-content\/uploads\/2021\/12\/image-shrink-hood-machines-01.jpg\" class=\"wp-block-getwid-images-slider__image wp-image-2060\" srcset=\"https:\/\/www.stretchhood.it\/wp-content\/uploads\/2021\/12\/image-shrink-hood-machines-01.jpg 1200w, https:\/\/www.stretchhood.it\/wp-content\/uploads\/2021\/12\/image-shrink-hood-machines-01-980x653.jpg 980w, https:\/\/www.stretchhood.it\/wp-content\/uploads\/2021\/12\/image-shrink-hood-machines-01-480x320.jpg 480w\" sizes=\"(min-width: 0px) and (max-width: 480px) 480px, (min-width: 481px) and (max-width: 980px) 980px, (min-width: 981px) 1200px, 100vw\" \/><\/figure><\/div><div class=\"wp-block-getwid-images-slider__item\" style=\"height:350px\"><figure><img loading=\"lazy\" decoding=\"async\" width=\"1200\" height=\"800\" src=\"https:\/\/www.stretchhood.it\/wp-content\/uploads\/2021\/12\/image-shrink-hood-machines-02.jpg\" data-id=\"2061\" data-link=\"https:\/\/www.stretchhood.it\/packaging-systems\/shrink-hood-machines\/attachment\/image-shrink-hood-machines-02\/\" data-original-link=\"https:\/\/www.stretchhood.it\/wp-content\/uploads\/2021\/12\/image-shrink-hood-machines-02.jpg\" class=\"wp-block-getwid-images-slider__image wp-image-2061\" srcset=\"https:\/\/www.stretchhood.it\/wp-content\/uploads\/2021\/12\/image-shrink-hood-machines-02.jpg 1200w, https:\/\/www.stretchhood.it\/wp-content\/uploads\/2021\/12\/image-shrink-hood-machines-02-980x653.jpg 980w, https:\/\/www.stretchhood.it\/wp-content\/uploads\/2021\/12\/image-shrink-hood-machines-02-480x320.jpg 480w\" sizes=\"(min-width: 0px) and (max-width: 480px) 480px, (min-width: 481px) and (max-width: 980px) 980px, (min-width: 981px) 1200px, 100vw\" \/><\/figure><\/div><div class=\"wp-block-getwid-images-slider__item\" style=\"height:350px\"><figure><img loading=\"lazy\" decoding=\"async\" width=\"1200\" height=\"800\" src=\"https:\/\/www.stretchhood.it\/wp-content\/uploads\/2021\/12\/image-shrink-hood-machines-03.jpg\" data-id=\"2062\" data-link=\"https:\/\/www.stretchhood.it\/packaging-systems\/shrink-hood-machines\/attachment\/image-shrink-hood-machines-03\/\" data-original-link=\"https:\/\/www.stretchhood.it\/wp-content\/uploads\/2021\/12\/image-shrink-hood-machines-03.jpg\" class=\"wp-block-getwid-images-slider__image wp-image-2062\" srcset=\"https:\/\/www.stretchhood.it\/wp-content\/uploads\/2021\/12\/image-shrink-hood-machines-03.jpg 1200w, https:\/\/www.stretchhood.it\/wp-content\/uploads\/2021\/12\/image-shrink-hood-machines-03-980x653.jpg 980w, https:\/\/www.stretchhood.it\/wp-content\/uploads\/2021\/12\/image-shrink-hood-machines-03-480x320.jpg 480w\" sizes=\"(min-width: 0px) and (max-width: 480px) 480px, (min-width: 481px) and (max-width: 980px) 980px, (min-width: 981px) 1200px, 100vw\" \/><\/figure><\/div><div class=\"wp-block-getwid-images-slider__item\" style=\"height:350px\"><figure><img loading=\"lazy\" decoding=\"async\" width=\"1200\" height=\"800\" src=\"https:\/\/www.stretchhood.it\/wp-content\/uploads\/2021\/12\/image-shrink-hood-machines-04.jpg\" data-id=\"2063\" data-link=\"https:\/\/www.stretchhood.it\/packaging-systems\/shrink-hood-machines\/attachment\/image-shrink-hood-machines-04\/\" data-original-link=\"https:\/\/www.stretchhood.it\/wp-content\/uploads\/2021\/12\/image-shrink-hood-machines-04.jpg\" class=\"wp-block-getwid-images-slider__image wp-image-2063\" srcset=\"https:\/\/www.stretchhood.it\/wp-content\/uploads\/2021\/12\/image-shrink-hood-machines-04.jpg 1200w, https:\/\/www.stretchhood.it\/wp-content\/uploads\/2021\/12\/image-shrink-hood-machines-04-980x653.jpg 980w, https:\/\/www.stretchhood.it\/wp-content\/uploads\/2021\/12\/image-shrink-hood-machines-04-480x320.jpg 480w\" sizes=\"(min-width: 0px) and (max-width: 480px) 480px, (min-width: 481px) and (max-width: 980px) 980px, (min-width: 981px) 1200px, 100vw\" \/><\/figure><\/div><\/div><\/div>\r\n\n\n\n<h3 class=\"wp-block-heading\">R\u00e9sum\u00e9<\/h3>\n\n\n\n<p class=\"has-white-color has-text-color has-background\" style=\"background-color:#e41b13\">&#8211; Stabilit\u00e9 de la charge<br\/>&#8211; Protection contre la salet\u00e9, les chocs et le soleil avec stabilisation UV<br\/>&#8211;\u00a0Films personnalisables pour une excellente valorisation de la marque<br\/>&#8211;\u00a0Grande r\u00e9sistance aux hautes temp\u00e9ratures et \u00e0 la perforation<br\/>&#8211;\u00a0\u00c9conomie gr\u00e2ce \u00e0 la consommation de plastique r\u00e9duite permise par l&rsquo;adaptation de la housse aux dimensions de chaque charge<br\/>&#8211;\u00a0Manipulation facile du film<br\/>&#8211;\u00a0Hautes performances de conditionnement<\/p>\n\n\n\n<div class=\"wp-block-buttons is-layout-flex wp-block-buttons-is-layout-flex\">\n<div class=\"wp-block-button button-quotation\"><a class=\"wp-block-button__link\" href=\"\/fr\/contact\/\">Ask for a Quotation<\/a><\/div>\n\n\n\n<div class=\"wp-block-button button-pdf inactive\"><a class=\"wp-block-button__link\">Download Catalogue<\/a><\/div>\n\n\n\n<div class=\"wp-block-button button-video inactive\"><a class=\"wp-block-button__link\">Watch the Video<\/a><\/div>\n<\/div>\n<\/div>\n<\/div>\n","protected":false},"excerpt":{"rendered":"<p>Technologie de conditionnement sous Housse R\u00e9tractable Le houssage sous housse r\u00e9tractable est une technologie de conditionnement qui a fait ses preuves. Chez Bocedi, nous avons plus de 50 ans d&rsquo;exp\u00e9rience dans son utilisation. Elle constitue un moyen de protection robuste qui fixe la charge \u00e0 la palette pour garantir sa stabilit\u00e9 pendant le transport et [&hellip;]<\/p>\n","protected":false},"author":1,"featured_media":2956,"parent":4007,"menu_order":0,"comment_status":"closed","ping_status":"closed","template":"","meta":{"_acf_changed":false,"_et_pb_use_builder":"off","_et_pb_old_content":"","_et_gb_content_width":"","footnotes":""},"acf":[],"yoast_head":"<!-- This site is optimized with the Yoast SEO plugin v22.7 - https:\/\/yoast.com\/wordpress\/plugins\/seo\/ -->\n<title>Housseuse \u00e0 Housse R\u00e8tractable - Bocedi srl<\/title>\n<meta name=\"description\" content=\"Les machines d&#039;emballage sous film r\u00e9tractable Bocedi conviennent \u00e0 toutes les formes de charge et \u00e0 toutes les tailles de palette.\" \/>\n<meta name=\"robots\" content=\"index, follow, max-snippet:-1, max-image-preview:large, max-video-preview:-1\" \/>\n<link rel=\"canonical\" href=\"https:\/\/stretchhood.it\/fr\/systemes-d-emballage\/housseuse-a-housse-retractable\/\" \/>\n<meta property=\"og:locale\" content=\"fr_FR\" \/>\n<meta property=\"og:type\" content=\"article\" \/>\n<meta property=\"og:title\" content=\"Housseuse \u00e0 Housse R\u00e8tractable - Bocedi srl\" \/>\n<meta property=\"og:description\" content=\"Les machines d&#039;emballage sous film r\u00e9tractable Bocedi conviennent \u00e0 toutes les formes de charge et \u00e0 toutes les tailles de palette.\" \/>\n<meta property=\"og:url\" content=\"https:\/\/stretchhood.it\/fr\/systemes-d-emballage\/housseuse-a-housse-retractable\/\" \/>\n<meta property=\"og:site_name\" content=\"Bocedi srl\" \/>\n<meta property=\"article:modified_time\" content=\"2021-12-30T11:35:41+00:00\" \/>\n<meta property=\"og:image\" content=\"https:\/\/www.bocedisrl.com\/wp-content\/uploads\/2021\/12\/banner-shrink-hood-machines.jpg\" \/>\n\t<meta property=\"og:image:width\" content=\"1200\" \/>\n\t<meta property=\"og:image:height\" content=\"800\" \/>\n\t<meta property=\"og:image:type\" content=\"image\/jpeg\" \/>\n<meta name=\"twitter:card\" content=\"summary_large_image\" \/>\n<meta name=\"twitter:label1\" content=\"Dur\u00e9e de lecture estim\u00e9e\" \/>\n\t<meta name=\"twitter:data1\" content=\"2 minutes\" \/>\n<script type=\"application\/ld+json\" class=\"yoast-schema-graph\">{\"@context\":\"https:\/\/schema.org\",\"@graph\":[{\"@type\":\"WebPage\",\"@id\":\"https:\/\/stretchhood.it\/fr\/systemes-d-emballage\/housseuse-a-housse-retractable\/\",\"url\":\"https:\/\/stretchhood.it\/fr\/systemes-d-emballage\/housseuse-a-housse-retractable\/\",\"name\":\"Housseuse \u00e0 Housse R\u00e8tractable - Bocedi srl\",\"isPartOf\":{\"@id\":\"https:\/\/www.bocedisrl.com\/#website\"},\"primaryImageOfPage\":{\"@id\":\"https:\/\/stretchhood.it\/fr\/systemes-d-emballage\/housseuse-a-housse-retractable\/#primaryimage\"},\"image\":{\"@id\":\"https:\/\/stretchhood.it\/fr\/systemes-d-emballage\/housseuse-a-housse-retractable\/#primaryimage\"},\"thumbnailUrl\":\"https:\/\/stretchhood.it\/wp-content\/uploads\/2021\/12\/banner-shrink-hood-machines.jpg\",\"datePublished\":\"2021-11-29T13:16:57+00:00\",\"dateModified\":\"2021-12-30T11:35:41+00:00\",\"description\":\"Les machines d'emballage sous film r\u00e9tractable Bocedi conviennent \u00e0 toutes les formes de charge et \u00e0 toutes les tailles de palette.\",\"breadcrumb\":{\"@id\":\"https:\/\/stretchhood.it\/fr\/systemes-d-emballage\/housseuse-a-housse-retractable\/#breadcrumb\"},\"inLanguage\":\"fr-FR\",\"potentialAction\":[{\"@type\":\"ReadAction\",\"target\":[\"https:\/\/stretchhood.it\/fr\/systemes-d-emballage\/housseuse-a-housse-retractable\/\"]}]},{\"@type\":\"ImageObject\",\"inLanguage\":\"fr-FR\",\"@id\":\"https:\/\/stretchhood.it\/fr\/systemes-d-emballage\/housseuse-a-housse-retractable\/#primaryimage\",\"url\":\"https:\/\/stretchhood.it\/wp-content\/uploads\/2021\/12\/banner-shrink-hood-machines.jpg\",\"contentUrl\":\"https:\/\/stretchhood.it\/wp-content\/uploads\/2021\/12\/banner-shrink-hood-machines.jpg\",\"width\":1200,\"height\":800},{\"@type\":\"BreadcrumbList\",\"@id\":\"https:\/\/stretchhood.it\/fr\/systemes-d-emballage\/housseuse-a-housse-retractable\/#breadcrumb\",\"itemListElement\":[{\"@type\":\"ListItem\",\"position\":1,\"name\":\"Home\",\"item\":\"https:\/\/stretchhood.it\/fr\/\"},{\"@type\":\"ListItem\",\"position\":2,\"name\":\"Syst\u00e9mes d&rsquo;Emballage\",\"item\":\"https:\/\/www.bocedisrl.com\/fr\/systemes-d-emballage\/\"},{\"@type\":\"ListItem\",\"position\":3,\"name\":\"Housseuse \u00e0 Housse R\u00e8tractable\"}]},{\"@type\":\"WebSite\",\"@id\":\"https:\/\/www.bocedisrl.com\/#website\",\"url\":\"https:\/\/www.bocedisrl.com\/\",\"name\":\"Bocedi srl\",\"description\":\"Pallet Packaging Systems\",\"publisher\":{\"@id\":\"https:\/\/www.bocedisrl.com\/#organization\"},\"potentialAction\":[{\"@type\":\"SearchAction\",\"target\":{\"@type\":\"EntryPoint\",\"urlTemplate\":\"https:\/\/www.bocedisrl.com\/?s={search_term_string}\"},\"query-input\":\"required name=search_term_string\"}],\"inLanguage\":\"fr-FR\"},{\"@type\":\"Organization\",\"@id\":\"https:\/\/www.bocedisrl.com\/#organization\",\"name\":\"Bocedi srl\",\"url\":\"https:\/\/www.bocedisrl.com\/\",\"logo\":{\"@type\":\"ImageObject\",\"inLanguage\":\"fr-FR\",\"@id\":\"https:\/\/www.bocedisrl.com\/#\/schema\/logo\/image\/\",\"url\":\"https:\/\/www.bocedisrl.com\/wp-content\/uploads\/2021\/11\/logo-bocedi.png\",\"contentUrl\":\"https:\/\/www.bocedisrl.com\/wp-content\/uploads\/2021\/11\/logo-bocedi.png\",\"width\":800,\"height\":480,\"caption\":\"Bocedi srl\"},\"image\":{\"@id\":\"https:\/\/www.bocedisrl.com\/#\/schema\/logo\/image\/\"}}]}<\/script>\n<!-- \/ Yoast SEO plugin. -->","yoast_head_json":{"title":"Housseuse \u00e0 Housse R\u00e8tractable - Bocedi srl","description":"Les machines d'emballage sous film r\u00e9tractable Bocedi conviennent \u00e0 toutes les formes de charge et \u00e0 toutes les tailles de palette.","robots":{"index":"index","follow":"follow","max-snippet":"max-snippet:-1","max-image-preview":"max-image-preview:large","max-video-preview":"max-video-preview:-1"},"canonical":"https:\/\/stretchhood.it\/fr\/systemes-d-emballage\/housseuse-a-housse-retractable\/","og_locale":"fr_FR","og_type":"article","og_title":"Housseuse \u00e0 Housse R\u00e8tractable - Bocedi srl","og_description":"Les machines d'emballage sous film r\u00e9tractable Bocedi conviennent \u00e0 toutes les formes de charge et \u00e0 toutes les tailles de palette.","og_url":"https:\/\/stretchhood.it\/fr\/systemes-d-emballage\/housseuse-a-housse-retractable\/","og_site_name":"Bocedi srl","article_modified_time":"2021-12-30T11:35:41+00:00","og_image":[{"width":1200,"height":800,"url":"https:\/\/www.bocedisrl.com\/wp-content\/uploads\/2021\/12\/banner-shrink-hood-machines.jpg","type":"image\/jpeg"}],"twitter_card":"summary_large_image","twitter_misc":{"Dur\u00e9e de lecture estim\u00e9e":"2 minutes"},"schema":{"@context":"https:\/\/schema.org","@graph":[{"@type":"WebPage","@id":"https:\/\/stretchhood.it\/fr\/systemes-d-emballage\/housseuse-a-housse-retractable\/","url":"https:\/\/stretchhood.it\/fr\/systemes-d-emballage\/housseuse-a-housse-retractable\/","name":"Housseuse \u00e0 Housse R\u00e8tractable - Bocedi srl","isPartOf":{"@id":"https:\/\/www.bocedisrl.com\/#website"},"primaryImageOfPage":{"@id":"https:\/\/stretchhood.it\/fr\/systemes-d-emballage\/housseuse-a-housse-retractable\/#primaryimage"},"image":{"@id":"https:\/\/stretchhood.it\/fr\/systemes-d-emballage\/housseuse-a-housse-retractable\/#primaryimage"},"thumbnailUrl":"https:\/\/stretchhood.it\/wp-content\/uploads\/2021\/12\/banner-shrink-hood-machines.jpg","datePublished":"2021-11-29T13:16:57+00:00","dateModified":"2021-12-30T11:35:41+00:00","description":"Les machines d'emballage sous film r\u00e9tractable Bocedi conviennent \u00e0 toutes les formes de charge et \u00e0 toutes les tailles de palette.","breadcrumb":{"@id":"https:\/\/stretchhood.it\/fr\/systemes-d-emballage\/housseuse-a-housse-retractable\/#breadcrumb"},"inLanguage":"fr-FR","potentialAction":[{"@type":"ReadAction","target":["https:\/\/stretchhood.it\/fr\/systemes-d-emballage\/housseuse-a-housse-retractable\/"]}]},{"@type":"ImageObject","inLanguage":"fr-FR","@id":"https:\/\/stretchhood.it\/fr\/systemes-d-emballage\/housseuse-a-housse-retractable\/#primaryimage","url":"https:\/\/stretchhood.it\/wp-content\/uploads\/2021\/12\/banner-shrink-hood-machines.jpg","contentUrl":"https:\/\/stretchhood.it\/wp-content\/uploads\/2021\/12\/banner-shrink-hood-machines.jpg","width":1200,"height":800},{"@type":"BreadcrumbList","@id":"https:\/\/stretchhood.it\/fr\/systemes-d-emballage\/housseuse-a-housse-retractable\/#breadcrumb","itemListElement":[{"@type":"ListItem","position":1,"name":"Home","item":"https:\/\/stretchhood.it\/fr\/"},{"@type":"ListItem","position":2,"name":"Syst\u00e9mes d&rsquo;Emballage","item":"https:\/\/www.bocedisrl.com\/fr\/systemes-d-emballage\/"},{"@type":"ListItem","position":3,"name":"Housseuse \u00e0 Housse R\u00e8tractable"}]},{"@type":"WebSite","@id":"https:\/\/www.bocedisrl.com\/#website","url":"https:\/\/www.bocedisrl.com\/","name":"Bocedi srl","description":"Pallet Packaging Systems","publisher":{"@id":"https:\/\/www.bocedisrl.com\/#organization"},"potentialAction":[{"@type":"SearchAction","target":{"@type":"EntryPoint","urlTemplate":"https:\/\/www.bocedisrl.com\/?s={search_term_string}"},"query-input":"required name=search_term_string"}],"inLanguage":"fr-FR"},{"@type":"Organization","@id":"https:\/\/www.bocedisrl.com\/#organization","name":"Bocedi srl","url":"https:\/\/www.bocedisrl.com\/","logo":{"@type":"ImageObject","inLanguage":"fr-FR","@id":"https:\/\/www.bocedisrl.com\/#\/schema\/logo\/image\/","url":"https:\/\/www.bocedisrl.com\/wp-content\/uploads\/2021\/11\/logo-bocedi.png","contentUrl":"https:\/\/www.bocedisrl.com\/wp-content\/uploads\/2021\/11\/logo-bocedi.png","width":800,"height":480,"caption":"Bocedi srl"},"image":{"@id":"https:\/\/www.bocedisrl.com\/#\/schema\/logo\/image\/"}}]}},"_links":{"self":[{"href":"https:\/\/stretchhood.it\/fr\/wp-json\/wp\/v2\/pages\/4171"}],"collection":[{"href":"https:\/\/stretchhood.it\/fr\/wp-json\/wp\/v2\/pages"}],"about":[{"href":"https:\/\/stretchhood.it\/fr\/wp-json\/wp\/v2\/types\/page"}],"author":[{"embeddable":true,"href":"https:\/\/stretchhood.it\/fr\/wp-json\/wp\/v2\/users\/1"}],"replies":[{"embeddable":true,"href":"https:\/\/stretchhood.it\/fr\/wp-json\/wp\/v2\/comments?post=4171"}],"version-history":[{"count":5,"href":"https:\/\/stretchhood.it\/fr\/wp-json\/wp\/v2\/pages\/4171\/revisions"}],"predecessor-version":[{"id":4986,"href":"https:\/\/stretchhood.it\/fr\/wp-json\/wp\/v2\/pages\/4171\/revisions\/4986"}],"up":[{"embeddable":true,"href":"https:\/\/stretchhood.it\/fr\/wp-json\/wp\/v2\/pages\/4007"}],"wp:featuredmedia":[{"embeddable":true,"href":"https:\/\/stretchhood.it\/fr\/wp-json\/wp\/v2\/media\/2956"}],"wp:attachment":[{"href":"https:\/\/stretchhood.it\/fr\/wp-json\/wp\/v2\/media?parent=4171"}],"curies":[{"name":"wp","href":"https:\/\/api.w.org\/{rel}","templated":true}]}}