{"id":4098,"date":"2021-11-30T14:15:09","date_gmt":"2021-11-30T13:15:09","guid":{"rendered":"https:\/\/www.stretchhood.it\/la-societe\/valeurs\/"},"modified":"2021-12-30T12:20:20","modified_gmt":"2021-12-30T11:20:20","slug":"valeurs","status":"publish","type":"page","link":"https:\/\/stretchhood.it\/fr\/la-societe\/valeurs\/","title":{"rendered":"Valeurs"},"content":{"rendered":"\n<div class=\"wp-block-columns no-alignment is-layout-flex wp-container-core-columns-is-layout-1 wp-block-columns-is-layout-flex\">\n<div class=\"wp-block-column is-layout-flow wp-block-column-is-layout-flow\">\n<h2 class=\"has-text-color wp-block-heading\" style=\"color:#e41b13\">Nous sommes \u00e0 l&rsquo;\u00e9coute<\/h2>\n\n\n\n<p>Nous sommes \u00e0 l&rsquo;\u00e9coute de nos employ\u00e9s. Nous nous assurons qu&rsquo;ils travaillent dans un environnement sain et stimulant qui puisse faire place \u00e0 leurs id\u00e9es et \u00e0 leurs actions afin de construire une \u00e9quipe soud\u00e9e.<\/p>\n<\/div>\n\n\n\n<div class=\"wp-block-column is-layout-flow wp-block-column-is-layout-flow\">\n<h2 class=\"has-text-color wp-block-heading\" style=\"color:#e41b13\">Nous \u00e9tablissons<\/h2>\n\n\n\n<p>Nous \u00e9tablissons des rapports honn\u00eates avec nos clients et nous tenons nos engagements en nous concentrant sur leur satisfaction.<\/p>\n<\/div>\n<\/div>\n\n<div class=\"wp-block-columns no-alignment is-layout-flex wp-container-core-columns-is-layout-2 wp-block-columns-is-layout-flex\">\n<div class=\"wp-block-column is-layout-flow wp-block-column-is-layout-flow\">\n<h2 class=\"has-text-color wp-block-heading\" style=\"color:#e41b13\">Nous nous portons garants<\/h2>\n\n\n\n<p>Nous nous portons garants de la qualit\u00e9 de nos produits et nous offrons des solutions s\u00fbres et fiables afin de leur assurer le meilleur conditionnement.<\/p>\n<\/div>\n\n\n\n<div class=\"wp-block-column is-layout-flow wp-block-column-is-layout-flow\">\n<h2 class=\"has-text-color wp-block-heading\" style=\"color:#e41b13\">Nous nous soucions<\/h2>\n\n\n\n<p>Nous nous soucions de l&rsquo;environnement et nous effor\u00e7ons dans cette optique de concevoir des solutions en mesure de r\u00e9duire la consommation d&rsquo;\u00e9nergie de nos machines et d&rsquo;utiliser des mat\u00e9riaux recyclables.<\/p>\n<\/div>\n<\/div>\n\n<div style=\"height:50px\" aria-hidden=\"true\" class=\"wp-block-spacer\"><\/div>\n\n<div class=\"wp-block-columns is-layout-flex wp-container-core-columns-is-layout-3 wp-block-columns-is-layout-flex\">\n<div class=\"wp-block-column is-layout-flow wp-block-column-is-layout-flow\">\n<h3 class=\"wp-block-heading\">Produit en Italie<\/h3>\n\n\n\n<p>Nous travaillons \u00e0 la conception et \u00e0 la fabrication de solutions de conditionnement en fin de ligne, produites exclusivement en Italie, voil\u00e0 pourquoi notre qualit\u00e9 se distingue sur le march\u00e9 international.<\/p>\n\n\n\n<h3 class=\"wp-block-heading\">Orient\u00e9e vers le client<\/h3>\n\n\n\n<p>La cl\u00e9 de notre succ\u00e8s est notre orientation au client. Ce n&rsquo;est qu&rsquo;en \u00e9coutant que nous sommes en mesure de rassembler nos meilleurs talents \u2013 exp\u00e9rience en ing\u00e9nierie, passion et recherche \u2013 et r\u00e9aliser des machines de conditionnement de qualit\u00e9 sup\u00e9rieure qui r\u00e9pondent \u00e0 toutes les exigences sp\u00e9cifiques de l&rsquo;application.<\/p>\n<\/div>\n\n\n\n<div class=\"wp-block-column is-layout-flow wp-block-column-is-layout-flow\"><div class=\"wp-block-getwid-images-slider fit-right has-arrows-inside has-dots-inside has-images-center has-cropped-images has-fixed-height\"><div class=\"wp-block-getwid-images-slider__wrapper\" data-effect=\"fade\" data-slides-show=\"1\" data-slides-show-laptop=\"1\" data-slides-show-tablet=\"1\" data-slides-show-mobile=\"1\" data-slides-scroll=\"1\" data-autoplay=\"true\" data-autoplay-speed=\"5000\" data-infinite=\"true\" data-animation-speed=\"800\" data-center-mode=\"false\" data-variable-width=\"false\" data-arrows=\"inside\" data-dots=\"inside\" data-spacing=\"none\"><div class=\"wp-block-getwid-images-slider__item\" style=\"height:350px\"><figure><img loading=\"lazy\" decoding=\"async\" width=\"1200\" height=\"800\" src=\"https:\/\/www.stretchhood.it\/wp-content\/uploads\/2021\/12\/image-values-01.jpg\" data-id=\"2026\" data-link=\"https:\/\/www.stretchhood.it\/company\/values\/attachment\/image-values-01\/\" data-original-link=\"https:\/\/www.stretchhood.it\/wp-content\/uploads\/2021\/12\/image-values-01.jpg\" class=\"wp-block-getwid-images-slider__image wp-image-2026\" srcset=\"https:\/\/www.stretchhood.it\/wp-content\/uploads\/2021\/12\/image-values-01.jpg 1200w, https:\/\/www.stretchhood.it\/wp-content\/uploads\/2021\/12\/image-values-01-980x653.jpg 980w, https:\/\/www.stretchhood.it\/wp-content\/uploads\/2021\/12\/image-values-01-480x320.jpg 480w\" sizes=\"(min-width: 0px) and (max-width: 480px) 480px, (min-width: 481px) and (max-width: 980px) 980px, (min-width: 981px) 1200px, 100vw\" \/><\/figure><\/div><\/div><\/div>\r\n<\/div>\n<\/div>\n","protected":false},"excerpt":{"rendered":"<p>Nous sommes \u00e0 l&rsquo;\u00e9coute Nous sommes \u00e0 l&rsquo;\u00e9coute de nos employ\u00e9s. Nous nous assurons qu&rsquo;ils travaillent dans un environnement sain et stimulant qui puisse faire place \u00e0 leurs id\u00e9es et \u00e0 leurs actions afin de construire une \u00e9quipe soud\u00e9e. Nous \u00e9tablissons Nous \u00e9tablissons des rapports honn\u00eates avec nos clients et nous tenons nos engagements en [&hellip;]<\/p>\n","protected":false},"author":1,"featured_media":2947,"parent":4079,"menu_order":0,"comment_status":"closed","ping_status":"closed","template":"","meta":{"_acf_changed":false,"_et_pb_use_builder":"","_et_pb_old_content":"","_et_gb_content_width":"","footnotes":""},"acf":[],"yoast_head":"<!-- This site is optimized with the Yoast SEO plugin v22.7 - https:\/\/yoast.com\/wordpress\/plugins\/seo\/ -->\n<title>Valeurs - Bocedi srl<\/title>\n<meta name=\"description\" content=\"Nous \u00e9coutons, nous construisons, nous nous tenons debout, nous nous soucions. Ce sont nos valeurs fondamentales.\" \/>\n<meta name=\"robots\" content=\"index, follow, max-snippet:-1, max-image-preview:large, max-video-preview:-1\" \/>\n<link rel=\"canonical\" href=\"https:\/\/stretchhood.it\/fr\/la-societe\/valeurs\/\" \/>\n<meta property=\"og:locale\" content=\"fr_FR\" \/>\n<meta property=\"og:type\" content=\"article\" \/>\n<meta property=\"og:title\" content=\"Valeurs - Bocedi srl\" \/>\n<meta property=\"og:description\" content=\"Nous \u00e9coutons, nous construisons, nous nous tenons debout, nous nous soucions. Ce sont nos valeurs fondamentales.\" \/>\n<meta property=\"og:url\" content=\"https:\/\/stretchhood.it\/fr\/la-societe\/valeurs\/\" \/>\n<meta property=\"og:site_name\" content=\"Bocedi srl\" \/>\n<meta property=\"article:modified_time\" content=\"2021-12-30T11:20:20+00:00\" \/>\n<meta property=\"og:image\" content=\"https:\/\/bocedisrl.com\/wp-content\/uploads\/2021\/12\/banner-values.jpg\" \/>\n\t<meta property=\"og:image:width\" content=\"1200\" \/>\n\t<meta property=\"og:image:height\" content=\"800\" \/>\n\t<meta property=\"og:image:type\" content=\"image\/jpeg\" \/>\n<meta name=\"twitter:card\" content=\"summary_large_image\" \/>\n<meta name=\"twitter:label1\" content=\"Dur\u00e9e de lecture estim\u00e9e\" \/>\n\t<meta name=\"twitter:data1\" content=\"1 minute\" \/>\n<script type=\"application\/ld+json\" class=\"yoast-schema-graph\">{\"@context\":\"https:\/\/schema.org\",\"@graph\":[{\"@type\":\"WebPage\",\"@id\":\"https:\/\/stretchhood.it\/fr\/la-societe\/valeurs\/\",\"url\":\"https:\/\/stretchhood.it\/fr\/la-societe\/valeurs\/\",\"name\":\"Valeurs - Bocedi srl\",\"isPartOf\":{\"@id\":\"https:\/\/bocedisrl.com\/#website\"},\"primaryImageOfPage\":{\"@id\":\"https:\/\/stretchhood.it\/fr\/la-societe\/valeurs\/#primaryimage\"},\"image\":{\"@id\":\"https:\/\/stretchhood.it\/fr\/la-societe\/valeurs\/#primaryimage\"},\"thumbnailUrl\":\"https:\/\/stretchhood.it\/wp-content\/uploads\/2021\/12\/banner-values.jpg\",\"datePublished\":\"2021-11-30T13:15:09+00:00\",\"dateModified\":\"2021-12-30T11:20:20+00:00\",\"description\":\"Nous \u00e9coutons, nous construisons, nous nous tenons debout, nous nous soucions. Ce sont nos valeurs fondamentales.\",\"breadcrumb\":{\"@id\":\"https:\/\/stretchhood.it\/fr\/la-societe\/valeurs\/#breadcrumb\"},\"inLanguage\":\"fr-FR\",\"potentialAction\":[{\"@type\":\"ReadAction\",\"target\":[\"https:\/\/stretchhood.it\/fr\/la-societe\/valeurs\/\"]}]},{\"@type\":\"ImageObject\",\"inLanguage\":\"fr-FR\",\"@id\":\"https:\/\/stretchhood.it\/fr\/la-societe\/valeurs\/#primaryimage\",\"url\":\"https:\/\/stretchhood.it\/wp-content\/uploads\/2021\/12\/banner-values.jpg\",\"contentUrl\":\"https:\/\/stretchhood.it\/wp-content\/uploads\/2021\/12\/banner-values.jpg\",\"width\":1200,\"height\":800},{\"@type\":\"BreadcrumbList\",\"@id\":\"https:\/\/stretchhood.it\/fr\/la-societe\/valeurs\/#breadcrumb\",\"itemListElement\":[{\"@type\":\"ListItem\",\"position\":1,\"name\":\"Home\",\"item\":\"https:\/\/www.bocedisrl.com\/fr\/\"},{\"@type\":\"ListItem\",\"position\":2,\"name\":\"La Soci\u00e9t\u00e9\",\"item\":\"https:\/\/stretchhood.it\/fr\/la-societe\/\"},{\"@type\":\"ListItem\",\"position\":3,\"name\":\"Valeurs\"}]},{\"@type\":\"WebSite\",\"@id\":\"https:\/\/bocedisrl.com\/#website\",\"url\":\"https:\/\/bocedisrl.com\/\",\"name\":\"Bocedi srl\",\"description\":\"Pallet Packaging Systems\",\"publisher\":{\"@id\":\"https:\/\/bocedisrl.com\/#organization\"},\"potentialAction\":[{\"@type\":\"SearchAction\",\"target\":{\"@type\":\"EntryPoint\",\"urlTemplate\":\"https:\/\/bocedisrl.com\/?s={search_term_string}\"},\"query-input\":\"required name=search_term_string\"}],\"inLanguage\":\"fr-FR\"},{\"@type\":\"Organization\",\"@id\":\"https:\/\/bocedisrl.com\/#organization\",\"name\":\"Bocedi srl\",\"url\":\"https:\/\/bocedisrl.com\/\",\"logo\":{\"@type\":\"ImageObject\",\"inLanguage\":\"fr-FR\",\"@id\":\"https:\/\/bocedisrl.com\/#\/schema\/logo\/image\/\",\"url\":\"https:\/\/www.bocedisrl.com\/wp-content\/uploads\/2021\/11\/logo-bocedi.png\",\"contentUrl\":\"https:\/\/www.bocedisrl.com\/wp-content\/uploads\/2021\/11\/logo-bocedi.png\",\"width\":800,\"height\":480,\"caption\":\"Bocedi srl\"},\"image\":{\"@id\":\"https:\/\/bocedisrl.com\/#\/schema\/logo\/image\/\"}}]}<\/script>\n<!-- \/ Yoast SEO plugin. -->","yoast_head_json":{"title":"Valeurs - Bocedi srl","description":"Nous \u00e9coutons, nous construisons, nous nous tenons debout, nous nous soucions. Ce sont nos valeurs fondamentales.","robots":{"index":"index","follow":"follow","max-snippet":"max-snippet:-1","max-image-preview":"max-image-preview:large","max-video-preview":"max-video-preview:-1"},"canonical":"https:\/\/stretchhood.it\/fr\/la-societe\/valeurs\/","og_locale":"fr_FR","og_type":"article","og_title":"Valeurs - Bocedi srl","og_description":"Nous \u00e9coutons, nous construisons, nous nous tenons debout, nous nous soucions. Ce sont nos valeurs fondamentales.","og_url":"https:\/\/stretchhood.it\/fr\/la-societe\/valeurs\/","og_site_name":"Bocedi srl","article_modified_time":"2021-12-30T11:20:20+00:00","og_image":[{"width":1200,"height":800,"url":"https:\/\/bocedisrl.com\/wp-content\/uploads\/2021\/12\/banner-values.jpg","type":"image\/jpeg"}],"twitter_card":"summary_large_image","twitter_misc":{"Dur\u00e9e de lecture estim\u00e9e":"1 minute"},"schema":{"@context":"https:\/\/schema.org","@graph":[{"@type":"WebPage","@id":"https:\/\/stretchhood.it\/fr\/la-societe\/valeurs\/","url":"https:\/\/stretchhood.it\/fr\/la-societe\/valeurs\/","name":"Valeurs - Bocedi srl","isPartOf":{"@id":"https:\/\/bocedisrl.com\/#website"},"primaryImageOfPage":{"@id":"https:\/\/stretchhood.it\/fr\/la-societe\/valeurs\/#primaryimage"},"image":{"@id":"https:\/\/stretchhood.it\/fr\/la-societe\/valeurs\/#primaryimage"},"thumbnailUrl":"https:\/\/stretchhood.it\/wp-content\/uploads\/2021\/12\/banner-values.jpg","datePublished":"2021-11-30T13:15:09+00:00","dateModified":"2021-12-30T11:20:20+00:00","description":"Nous \u00e9coutons, nous construisons, nous nous tenons debout, nous nous soucions. Ce sont nos valeurs fondamentales.","breadcrumb":{"@id":"https:\/\/stretchhood.it\/fr\/la-societe\/valeurs\/#breadcrumb"},"inLanguage":"fr-FR","potentialAction":[{"@type":"ReadAction","target":["https:\/\/stretchhood.it\/fr\/la-societe\/valeurs\/"]}]},{"@type":"ImageObject","inLanguage":"fr-FR","@id":"https:\/\/stretchhood.it\/fr\/la-societe\/valeurs\/#primaryimage","url":"https:\/\/stretchhood.it\/wp-content\/uploads\/2021\/12\/banner-values.jpg","contentUrl":"https:\/\/stretchhood.it\/wp-content\/uploads\/2021\/12\/banner-values.jpg","width":1200,"height":800},{"@type":"BreadcrumbList","@id":"https:\/\/stretchhood.it\/fr\/la-societe\/valeurs\/#breadcrumb","itemListElement":[{"@type":"ListItem","position":1,"name":"Home","item":"https:\/\/www.bocedisrl.com\/fr\/"},{"@type":"ListItem","position":2,"name":"La Soci\u00e9t\u00e9","item":"https:\/\/stretchhood.it\/fr\/la-societe\/"},{"@type":"ListItem","position":3,"name":"Valeurs"}]},{"@type":"WebSite","@id":"https:\/\/bocedisrl.com\/#website","url":"https:\/\/bocedisrl.com\/","name":"Bocedi srl","description":"Pallet Packaging Systems","publisher":{"@id":"https:\/\/bocedisrl.com\/#organization"},"potentialAction":[{"@type":"SearchAction","target":{"@type":"EntryPoint","urlTemplate":"https:\/\/bocedisrl.com\/?s={search_term_string}"},"query-input":"required name=search_term_string"}],"inLanguage":"fr-FR"},{"@type":"Organization","@id":"https:\/\/bocedisrl.com\/#organization","name":"Bocedi srl","url":"https:\/\/bocedisrl.com\/","logo":{"@type":"ImageObject","inLanguage":"fr-FR","@id":"https:\/\/bocedisrl.com\/#\/schema\/logo\/image\/","url":"https:\/\/www.bocedisrl.com\/wp-content\/uploads\/2021\/11\/logo-bocedi.png","contentUrl":"https:\/\/www.bocedisrl.com\/wp-content\/uploads\/2021\/11\/logo-bocedi.png","width":800,"height":480,"caption":"Bocedi srl"},"image":{"@id":"https:\/\/bocedisrl.com\/#\/schema\/logo\/image\/"}}]}},"_links":{"self":[{"href":"https:\/\/stretchhood.it\/fr\/wp-json\/wp\/v2\/pages\/4098"}],"collection":[{"href":"https:\/\/stretchhood.it\/fr\/wp-json\/wp\/v2\/pages"}],"about":[{"href":"https:\/\/stretchhood.it\/fr\/wp-json\/wp\/v2\/types\/page"}],"author":[{"embeddable":true,"href":"https:\/\/stretchhood.it\/fr\/wp-json\/wp\/v2\/users\/1"}],"replies":[{"embeddable":true,"href":"https:\/\/stretchhood.it\/fr\/wp-json\/wp\/v2\/comments?post=4098"}],"version-history":[{"count":3,"href":"https:\/\/stretchhood.it\/fr\/wp-json\/wp\/v2\/pages\/4098\/revisions"}],"predecessor-version":[{"id":4101,"href":"https:\/\/stretchhood.it\/fr\/wp-json\/wp\/v2\/pages\/4098\/revisions\/4101"}],"up":[{"embeddable":true,"href":"https:\/\/stretchhood.it\/fr\/wp-json\/wp\/v2\/pages\/4079"}],"wp:featuredmedia":[{"embeddable":true,"href":"https:\/\/stretchhood.it\/fr\/wp-json\/wp\/v2\/media\/2947"}],"wp:attachment":[{"href":"https:\/\/stretchhood.it\/fr\/wp-json\/wp\/v2\/media?parent=4098"}],"curies":[{"name":"wp","href":"https:\/\/api.w.org\/{rel}","templated":true}]}}