{"id":4090,"date":"2021-11-30T14:14:57","date_gmt":"2021-11-30T13:14:57","guid":{"rendered":"https:\/\/www.stretchhood.it\/la-societe\/histoire\/"},"modified":"2021-12-30T12:18:31","modified_gmt":"2021-12-30T11:18:31","slug":"histoire","status":"publish","type":"page","link":"https:\/\/stretchhood.it\/fr\/la-societe\/histoire\/","title":{"rendered":"Histoire"},"content":{"rendered":"\n<div class=\"wp-block-getwid-content-timeline is-animated\" data-animation=\"slideInBottom\" data-filling=\"true\"><div class=\"wp-block-getwid-content-timeline__line\"><div class=\"wp-block-getwid-content-timeline__bar has-background\" style=\"background-color:#e41b13\"><\/div><\/div><div class=\"wp-block-getwid-content-timeline__wrapper\">\n<div class=\"wp-block-getwid-content-timeline-item\" style=\"margin-bottom:30px\"><div class=\"wp-block-getwid-content-timeline-item__wrapper\"><div class=\"wp-block-getwid-content-timeline-item__card\"><div class=\"wp-block-getwid-content-timeline-item__card-wrapper\"><div class=\"wp-block-getwid-content-timeline-item__image-wrapper\"><img loading=\"lazy\" decoding=\"async\" width=\"1200\" height=\"800\" class=\"wp-block-getwid-content-timeline-item__image wp-image-1990\" src=\"https:\/\/www.stretchhood.it\/wp-content\/uploads\/2021\/12\/timeline-history-1966.jpg\" alt=\"\" srcset=\"https:\/\/www.stretchhood.it\/wp-content\/uploads\/2021\/12\/timeline-history-1966.jpg 1200w, https:\/\/www.stretchhood.it\/wp-content\/uploads\/2021\/12\/timeline-history-1966-980x653.jpg 980w, https:\/\/www.stretchhood.it\/wp-content\/uploads\/2021\/12\/timeline-history-1966-480x320.jpg 480w\" sizes=\"(min-width: 0px) and (max-width: 480px) 480px, (min-width: 481px) and (max-width: 980px) 980px, (min-width: 981px) 1200px, 100vw\" \/><\/div><div class=\"wp-block-getwid-content-timeline-item__content-wrapper\" style=\"padding-top:30px;padding-bottom:30px;padding-left:30px;padding-right:30px\">\n<h3 class=\"wp-block-heading\">1966<\/h3>\n\n\n\n<p>La soci\u00e9t\u00e9 Officina Bocedi a \u00e9t\u00e9 cr\u00e9\u00e9e par les deux fr\u00e8res Vittorio et Franco Bocedi (VFB).<\/p>\n<\/div><\/div><\/div><div class=\"wp-block-getwid-content-timeline-item__point\" style=\"margin-left:30px;margin-right:30px\" data-point-color=\"#e41b13\"><div class=\"wp-block-getwid-content-timeline-item__point-content\"><\/div><\/div><div class=\"wp-block-getwid-content-timeline-item__meta\"><\/div><\/div><\/div>\n\n\n\n<div class=\"wp-block-getwid-content-timeline-item\" style=\"margin-bottom:30px\"><div class=\"wp-block-getwid-content-timeline-item__wrapper\"><div class=\"wp-block-getwid-content-timeline-item__card\"><div class=\"wp-block-getwid-content-timeline-item__card-wrapper\"><div class=\"wp-block-getwid-content-timeline-item__image-wrapper\"><img loading=\"lazy\" decoding=\"async\" width=\"1200\" height=\"800\" class=\"wp-block-getwid-content-timeline-item__image wp-image-1992\" src=\"https:\/\/www.stretchhood.it\/wp-content\/uploads\/2021\/12\/timeline-history-1970.jpg\" alt=\"\" srcset=\"https:\/\/www.stretchhood.it\/wp-content\/uploads\/2021\/12\/timeline-history-1970.jpg 1200w, https:\/\/www.stretchhood.it\/wp-content\/uploads\/2021\/12\/timeline-history-1970-980x653.jpg 980w, https:\/\/www.stretchhood.it\/wp-content\/uploads\/2021\/12\/timeline-history-1970-480x320.jpg 480w\" sizes=\"(min-width: 0px) and (max-width: 480px) 480px, (min-width: 481px) and (max-width: 980px) 980px, (min-width: 981px) 1200px, 100vw\" \/><\/div><div class=\"wp-block-getwid-content-timeline-item__content-wrapper\" style=\"padding-top:30px;padding-bottom:30px;padding-left:30px;padding-right:30px\">\n<h3 class=\"wp-block-heading\">1970<\/h3>\n\n\n\n<p>La fabrication par four de thermor\u00e9traction prend presque la totalit\u00e9 de la capacit\u00e9 de production.<\/p>\n<\/div><\/div><\/div><div class=\"wp-block-getwid-content-timeline-item__point\" style=\"margin-left:30px;margin-right:30px\" data-point-color=\"#e41b13\"><div class=\"wp-block-getwid-content-timeline-item__point-content\"><\/div><\/div><div class=\"wp-block-getwid-content-timeline-item__meta\"><\/div><\/div><\/div>\n\n\n\n<div class=\"wp-block-getwid-content-timeline-item\" style=\"margin-bottom:30px\"><div class=\"wp-block-getwid-content-timeline-item__wrapper\"><div class=\"wp-block-getwid-content-timeline-item__card\"><div class=\"wp-block-getwid-content-timeline-item__card-wrapper\"><div class=\"wp-block-getwid-content-timeline-item__image-wrapper\"><img loading=\"lazy\" decoding=\"async\" width=\"1200\" height=\"800\" class=\"wp-block-getwid-content-timeline-item__image wp-image-1994\" src=\"https:\/\/www.stretchhood.it\/wp-content\/uploads\/2021\/12\/timeline-history-1981.jpg\" alt=\"\" srcset=\"https:\/\/www.stretchhood.it\/wp-content\/uploads\/2021\/12\/timeline-history-1981.jpg 1200w, https:\/\/www.stretchhood.it\/wp-content\/uploads\/2021\/12\/timeline-history-1981-980x653.jpg 980w, https:\/\/www.stretchhood.it\/wp-content\/uploads\/2021\/12\/timeline-history-1981-480x320.jpg 480w\" sizes=\"(min-width: 0px) and (max-width: 480px) 480px, (min-width: 481px) and (max-width: 980px) 980px, (min-width: 981px) 1200px, 100vw\" \/><\/div><div class=\"wp-block-getwid-content-timeline-item__content-wrapper\" style=\"padding-top:30px;padding-bottom:30px;padding-left:30px;padding-right:30px\">\n<h3 class=\"wp-block-heading\">1981<\/h3>\n\n\n\n<p>Fabrication de housseuses sous housse r\u00e9tractable. Bocedi investit dans de nouveaux march\u00e9s en produisant des machines automatiques et semi-automatiques ainsi que des syst\u00e8mes complets de conditionnement de palettes en fin de ligne.<\/p>\n<\/div><\/div><\/div><div class=\"wp-block-getwid-content-timeline-item__point\" style=\"margin-left:30px;margin-right:30px\" data-point-color=\"#e41b13\"><div class=\"wp-block-getwid-content-timeline-item__point-content\"><\/div><\/div><div class=\"wp-block-getwid-content-timeline-item__meta\"><\/div><\/div><\/div>\n\n\n\n<div class=\"wp-block-getwid-content-timeline-item\" style=\"margin-bottom:30px\"><div class=\"wp-block-getwid-content-timeline-item__wrapper\"><div class=\"wp-block-getwid-content-timeline-item__card\"><div class=\"wp-block-getwid-content-timeline-item__card-wrapper\"><div class=\"wp-block-getwid-content-timeline-item__image-wrapper\"><img loading=\"lazy\" decoding=\"async\" width=\"1200\" height=\"800\" class=\"wp-block-getwid-content-timeline-item__image wp-image-1995\" src=\"https:\/\/www.stretchhood.it\/wp-content\/uploads\/2021\/12\/timeline-history-1990.jpg\" alt=\"\" srcset=\"https:\/\/www.stretchhood.it\/wp-content\/uploads\/2021\/12\/timeline-history-1990.jpg 1200w, https:\/\/www.stretchhood.it\/wp-content\/uploads\/2021\/12\/timeline-history-1990-980x653.jpg 980w, https:\/\/www.stretchhood.it\/wp-content\/uploads\/2021\/12\/timeline-history-1990-480x320.jpg 480w\" sizes=\"(min-width: 0px) and (max-width: 480px) 480px, (min-width: 481px) and (max-width: 980px) 980px, (min-width: 981px) 1200px, 100vw\" \/><\/div><div class=\"wp-block-getwid-content-timeline-item__content-wrapper\" style=\"padding-top:30px;padding-bottom:30px;padding-left:30px;padding-right:30px\">\n<h3 class=\"wp-block-heading\">1990<\/h3>\n\n\n\n<p>Fabrication de housseuses sous housse \u00e9tirable. La soci\u00e9t\u00e9 est pr\u00eate \u00e0 relever de nouveaux d\u00e9fis et s&rsquo;\u00e9largir davantage, en introduisant sur le march\u00e9 la nouvelle technologie de conditionnement \u00ab\u00a0housse \u00e9tirable\u00a0\u00bb qui permet de fixer la charge sur la palette avec l&rsquo;\u00e9lasticit\u00e9 d&rsquo;un film tubulaire sans besoin de chaleur.<\/p>\n<\/div><\/div><\/div><div class=\"wp-block-getwid-content-timeline-item__point\" style=\"margin-left:30px;margin-right:30px\" data-point-color=\"#e41b13\"><div class=\"wp-block-getwid-content-timeline-item__point-content\"><\/div><\/div><div class=\"wp-block-getwid-content-timeline-item__meta\"><\/div><\/div><\/div>\n\n\n\n<div class=\"wp-block-getwid-content-timeline-item\" style=\"margin-bottom:30px\"><div class=\"wp-block-getwid-content-timeline-item__wrapper\"><div class=\"wp-block-getwid-content-timeline-item__card\"><div class=\"wp-block-getwid-content-timeline-item__card-wrapper\"><div class=\"wp-block-getwid-content-timeline-item__image-wrapper\"><img loading=\"lazy\" decoding=\"async\" width=\"1200\" height=\"800\" class=\"wp-block-getwid-content-timeline-item__image wp-image-2004\" src=\"https:\/\/www.stretchhood.it\/wp-content\/uploads\/2021\/12\/timeline-history-1995.jpg\" alt=\"\" srcset=\"https:\/\/www.stretchhood.it\/wp-content\/uploads\/2021\/12\/timeline-history-1995.jpg 1200w, https:\/\/www.stretchhood.it\/wp-content\/uploads\/2021\/12\/timeline-history-1995-980x653.jpg 980w, https:\/\/www.stretchhood.it\/wp-content\/uploads\/2021\/12\/timeline-history-1995-480x320.jpg 480w\" sizes=\"(min-width: 0px) and (max-width: 480px) 480px, (min-width: 481px) and (max-width: 980px) 980px, (min-width: 981px) 1200px, 100vw\" \/><\/div><div class=\"wp-block-getwid-content-timeline-item__content-wrapper\" style=\"padding-top:30px;padding-bottom:30px;padding-left:30px;padding-right:30px\">\n<h3 class=\"wp-block-heading\">1995<\/h3>\n\n\n\n<p>Changement de g\u00e9n\u00e9ration. La deuxi\u00e8me g\u00e9n\u00e9ration de famille fait son entr\u00e9e dans l&rsquo;entreprise.<\/p>\n<\/div><\/div><\/div><div class=\"wp-block-getwid-content-timeline-item__point\" style=\"margin-left:30px;margin-right:30px\" data-point-color=\"#e41b13\"><div class=\"wp-block-getwid-content-timeline-item__point-content\"><\/div><\/div><div class=\"wp-block-getwid-content-timeline-item__meta\"><\/div><\/div><\/div>\n\n\n\n<div class=\"wp-block-getwid-content-timeline-item\" style=\"margin-bottom:30px\"><div class=\"wp-block-getwid-content-timeline-item__wrapper\"><div class=\"wp-block-getwid-content-timeline-item__card\"><div class=\"wp-block-getwid-content-timeline-item__card-wrapper\"><div class=\"wp-block-getwid-content-timeline-item__image-wrapper\"><img loading=\"lazy\" decoding=\"async\" width=\"1200\" height=\"800\" class=\"wp-block-getwid-content-timeline-item__image wp-image-1997\" src=\"https:\/\/www.stretchhood.it\/wp-content\/uploads\/2021\/12\/timeline-history-1996.jpg\" alt=\"\" srcset=\"https:\/\/www.stretchhood.it\/wp-content\/uploads\/2021\/12\/timeline-history-1996.jpg 1200w, https:\/\/www.stretchhood.it\/wp-content\/uploads\/2021\/12\/timeline-history-1996-980x653.jpg 980w, https:\/\/www.stretchhood.it\/wp-content\/uploads\/2021\/12\/timeline-history-1996-480x320.jpg 480w\" sizes=\"(min-width: 0px) and (max-width: 480px) 480px, (min-width: 481px) and (max-width: 980px) 980px, (min-width: 981px) 1200px, 100vw\" \/><\/div><div class=\"wp-block-getwid-content-timeline-item__content-wrapper\" style=\"padding-top:30px;padding-bottom:30px;padding-left:30px;padding-right:30px\">\n<h3 class=\"wp-block-heading\">1996<\/h3>\n\n\n\n<p>Le taux de production des housseuses sous housse \u00e9tirable continue de cro\u00eetre, ce qui donne \u00e0 la soci\u00e9t\u00e9 une empreinte mondiale forte et offre une solution r\u00e9volutionnaire et rentable pour le monde du conditionnement.<\/p>\n<\/div><\/div><\/div><div class=\"wp-block-getwid-content-timeline-item__point\" style=\"margin-left:30px;margin-right:30px\" data-point-color=\"#e41b13\"><div class=\"wp-block-getwid-content-timeline-item__point-content\"><\/div><\/div><div class=\"wp-block-getwid-content-timeline-item__meta\"><\/div><\/div><\/div>\n\n\n\n<div class=\"wp-block-getwid-content-timeline-item\" style=\"margin-bottom:30px\"><div class=\"wp-block-getwid-content-timeline-item__wrapper\"><div class=\"wp-block-getwid-content-timeline-item__card\"><div class=\"wp-block-getwid-content-timeline-item__card-wrapper\"><div class=\"wp-block-getwid-content-timeline-item__image-wrapper\"><img loading=\"lazy\" decoding=\"async\" width=\"1200\" height=\"800\" class=\"wp-block-getwid-content-timeline-item__image wp-image-1998\" src=\"https:\/\/www.stretchhood.it\/wp-content\/uploads\/2021\/12\/timeline-history-2005.jpg\" alt=\"\" srcset=\"https:\/\/www.stretchhood.it\/wp-content\/uploads\/2021\/12\/timeline-history-2005.jpg 1200w, https:\/\/www.stretchhood.it\/wp-content\/uploads\/2021\/12\/timeline-history-2005-980x653.jpg 980w, https:\/\/www.stretchhood.it\/wp-content\/uploads\/2021\/12\/timeline-history-2005-480x320.jpg 480w\" sizes=\"(min-width: 0px) and (max-width: 480px) 480px, (min-width: 481px) and (max-width: 980px) 980px, (min-width: 981px) 1200px, 100vw\" \/><\/div><div class=\"wp-block-getwid-content-timeline-item__content-wrapper\" style=\"padding-top:30px;padding-bottom:30px;padding-left:30px;padding-right:30px\">\n<h3 class=\"wp-block-heading\">2005<\/h3>\n\n\n\n<p>Nouveau si\u00e8ge social, la croissance de l&rsquo;entreprise n&rsquo;a jamais cess\u00e9, la nouvelle usine multiplie par cinq la capacit\u00e9 de production.<\/p>\n<\/div><\/div><\/div><div class=\"wp-block-getwid-content-timeline-item__point\" style=\"margin-left:30px;margin-right:30px\" data-point-color=\"#e41b13\"><div class=\"wp-block-getwid-content-timeline-item__point-content\"><\/div><\/div><div class=\"wp-block-getwid-content-timeline-item__meta\"><\/div><\/div><\/div>\n\n\n\n<div class=\"wp-block-getwid-content-timeline-item\" style=\"margin-bottom:30px\"><div class=\"wp-block-getwid-content-timeline-item__wrapper\"><div class=\"wp-block-getwid-content-timeline-item__card\"><div class=\"wp-block-getwid-content-timeline-item__card-wrapper\"><div class=\"wp-block-getwid-content-timeline-item__image-wrapper\"><img loading=\"lazy\" decoding=\"async\" width=\"1200\" height=\"800\" class=\"wp-block-getwid-content-timeline-item__image wp-image-1999\" src=\"https:\/\/www.stretchhood.it\/wp-content\/uploads\/2021\/12\/timeline-history-2010.jpg\" alt=\"\" srcset=\"https:\/\/www.stretchhood.it\/wp-content\/uploads\/2021\/12\/timeline-history-2010.jpg 1200w, https:\/\/www.stretchhood.it\/wp-content\/uploads\/2021\/12\/timeline-history-2010-980x653.jpg 980w, https:\/\/www.stretchhood.it\/wp-content\/uploads\/2021\/12\/timeline-history-2010-480x320.jpg 480w\" sizes=\"(min-width: 0px) and (max-width: 480px) 480px, (min-width: 481px) and (max-width: 980px) 980px, (min-width: 981px) 1200px, 100vw\" \/><\/div><div class=\"wp-block-getwid-content-timeline-item__content-wrapper\" style=\"padding-top:30px;padding-bottom:30px;padding-left:30px;padding-right:30px\">\n<h3 class=\"wp-block-heading\">2010<\/h3>\n\n\n\n<p>Nouvelle ligne \u00ab\u00a0X\u00a0\u00bb des housseuses sous housse \u00e9tirable pour les palettes de grandes dimensions. Bocedi confirme sa position de leader mondial sur le march\u00e9 des fabricants de housseuses sous housse \u00e9tirable.<\/p>\n<\/div><\/div><\/div><div class=\"wp-block-getwid-content-timeline-item__point\" style=\"margin-left:30px;margin-right:30px\" data-point-color=\"#e41b13\"><div class=\"wp-block-getwid-content-timeline-item__point-content\"><\/div><\/div><div class=\"wp-block-getwid-content-timeline-item__meta\"><\/div><\/div><\/div>\n\n\n\n<div class=\"wp-block-getwid-content-timeline-item\" style=\"margin-bottom:30px\"><div class=\"wp-block-getwid-content-timeline-item__wrapper\"><div class=\"wp-block-getwid-content-timeline-item__card\"><div class=\"wp-block-getwid-content-timeline-item__card-wrapper\"><div class=\"wp-block-getwid-content-timeline-item__image-wrapper\"><img loading=\"lazy\" decoding=\"async\" width=\"1200\" height=\"800\" class=\"wp-block-getwid-content-timeline-item__image wp-image-2000\" src=\"https:\/\/www.stretchhood.it\/wp-content\/uploads\/2021\/12\/timeline-history-2019.jpg\" alt=\"\" srcset=\"https:\/\/www.stretchhood.it\/wp-content\/uploads\/2021\/12\/timeline-history-2019.jpg 1200w, https:\/\/www.stretchhood.it\/wp-content\/uploads\/2021\/12\/timeline-history-2019-980x653.jpg 980w, https:\/\/www.stretchhood.it\/wp-content\/uploads\/2021\/12\/timeline-history-2019-480x320.jpg 480w\" sizes=\"(min-width: 0px) and (max-width: 480px) 480px, (min-width: 481px) and (max-width: 980px) 980px, (min-width: 981px) 1200px, 100vw\" \/><\/div><div class=\"wp-block-getwid-content-timeline-item__content-wrapper\" style=\"padding-top:30px;padding-bottom:30px;padding-left:30px;padding-right:30px\">\n<h3 class=\"wp-block-heading\">2019<\/h3>\n\n\n\n<p>De nouveaux investissements, la soci\u00e9t\u00e9 entame la construction d&rsquo;une toute nouvelle installation afin d&rsquo;augmenter la capacit\u00e9 de production et de moderniser son organisation en fonction des d\u00e9fis mondiaux.<\/p>\n<\/div><\/div><\/div><div class=\"wp-block-getwid-content-timeline-item__point\" style=\"margin-left:30px;margin-right:30px\" data-point-color=\"#e41b13\"><div class=\"wp-block-getwid-content-timeline-item__point-content\"><\/div><\/div><div class=\"wp-block-getwid-content-timeline-item__meta\"><\/div><\/div><\/div>\n<\/div><\/div>\n","protected":false},"excerpt":{"rendered":"","protected":false},"author":1,"featured_media":2944,"parent":4079,"menu_order":0,"comment_status":"closed","ping_status":"closed","template":"","meta":{"_acf_changed":false,"_et_pb_use_builder":"","_et_pb_old_content":"","_et_gb_content_width":"","footnotes":""},"acf":[],"yoast_head":"<!-- This site is optimized with the Yoast SEO plugin v22.7 - https:\/\/yoast.com\/wordpress\/plugins\/seo\/ -->\n<title>Histoire - Bocedi srl<\/title>\n<meta name=\"description\" content=\"L&#039;histoire de Bocedi srl de 1966 \u00e0 aujourd&#039;hui, avec un objectif simple: concevoir des solutions d&#039;emballage de pointe.\" \/>\n<meta name=\"robots\" content=\"index, follow, max-snippet:-1, max-image-preview:large, max-video-preview:-1\" \/>\n<link rel=\"canonical\" href=\"https:\/\/stretchhood.it\/fr\/la-societe\/histoire\/\" \/>\n<meta property=\"og:locale\" content=\"fr_FR\" \/>\n<meta property=\"og:type\" content=\"article\" \/>\n<meta property=\"og:title\" content=\"Histoire - Bocedi srl\" \/>\n<meta property=\"og:description\" content=\"L&#039;histoire de Bocedi srl de 1966 \u00e0 aujourd&#039;hui, avec un objectif simple: concevoir des solutions d&#039;emballage de pointe.\" \/>\n<meta property=\"og:url\" content=\"https:\/\/stretchhood.it\/fr\/la-societe\/histoire\/\" \/>\n<meta property=\"og:site_name\" content=\"Bocedi srl\" \/>\n<meta property=\"article:modified_time\" content=\"2021-12-30T11:18:31+00:00\" \/>\n<meta property=\"og:image\" content=\"https:\/\/mail.stretchhood.it\/wp-content\/uploads\/2021\/12\/banner-history.jpg\" \/>\n\t<meta property=\"og:image:width\" content=\"1200\" \/>\n\t<meta property=\"og:image:height\" content=\"800\" \/>\n\t<meta property=\"og:image:type\" content=\"image\/jpeg\" \/>\n<meta name=\"twitter:card\" content=\"summary_large_image\" \/>\n<meta name=\"twitter:label1\" content=\"Dur\u00e9e de lecture estim\u00e9e\" \/>\n\t<meta name=\"twitter:data1\" content=\"1 minute\" \/>\n<script type=\"application\/ld+json\" class=\"yoast-schema-graph\">{\"@context\":\"https:\/\/schema.org\",\"@graph\":[{\"@type\":\"WebPage\",\"@id\":\"https:\/\/stretchhood.it\/fr\/la-societe\/histoire\/\",\"url\":\"https:\/\/stretchhood.it\/fr\/la-societe\/histoire\/\",\"name\":\"Histoire - Bocedi srl\",\"isPartOf\":{\"@id\":\"https:\/\/bocedisrl.com\/#website\"},\"primaryImageOfPage\":{\"@id\":\"https:\/\/stretchhood.it\/fr\/la-societe\/histoire\/#primaryimage\"},\"image\":{\"@id\":\"https:\/\/stretchhood.it\/fr\/la-societe\/histoire\/#primaryimage\"},\"thumbnailUrl\":\"https:\/\/stretchhood.it\/wp-content\/uploads\/2021\/12\/banner-history.jpg\",\"datePublished\":\"2021-11-30T13:14:57+00:00\",\"dateModified\":\"2021-12-30T11:18:31+00:00\",\"description\":\"L'histoire de Bocedi srl de 1966 \u00e0 aujourd'hui, avec un objectif simple: concevoir des solutions d'emballage de pointe.\",\"breadcrumb\":{\"@id\":\"https:\/\/stretchhood.it\/fr\/la-societe\/histoire\/#breadcrumb\"},\"inLanguage\":\"fr-FR\",\"potentialAction\":[{\"@type\":\"ReadAction\",\"target\":[\"https:\/\/stretchhood.it\/fr\/la-societe\/histoire\/\"]}]},{\"@type\":\"ImageObject\",\"inLanguage\":\"fr-FR\",\"@id\":\"https:\/\/stretchhood.it\/fr\/la-societe\/histoire\/#primaryimage\",\"url\":\"https:\/\/stretchhood.it\/wp-content\/uploads\/2021\/12\/banner-history.jpg\",\"contentUrl\":\"https:\/\/stretchhood.it\/wp-content\/uploads\/2021\/12\/banner-history.jpg\",\"width\":1200,\"height\":800},{\"@type\":\"BreadcrumbList\",\"@id\":\"https:\/\/stretchhood.it\/fr\/la-societe\/histoire\/#breadcrumb\",\"itemListElement\":[{\"@type\":\"ListItem\",\"position\":1,\"name\":\"Home\",\"item\":\"https:\/\/www.bocedisrl.com\/fr\/\"},{\"@type\":\"ListItem\",\"position\":2,\"name\":\"La Soci\u00e9t\u00e9\",\"item\":\"https:\/\/stretchhood.it\/fr\/la-societe\/\"},{\"@type\":\"ListItem\",\"position\":3,\"name\":\"Histoire\"}]},{\"@type\":\"WebSite\",\"@id\":\"https:\/\/bocedisrl.com\/#website\",\"url\":\"https:\/\/bocedisrl.com\/\",\"name\":\"Bocedi srl\",\"description\":\"Pallet Packaging Systems\",\"publisher\":{\"@id\":\"https:\/\/bocedisrl.com\/#organization\"},\"potentialAction\":[{\"@type\":\"SearchAction\",\"target\":{\"@type\":\"EntryPoint\",\"urlTemplate\":\"https:\/\/bocedisrl.com\/?s={search_term_string}\"},\"query-input\":\"required name=search_term_string\"}],\"inLanguage\":\"fr-FR\"},{\"@type\":\"Organization\",\"@id\":\"https:\/\/bocedisrl.com\/#organization\",\"name\":\"Bocedi srl\",\"url\":\"https:\/\/bocedisrl.com\/\",\"logo\":{\"@type\":\"ImageObject\",\"inLanguage\":\"fr-FR\",\"@id\":\"https:\/\/bocedisrl.com\/#\/schema\/logo\/image\/\",\"url\":\"https:\/\/www.bocedisrl.com\/wp-content\/uploads\/2021\/11\/logo-bocedi.png\",\"contentUrl\":\"https:\/\/www.bocedisrl.com\/wp-content\/uploads\/2021\/11\/logo-bocedi.png\",\"width\":800,\"height\":480,\"caption\":\"Bocedi srl\"},\"image\":{\"@id\":\"https:\/\/bocedisrl.com\/#\/schema\/logo\/image\/\"}}]}<\/script>\n<!-- \/ Yoast SEO plugin. -->","yoast_head_json":{"title":"Histoire - Bocedi srl","description":"L'histoire de Bocedi srl de 1966 \u00e0 aujourd'hui, avec un objectif simple: concevoir des solutions d'emballage de pointe.","robots":{"index":"index","follow":"follow","max-snippet":"max-snippet:-1","max-image-preview":"max-image-preview:large","max-video-preview":"max-video-preview:-1"},"canonical":"https:\/\/stretchhood.it\/fr\/la-societe\/histoire\/","og_locale":"fr_FR","og_type":"article","og_title":"Histoire - Bocedi srl","og_description":"L'histoire de Bocedi srl de 1966 \u00e0 aujourd'hui, avec un objectif simple: concevoir des solutions d'emballage de pointe.","og_url":"https:\/\/stretchhood.it\/fr\/la-societe\/histoire\/","og_site_name":"Bocedi srl","article_modified_time":"2021-12-30T11:18:31+00:00","og_image":[{"width":1200,"height":800,"url":"https:\/\/mail.stretchhood.it\/wp-content\/uploads\/2021\/12\/banner-history.jpg","type":"image\/jpeg"}],"twitter_card":"summary_large_image","twitter_misc":{"Dur\u00e9e de lecture estim\u00e9e":"1 minute"},"schema":{"@context":"https:\/\/schema.org","@graph":[{"@type":"WebPage","@id":"https:\/\/stretchhood.it\/fr\/la-societe\/histoire\/","url":"https:\/\/stretchhood.it\/fr\/la-societe\/histoire\/","name":"Histoire - Bocedi srl","isPartOf":{"@id":"https:\/\/bocedisrl.com\/#website"},"primaryImageOfPage":{"@id":"https:\/\/stretchhood.it\/fr\/la-societe\/histoire\/#primaryimage"},"image":{"@id":"https:\/\/stretchhood.it\/fr\/la-societe\/histoire\/#primaryimage"},"thumbnailUrl":"https:\/\/stretchhood.it\/wp-content\/uploads\/2021\/12\/banner-history.jpg","datePublished":"2021-11-30T13:14:57+00:00","dateModified":"2021-12-30T11:18:31+00:00","description":"L'histoire de Bocedi srl de 1966 \u00e0 aujourd'hui, avec un objectif simple: concevoir des solutions d'emballage de pointe.","breadcrumb":{"@id":"https:\/\/stretchhood.it\/fr\/la-societe\/histoire\/#breadcrumb"},"inLanguage":"fr-FR","potentialAction":[{"@type":"ReadAction","target":["https:\/\/stretchhood.it\/fr\/la-societe\/histoire\/"]}]},{"@type":"ImageObject","inLanguage":"fr-FR","@id":"https:\/\/stretchhood.it\/fr\/la-societe\/histoire\/#primaryimage","url":"https:\/\/stretchhood.it\/wp-content\/uploads\/2021\/12\/banner-history.jpg","contentUrl":"https:\/\/stretchhood.it\/wp-content\/uploads\/2021\/12\/banner-history.jpg","width":1200,"height":800},{"@type":"BreadcrumbList","@id":"https:\/\/stretchhood.it\/fr\/la-societe\/histoire\/#breadcrumb","itemListElement":[{"@type":"ListItem","position":1,"name":"Home","item":"https:\/\/www.bocedisrl.com\/fr\/"},{"@type":"ListItem","position":2,"name":"La Soci\u00e9t\u00e9","item":"https:\/\/stretchhood.it\/fr\/la-societe\/"},{"@type":"ListItem","position":3,"name":"Histoire"}]},{"@type":"WebSite","@id":"https:\/\/bocedisrl.com\/#website","url":"https:\/\/bocedisrl.com\/","name":"Bocedi srl","description":"Pallet Packaging Systems","publisher":{"@id":"https:\/\/bocedisrl.com\/#organization"},"potentialAction":[{"@type":"SearchAction","target":{"@type":"EntryPoint","urlTemplate":"https:\/\/bocedisrl.com\/?s={search_term_string}"},"query-input":"required name=search_term_string"}],"inLanguage":"fr-FR"},{"@type":"Organization","@id":"https:\/\/bocedisrl.com\/#organization","name":"Bocedi srl","url":"https:\/\/bocedisrl.com\/","logo":{"@type":"ImageObject","inLanguage":"fr-FR","@id":"https:\/\/bocedisrl.com\/#\/schema\/logo\/image\/","url":"https:\/\/www.bocedisrl.com\/wp-content\/uploads\/2021\/11\/logo-bocedi.png","contentUrl":"https:\/\/www.bocedisrl.com\/wp-content\/uploads\/2021\/11\/logo-bocedi.png","width":800,"height":480,"caption":"Bocedi srl"},"image":{"@id":"https:\/\/bocedisrl.com\/#\/schema\/logo\/image\/"}}]}},"_links":{"self":[{"href":"https:\/\/stretchhood.it\/fr\/wp-json\/wp\/v2\/pages\/4090"}],"collection":[{"href":"https:\/\/stretchhood.it\/fr\/wp-json\/wp\/v2\/pages"}],"about":[{"href":"https:\/\/stretchhood.it\/fr\/wp-json\/wp\/v2\/types\/page"}],"author":[{"embeddable":true,"href":"https:\/\/stretchhood.it\/fr\/wp-json\/wp\/v2\/users\/1"}],"replies":[{"embeddable":true,"href":"https:\/\/stretchhood.it\/fr\/wp-json\/wp\/v2\/comments?post=4090"}],"version-history":[{"count":1,"href":"https:\/\/stretchhood.it\/fr\/wp-json\/wp\/v2\/pages\/4090\/revisions"}],"predecessor-version":[{"id":4091,"href":"https:\/\/stretchhood.it\/fr\/wp-json\/wp\/v2\/pages\/4090\/revisions\/4091"}],"up":[{"embeddable":true,"href":"https:\/\/stretchhood.it\/fr\/wp-json\/wp\/v2\/pages\/4079"}],"wp:featuredmedia":[{"embeddable":true,"href":"https:\/\/stretchhood.it\/fr\/wp-json\/wp\/v2\/media\/2944"}],"wp:attachment":[{"href":"https:\/\/stretchhood.it\/fr\/wp-json\/wp\/v2\/media?parent=4090"}],"curies":[{"name":"wp","href":"https:\/\/api.w.org\/{rel}","templated":true}]}}