{"id":4465,"date":"2021-11-30T14:17:50","date_gmt":"2021-11-30T13:17:50","guid":{"rendered":"https:\/\/www.stretchhood.it\/industrias\/alimentos-y-bebidas\/"},"modified":"2021-12-30T13:18:50","modified_gmt":"2021-12-30T12:18:50","slug":"alimentos-y-bebidas","status":"publish","type":"page","link":"https:\/\/stretchhood.it\/es\/industrias\/alimentos-y-bebidas\/","title":{"rendered":"Alimentos y Bebidas"},"content":{"rendered":"\n<div class=\"wp-block-group alternating-columns is-layout-flow wp-block-group-is-layout-flow\">\n<div class=\"wp-block-columns is-layout-flex wp-container-core-columns-is-layout-1 wp-block-columns-is-layout-flex\">\n<div class=\"wp-block-column is-layout-flow wp-block-column-is-layout-flow\"><div class=\"wp-block-getwid-images-slider has-arrows-inside has-dots-inside has-images-center has-cropped-images has-fixed-height\"><div class=\"wp-block-getwid-images-slider__wrapper\" data-effect=\"fade\" data-slides-show=\"1\" data-slides-show-laptop=\"1\" data-slides-show-tablet=\"1\" data-slides-show-mobile=\"1\" data-slides-scroll=\"1\" data-autoplay=\"true\" data-autoplay-speed=\"5000\" data-infinite=\"true\" data-animation-speed=\"800\" data-center-mode=\"false\" data-variable-width=\"false\" data-arrows=\"inside\" data-dots=\"inside\" data-spacing=\"none\"><div class=\"wp-block-getwid-images-slider__item\" style=\"height:350px\"><figure><img loading=\"lazy\" decoding=\"async\" width=\"1200\" height=\"800\" src=\"https:\/\/www.stretchhood.it\/wp-content\/uploads\/2021\/12\/image-industries-food-and-beverage-a-01.jpg\" data-id=\"2263\" data-link=\"https:\/\/www.stretchhood.it\/industries\/food-and-beverage\/attachment\/image-industries-food-and-beverage-a-01\/\" data-original-link=\"https:\/\/www.stretchhood.it\/wp-content\/uploads\/2021\/12\/image-industries-food-and-beverage-a-01.jpg\" class=\"wp-block-getwid-images-slider__image wp-image-2263\" srcset=\"https:\/\/www.stretchhood.it\/wp-content\/uploads\/2021\/12\/image-industries-food-and-beverage-a-01.jpg 1200w, https:\/\/www.stretchhood.it\/wp-content\/uploads\/2021\/12\/image-industries-food-and-beverage-a-01-980x653.jpg 980w, https:\/\/www.stretchhood.it\/wp-content\/uploads\/2021\/12\/image-industries-food-and-beverage-a-01-480x320.jpg 480w\" sizes=\"(min-width: 0px) and (max-width: 480px) 480px, (min-width: 481px) and (max-width: 980px) 980px, (min-width: 981px) 1200px, 100vw\" \/><\/figure><\/div><div class=\"wp-block-getwid-images-slider__item\" style=\"height:350px\"><figure><img loading=\"lazy\" decoding=\"async\" width=\"1200\" height=\"800\" src=\"https:\/\/www.stretchhood.it\/wp-content\/uploads\/2021\/12\/image-industries-food-and-beverage-a-02.jpg\" data-id=\"2264\" data-link=\"https:\/\/www.stretchhood.it\/industries\/food-and-beverage\/attachment\/image-industries-food-and-beverage-a-02\/\" data-original-link=\"https:\/\/www.stretchhood.it\/wp-content\/uploads\/2021\/12\/image-industries-food-and-beverage-a-02.jpg\" class=\"wp-block-getwid-images-slider__image wp-image-2264\" srcset=\"https:\/\/www.stretchhood.it\/wp-content\/uploads\/2021\/12\/image-industries-food-and-beverage-a-02.jpg 1200w, https:\/\/www.stretchhood.it\/wp-content\/uploads\/2021\/12\/image-industries-food-and-beverage-a-02-980x653.jpg 980w, https:\/\/www.stretchhood.it\/wp-content\/uploads\/2021\/12\/image-industries-food-and-beverage-a-02-480x320.jpg 480w\" sizes=\"(min-width: 0px) and (max-width: 480px) 480px, (min-width: 481px) and (max-width: 980px) 980px, (min-width: 981px) 1200px, 100vw\" \/><\/figure><\/div><div class=\"wp-block-getwid-images-slider__item\" style=\"height:350px\"><figure><img loading=\"lazy\" decoding=\"async\" width=\"1200\" height=\"800\" src=\"https:\/\/www.stretchhood.it\/wp-content\/uploads\/2021\/12\/image-industries-food-and-beverage-a-03.jpg\" data-id=\"2265\" data-link=\"https:\/\/www.stretchhood.it\/industries\/food-and-beverage\/attachment\/image-industries-food-and-beverage-a-03\/\" data-original-link=\"https:\/\/www.stretchhood.it\/wp-content\/uploads\/2021\/12\/image-industries-food-and-beverage-a-03.jpg\" class=\"wp-block-getwid-images-slider__image wp-image-2265\" srcset=\"https:\/\/www.stretchhood.it\/wp-content\/uploads\/2021\/12\/image-industries-food-and-beverage-a-03.jpg 1200w, https:\/\/www.stretchhood.it\/wp-content\/uploads\/2021\/12\/image-industries-food-and-beverage-a-03-980x653.jpg 980w, https:\/\/www.stretchhood.it\/wp-content\/uploads\/2021\/12\/image-industries-food-and-beverage-a-03-480x320.jpg 480w\" sizes=\"(min-width: 0px) and (max-width: 480px) 480px, (min-width: 481px) and (max-width: 980px) 980px, (min-width: 981px) 1200px, 100vw\" \/><\/figure><\/div><div class=\"wp-block-getwid-images-slider__item\" style=\"height:350px\"><figure><img loading=\"lazy\" decoding=\"async\" width=\"1200\" height=\"800\" src=\"https:\/\/www.stretchhood.it\/wp-content\/uploads\/2021\/12\/image-industries-food-and-beverage-a-04.jpg\" data-id=\"2266\" data-link=\"https:\/\/www.stretchhood.it\/industries\/food-and-beverage\/attachment\/image-industries-food-and-beverage-a-04\/\" data-original-link=\"https:\/\/www.stretchhood.it\/wp-content\/uploads\/2021\/12\/image-industries-food-and-beverage-a-04.jpg\" class=\"wp-block-getwid-images-slider__image wp-image-2266\" srcset=\"https:\/\/www.stretchhood.it\/wp-content\/uploads\/2021\/12\/image-industries-food-and-beverage-a-04.jpg 1200w, https:\/\/www.stretchhood.it\/wp-content\/uploads\/2021\/12\/image-industries-food-and-beverage-a-04-980x653.jpg 980w, https:\/\/www.stretchhood.it\/wp-content\/uploads\/2021\/12\/image-industries-food-and-beverage-a-04-480x320.jpg 480w\" sizes=\"(min-width: 0px) and (max-width: 480px) 480px, (min-width: 481px) and (max-width: 980px) 980px, (min-width: 981px) 1200px, 100vw\" \/><\/figure><\/div><div class=\"wp-block-getwid-images-slider__item\" style=\"height:350px\"><figure><img loading=\"lazy\" decoding=\"async\" width=\"1200\" height=\"800\" src=\"https:\/\/www.stretchhood.it\/wp-content\/uploads\/2021\/12\/image-industries-food-and-beverage-a-05.jpg\" data-id=\"2267\" data-link=\"https:\/\/www.stretchhood.it\/industries\/food-and-beverage\/attachment\/image-industries-food-and-beverage-a-05\/\" data-original-link=\"https:\/\/www.stretchhood.it\/wp-content\/uploads\/2021\/12\/image-industries-food-and-beverage-a-05.jpg\" class=\"wp-block-getwid-images-slider__image wp-image-2267\" srcset=\"https:\/\/www.stretchhood.it\/wp-content\/uploads\/2021\/12\/image-industries-food-and-beverage-a-05.jpg 1200w, https:\/\/www.stretchhood.it\/wp-content\/uploads\/2021\/12\/image-industries-food-and-beverage-a-05-980x653.jpg 980w, https:\/\/www.stretchhood.it\/wp-content\/uploads\/2021\/12\/image-industries-food-and-beverage-a-05-480x320.jpg 480w\" sizes=\"(min-width: 0px) and (max-width: 480px) 480px, (min-width: 481px) and (max-width: 980px) 980px, (min-width: 981px) 1200px, 100vw\" \/><\/figure><\/div><\/div><\/div>\r\n<\/div>\n\n\n\n<div class=\"wp-block-column is-layout-flow wp-block-column-is-layout-flow\">\n<h3 class=\"wp-block-heading\">Soluciones espec\u00edficas<\/h3>\n\n\n\n<p>Las m\u00e1quinas\u00a0<a href=\"\/es\/sistemas-de-embalaje\/stretch-hood\/\">enfundadoras en fr\u00edo<\/a>\u00a0de Bocedi garantizan una gran flexibilidad y alta velocidad en la producci\u00f3n.<\/p>\n\n\n\n<p>La gama de enfundadoras en fr\u00edo de Bocedi pueden llegar a trabajar hasta\u00a0<a href=\"\/es\/sistemas-de-embalaje\/stretch-hood\/fb2000\/\">280 tarimas por hora<\/a>. Las m\u00e1quinas est\u00e1n dise\u00f1adas para trabajar con pel\u00edculas delgadas personalizables para reducir los costes generales de embalaje y pueden embalar una amplia variedad de diferentes tama\u00f1os de tarimas con una sola m\u00e1quina.<\/p>\n\n\n\n<p>El embalaje con enfundadoras en fr\u00edo es ideal para la industria, ya que no altera la forma general de la carga, garantiza una excelente estabilidad de la tarima y es adecuado para productos sensibles al calor.<\/p>\n<\/div>\n<\/div>\n\n\n\n<div class=\"wp-block-columns is-layout-flex wp-container-core-columns-is-layout-2 wp-block-columns-is-layout-flex\">\n<div class=\"wp-block-column is-layout-flow wp-block-column-is-layout-flow\"><div class=\"wp-block-getwid-images-slider has-arrows-inside has-dots-inside has-images-center has-cropped-images has-fixed-height\"><div class=\"wp-block-getwid-images-slider__wrapper\" data-effect=\"fade\" data-slides-show=\"1\" data-slides-show-laptop=\"1\" data-slides-show-tablet=\"1\" data-slides-show-mobile=\"1\" data-slides-scroll=\"1\" data-autoplay=\"true\" data-autoplay-speed=\"5000\" data-infinite=\"true\" data-animation-speed=\"800\" data-center-mode=\"false\" data-variable-width=\"false\" data-arrows=\"inside\" data-dots=\"inside\" data-spacing=\"none\"><div class=\"wp-block-getwid-images-slider__item\" style=\"height:350px\"><figure><img loading=\"lazy\" decoding=\"async\" width=\"1200\" height=\"800\" src=\"https:\/\/www.stretchhood.it\/wp-content\/uploads\/2021\/12\/image-industries-food-and-beverage-b-01.jpg\" data-id=\"2268\" data-link=\"https:\/\/www.stretchhood.it\/industries\/food-and-beverage\/attachment\/image-industries-food-and-beverage-b-01\/\" data-original-link=\"https:\/\/www.stretchhood.it\/wp-content\/uploads\/2021\/12\/image-industries-food-and-beverage-b-01.jpg\" class=\"wp-block-getwid-images-slider__image wp-image-2268\" srcset=\"https:\/\/www.stretchhood.it\/wp-content\/uploads\/2021\/12\/image-industries-food-and-beverage-b-01.jpg 1200w, https:\/\/www.stretchhood.it\/wp-content\/uploads\/2021\/12\/image-industries-food-and-beverage-b-01-980x653.jpg 980w, https:\/\/www.stretchhood.it\/wp-content\/uploads\/2021\/12\/image-industries-food-and-beverage-b-01-480x320.jpg 480w\" sizes=\"(min-width: 0px) and (max-width: 480px) 480px, (min-width: 481px) and (max-width: 980px) 980px, (min-width: 981px) 1200px, 100vw\" \/><\/figure><\/div><div class=\"wp-block-getwid-images-slider__item\" style=\"height:350px\"><figure><img loading=\"lazy\" decoding=\"async\" width=\"1200\" height=\"800\" src=\"https:\/\/www.stretchhood.it\/wp-content\/uploads\/2021\/12\/image-industries-food-and-beverage-b-02.jpg\" data-id=\"2269\" data-link=\"https:\/\/www.stretchhood.it\/industries\/food-and-beverage\/attachment\/image-industries-food-and-beverage-b-02\/\" data-original-link=\"https:\/\/www.stretchhood.it\/wp-content\/uploads\/2021\/12\/image-industries-food-and-beverage-b-02.jpg\" class=\"wp-block-getwid-images-slider__image wp-image-2269\" srcset=\"https:\/\/www.stretchhood.it\/wp-content\/uploads\/2021\/12\/image-industries-food-and-beverage-b-02.jpg 1200w, https:\/\/www.stretchhood.it\/wp-content\/uploads\/2021\/12\/image-industries-food-and-beverage-b-02-980x653.jpg 980w, https:\/\/www.stretchhood.it\/wp-content\/uploads\/2021\/12\/image-industries-food-and-beverage-b-02-480x320.jpg 480w\" sizes=\"(min-width: 0px) and (max-width: 480px) 480px, (min-width: 481px) and (max-width: 980px) 980px, (min-width: 981px) 1200px, 100vw\" \/><\/figure><\/div><div class=\"wp-block-getwid-images-slider__item\" style=\"height:350px\"><figure><img loading=\"lazy\" decoding=\"async\" width=\"1200\" height=\"800\" src=\"https:\/\/www.stretchhood.it\/wp-content\/uploads\/2021\/12\/image-industries-food-and-beverage-b-03.jpg\" data-id=\"2270\" data-link=\"https:\/\/www.stretchhood.it\/industries\/food-and-beverage\/attachment\/image-industries-food-and-beverage-b-03\/\" data-original-link=\"https:\/\/www.stretchhood.it\/wp-content\/uploads\/2021\/12\/image-industries-food-and-beverage-b-03.jpg\" class=\"wp-block-getwid-images-slider__image wp-image-2270\" srcset=\"https:\/\/www.stretchhood.it\/wp-content\/uploads\/2021\/12\/image-industries-food-and-beverage-b-03.jpg 1200w, https:\/\/www.stretchhood.it\/wp-content\/uploads\/2021\/12\/image-industries-food-and-beverage-b-03-980x653.jpg 980w, https:\/\/www.stretchhood.it\/wp-content\/uploads\/2021\/12\/image-industries-food-and-beverage-b-03-480x320.jpg 480w\" sizes=\"(min-width: 0px) and (max-width: 480px) 480px, (min-width: 481px) and (max-width: 980px) 980px, (min-width: 981px) 1200px, 100vw\" \/><\/figure><\/div><div class=\"wp-block-getwid-images-slider__item\" style=\"height:350px\"><figure><img loading=\"lazy\" decoding=\"async\" width=\"1200\" height=\"800\" src=\"https:\/\/www.stretchhood.it\/wp-content\/uploads\/2021\/12\/image-industries-food-and-beverage-b-04.jpg\" data-id=\"2271\" data-link=\"https:\/\/www.stretchhood.it\/industries\/food-and-beverage\/attachment\/image-industries-food-and-beverage-b-04\/\" data-original-link=\"https:\/\/www.stretchhood.it\/wp-content\/uploads\/2021\/12\/image-industries-food-and-beverage-b-04.jpg\" class=\"wp-block-getwid-images-slider__image wp-image-2271\" srcset=\"https:\/\/www.stretchhood.it\/wp-content\/uploads\/2021\/12\/image-industries-food-and-beverage-b-04.jpg 1200w, https:\/\/www.stretchhood.it\/wp-content\/uploads\/2021\/12\/image-industries-food-and-beverage-b-04-980x653.jpg 980w, https:\/\/www.stretchhood.it\/wp-content\/uploads\/2021\/12\/image-industries-food-and-beverage-b-04-480x320.jpg 480w\" sizes=\"(min-width: 0px) and (max-width: 480px) 480px, (min-width: 481px) and (max-width: 980px) 980px, (min-width: 981px) 1200px, 100vw\" \/><\/figure><\/div><div class=\"wp-block-getwid-images-slider__item\" style=\"height:350px\"><figure><img loading=\"lazy\" decoding=\"async\" width=\"1200\" height=\"800\" src=\"https:\/\/www.stretchhood.it\/wp-content\/uploads\/2021\/12\/image-industries-food-and-beverage-b-05.jpg\" data-id=\"2272\" data-link=\"https:\/\/www.stretchhood.it\/industries\/food-and-beverage\/attachment\/image-industries-food-and-beverage-b-05\/\" data-original-link=\"https:\/\/www.stretchhood.it\/wp-content\/uploads\/2021\/12\/image-industries-food-and-beverage-b-05.jpg\" class=\"wp-block-getwid-images-slider__image wp-image-2272\" srcset=\"https:\/\/www.stretchhood.it\/wp-content\/uploads\/2021\/12\/image-industries-food-and-beverage-b-05.jpg 1200w, https:\/\/www.stretchhood.it\/wp-content\/uploads\/2021\/12\/image-industries-food-and-beverage-b-05-980x653.jpg 980w, https:\/\/www.stretchhood.it\/wp-content\/uploads\/2021\/12\/image-industries-food-and-beverage-b-05-480x320.jpg 480w\" sizes=\"(min-width: 0px) and (max-width: 480px) 480px, (min-width: 481px) and (max-width: 980px) 980px, (min-width: 981px) 1200px, 100vw\" \/><\/figure><\/div><\/div><\/div>\r\n<\/div>\n\n\n\n<div class=\"wp-block-column is-layout-flow wp-block-column-is-layout-flow\">\n<h3 class=\"wp-block-heading\">Alternativa competitiva frente a la envoltura<\/h3>\n\n\n\n<p>El enfundado en fr\u00edo ofrece muchas ventajas a la industria comparado con la envoltura extensible. La enfundadora en fr\u00edo es muy vers\u00e1til y puede adaptarse a una vasta variedad de tama\u00f1os de tarimas diferentes, llegando a producir\u00a0<a href=\"\/es\/sistemas-de-embalaje\/stretch-hood\/fb4-0\/\">280 tarimas\/hora<\/a>, con muy pocas paradas para el cambio de pel\u00edcula.<\/p>\n\n\n\n<p>La aplicaci\u00f3n de pel\u00edcula clara ofrece una presentaci\u00f3n extraordinaria a los productos; de hecho, un embalaje impecable y profesional impacta positivamente en la actitud de compradores\/clientes. Las pel\u00edculas para el enfundado en fr\u00edo son totalmente personalizables en lo que se refiere a colores y grafismos y ofrecen un embalaje a prueba de agua y de polvo.<\/p>\n\n\n\n<p>El sistema autom\u00e1tico de identificaci\u00f3n de tarima establece la cantidad exacta de pl\u00e1stico que debe utilizarse evitando despilfarros y permitiendo un f\u00e1cil presupuesto del embalaje. Las pel\u00edculas de enfundado en fr\u00edo son reciclables.<\/p>\n<\/div>\n<\/div>\n<\/div>\n","protected":false},"excerpt":{"rendered":"<p>Soluciones espec\u00edficas Las m\u00e1quinas\u00a0enfundadoras en fr\u00edo\u00a0de Bocedi garantizan una gran flexibilidad y alta velocidad en la producci\u00f3n. La gama de enfundadoras en fr\u00edo de Bocedi pueden llegar a trabajar hasta\u00a0280 tarimas por hora. Las m\u00e1quinas est\u00e1n dise\u00f1adas para trabajar con pel\u00edculas delgadas personalizables para reducir los costes generales de embalaje y pueden embalar una amplia [&hellip;]<\/p>\n","protected":false},"author":1,"featured_media":2793,"parent":3992,"menu_order":0,"comment_status":"closed","ping_status":"closed","template":"","meta":{"_acf_changed":false,"_et_pb_use_builder":"","_et_pb_old_content":"","_et_gb_content_width":"","footnotes":""},"acf":[],"yoast_head":"<!-- This site is optimized with the Yoast SEO plugin v22.7 - https:\/\/yoast.com\/wordpress\/plugins\/seo\/ -->\n<title>Alimentos y Bebidas - Bocedi srl<\/title>\n<meta name=\"description\" content=\"Las soluciones de enfundado Bocedi son perfectos para la industria del envasado secundario de alimentos y bebidas.\" \/>\n<meta name=\"robots\" content=\"index, follow, max-snippet:-1, max-image-preview:large, max-video-preview:-1\" \/>\n<link rel=\"canonical\" href=\"https:\/\/stretchhood.it\/es\/industrias\/alimentos-y-bebidas\/\" \/>\n<meta property=\"og:locale\" content=\"es_ES\" \/>\n<meta property=\"og:type\" content=\"article\" \/>\n<meta property=\"og:title\" content=\"Alimentos y Bebidas - Bocedi srl\" \/>\n<meta property=\"og:description\" content=\"Las soluciones de enfundado Bocedi son perfectos para la industria del envasado secundario de alimentos y bebidas.\" \/>\n<meta property=\"og:url\" content=\"https:\/\/stretchhood.it\/es\/industrias\/alimentos-y-bebidas\/\" \/>\n<meta property=\"og:site_name\" content=\"Bocedi srl\" \/>\n<meta property=\"article:modified_time\" content=\"2021-12-30T12:18:50+00:00\" \/>\n<meta property=\"og:image\" content=\"https:\/\/stretchhood.it\/wp-content\/uploads\/2021\/12\/banner-industries-food-and-beverages.jpg\" \/>\n\t<meta property=\"og:image:width\" content=\"1200\" \/>\n\t<meta property=\"og:image:height\" content=\"800\" \/>\n\t<meta property=\"og:image:type\" content=\"image\/jpeg\" \/>\n<meta name=\"twitter:card\" content=\"summary_large_image\" \/>\n<meta name=\"twitter:label1\" content=\"Tiempo de lectura\" \/>\n\t<meta name=\"twitter:data1\" content=\"1 minuto\" \/>\n<script type=\"application\/ld+json\" class=\"yoast-schema-graph\">{\"@context\":\"https:\/\/schema.org\",\"@graph\":[{\"@type\":\"WebPage\",\"@id\":\"https:\/\/stretchhood.it\/es\/industrias\/alimentos-y-bebidas\/\",\"url\":\"https:\/\/stretchhood.it\/es\/industrias\/alimentos-y-bebidas\/\",\"name\":\"Alimentos y Bebidas - Bocedi srl\",\"isPartOf\":{\"@id\":\"https:\/\/mail.stretchhood.it\/es\/#website\"},\"primaryImageOfPage\":{\"@id\":\"https:\/\/stretchhood.it\/es\/industrias\/alimentos-y-bebidas\/#primaryimage\"},\"image\":{\"@id\":\"https:\/\/stretchhood.it\/es\/industrias\/alimentos-y-bebidas\/#primaryimage\"},\"thumbnailUrl\":\"https:\/\/stretchhood.it\/wp-content\/uploads\/2021\/12\/banner-industries-food-and-beverages.jpg\",\"datePublished\":\"2021-11-30T13:17:50+00:00\",\"dateModified\":\"2021-12-30T12:18:50+00:00\",\"description\":\"Las soluciones de enfundado Bocedi son perfectos para la industria del envasado secundario de alimentos y bebidas.\",\"breadcrumb\":{\"@id\":\"https:\/\/stretchhood.it\/es\/industrias\/alimentos-y-bebidas\/#breadcrumb\"},\"inLanguage\":\"es\",\"potentialAction\":[{\"@type\":\"ReadAction\",\"target\":[\"https:\/\/stretchhood.it\/es\/industrias\/alimentos-y-bebidas\/\"]}]},{\"@type\":\"ImageObject\",\"inLanguage\":\"es\",\"@id\":\"https:\/\/stretchhood.it\/es\/industrias\/alimentos-y-bebidas\/#primaryimage\",\"url\":\"https:\/\/stretchhood.it\/wp-content\/uploads\/2021\/12\/banner-industries-food-and-beverages.jpg\",\"contentUrl\":\"https:\/\/stretchhood.it\/wp-content\/uploads\/2021\/12\/banner-industries-food-and-beverages.jpg\",\"width\":1200,\"height\":800},{\"@type\":\"BreadcrumbList\",\"@id\":\"https:\/\/stretchhood.it\/es\/industrias\/alimentos-y-bebidas\/#breadcrumb\",\"itemListElement\":[{\"@type\":\"ListItem\",\"position\":1,\"name\":\"Home\",\"item\":\"https:\/\/www.bocedisrl.com\/es\/\"},{\"@type\":\"ListItem\",\"position\":2,\"name\":\"Industrias\",\"item\":\"https:\/\/www.stretchhood.it\/es\/industrias\/\"},{\"@type\":\"ListItem\",\"position\":3,\"name\":\"Alimentos y Bebidas\"}]},{\"@type\":\"WebSite\",\"@id\":\"https:\/\/mail.stretchhood.it\/es\/#website\",\"url\":\"https:\/\/mail.stretchhood.it\/es\/\",\"name\":\"Bocedi srl\",\"description\":\"Pallet Packaging Systems\",\"publisher\":{\"@id\":\"https:\/\/mail.stretchhood.it\/es\/#organization\"},\"potentialAction\":[{\"@type\":\"SearchAction\",\"target\":{\"@type\":\"EntryPoint\",\"urlTemplate\":\"https:\/\/mail.stretchhood.it\/es\/?s={search_term_string}\"},\"query-input\":\"required name=search_term_string\"}],\"inLanguage\":\"es\"},{\"@type\":\"Organization\",\"@id\":\"https:\/\/mail.stretchhood.it\/es\/#organization\",\"name\":\"Bocedi srl\",\"url\":\"https:\/\/mail.stretchhood.it\/es\/\",\"logo\":{\"@type\":\"ImageObject\",\"inLanguage\":\"es\",\"@id\":\"https:\/\/mail.stretchhood.it\/es\/#\/schema\/logo\/image\/\",\"url\":\"https:\/\/www.bocedisrl.com\/wp-content\/uploads\/2021\/11\/logo-bocedi.png\",\"contentUrl\":\"https:\/\/www.bocedisrl.com\/wp-content\/uploads\/2021\/11\/logo-bocedi.png\",\"width\":800,\"height\":480,\"caption\":\"Bocedi srl\"},\"image\":{\"@id\":\"https:\/\/mail.stretchhood.it\/es\/#\/schema\/logo\/image\/\"}}]}<\/script>\n<!-- \/ Yoast SEO plugin. -->","yoast_head_json":{"title":"Alimentos y Bebidas - Bocedi srl","description":"Las soluciones de enfundado Bocedi son perfectos para la industria del envasado secundario de alimentos y bebidas.","robots":{"index":"index","follow":"follow","max-snippet":"max-snippet:-1","max-image-preview":"max-image-preview:large","max-video-preview":"max-video-preview:-1"},"canonical":"https:\/\/stretchhood.it\/es\/industrias\/alimentos-y-bebidas\/","og_locale":"es_ES","og_type":"article","og_title":"Alimentos y Bebidas - Bocedi srl","og_description":"Las soluciones de enfundado Bocedi son perfectos para la industria del envasado secundario de alimentos y bebidas.","og_url":"https:\/\/stretchhood.it\/es\/industrias\/alimentos-y-bebidas\/","og_site_name":"Bocedi srl","article_modified_time":"2021-12-30T12:18:50+00:00","og_image":[{"width":1200,"height":800,"url":"https:\/\/stretchhood.it\/wp-content\/uploads\/2021\/12\/banner-industries-food-and-beverages.jpg","type":"image\/jpeg"}],"twitter_card":"summary_large_image","twitter_misc":{"Tiempo de lectura":"1 minuto"},"schema":{"@context":"https:\/\/schema.org","@graph":[{"@type":"WebPage","@id":"https:\/\/stretchhood.it\/es\/industrias\/alimentos-y-bebidas\/","url":"https:\/\/stretchhood.it\/es\/industrias\/alimentos-y-bebidas\/","name":"Alimentos y Bebidas - Bocedi srl","isPartOf":{"@id":"https:\/\/mail.stretchhood.it\/es\/#website"},"primaryImageOfPage":{"@id":"https:\/\/stretchhood.it\/es\/industrias\/alimentos-y-bebidas\/#primaryimage"},"image":{"@id":"https:\/\/stretchhood.it\/es\/industrias\/alimentos-y-bebidas\/#primaryimage"},"thumbnailUrl":"https:\/\/stretchhood.it\/wp-content\/uploads\/2021\/12\/banner-industries-food-and-beverages.jpg","datePublished":"2021-11-30T13:17:50+00:00","dateModified":"2021-12-30T12:18:50+00:00","description":"Las soluciones de enfundado Bocedi son perfectos para la industria del envasado secundario de alimentos y bebidas.","breadcrumb":{"@id":"https:\/\/stretchhood.it\/es\/industrias\/alimentos-y-bebidas\/#breadcrumb"},"inLanguage":"es","potentialAction":[{"@type":"ReadAction","target":["https:\/\/stretchhood.it\/es\/industrias\/alimentos-y-bebidas\/"]}]},{"@type":"ImageObject","inLanguage":"es","@id":"https:\/\/stretchhood.it\/es\/industrias\/alimentos-y-bebidas\/#primaryimage","url":"https:\/\/stretchhood.it\/wp-content\/uploads\/2021\/12\/banner-industries-food-and-beverages.jpg","contentUrl":"https:\/\/stretchhood.it\/wp-content\/uploads\/2021\/12\/banner-industries-food-and-beverages.jpg","width":1200,"height":800},{"@type":"BreadcrumbList","@id":"https:\/\/stretchhood.it\/es\/industrias\/alimentos-y-bebidas\/#breadcrumb","itemListElement":[{"@type":"ListItem","position":1,"name":"Home","item":"https:\/\/www.bocedisrl.com\/es\/"},{"@type":"ListItem","position":2,"name":"Industrias","item":"https:\/\/www.stretchhood.it\/es\/industrias\/"},{"@type":"ListItem","position":3,"name":"Alimentos y Bebidas"}]},{"@type":"WebSite","@id":"https:\/\/mail.stretchhood.it\/es\/#website","url":"https:\/\/mail.stretchhood.it\/es\/","name":"Bocedi srl","description":"Pallet Packaging Systems","publisher":{"@id":"https:\/\/mail.stretchhood.it\/es\/#organization"},"potentialAction":[{"@type":"SearchAction","target":{"@type":"EntryPoint","urlTemplate":"https:\/\/mail.stretchhood.it\/es\/?s={search_term_string}"},"query-input":"required name=search_term_string"}],"inLanguage":"es"},{"@type":"Organization","@id":"https:\/\/mail.stretchhood.it\/es\/#organization","name":"Bocedi srl","url":"https:\/\/mail.stretchhood.it\/es\/","logo":{"@type":"ImageObject","inLanguage":"es","@id":"https:\/\/mail.stretchhood.it\/es\/#\/schema\/logo\/image\/","url":"https:\/\/www.bocedisrl.com\/wp-content\/uploads\/2021\/11\/logo-bocedi.png","contentUrl":"https:\/\/www.bocedisrl.com\/wp-content\/uploads\/2021\/11\/logo-bocedi.png","width":800,"height":480,"caption":"Bocedi srl"},"image":{"@id":"https:\/\/mail.stretchhood.it\/es\/#\/schema\/logo\/image\/"}}]}},"_links":{"self":[{"href":"https:\/\/stretchhood.it\/es\/wp-json\/wp\/v2\/pages\/4465"}],"collection":[{"href":"https:\/\/stretchhood.it\/es\/wp-json\/wp\/v2\/pages"}],"about":[{"href":"https:\/\/stretchhood.it\/es\/wp-json\/wp\/v2\/types\/page"}],"author":[{"embeddable":true,"href":"https:\/\/stretchhood.it\/es\/wp-json\/wp\/v2\/users\/1"}],"replies":[{"embeddable":true,"href":"https:\/\/stretchhood.it\/es\/wp-json\/wp\/v2\/comments?post=4465"}],"version-history":[{"count":2,"href":"https:\/\/stretchhood.it\/es\/wp-json\/wp\/v2\/pages\/4465\/revisions"}],"predecessor-version":[{"id":4468,"href":"https:\/\/stretchhood.it\/es\/wp-json\/wp\/v2\/pages\/4465\/revisions\/4468"}],"up":[{"embeddable":true,"href":"https:\/\/stretchhood.it\/es\/wp-json\/wp\/v2\/pages\/3992"}],"wp:featuredmedia":[{"embeddable":true,"href":"https:\/\/stretchhood.it\/es\/wp-json\/wp\/v2\/media\/2793"}],"wp:attachment":[{"href":"https:\/\/stretchhood.it\/es\/wp-json\/wp\/v2\/media?parent=4465"}],"curies":[{"name":"wp","href":"https:\/\/api.w.org\/{rel}","templated":true}]}}