{"id":4418,"date":"2021-12-10T07:56:37","date_gmt":"2021-12-10T06:56:37","guid":{"rendered":"https:\/\/www.stretchhood.it\/sistemas-de-embalaje\/termo-retractil\/maquinas-enfundadoras\/"},"modified":"2021-12-30T12:47:50","modified_gmt":"2021-12-30T11:47:50","slug":"maquinas-enfundadoras","status":"publish","type":"page","link":"https:\/\/stretchhood.it\/es\/sistemas-de-embalaje\/termo-retractil\/maquinas-enfundadoras\/","title":{"rendered":"M\u00e1quinas enfundadoras"},"content":{"rendered":"\n<div class=\"wp-block-columns is-layout-flex wp-container-core-columns-is-layout-1 wp-block-columns-is-layout-flex\">\n<div class=\"wp-block-column is-layout-flow wp-block-column-is-layout-flow\">\n<h3 class=\"wp-block-heading\">M\u00e1quinas enfundadoras<\/h3>\n\n\n\n<p>Fabricadas con experiencia y actualizadas constantemente a lo largo de los a\u00f1os, las m\u00e1quinas enfundadoras Bocedi, con pl\u00e1stico para retracci\u00f3n, est\u00e1n dise\u00f1adas para automatizar la fase de enfundado, disponible en 2 opciones con diferentes clasificaciones.<\/p>\n\n\n\n<p>Las m\u00e1quinas trabajan con pel\u00edculas tubulares t\u00e9rmicas que se desenrollan autom\u00e1ticamente y una barra de sellado las corta autom\u00e1ticamente a medida y luego se inflan como un globo para evitar el contacto con la carga cuando se aplican alrededor de la misma.<\/p>\n\n\n\n<h3 class=\"wp-block-heading\">Diferentes formatos de tarimas<\/h3>\n\n\n\n<p>Las enfundadoras se pueden configurar entre 1 y 6 diferentes tama\u00f1os o espesores de pel\u00edcula, para ofrecer la posibilidad de embalar diferentes formatos de tarimas con una sola m\u00e1quina.<\/p>\n\n\n\n<h3 class=\"wp-block-heading\">La funda de pl\u00e1stico se adapta<\/h3>\n\n\n\n<p>Las tarimas se detectan autom\u00e1ticamente y el alimentador de pel\u00edcula puede preparar el tama\u00f1o de pel\u00edcula adecuado. La funda de pl\u00e1stico se adapta, se corta y se sella a medida. La m\u00e1quina est\u00e1 dise\u00f1ada para trabajar con pel\u00edculas delgadas, para reducir la cantidad de pl\u00e1stico utilizado y los costes generales de embalaje.<\/p>\n<\/div>\n\n\n\n<div class=\"wp-block-column is-layout-flow wp-block-column-is-layout-flow\"><div class=\"wp-block-getwid-images-slider has-arrows-inside has-dots-inside has-images-center has-cropped-images has-fixed-height\"><div class=\"wp-block-getwid-images-slider__wrapper\" data-effect=\"fade\" data-slides-show=\"1\" data-slides-show-laptop=\"1\" data-slides-show-tablet=\"1\" data-slides-show-mobile=\"1\" data-slides-scroll=\"1\" data-autoplay=\"true\" data-autoplay-speed=\"5000\" data-infinite=\"true\" data-animation-speed=\"800\" data-center-mode=\"false\" data-variable-width=\"false\" data-arrows=\"inside\" data-dots=\"inside\" data-spacing=\"none\"><div class=\"wp-block-getwid-images-slider__item\" style=\"height:350px\"><figure><img loading=\"lazy\" decoding=\"async\" width=\"1200\" height=\"800\" src=\"https:\/\/www.stretchhood.it\/wp-content\/uploads\/2021\/12\/image-hooding-machines-01.jpg\" data-id=\"2146\" data-link=\"https:\/\/www.stretchhood.it\/packaging-systems\/shrink-hood-machines\/hooding-machines\/attachment\/image-hooding-machines-01\/\" data-original-link=\"https:\/\/www.stretchhood.it\/wp-content\/uploads\/2021\/12\/image-hooding-machines-01.jpg\" class=\"wp-block-getwid-images-slider__image wp-image-2146\" srcset=\"https:\/\/www.stretchhood.it\/wp-content\/uploads\/2021\/12\/image-hooding-machines-01.jpg 1200w, https:\/\/www.stretchhood.it\/wp-content\/uploads\/2021\/12\/image-hooding-machines-01-980x653.jpg 980w, https:\/\/www.stretchhood.it\/wp-content\/uploads\/2021\/12\/image-hooding-machines-01-480x320.jpg 480w\" sizes=\"(min-width: 0px) and (max-width: 480px) 480px, (min-width: 481px) and (max-width: 980px) 980px, (min-width: 981px) 1200px, 100vw\" \/><\/figure><\/div><div class=\"wp-block-getwid-images-slider__item\" style=\"height:350px\"><figure><img loading=\"lazy\" decoding=\"async\" width=\"1200\" height=\"800\" src=\"https:\/\/www.stretchhood.it\/wp-content\/uploads\/2021\/12\/image-hooding-machines-02.jpg\" data-id=\"2147\" data-link=\"https:\/\/www.stretchhood.it\/packaging-systems\/shrink-hood-machines\/hooding-machines\/attachment\/image-hooding-machines-02\/\" data-original-link=\"https:\/\/www.stretchhood.it\/wp-content\/uploads\/2021\/12\/image-hooding-machines-02.jpg\" class=\"wp-block-getwid-images-slider__image wp-image-2147\" srcset=\"https:\/\/www.stretchhood.it\/wp-content\/uploads\/2021\/12\/image-hooding-machines-02.jpg 1200w, https:\/\/www.stretchhood.it\/wp-content\/uploads\/2021\/12\/image-hooding-machines-02-980x653.jpg 980w, https:\/\/www.stretchhood.it\/wp-content\/uploads\/2021\/12\/image-hooding-machines-02-480x320.jpg 480w\" sizes=\"(min-width: 0px) and (max-width: 480px) 480px, (min-width: 481px) and (max-width: 980px) 980px, (min-width: 981px) 1200px, 100vw\" \/><\/figure><\/div><div class=\"wp-block-getwid-images-slider__item\" style=\"height:350px\"><figure><img loading=\"lazy\" decoding=\"async\" width=\"1200\" height=\"800\" src=\"https:\/\/www.stretchhood.it\/wp-content\/uploads\/2021\/12\/image-hooding-machines-03.jpg\" data-id=\"2148\" data-link=\"https:\/\/www.stretchhood.it\/packaging-systems\/shrink-hood-machines\/hooding-machines\/attachment\/image-hooding-machines-03\/\" data-original-link=\"https:\/\/www.stretchhood.it\/wp-content\/uploads\/2021\/12\/image-hooding-machines-03.jpg\" class=\"wp-block-getwid-images-slider__image wp-image-2148\" srcset=\"https:\/\/www.stretchhood.it\/wp-content\/uploads\/2021\/12\/image-hooding-machines-03.jpg 1200w, https:\/\/www.stretchhood.it\/wp-content\/uploads\/2021\/12\/image-hooding-machines-03-980x653.jpg 980w, https:\/\/www.stretchhood.it\/wp-content\/uploads\/2021\/12\/image-hooding-machines-03-480x320.jpg 480w\" sizes=\"(min-width: 0px) and (max-width: 480px) 480px, (min-width: 481px) and (max-width: 980px) 980px, (min-width: 981px) 1200px, 100vw\" \/><\/figure><\/div><\/div><\/div>\r\n\n\n\n<h3 class=\"wp-block-heading\">Datos t\u00e9cnicos &#8211; FB101<\/h3>\n\n\n\n<figure class=\"wp-block-table is-style-stripes\"><table class=\"has-fixed-layout\"><tbody><tr><td>Productividad<\/td><td>Hasta 240 tarimas\/h<\/td><\/tr><tr><td>Tama\u00f1o m\u00ednimo de la carga<\/td><td>400&#215;400\u00a0mm<\/td><\/tr><tr><td>Tama\u00f1o m\u00e1ximo de la carga<\/td><td>1350&#215;1250 mm<\/td><\/tr><\/tbody><\/table><\/figure>\n\n\n\n<h3 class=\"wp-block-heading\">Datos t\u00e9cnicos &#8211; FB25<\/h3>\n\n\n\n<figure class=\"wp-block-table is-style-stripes\"><table class=\"has-fixed-layout\"><tbody><tr><td>Productividad<\/td><td>Hasta 240 tarimas\/h<\/td><\/tr><tr><td>Tama\u00f1o m\u00ednimo de la carga<\/td><td>400&#215;400\u00a0mm<\/td><\/tr><tr><td>Tama\u00f1o m\u00e1ximo de la carga<\/td><td>1850&#215;1200 mm<\/td><\/tr><\/tbody><\/table><\/figure>\n\n\n\n<div class=\"wp-block-buttons is-layout-flex wp-block-buttons-is-layout-flex\">\n<div class=\"wp-block-button button-quotation\"><a class=\"wp-block-button__link\" href=\"\/es\/contacto\/\">Solicitar Presupuesto<\/a><\/div>\n\n\n\n<div class=\"wp-block-button button-pdf\"><a class=\"wp-block-button__link\">Descargar Cat\u00e1logo<\/a><\/div>\n\n\n\n<div class=\"wp-block-button button-video\"><a class=\"wp-block-button__link\">Ver el V\u00eddeo<\/a><\/div>\n<\/div>\n\n\n\n<figure class=\"wp-block-video watch-video\"><video controls=\"\" poster=\"https:\/\/www.stretchhood.it\/wp-content\/uploads\/2021\/12\/video-thumb.jpg\" src=\"\/wp-content\/uploads\/video\/video-hooding-machines.mp4\"><\/video><\/figure>\n<\/div>\n<\/div>\n","protected":false},"excerpt":{"rendered":"<p>M\u00e1quinas enfundadoras Fabricadas con experiencia y actualizadas constantemente a lo largo de los a\u00f1os, las m\u00e1quinas enfundadoras Bocedi, con pl\u00e1stico para retracci\u00f3n, est\u00e1n dise\u00f1adas para automatizar la fase de enfundado, disponible en 2 opciones con diferentes clasificaciones. Las m\u00e1quinas trabajan con pel\u00edculas tubulares t\u00e9rmicas que se desenrollan autom\u00e1ticamente y una barra de sellado las corta [&hellip;]<\/p>\n","protected":false},"author":1,"featured_media":2892,"parent":4180,"menu_order":0,"comment_status":"closed","ping_status":"closed","template":"","meta":{"_acf_changed":false,"_et_pb_use_builder":"off","_et_pb_old_content":"","_et_gb_content_width":"","footnotes":""},"acf":[],"yoast_head":"<!-- This site is optimized with the Yoast SEO plugin v22.7 - https:\/\/yoast.com\/wordpress\/plugins\/seo\/ -->\n<title>M\u00e1quinas enfundadoras - Bocedi srl<\/title>\n<meta name=\"description\" content=\"Las m\u00e1quinas enfundadoras de Bocedi est\u00e1n dise\u00f1adas para automatizar la fase de encapuchado por contracci\u00f3n, desenrollando el film tubular sobre la carga y cort\u00e1ndolo a medida.\" \/>\n<meta name=\"robots\" content=\"index, follow, max-snippet:-1, max-image-preview:large, max-video-preview:-1\" \/>\n<link rel=\"canonical\" href=\"https:\/\/stretchhood.it\/es\/sistemas-de-embalaje\/termo-retractil\/maquinas-enfundadoras\/\" \/>\n<meta property=\"og:locale\" content=\"es_ES\" \/>\n<meta property=\"og:type\" content=\"article\" \/>\n<meta property=\"og:title\" content=\"M\u00e1quinas enfundadoras - Bocedi srl\" \/>\n<meta property=\"og:description\" content=\"Las m\u00e1quinas enfundadoras de Bocedi est\u00e1n dise\u00f1adas para automatizar la fase de encapuchado por contracci\u00f3n, desenrollando el film tubular sobre la carga y cort\u00e1ndolo a medida.\" \/>\n<meta property=\"og:url\" content=\"https:\/\/stretchhood.it\/es\/sistemas-de-embalaje\/termo-retractil\/maquinas-enfundadoras\/\" \/>\n<meta property=\"og:site_name\" content=\"Bocedi srl\" \/>\n<meta property=\"article:modified_time\" content=\"2021-12-30T11:47:50+00:00\" \/>\n<meta property=\"og:image\" content=\"https:\/\/www.bocedisrl.com\/wp-content\/uploads\/2021\/12\/3d-hooding-machines.jpg\" \/>\n\t<meta property=\"og:image:width\" content=\"1200\" \/>\n\t<meta property=\"og:image:height\" content=\"800\" \/>\n\t<meta property=\"og:image:type\" content=\"image\/jpeg\" \/>\n<meta name=\"twitter:card\" content=\"summary_large_image\" \/>\n<meta name=\"twitter:label1\" content=\"Tiempo de lectura\" \/>\n\t<meta name=\"twitter:data1\" content=\"1 minuto\" \/>\n<script type=\"application\/ld+json\" class=\"yoast-schema-graph\">{\"@context\":\"https:\/\/schema.org\",\"@graph\":[{\"@type\":\"WebPage\",\"@id\":\"https:\/\/stretchhood.it\/es\/sistemas-de-embalaje\/termo-retractil\/maquinas-enfundadoras\/\",\"url\":\"https:\/\/stretchhood.it\/es\/sistemas-de-embalaje\/termo-retractil\/maquinas-enfundadoras\/\",\"name\":\"M\u00e1quinas enfundadoras - Bocedi srl\",\"isPartOf\":{\"@id\":\"https:\/\/bocedisrl.com\/#website\"},\"primaryImageOfPage\":{\"@id\":\"https:\/\/stretchhood.it\/es\/sistemas-de-embalaje\/termo-retractil\/maquinas-enfundadoras\/#primaryimage\"},\"image\":{\"@id\":\"https:\/\/stretchhood.it\/es\/sistemas-de-embalaje\/termo-retractil\/maquinas-enfundadoras\/#primaryimage\"},\"thumbnailUrl\":\"https:\/\/stretchhood.it\/wp-content\/uploads\/2021\/12\/3d-hooding-machines.jpg\",\"datePublished\":\"2021-12-10T06:56:37+00:00\",\"dateModified\":\"2021-12-30T11:47:50+00:00\",\"description\":\"Las m\u00e1quinas enfundadoras de Bocedi est\u00e1n dise\u00f1adas para automatizar la fase de encapuchado por contracci\u00f3n, desenrollando el film tubular sobre la carga y cort\u00e1ndolo a medida.\",\"breadcrumb\":{\"@id\":\"https:\/\/stretchhood.it\/es\/sistemas-de-embalaje\/termo-retractil\/maquinas-enfundadoras\/#breadcrumb\"},\"inLanguage\":\"es\",\"potentialAction\":[{\"@type\":\"ReadAction\",\"target\":[\"https:\/\/stretchhood.it\/es\/sistemas-de-embalaje\/termo-retractil\/maquinas-enfundadoras\/\"]}]},{\"@type\":\"ImageObject\",\"inLanguage\":\"es\",\"@id\":\"https:\/\/stretchhood.it\/es\/sistemas-de-embalaje\/termo-retractil\/maquinas-enfundadoras\/#primaryimage\",\"url\":\"https:\/\/stretchhood.it\/wp-content\/uploads\/2021\/12\/3d-hooding-machines.jpg\",\"contentUrl\":\"https:\/\/stretchhood.it\/wp-content\/uploads\/2021\/12\/3d-hooding-machines.jpg\",\"width\":1200,\"height\":800},{\"@type\":\"BreadcrumbList\",\"@id\":\"https:\/\/stretchhood.it\/es\/sistemas-de-embalaje\/termo-retractil\/maquinas-enfundadoras\/#breadcrumb\",\"itemListElement\":[{\"@type\":\"ListItem\",\"position\":1,\"name\":\"Home\",\"item\":\"https:\/\/bocedisrl.com\/es\/\"},{\"@type\":\"ListItem\",\"position\":2,\"name\":\"Sistemas de Embalaje\",\"item\":\"https:\/\/www.stretchhood.it\/es\/sistemas-de-embalaje\/\"},{\"@type\":\"ListItem\",\"position\":3,\"name\":\"Termo-retr\u00e1ctil\",\"item\":\"https:\/\/www.bocedisrl.com\/es\/sistemas-de-embalaje\/termo-retractil\/\"},{\"@type\":\"ListItem\",\"position\":4,\"name\":\"M\u00e1quinas enfundadoras\"}]},{\"@type\":\"WebSite\",\"@id\":\"https:\/\/bocedisrl.com\/#website\",\"url\":\"https:\/\/bocedisrl.com\/\",\"name\":\"Bocedi srl\",\"description\":\"Pallet Packaging Systems\",\"publisher\":{\"@id\":\"https:\/\/bocedisrl.com\/#organization\"},\"potentialAction\":[{\"@type\":\"SearchAction\",\"target\":{\"@type\":\"EntryPoint\",\"urlTemplate\":\"https:\/\/bocedisrl.com\/?s={search_term_string}\"},\"query-input\":\"required name=search_term_string\"}],\"inLanguage\":\"es\"},{\"@type\":\"Organization\",\"@id\":\"https:\/\/bocedisrl.com\/#organization\",\"name\":\"Bocedi srl\",\"url\":\"https:\/\/bocedisrl.com\/\",\"logo\":{\"@type\":\"ImageObject\",\"inLanguage\":\"es\",\"@id\":\"https:\/\/bocedisrl.com\/#\/schema\/logo\/image\/\",\"url\":\"https:\/\/www.bocedisrl.com\/wp-content\/uploads\/2021\/11\/logo-bocedi.png\",\"contentUrl\":\"https:\/\/www.bocedisrl.com\/wp-content\/uploads\/2021\/11\/logo-bocedi.png\",\"width\":800,\"height\":480,\"caption\":\"Bocedi srl\"},\"image\":{\"@id\":\"https:\/\/bocedisrl.com\/#\/schema\/logo\/image\/\"}}]}<\/script>\n<!-- \/ Yoast SEO plugin. -->","yoast_head_json":{"title":"M\u00e1quinas enfundadoras - Bocedi srl","description":"Las m\u00e1quinas enfundadoras de Bocedi est\u00e1n dise\u00f1adas para automatizar la fase de encapuchado por contracci\u00f3n, desenrollando el film tubular sobre la carga y cort\u00e1ndolo a medida.","robots":{"index":"index","follow":"follow","max-snippet":"max-snippet:-1","max-image-preview":"max-image-preview:large","max-video-preview":"max-video-preview:-1"},"canonical":"https:\/\/stretchhood.it\/es\/sistemas-de-embalaje\/termo-retractil\/maquinas-enfundadoras\/","og_locale":"es_ES","og_type":"article","og_title":"M\u00e1quinas enfundadoras - Bocedi srl","og_description":"Las m\u00e1quinas enfundadoras de Bocedi est\u00e1n dise\u00f1adas para automatizar la fase de encapuchado por contracci\u00f3n, desenrollando el film tubular sobre la carga y cort\u00e1ndolo a medida.","og_url":"https:\/\/stretchhood.it\/es\/sistemas-de-embalaje\/termo-retractil\/maquinas-enfundadoras\/","og_site_name":"Bocedi srl","article_modified_time":"2021-12-30T11:47:50+00:00","og_image":[{"width":1200,"height":800,"url":"https:\/\/www.bocedisrl.com\/wp-content\/uploads\/2021\/12\/3d-hooding-machines.jpg","type":"image\/jpeg"}],"twitter_card":"summary_large_image","twitter_misc":{"Tiempo de lectura":"1 minuto"},"schema":{"@context":"https:\/\/schema.org","@graph":[{"@type":"WebPage","@id":"https:\/\/stretchhood.it\/es\/sistemas-de-embalaje\/termo-retractil\/maquinas-enfundadoras\/","url":"https:\/\/stretchhood.it\/es\/sistemas-de-embalaje\/termo-retractil\/maquinas-enfundadoras\/","name":"M\u00e1quinas enfundadoras - Bocedi srl","isPartOf":{"@id":"https:\/\/bocedisrl.com\/#website"},"primaryImageOfPage":{"@id":"https:\/\/stretchhood.it\/es\/sistemas-de-embalaje\/termo-retractil\/maquinas-enfundadoras\/#primaryimage"},"image":{"@id":"https:\/\/stretchhood.it\/es\/sistemas-de-embalaje\/termo-retractil\/maquinas-enfundadoras\/#primaryimage"},"thumbnailUrl":"https:\/\/stretchhood.it\/wp-content\/uploads\/2021\/12\/3d-hooding-machines.jpg","datePublished":"2021-12-10T06:56:37+00:00","dateModified":"2021-12-30T11:47:50+00:00","description":"Las m\u00e1quinas enfundadoras de Bocedi est\u00e1n dise\u00f1adas para automatizar la fase de encapuchado por contracci\u00f3n, desenrollando el film tubular sobre la carga y cort\u00e1ndolo a medida.","breadcrumb":{"@id":"https:\/\/stretchhood.it\/es\/sistemas-de-embalaje\/termo-retractil\/maquinas-enfundadoras\/#breadcrumb"},"inLanguage":"es","potentialAction":[{"@type":"ReadAction","target":["https:\/\/stretchhood.it\/es\/sistemas-de-embalaje\/termo-retractil\/maquinas-enfundadoras\/"]}]},{"@type":"ImageObject","inLanguage":"es","@id":"https:\/\/stretchhood.it\/es\/sistemas-de-embalaje\/termo-retractil\/maquinas-enfundadoras\/#primaryimage","url":"https:\/\/stretchhood.it\/wp-content\/uploads\/2021\/12\/3d-hooding-machines.jpg","contentUrl":"https:\/\/stretchhood.it\/wp-content\/uploads\/2021\/12\/3d-hooding-machines.jpg","width":1200,"height":800},{"@type":"BreadcrumbList","@id":"https:\/\/stretchhood.it\/es\/sistemas-de-embalaje\/termo-retractil\/maquinas-enfundadoras\/#breadcrumb","itemListElement":[{"@type":"ListItem","position":1,"name":"Home","item":"https:\/\/bocedisrl.com\/es\/"},{"@type":"ListItem","position":2,"name":"Sistemas de Embalaje","item":"https:\/\/www.stretchhood.it\/es\/sistemas-de-embalaje\/"},{"@type":"ListItem","position":3,"name":"Termo-retr\u00e1ctil","item":"https:\/\/www.bocedisrl.com\/es\/sistemas-de-embalaje\/termo-retractil\/"},{"@type":"ListItem","position":4,"name":"M\u00e1quinas enfundadoras"}]},{"@type":"WebSite","@id":"https:\/\/bocedisrl.com\/#website","url":"https:\/\/bocedisrl.com\/","name":"Bocedi srl","description":"Pallet Packaging Systems","publisher":{"@id":"https:\/\/bocedisrl.com\/#organization"},"potentialAction":[{"@type":"SearchAction","target":{"@type":"EntryPoint","urlTemplate":"https:\/\/bocedisrl.com\/?s={search_term_string}"},"query-input":"required name=search_term_string"}],"inLanguage":"es"},{"@type":"Organization","@id":"https:\/\/bocedisrl.com\/#organization","name":"Bocedi srl","url":"https:\/\/bocedisrl.com\/","logo":{"@type":"ImageObject","inLanguage":"es","@id":"https:\/\/bocedisrl.com\/#\/schema\/logo\/image\/","url":"https:\/\/www.bocedisrl.com\/wp-content\/uploads\/2021\/11\/logo-bocedi.png","contentUrl":"https:\/\/www.bocedisrl.com\/wp-content\/uploads\/2021\/11\/logo-bocedi.png","width":800,"height":480,"caption":"Bocedi srl"},"image":{"@id":"https:\/\/bocedisrl.com\/#\/schema\/logo\/image\/"}}]}},"_links":{"self":[{"href":"https:\/\/stretchhood.it\/es\/wp-json\/wp\/v2\/pages\/4418"}],"collection":[{"href":"https:\/\/stretchhood.it\/es\/wp-json\/wp\/v2\/pages"}],"about":[{"href":"https:\/\/stretchhood.it\/es\/wp-json\/wp\/v2\/types\/page"}],"author":[{"embeddable":true,"href":"https:\/\/stretchhood.it\/es\/wp-json\/wp\/v2\/users\/1"}],"replies":[{"embeddable":true,"href":"https:\/\/stretchhood.it\/es\/wp-json\/wp\/v2\/comments?post=4418"}],"version-history":[{"count":1,"href":"https:\/\/stretchhood.it\/es\/wp-json\/wp\/v2\/pages\/4418\/revisions"}],"predecessor-version":[{"id":4419,"href":"https:\/\/stretchhood.it\/es\/wp-json\/wp\/v2\/pages\/4418\/revisions\/4419"}],"up":[{"embeddable":true,"href":"https:\/\/stretchhood.it\/es\/wp-json\/wp\/v2\/pages\/4180"}],"wp:featuredmedia":[{"embeddable":true,"href":"https:\/\/stretchhood.it\/es\/wp-json\/wp\/v2\/media\/2892"}],"wp:attachment":[{"href":"https:\/\/stretchhood.it\/es\/wp-json\/wp\/v2\/media?parent=4418"}],"curies":[{"name":"wp","href":"https:\/\/api.w.org\/{rel}","templated":true}]}}