{"id":4308,"date":"2021-11-29T14:17:55","date_gmt":"2021-11-29T13:17:55","guid":{"rendered":"https:\/\/www.stretchhood.it\/sistemas-de-embalaje\/in-box-bagmaker\/"},"modified":"2021-12-30T12:35:20","modified_gmt":"2021-12-30T11:35:20","slug":"in-box-bagmaker","status":"publish","type":"page","link":"https:\/\/stretchhood.it\/es\/sistemas-de-embalaje\/in-box-bagmaker\/","title":{"rendered":"In Box Bagmaker"},"content":{"rendered":"\n<div class=\"wp-block-columns is-layout-flex wp-container-core-columns-is-layout-1 wp-block-columns-is-layout-flex\">\n<div class=\"wp-block-column is-layout-flow wp-block-column-is-layout-flow\">\n<h3 class=\"wp-block-heading\">In Box Bagmaker<\/h3>\n\n\n\n<p>Bocedi MS\/L es una soluci\u00f3n sencilla para insertar bolsas a medida dentro de cajas como:<\/p>\n\n\n\n<ul><li>Octabins<\/li><li>Goodpack<\/li><li>Cajas de madera<\/li><li>Cajas de cart\u00f3n<\/li><li>Jaulas de metal<\/li><\/ul>\n\n\n\n<h3 class=\"wp-block-heading\">Llena cada cent\u00edmetro<\/h3>\n\n\n\n<p>Su principio de funcionamiento es muy simple: la m\u00e1quina desenrolla autom\u00e1ticamente la pel\u00edcula tubular de la bobina configurada, cuatro pinzas abren la pel\u00edcula en forma cuadrada, una barra de sellado corta la pel\u00edcula a la altura deseada creando la bolsa a medida, un aspirador mantiene la bolsa apoyada en la parte inferior de la caja y las cuatro pinzas aseguran que la bolsa se adapte perfectamente a la forma de la caja.<\/p>\n\n\n\n<p>La m\u00e1quina In box bagmaker de Bocedi puede realizar hasta 60 cajas\/h.<\/p>\n\n\n\n<p>Puede configurarse con hasta 3 tama\u00f1os de pel\u00edcula diferentes, para ofrecer la mejor flexibilidad en una m\u00e1quina.<\/p>\n<\/div>\n\n\n\n<div class=\"wp-block-column is-layout-flow wp-block-column-is-layout-flow\"><div class=\"wp-block-getwid-images-slider has-arrows-inside has-dots-inside has-images-center has-cropped-images has-fixed-height\"><div class=\"wp-block-getwid-images-slider__wrapper\" data-effect=\"fade\" data-slides-show=\"1\" data-slides-show-laptop=\"1\" data-slides-show-tablet=\"1\" data-slides-show-mobile=\"1\" data-slides-scroll=\"1\" data-autoplay=\"true\" data-autoplay-speed=\"5000\" data-infinite=\"true\" data-animation-speed=\"800\" data-center-mode=\"false\" data-variable-width=\"false\" data-arrows=\"inside\" data-dots=\"inside\" data-spacing=\"none\"><div class=\"wp-block-getwid-images-slider__item\" style=\"height:350px\"><figure><img loading=\"lazy\" decoding=\"async\" width=\"1200\" height=\"800\" src=\"https:\/\/www.stretchhood.it\/wp-content\/uploads\/2021\/12\/image-in-box-bagmaker-01.jpg\" data-id=\"2078\" data-link=\"https:\/\/www.stretchhood.it\/packaging-systems\/in-box-bagmaker\/attachment\/image-in-box-bagmaker-01\/\" data-original-link=\"https:\/\/www.stretchhood.it\/wp-content\/uploads\/2021\/12\/image-in-box-bagmaker-01.jpg\" class=\"wp-block-getwid-images-slider__image wp-image-2078\" srcset=\"https:\/\/www.stretchhood.it\/wp-content\/uploads\/2021\/12\/image-in-box-bagmaker-01.jpg 1200w, https:\/\/www.stretchhood.it\/wp-content\/uploads\/2021\/12\/image-in-box-bagmaker-01-980x653.jpg 980w, https:\/\/www.stretchhood.it\/wp-content\/uploads\/2021\/12\/image-in-box-bagmaker-01-480x320.jpg 480w\" sizes=\"(min-width: 0px) and (max-width: 480px) 480px, (min-width: 481px) and (max-width: 980px) 980px, (min-width: 981px) 1200px, 100vw\" \/><\/figure><\/div><div class=\"wp-block-getwid-images-slider__item\" style=\"height:350px\"><figure><img loading=\"lazy\" decoding=\"async\" width=\"1200\" height=\"800\" src=\"https:\/\/www.stretchhood.it\/wp-content\/uploads\/2021\/12\/image-in-box-bagmaker-02.jpg\" data-id=\"2079\" data-link=\"https:\/\/www.stretchhood.it\/packaging-systems\/in-box-bagmaker\/attachment\/image-in-box-bagmaker-02\/\" data-original-link=\"https:\/\/www.stretchhood.it\/wp-content\/uploads\/2021\/12\/image-in-box-bagmaker-02.jpg\" class=\"wp-block-getwid-images-slider__image wp-image-2079\" srcset=\"https:\/\/www.stretchhood.it\/wp-content\/uploads\/2021\/12\/image-in-box-bagmaker-02.jpg 1200w, https:\/\/www.stretchhood.it\/wp-content\/uploads\/2021\/12\/image-in-box-bagmaker-02-980x653.jpg 980w, https:\/\/www.stretchhood.it\/wp-content\/uploads\/2021\/12\/image-in-box-bagmaker-02-480x320.jpg 480w\" sizes=\"(min-width: 0px) and (max-width: 480px) 480px, (min-width: 481px) and (max-width: 980px) 980px, (min-width: 981px) 1200px, 100vw\" \/><\/figure><\/div><div class=\"wp-block-getwid-images-slider__item\" style=\"height:350px\"><figure><img loading=\"lazy\" decoding=\"async\" width=\"1200\" height=\"800\" src=\"https:\/\/www.stretchhood.it\/wp-content\/uploads\/2021\/12\/image-in-box-bagmaker-03.jpg\" data-id=\"2080\" data-link=\"https:\/\/www.stretchhood.it\/packaging-systems\/in-box-bagmaker\/attachment\/image-in-box-bagmaker-03\/\" data-original-link=\"https:\/\/www.stretchhood.it\/wp-content\/uploads\/2021\/12\/image-in-box-bagmaker-03.jpg\" class=\"wp-block-getwid-images-slider__image wp-image-2080\" srcset=\"https:\/\/www.stretchhood.it\/wp-content\/uploads\/2021\/12\/image-in-box-bagmaker-03.jpg 1200w, https:\/\/www.stretchhood.it\/wp-content\/uploads\/2021\/12\/image-in-box-bagmaker-03-980x653.jpg 980w, https:\/\/www.stretchhood.it\/wp-content\/uploads\/2021\/12\/image-in-box-bagmaker-03-480x320.jpg 480w\" sizes=\"(min-width: 0px) and (max-width: 480px) 480px, (min-width: 481px) and (max-width: 980px) 980px, (min-width: 981px) 1200px, 100vw\" \/><\/figure><\/div><\/div><\/div>\r\n\n\n\n<h3 class=\"wp-block-heading\">C\u00f3mo funciona<\/h3>\n\n\n<div class=\"wp-block-getwid-images-slider has-arrows-none has-dots-outside has-captions captions-underneath is-carousel has-slides-gap-normal has-images-top\">\r\n<div class=\"wp-block-getwid-images-slider__wrapper\" data-effect=\"slide\" data-slides-show=\"2\" data-slides-show-laptop=\"1\" data-slides-show-tablet=\"1\" data-slides-show-mobile=\"1\" data-slides-scroll=\"1\" data-autoplay=\"true\" data-autoplay-speed=\"5000\" data-infinite=\"false\" data-animation-speed=\"300\" data-center-mode=\"false\" data-variable-width=\"false\" data-arrows=\"none\" data-dots=\"outside\" data-spacing=\"normal\">\r\n<div class=\"wp-block-getwid-images-slider__item\">\r\n<figure><img loading=\"lazy\" decoding=\"async\" width=\"350\" height=\"460\" class=\"wp-block-getwid-images-slider__image wp-image-1601\" src=\"https:\/\/www.stretchhood.it\/wp-content\/uploads\/2021\/12\/sequence-in-box-bagmaker-01.png\" data-id=\"1601\" data-link=\"https:\/\/www.stretchhood.it\/packaging-systems\/in-box-bagmaker\/attachment\/sequence-in-box-bagmaker-01\/\" data-original-link=\"https:\/\/www.stretchhood.it\/wp-content\/uploads\/2021\/12\/sequence-in-box-bagmaker-01.png\" srcset=\"https:\/\/stretchhood.it\/wp-content\/uploads\/2021\/12\/sequence-in-box-bagmaker-01.png 350w, https:\/\/stretchhood.it\/wp-content\/uploads\/2021\/12\/sequence-in-box-bagmaker-01-228x300.png 228w\" sizes=\"(max-width: 350px) 100vw, 350px\" \/>\r\n<figcaption class=\"wp-block-getwid-images-slider__caption\">Pel\u00edcula tubular seleccionada con extremo sellado, se desenrolla dentro de la caja<\/figcaption>\r\n<\/figure>\r\n<\/div>\r\n<div class=\"wp-block-getwid-images-slider__item\">\r\n<figure><img loading=\"lazy\" decoding=\"async\" width=\"350\" height=\"460\" class=\"wp-block-getwid-images-slider__image wp-image-1602\" src=\"https:\/\/www.stretchhood.it\/wp-content\/uploads\/2021\/12\/sequence-in-box-bagmaker-02.png\" data-id=\"1602\" data-link=\"https:\/\/www.stretchhood.it\/packaging-systems\/in-box-bagmaker\/attachment\/sequence-in-box-bagmaker-02\/\" data-original-link=\"https:\/\/www.stretchhood.it\/wp-content\/uploads\/2021\/12\/sequence-in-box-bagmaker-02.png\" srcset=\"https:\/\/stretchhood.it\/wp-content\/uploads\/2021\/12\/sequence-in-box-bagmaker-02.png 350w, https:\/\/stretchhood.it\/wp-content\/uploads\/2021\/12\/sequence-in-box-bagmaker-02-228x300.png 228w\" sizes=\"(max-width: 350px) 100vw, 350px\" \/>\r\n<figcaption class=\"wp-block-getwid-images-slider__caption\">La longitud de la bolsa a medida se corta en cada caja<\/figcaption>\r\n<\/figure>\r\n<\/div>\r\n<div class=\"wp-block-getwid-images-slider__item\">\r\n<figure><img loading=\"lazy\" decoding=\"async\" width=\"350\" height=\"460\" class=\"wp-block-getwid-images-slider__image wp-image-1603\" src=\"https:\/\/www.stretchhood.it\/wp-content\/uploads\/2021\/12\/sequence-in-box-bagmaker-03.png\" data-id=\"1603\" data-link=\"https:\/\/www.stretchhood.it\/packaging-systems\/in-box-bagmaker\/attachment\/sequence-in-box-bagmaker-03\/\" data-original-link=\"https:\/\/www.stretchhood.it\/wp-content\/uploads\/2021\/12\/sequence-in-box-bagmaker-03.png\" srcset=\"https:\/\/stretchhood.it\/wp-content\/uploads\/2021\/12\/sequence-in-box-bagmaker-03.png 350w, https:\/\/stretchhood.it\/wp-content\/uploads\/2021\/12\/sequence-in-box-bagmaker-03-228x300.png 228w\" sizes=\"(max-width: 350px) 100vw, 350px\" \/>\r\n<figcaption class=\"wp-block-getwid-images-slider__caption\">Las pinzas mec\u00e1nicas a prueba de fallas abren autom\u00e1ticamente la bolsa<\/figcaption>\r\n<\/figure>\r\n<\/div>\r\n<div class=\"wp-block-getwid-images-slider__item\">\r\n<figure><img loading=\"lazy\" decoding=\"async\" width=\"350\" height=\"460\" class=\"wp-block-getwid-images-slider__image wp-image-1604\" src=\"https:\/\/www.stretchhood.it\/wp-content\/uploads\/2021\/12\/sequence-in-box-bagmaker-04.png\" data-id=\"1604\" data-link=\"https:\/\/www.stretchhood.it\/packaging-systems\/in-box-bagmaker\/attachment\/sequence-in-box-bagmaker-04\/\" data-original-link=\"https:\/\/www.stretchhood.it\/wp-content\/uploads\/2021\/12\/sequence-in-box-bagmaker-04.png\" srcset=\"https:\/\/stretchhood.it\/wp-content\/uploads\/2021\/12\/sequence-in-box-bagmaker-04.png 350w, https:\/\/stretchhood.it\/wp-content\/uploads\/2021\/12\/sequence-in-box-bagmaker-04-228x300.png 228w\" sizes=\"(max-width: 350px) 100vw, 350px\" \/>\r\n<figcaption class=\"wp-block-getwid-images-slider__caption\">Abrazaderas entran en la bolsa<\/figcaption>\r\n<\/figure>\r\n<\/div>\r\n<div class=\"wp-block-getwid-images-slider__item\">\r\n<figure><img loading=\"lazy\" decoding=\"async\" width=\"350\" height=\"460\" class=\"wp-block-getwid-images-slider__image wp-image-1605\" src=\"https:\/\/www.stretchhood.it\/wp-content\/uploads\/2021\/12\/sequence-in-box-bagmaker-05.png\" data-id=\"1605\" data-link=\"https:\/\/www.stretchhood.it\/packaging-systems\/in-box-bagmaker\/attachment\/sequence-in-box-bagmaker-05\/\" data-original-link=\"https:\/\/www.stretchhood.it\/wp-content\/uploads\/2021\/12\/sequence-in-box-bagmaker-05.png\" srcset=\"https:\/\/stretchhood.it\/wp-content\/uploads\/2021\/12\/sequence-in-box-bagmaker-05.png 350w, https:\/\/stretchhood.it\/wp-content\/uploads\/2021\/12\/sequence-in-box-bagmaker-05-228x300.png 228w\" sizes=\"(max-width: 350px) 100vw, 350px\" \/>\r\n<figcaption class=\"wp-block-getwid-images-slider__caption\">La bolsa se abre a la dimensi\u00f3n deseada y se superpone al borde de la caja<\/figcaption>\r\n<\/figure>\r\n<\/div>\r\n<div class=\"wp-block-getwid-images-slider__item\">\r\n<figure><img loading=\"lazy\" decoding=\"async\" width=\"350\" height=\"460\" class=\"wp-block-getwid-images-slider__image wp-image-1606\" src=\"https:\/\/www.stretchhood.it\/wp-content\/uploads\/2021\/12\/sequence-in-box-bagmaker-06.png\" data-id=\"1606\" data-link=\"https:\/\/www.stretchhood.it\/packaging-systems\/in-box-bagmaker\/attachment\/sequence-in-box-bagmaker-06\/\" data-original-link=\"https:\/\/www.stretchhood.it\/wp-content\/uploads\/2021\/12\/sequence-in-box-bagmaker-06.png\" srcset=\"https:\/\/stretchhood.it\/wp-content\/uploads\/2021\/12\/sequence-in-box-bagmaker-06.png 350w, https:\/\/stretchhood.it\/wp-content\/uploads\/2021\/12\/sequence-in-box-bagmaker-06-228x300.png 228w\" sizes=\"(max-width: 350px) 100vw, 350px\" \/>\r\n<figcaption class=\"wp-block-getwid-images-slider__caption\">Se sopla aire en la bolsa para asegurar su posici\u00f3n plana en el fondo de la caja<\/figcaption>\r\n<\/figure>\r\n<\/div>\r\n<div class=\"wp-block-getwid-images-slider__item\">\r\n<figure><img loading=\"lazy\" decoding=\"async\" width=\"350\" height=\"460\" class=\"wp-block-getwid-images-slider__image wp-image-1607\" src=\"https:\/\/www.stretchhood.it\/wp-content\/uploads\/2021\/12\/sequence-in-box-bagmaker-07.png\" data-id=\"1607\" data-link=\"https:\/\/www.stretchhood.it\/packaging-systems\/in-box-bagmaker\/attachment\/sequence-in-box-bagmaker-07\/\" data-original-link=\"https:\/\/www.stretchhood.it\/wp-content\/uploads\/2021\/12\/sequence-in-box-bagmaker-07.png\" srcset=\"https:\/\/stretchhood.it\/wp-content\/uploads\/2021\/12\/sequence-in-box-bagmaker-07.png 350w, https:\/\/stretchhood.it\/wp-content\/uploads\/2021\/12\/sequence-in-box-bagmaker-07-228x300.png 228w\" sizes=\"(max-width: 350px) 100vw, 350px\" \/>\r\n<figcaption class=\"wp-block-getwid-images-slider__caption\">Caja lista para llenar<\/figcaption>\r\n<\/figure>\r\n<\/div>\r\n<\/div>\r\n<\/div>\n\n\n<div class=\"wp-block-buttons is-layout-flex wp-block-buttons-is-layout-flex\">\n<div class=\"wp-block-button button-quotation\"><a class=\"wp-block-button__link\" href=\"\/es\/contacto\/\">Solicitar Presupuesto<\/a><\/div>\n\n\n\n<div class=\"wp-block-button button-pdf\"><a class=\"wp-block-button__link\">Descargar Cat\u00e1logo<\/a><\/div>\n\n\n\n<div class=\"wp-block-button button-video inactive\"><a class=\"wp-block-button__link\">Ver el V\u00eddeo<\/a><\/div>\n<\/div>\n<\/div>\n<\/div>\n","protected":false},"excerpt":{"rendered":"<p>In Box Bagmaker Bocedi MS\/L es una soluci\u00f3n sencilla para insertar bolsas a medida dentro de cajas como: Octabins Goodpack Cajas de madera Cajas de cart\u00f3n Jaulas de metal Llena cada cent\u00edmetro Su principio de funcionamiento es muy simple: la m\u00e1quina desenrolla autom\u00e1ticamente la pel\u00edcula tubular de la bobina configurada, cuatro pinzas abren la pel\u00edcula [&hellip;]<\/p>\n","protected":false},"author":1,"featured_media":2901,"parent":4011,"menu_order":0,"comment_status":"closed","ping_status":"closed","template":"","meta":{"_acf_changed":false,"_et_pb_use_builder":"off","_et_pb_old_content":"","_et_gb_content_width":"","footnotes":""},"acf":[],"yoast_head":"<!-- This site is optimized with the Yoast SEO plugin v22.7 - https:\/\/yoast.com\/wordpress\/plugins\/seo\/ -->\n<title>In Box Bagmaker - Bocedi srl<\/title>\n<meta name=\"description\" content=\"Bocedi MS\/L in box bagmaker es una soluci\u00f3n sin problemas para insertar autom\u00e1ticamente bolsas a medida dentro de las cajas como.\" \/>\n<meta name=\"robots\" content=\"index, follow, max-snippet:-1, max-image-preview:large, max-video-preview:-1\" \/>\n<link rel=\"canonical\" href=\"https:\/\/stretchhood.it\/es\/sistemas-de-embalaje\/in-box-bagmaker\/\" \/>\n<meta property=\"og:locale\" content=\"es_ES\" \/>\n<meta property=\"og:type\" content=\"article\" \/>\n<meta property=\"og:title\" content=\"In Box Bagmaker - Bocedi srl\" \/>\n<meta property=\"og:description\" content=\"Bocedi MS\/L in box bagmaker es una soluci\u00f3n sin problemas para insertar autom\u00e1ticamente bolsas a medida dentro de las cajas como.\" \/>\n<meta property=\"og:url\" content=\"https:\/\/stretchhood.it\/es\/sistemas-de-embalaje\/in-box-bagmaker\/\" \/>\n<meta property=\"og:site_name\" content=\"Bocedi srl\" \/>\n<meta property=\"article:modified_time\" content=\"2021-12-30T11:35:20+00:00\" \/>\n<meta property=\"og:image\" content=\"https:\/\/stretchhood.it\/wp-content\/uploads\/2021\/12\/3d-in-box-bagmaker.jpg\" \/>\n\t<meta property=\"og:image:width\" content=\"1200\" \/>\n\t<meta property=\"og:image:height\" content=\"800\" \/>\n\t<meta property=\"og:image:type\" content=\"image\/jpeg\" \/>\n<meta name=\"twitter:card\" content=\"summary_large_image\" \/>\n<meta name=\"twitter:label1\" content=\"Tiempo de lectura\" \/>\n\t<meta name=\"twitter:data1\" content=\"1 minuto\" \/>\n<script type=\"application\/ld+json\" class=\"yoast-schema-graph\">{\"@context\":\"https:\/\/schema.org\",\"@graph\":[{\"@type\":\"WebPage\",\"@id\":\"https:\/\/stretchhood.it\/es\/sistemas-de-embalaje\/in-box-bagmaker\/\",\"url\":\"https:\/\/stretchhood.it\/es\/sistemas-de-embalaje\/in-box-bagmaker\/\",\"name\":\"In Box Bagmaker - Bocedi srl\",\"isPartOf\":{\"@id\":\"https:\/\/www.stretchhood.it\/es\/#website\"},\"primaryImageOfPage\":{\"@id\":\"https:\/\/stretchhood.it\/es\/sistemas-de-embalaje\/in-box-bagmaker\/#primaryimage\"},\"image\":{\"@id\":\"https:\/\/stretchhood.it\/es\/sistemas-de-embalaje\/in-box-bagmaker\/#primaryimage\"},\"thumbnailUrl\":\"https:\/\/stretchhood.it\/wp-content\/uploads\/2021\/12\/3d-in-box-bagmaker.jpg\",\"datePublished\":\"2021-11-29T13:17:55+00:00\",\"dateModified\":\"2021-12-30T11:35:20+00:00\",\"description\":\"Bocedi MS\/L in box bagmaker es una soluci\u00f3n sin problemas para insertar autom\u00e1ticamente bolsas a medida dentro de las cajas como.\",\"breadcrumb\":{\"@id\":\"https:\/\/stretchhood.it\/es\/sistemas-de-embalaje\/in-box-bagmaker\/#breadcrumb\"},\"inLanguage\":\"es\",\"potentialAction\":[{\"@type\":\"ReadAction\",\"target\":[\"https:\/\/stretchhood.it\/es\/sistemas-de-embalaje\/in-box-bagmaker\/\"]}]},{\"@type\":\"ImageObject\",\"inLanguage\":\"es\",\"@id\":\"https:\/\/stretchhood.it\/es\/sistemas-de-embalaje\/in-box-bagmaker\/#primaryimage\",\"url\":\"https:\/\/stretchhood.it\/wp-content\/uploads\/2021\/12\/3d-in-box-bagmaker.jpg\",\"contentUrl\":\"https:\/\/stretchhood.it\/wp-content\/uploads\/2021\/12\/3d-in-box-bagmaker.jpg\",\"width\":1200,\"height\":800},{\"@type\":\"BreadcrumbList\",\"@id\":\"https:\/\/stretchhood.it\/es\/sistemas-de-embalaje\/in-box-bagmaker\/#breadcrumb\",\"itemListElement\":[{\"@type\":\"ListItem\",\"position\":1,\"name\":\"Home\",\"item\":\"https:\/\/www.stretchhood.it\/es\/\"},{\"@type\":\"ListItem\",\"position\":2,\"name\":\"Sistemas de Embalaje\",\"item\":\"https:\/\/STRETCHHOOD.IT\/es\/sistemas-de-embalaje\/\"},{\"@type\":\"ListItem\",\"position\":3,\"name\":\"In Box Bagmaker\"}]},{\"@type\":\"WebSite\",\"@id\":\"https:\/\/www.stretchhood.it\/es\/#website\",\"url\":\"https:\/\/www.stretchhood.it\/es\/\",\"name\":\"Bocedi srl\",\"description\":\"Pallet Packaging Systems\",\"publisher\":{\"@id\":\"https:\/\/www.stretchhood.it\/es\/#organization\"},\"potentialAction\":[{\"@type\":\"SearchAction\",\"target\":{\"@type\":\"EntryPoint\",\"urlTemplate\":\"https:\/\/www.stretchhood.it\/es\/?s={search_term_string}\"},\"query-input\":\"required name=search_term_string\"}],\"inLanguage\":\"es\"},{\"@type\":\"Organization\",\"@id\":\"https:\/\/www.stretchhood.it\/es\/#organization\",\"name\":\"Bocedi srl\",\"url\":\"https:\/\/www.stretchhood.it\/es\/\",\"logo\":{\"@type\":\"ImageObject\",\"inLanguage\":\"es\",\"@id\":\"https:\/\/www.stretchhood.it\/es\/#\/schema\/logo\/image\/\",\"url\":\"https:\/\/www.bocedisrl.com\/wp-content\/uploads\/2021\/11\/logo-bocedi.png\",\"contentUrl\":\"https:\/\/www.bocedisrl.com\/wp-content\/uploads\/2021\/11\/logo-bocedi.png\",\"width\":800,\"height\":480,\"caption\":\"Bocedi srl\"},\"image\":{\"@id\":\"https:\/\/www.stretchhood.it\/es\/#\/schema\/logo\/image\/\"}}]}<\/script>\n<!-- \/ Yoast SEO plugin. -->","yoast_head_json":{"title":"In Box Bagmaker - Bocedi srl","description":"Bocedi MS\/L in box bagmaker es una soluci\u00f3n sin problemas para insertar autom\u00e1ticamente bolsas a medida dentro de las cajas como.","robots":{"index":"index","follow":"follow","max-snippet":"max-snippet:-1","max-image-preview":"max-image-preview:large","max-video-preview":"max-video-preview:-1"},"canonical":"https:\/\/stretchhood.it\/es\/sistemas-de-embalaje\/in-box-bagmaker\/","og_locale":"es_ES","og_type":"article","og_title":"In Box Bagmaker - Bocedi srl","og_description":"Bocedi MS\/L in box bagmaker es una soluci\u00f3n sin problemas para insertar autom\u00e1ticamente bolsas a medida dentro de las cajas como.","og_url":"https:\/\/stretchhood.it\/es\/sistemas-de-embalaje\/in-box-bagmaker\/","og_site_name":"Bocedi srl","article_modified_time":"2021-12-30T11:35:20+00:00","og_image":[{"width":1200,"height":800,"url":"https:\/\/stretchhood.it\/wp-content\/uploads\/2021\/12\/3d-in-box-bagmaker.jpg","type":"image\/jpeg"}],"twitter_card":"summary_large_image","twitter_misc":{"Tiempo de lectura":"1 minuto"},"schema":{"@context":"https:\/\/schema.org","@graph":[{"@type":"WebPage","@id":"https:\/\/stretchhood.it\/es\/sistemas-de-embalaje\/in-box-bagmaker\/","url":"https:\/\/stretchhood.it\/es\/sistemas-de-embalaje\/in-box-bagmaker\/","name":"In Box Bagmaker - Bocedi srl","isPartOf":{"@id":"https:\/\/www.stretchhood.it\/es\/#website"},"primaryImageOfPage":{"@id":"https:\/\/stretchhood.it\/es\/sistemas-de-embalaje\/in-box-bagmaker\/#primaryimage"},"image":{"@id":"https:\/\/stretchhood.it\/es\/sistemas-de-embalaje\/in-box-bagmaker\/#primaryimage"},"thumbnailUrl":"https:\/\/stretchhood.it\/wp-content\/uploads\/2021\/12\/3d-in-box-bagmaker.jpg","datePublished":"2021-11-29T13:17:55+00:00","dateModified":"2021-12-30T11:35:20+00:00","description":"Bocedi MS\/L in box bagmaker es una soluci\u00f3n sin problemas para insertar autom\u00e1ticamente bolsas a medida dentro de las cajas como.","breadcrumb":{"@id":"https:\/\/stretchhood.it\/es\/sistemas-de-embalaje\/in-box-bagmaker\/#breadcrumb"},"inLanguage":"es","potentialAction":[{"@type":"ReadAction","target":["https:\/\/stretchhood.it\/es\/sistemas-de-embalaje\/in-box-bagmaker\/"]}]},{"@type":"ImageObject","inLanguage":"es","@id":"https:\/\/stretchhood.it\/es\/sistemas-de-embalaje\/in-box-bagmaker\/#primaryimage","url":"https:\/\/stretchhood.it\/wp-content\/uploads\/2021\/12\/3d-in-box-bagmaker.jpg","contentUrl":"https:\/\/stretchhood.it\/wp-content\/uploads\/2021\/12\/3d-in-box-bagmaker.jpg","width":1200,"height":800},{"@type":"BreadcrumbList","@id":"https:\/\/stretchhood.it\/es\/sistemas-de-embalaje\/in-box-bagmaker\/#breadcrumb","itemListElement":[{"@type":"ListItem","position":1,"name":"Home","item":"https:\/\/www.stretchhood.it\/es\/"},{"@type":"ListItem","position":2,"name":"Sistemas de Embalaje","item":"https:\/\/STRETCHHOOD.IT\/es\/sistemas-de-embalaje\/"},{"@type":"ListItem","position":3,"name":"In Box Bagmaker"}]},{"@type":"WebSite","@id":"https:\/\/www.stretchhood.it\/es\/#website","url":"https:\/\/www.stretchhood.it\/es\/","name":"Bocedi srl","description":"Pallet Packaging Systems","publisher":{"@id":"https:\/\/www.stretchhood.it\/es\/#organization"},"potentialAction":[{"@type":"SearchAction","target":{"@type":"EntryPoint","urlTemplate":"https:\/\/www.stretchhood.it\/es\/?s={search_term_string}"},"query-input":"required name=search_term_string"}],"inLanguage":"es"},{"@type":"Organization","@id":"https:\/\/www.stretchhood.it\/es\/#organization","name":"Bocedi srl","url":"https:\/\/www.stretchhood.it\/es\/","logo":{"@type":"ImageObject","inLanguage":"es","@id":"https:\/\/www.stretchhood.it\/es\/#\/schema\/logo\/image\/","url":"https:\/\/www.bocedisrl.com\/wp-content\/uploads\/2021\/11\/logo-bocedi.png","contentUrl":"https:\/\/www.bocedisrl.com\/wp-content\/uploads\/2021\/11\/logo-bocedi.png","width":800,"height":480,"caption":"Bocedi srl"},"image":{"@id":"https:\/\/www.stretchhood.it\/es\/#\/schema\/logo\/image\/"}}]}},"_links":{"self":[{"href":"https:\/\/stretchhood.it\/es\/wp-json\/wp\/v2\/pages\/4308"}],"collection":[{"href":"https:\/\/stretchhood.it\/es\/wp-json\/wp\/v2\/pages"}],"about":[{"href":"https:\/\/stretchhood.it\/es\/wp-json\/wp\/v2\/types\/page"}],"author":[{"embeddable":true,"href":"https:\/\/stretchhood.it\/es\/wp-json\/wp\/v2\/users\/1"}],"replies":[{"embeddable":true,"href":"https:\/\/stretchhood.it\/es\/wp-json\/wp\/v2\/comments?post=4308"}],"version-history":[{"count":1,"href":"https:\/\/stretchhood.it\/es\/wp-json\/wp\/v2\/pages\/4308\/revisions"}],"predecessor-version":[{"id":4309,"href":"https:\/\/stretchhood.it\/es\/wp-json\/wp\/v2\/pages\/4308\/revisions\/4309"}],"up":[{"embeddable":true,"href":"https:\/\/stretchhood.it\/es\/wp-json\/wp\/v2\/pages\/4011"}],"wp:featuredmedia":[{"embeddable":true,"href":"https:\/\/stretchhood.it\/es\/wp-json\/wp\/v2\/media\/2901"}],"wp:attachment":[{"href":"https:\/\/stretchhood.it\/es\/wp-json\/wp\/v2\/media?parent=4308"}],"curies":[{"name":"wp","href":"https:\/\/api.w.org\/{rel}","templated":true}]}}