{"id":4301,"date":"2021-11-29T14:17:26","date_gmt":"2021-11-29T13:17:26","guid":{"rendered":"https:\/\/www.stretchhood.it\/sistemas-de-embalaje\/palletless\/"},"modified":"2021-12-30T12:49:58","modified_gmt":"2021-12-30T11:49:58","slug":"palletless","status":"publish","type":"page","link":"https:\/\/stretchhood.it\/es\/sistemas-de-embalaje\/palletless\/","title":{"rendered":"Palletless"},"content":{"rendered":"\n<div class=\"wp-block-columns is-layout-flex wp-container-core-columns-is-layout-1 wp-block-columns-is-layout-flex\">\n<div class=\"wp-block-column is-layout-flow wp-block-column-is-layout-flow\">\n<h3 class=\"wp-block-heading\">Palletless<\/h3>\n\n\n\n<p>La tecnolog\u00eda de embalaje palletless de Bocedi consiste en una l\u00ednea modular equipada con\u00a0<a href=\"\/es\/sistemas-de-embalaje\/stretch-hood\/\">enfundadoras con pel\u00edcula pl\u00e1stica en fr\u00edo<\/a>\u00a0o con\u00a0<a href=\"\/es\/sistemas-de-embalaje\/termo-retractil\/\">pel\u00edcula retr\u00e1ctil<\/a>, que ofrece un embalaje autoportante seguro y compacto sin necesidad de la tarima.<\/p>\n\n\n\n<h3 class=\"wp-block-heading\">Embalaje autoportante<\/h3>\n\n\n\n<p>El proceso de embalaje palletless empieza con un aplicador de hoja de pl\u00e1stico superior autom\u00e1tico, que deposita la pel\u00edcula de base en la carga: una hoja de pl\u00e1stico no extensible con una resistencia extrema a la perforaci\u00f3n. Seguidamente, la carga es transportada hasta la enfundadora para la aplicaci\u00f3n de la funda.<\/p>\n\n\n\n<p>La siguiente fase para la carga es la del rotador de tarima, que aplica una presi\u00f3n nominal a la carga para compactarla y despu\u00e9s la gira 180\u00b0 para la siguiente fase de enfundado.<\/p>\n\n\n\n<p>En funci\u00f3n de la productividad de l\u00ednea requerida, la carga puede retroceder a la anterior estaci\u00f3n de enfundado o moverse hacia delante a una nueva estaci\u00f3n de enfundado para una segunda aplicaci\u00f3n de funda; el segundo enfundado garantiza una cobertura completa de la carga, una protecci\u00f3n contra el agua, el polvo y los UV de 6 caras, y una unidad aut\u00f3noma extremadamente segura. Ahora, la carga sin tarima est\u00e1 lista para ser elevada y almacenada dentro o fuera.<\/p>\n\n\n\n<p>La l\u00ednea de embalaje sin tarima es una soluci\u00f3n flexible que puede utilizarse tambi\u00e9n para embalar cargas paletizadas en una producci\u00f3n aleatoria.<\/p>\n\n\n\n<h3 class=\"wp-block-heading\">Impermeabilidad por seis lados<\/h3>\n\n\n\n<p>El sistema de embalaje sin tarimas ofrece muchas ventajas competitivas:<\/p>\n\n\n\n<ul><li>Unidades autoportantes<\/li><li>Sin costes derivados de la manipulaci\u00f3n de tarimas<\/li><li>Coste de transporte reducido, garantizado por una carga compacta y m\u00e1s ligera<\/li><li>Carga segura, sin rotura de bolsas ni p\u00e9rdidas durante el transporte<\/li><li>A prueba de agua y de la intemperie para almacenamiento en el exterior o en medios de transportes abiertos<\/li><li>Material de embalaje reciclable<\/li><\/ul>\n<\/div>\n\n\n\n<div class=\"wp-block-column is-layout-flow wp-block-column-is-layout-flow\"><div class=\"wp-block-getwid-images-slider has-arrows-inside has-dots-inside has-images-center has-cropped-images has-fixed-height\"><div class=\"wp-block-getwid-images-slider__wrapper\" data-effect=\"fade\" data-slides-show=\"1\" data-slides-show-laptop=\"1\" data-slides-show-tablet=\"1\" data-slides-show-mobile=\"1\" data-slides-scroll=\"1\" data-autoplay=\"true\" data-autoplay-speed=\"5000\" data-infinite=\"true\" data-animation-speed=\"800\" data-center-mode=\"false\" data-variable-width=\"false\" data-arrows=\"inside\" data-dots=\"inside\" data-spacing=\"none\"><div class=\"wp-block-getwid-images-slider__item\" style=\"height:350px\"><figure><img loading=\"lazy\" decoding=\"async\" width=\"1200\" height=\"800\" src=\"https:\/\/www.stretchhood.it\/wp-content\/uploads\/2021\/12\/image-palletless-01.jpg\" data-id=\"2072\" data-link=\"https:\/\/www.stretchhood.it\/packaging-systems\/palletless\/attachment\/image-palletless-01\/\" data-original-link=\"https:\/\/www.stretchhood.it\/wp-content\/uploads\/2021\/12\/image-palletless-01.jpg\" class=\"wp-block-getwid-images-slider__image wp-image-2072\" srcset=\"https:\/\/www.stretchhood.it\/wp-content\/uploads\/2021\/12\/image-palletless-01.jpg 1200w, https:\/\/www.stretchhood.it\/wp-content\/uploads\/2021\/12\/image-palletless-01-980x653.jpg 980w, https:\/\/www.stretchhood.it\/wp-content\/uploads\/2021\/12\/image-palletless-01-480x320.jpg 480w\" sizes=\"(min-width: 0px) and (max-width: 480px) 480px, (min-width: 481px) and (max-width: 980px) 980px, (min-width: 981px) 1200px, 100vw\" \/><\/figure><\/div><div class=\"wp-block-getwid-images-slider__item\" style=\"height:350px\"><figure><img loading=\"lazy\" decoding=\"async\" width=\"1200\" height=\"800\" src=\"https:\/\/www.stretchhood.it\/wp-content\/uploads\/2021\/12\/image-palletless-02.jpg\" data-id=\"2073\" data-link=\"https:\/\/www.stretchhood.it\/packaging-systems\/palletless\/attachment\/image-palletless-02\/\" data-original-link=\"https:\/\/www.stretchhood.it\/wp-content\/uploads\/2021\/12\/image-palletless-02.jpg\" class=\"wp-block-getwid-images-slider__image wp-image-2073\" srcset=\"https:\/\/www.stretchhood.it\/wp-content\/uploads\/2021\/12\/image-palletless-02.jpg 1200w, https:\/\/www.stretchhood.it\/wp-content\/uploads\/2021\/12\/image-palletless-02-980x653.jpg 980w, https:\/\/www.stretchhood.it\/wp-content\/uploads\/2021\/12\/image-palletless-02-480x320.jpg 480w\" sizes=\"(min-width: 0px) and (max-width: 480px) 480px, (min-width: 481px) and (max-width: 980px) 980px, (min-width: 981px) 1200px, 100vw\" \/><\/figure><\/div><div class=\"wp-block-getwid-images-slider__item\" style=\"height:350px\"><figure><img loading=\"lazy\" decoding=\"async\" width=\"1200\" height=\"800\" src=\"https:\/\/www.stretchhood.it\/wp-content\/uploads\/2021\/12\/image-palletless-03.jpg\" data-id=\"2074\" data-link=\"https:\/\/www.stretchhood.it\/packaging-systems\/palletless\/attachment\/image-palletless-03\/\" data-original-link=\"https:\/\/www.stretchhood.it\/wp-content\/uploads\/2021\/12\/image-palletless-03.jpg\" class=\"wp-block-getwid-images-slider__image wp-image-2074\" srcset=\"https:\/\/www.stretchhood.it\/wp-content\/uploads\/2021\/12\/image-palletless-03.jpg 1200w, https:\/\/www.stretchhood.it\/wp-content\/uploads\/2021\/12\/image-palletless-03-980x653.jpg 980w, https:\/\/www.stretchhood.it\/wp-content\/uploads\/2021\/12\/image-palletless-03-480x320.jpg 480w\" sizes=\"(min-width: 0px) and (max-width: 480px) 480px, (min-width: 481px) and (max-width: 980px) 980px, (min-width: 981px) 1200px, 100vw\" \/><\/figure><\/div><div class=\"wp-block-getwid-images-slider__item\" style=\"height:350px\"><figure><img loading=\"lazy\" decoding=\"async\" width=\"1200\" height=\"800\" src=\"https:\/\/www.stretchhood.it\/wp-content\/uploads\/2021\/12\/image-palletless-04.jpg\" data-id=\"2075\" data-link=\"https:\/\/www.stretchhood.it\/packaging-systems\/palletless\/attachment\/image-palletless-04\/\" data-original-link=\"https:\/\/www.stretchhood.it\/wp-content\/uploads\/2021\/12\/image-palletless-04.jpg\" class=\"wp-block-getwid-images-slider__image wp-image-2075\" srcset=\"https:\/\/www.stretchhood.it\/wp-content\/uploads\/2021\/12\/image-palletless-04.jpg 1200w, https:\/\/www.stretchhood.it\/wp-content\/uploads\/2021\/12\/image-palletless-04-980x653.jpg 980w, https:\/\/www.stretchhood.it\/wp-content\/uploads\/2021\/12\/image-palletless-04-480x320.jpg 480w\" sizes=\"(min-width: 0px) and (max-width: 480px) 480px, (min-width: 481px) and (max-width: 980px) 980px, (min-width: 981px) 1200px, 100vw\" \/><\/figure><\/div><div class=\"wp-block-getwid-images-slider__item\" style=\"height:350px\"><figure><img loading=\"lazy\" decoding=\"async\" width=\"1200\" height=\"800\" src=\"https:\/\/www.stretchhood.it\/wp-content\/uploads\/2021\/12\/image-palletless-05.jpg\" data-id=\"2076\" data-link=\"https:\/\/www.stretchhood.it\/packaging-systems\/palletless\/attachment\/image-palletless-05\/\" data-original-link=\"https:\/\/www.stretchhood.it\/wp-content\/uploads\/2021\/12\/image-palletless-05.jpg\" class=\"wp-block-getwid-images-slider__image wp-image-2076\" srcset=\"https:\/\/www.stretchhood.it\/wp-content\/uploads\/2021\/12\/image-palletless-05.jpg 1200w, https:\/\/www.stretchhood.it\/wp-content\/uploads\/2021\/12\/image-palletless-05-980x653.jpg 980w, https:\/\/www.stretchhood.it\/wp-content\/uploads\/2021\/12\/image-palletless-05-480x320.jpg 480w\" sizes=\"(min-width: 0px) and (max-width: 480px) 480px, (min-width: 481px) and (max-width: 980px) 980px, (min-width: 981px) 1200px, 100vw\" \/><\/figure><\/div><\/div><\/div>\r\n\n\n\n<h3 class=\"wp-block-heading\">Datos t\u00e9cnicos<\/h3>\n\n\n\n<figure class=\"wp-block-table is-style-stripes\"><table class=\"has-fixed-layout\"><tbody><tr><td>Dimensiones m\u00e1ximas de carga (mm)<\/td><td>1350 L x 1150 W x 2200 H<\/td><\/tr><tr><td>Productividad<\/td><td>Hasta 120 tarimas\/hora (ependiendo del tama\u00f1o de la carga)<\/td><\/tr><\/tbody><\/table><\/figure>\n\n\n\n<h3 class=\"wp-block-heading\">C\u00f3mo funciona<\/h3>\n\n\n<div class=\"wp-block-getwid-images-slider has-arrows-none has-dots-outside has-captions captions-underneath is-carousel has-slides-gap-normal has-images-top\">\r\n<div class=\"wp-block-getwid-images-slider__wrapper\" data-effect=\"slide\" data-slides-show=\"2\" data-slides-show-laptop=\"1\" data-slides-show-tablet=\"1\" data-slides-show-mobile=\"1\" data-slides-scroll=\"1\" data-autoplay=\"true\" data-autoplay-speed=\"5000\" data-infinite=\"false\" data-animation-speed=\"300\" data-center-mode=\"false\" data-variable-width=\"false\" data-arrows=\"none\" data-dots=\"outside\" data-spacing=\"normal\">\r\n<div class=\"wp-block-getwid-images-slider__item\">\r\n<figure><img loading=\"lazy\" decoding=\"async\" width=\"320\" height=\"460\" class=\"wp-block-getwid-images-slider__image wp-image-1624\" src=\"https:\/\/www.stretchhood.it\/wp-content\/uploads\/2021\/12\/sequence-palletless-01.png\" data-id=\"1624\" data-link=\"https:\/\/www.stretchhood.it\/packaging-systems\/palletless\/attachment\/sequence-palletless-01\/\" data-original-link=\"https:\/\/www.stretchhood.it\/wp-content\/uploads\/2021\/12\/sequence-palletless-01.png\" srcset=\"https:\/\/stretchhood.it\/wp-content\/uploads\/2021\/12\/sequence-palletless-01.png 320w, https:\/\/stretchhood.it\/wp-content\/uploads\/2021\/12\/sequence-palletless-01-209x300.png 209w\" sizes=\"(max-width: 320px) 100vw, 320px\" \/>\r\n<figcaption class=\"wp-block-getwid-images-slider__caption\">Las bolsas son apiladas con una capa superior especial<\/figcaption>\r\n<\/figure>\r\n<\/div>\r\n<div class=\"wp-block-getwid-images-slider__item\">\r\n<figure><img loading=\"lazy\" decoding=\"async\" width=\"320\" height=\"460\" class=\"wp-block-getwid-images-slider__image wp-image-1625\" src=\"https:\/\/www.stretchhood.it\/wp-content\/uploads\/2021\/12\/sequence-palletless-02.png\" data-id=\"1625\" data-link=\"https:\/\/www.stretchhood.it\/packaging-systems\/palletless\/attachment\/sequence-palletless-02\/\" data-original-link=\"https:\/\/www.stretchhood.it\/wp-content\/uploads\/2021\/12\/sequence-palletless-02.png\" srcset=\"https:\/\/stretchhood.it\/wp-content\/uploads\/2021\/12\/sequence-palletless-02.png 320w, https:\/\/stretchhood.it\/wp-content\/uploads\/2021\/12\/sequence-palletless-02-209x300.png 209w\" sizes=\"(max-width: 320px) 100vw, 320px\" \/>\r\n<figcaption class=\"wp-block-getwid-images-slider__caption\">Aplicaci\u00f3n de una hoja de pl\u00e1stico muy resistente<\/figcaption>\r\n<\/figure>\r\n<\/div>\r\n<div class=\"wp-block-getwid-images-slider__item\">\r\n<figure><img loading=\"lazy\" decoding=\"async\" width=\"320\" height=\"460\" class=\"wp-block-getwid-images-slider__image wp-image-1626\" src=\"https:\/\/www.stretchhood.it\/wp-content\/uploads\/2021\/12\/sequence-palletless-03.png\" data-id=\"1626\" data-link=\"https:\/\/www.stretchhood.it\/packaging-systems\/palletless\/attachment\/sequence-palletless-03\/\" data-original-link=\"https:\/\/www.stretchhood.it\/wp-content\/uploads\/2021\/12\/sequence-palletless-03.png\" srcset=\"https:\/\/stretchhood.it\/wp-content\/uploads\/2021\/12\/sequence-palletless-03.png 320w, https:\/\/stretchhood.it\/wp-content\/uploads\/2021\/12\/sequence-palletless-03-209x300.png 209w\" sizes=\"(max-width: 320px) 100vw, 320px\" \/>\r\n<figcaption class=\"wp-block-getwid-images-slider__caption\">Primera fase de enfundado interior<\/figcaption>\r\n<\/figure>\r\n<\/div>\r\n<div class=\"wp-block-getwid-images-slider__item\">\r\n<figure><img loading=\"lazy\" decoding=\"async\" width=\"320\" height=\"460\" class=\"wp-block-getwid-images-slider__image wp-image-1627\" src=\"https:\/\/www.stretchhood.it\/wp-content\/uploads\/2021\/12\/sequence-palletless-04.png\" data-id=\"1627\" data-link=\"https:\/\/www.stretchhood.it\/packaging-systems\/palletless\/attachment\/sequence-palletless-04\/\" data-original-link=\"https:\/\/www.stretchhood.it\/wp-content\/uploads\/2021\/12\/sequence-palletless-04.png\" srcset=\"https:\/\/stretchhood.it\/wp-content\/uploads\/2021\/12\/sequence-palletless-04.png 320w, https:\/\/stretchhood.it\/wp-content\/uploads\/2021\/12\/sequence-palletless-04-209x300.png 209w\" sizes=\"(max-width: 320px) 100vw, 320px\" \/>\r\n<figcaption class=\"wp-block-getwid-images-slider__caption\">La carga tiene 5 lados cubiertos<\/figcaption>\r\n<\/figure>\r\n<\/div>\r\n<div class=\"wp-block-getwid-images-slider__item\">\r\n<figure><img loading=\"lazy\" decoding=\"async\" width=\"320\" height=\"460\" class=\"wp-block-getwid-images-slider__image wp-image-1628\" src=\"https:\/\/www.stretchhood.it\/wp-content\/uploads\/2021\/12\/sequence-palletless-05.png\" data-id=\"1628\" data-link=\"https:\/\/www.stretchhood.it\/packaging-systems\/palletless\/attachment\/sequence-palletless-05\/\" data-original-link=\"https:\/\/www.stretchhood.it\/wp-content\/uploads\/2021\/12\/sequence-palletless-05.png\" srcset=\"https:\/\/stretchhood.it\/wp-content\/uploads\/2021\/12\/sequence-palletless-05.png 320w, https:\/\/stretchhood.it\/wp-content\/uploads\/2021\/12\/sequence-palletless-05-209x300.png 209w\" sizes=\"(max-width: 320px) 100vw, 320px\" \/>\r\n<figcaption class=\"wp-block-getwid-images-slider__caption\">Ahora la carga gira 180\u00b0 hasta la posici\u00f3n final<\/figcaption>\r\n<\/figure>\r\n<\/div>\r\n<div class=\"wp-block-getwid-images-slider__item\">\r\n<figure><img loading=\"lazy\" decoding=\"async\" width=\"320\" height=\"460\" class=\"wp-block-getwid-images-slider__image wp-image-1629\" src=\"https:\/\/www.stretchhood.it\/wp-content\/uploads\/2021\/12\/sequence-palletless-06.png\" data-id=\"1629\" data-link=\"https:\/\/www.stretchhood.it\/packaging-systems\/palletless\/attachment\/sequence-palletless-06\/\" data-original-link=\"https:\/\/www.stretchhood.it\/wp-content\/uploads\/2021\/12\/sequence-palletless-06.png\" srcset=\"https:\/\/stretchhood.it\/wp-content\/uploads\/2021\/12\/sequence-palletless-06.png 320w, https:\/\/stretchhood.it\/wp-content\/uploads\/2021\/12\/sequence-palletless-06-209x300.png 209w\" sizes=\"(max-width: 320px) 100vw, 320px\" \/>\r\n<figcaption class=\"wp-block-getwid-images-slider__caption\">La segunda fase de enfundado protege la carga del agua y el polvo<\/figcaption>\r\n<\/figure>\r\n<\/div>\r\n<div class=\"wp-block-getwid-images-slider__item\">\r\n<figure><img loading=\"lazy\" decoding=\"async\" width=\"320\" height=\"460\" class=\"wp-block-getwid-images-slider__image wp-image-1630\" src=\"https:\/\/www.stretchhood.it\/wp-content\/uploads\/2021\/12\/sequence-palletless-07.png\" data-id=\"1630\" data-link=\"https:\/\/www.stretchhood.it\/packaging-systems\/palletless\/attachment\/sequence-palletless-07\/\" data-original-link=\"https:\/\/www.stretchhood.it\/wp-content\/uploads\/2021\/12\/sequence-palletless-07.png\" srcset=\"https:\/\/stretchhood.it\/wp-content\/uploads\/2021\/12\/sequence-palletless-07.png 320w, https:\/\/stretchhood.it\/wp-content\/uploads\/2021\/12\/sequence-palletless-07-209x300.png 209w\" sizes=\"(max-width: 320px) 100vw, 320px\" \/>\r\n<figcaption class=\"wp-block-getwid-images-slider__caption\">La carga sin tarima autoportante y estable est\u00e1 lista para el transporte<\/figcaption>\r\n<\/figure>\r\n<\/div>\r\n<\/div>\r\n<\/div>\n\n\n<div class=\"wp-block-buttons is-layout-flex wp-block-buttons-is-layout-flex\">\n<div class=\"wp-block-button button-quotation\"><a class=\"wp-block-button__link\" href=\"\/es\/contacto\/\">Solicitar Presupuesto<\/a><\/div>\n\n\n\n<div class=\"wp-block-button button-pdf inactive\"><a class=\"wp-block-button__link\">Descargar Cat\u00e1logo<\/a><\/div>\n\n\n\n<div class=\"wp-block-button button-video inactive\"><a class=\"wp-block-button__link\">Ver el V\u00eddeo<\/a><\/div>\n<\/div>\n<\/div>\n<\/div>\n","protected":false},"excerpt":{"rendered":"<p>Palletless La tecnolog\u00eda de embalaje palletless de Bocedi consiste en una l\u00ednea modular equipada con\u00a0enfundadoras con pel\u00edcula pl\u00e1stica en fr\u00edo\u00a0o con\u00a0pel\u00edcula retr\u00e1ctil, que ofrece un embalaje autoportante seguro y compacto sin necesidad de la tarima. Embalaje autoportante El proceso de embalaje palletless empieza con un aplicador de hoja de pl\u00e1stico superior autom\u00e1tico, que deposita la [&hellip;]<\/p>\n","protected":false},"author":1,"featured_media":2898,"parent":4011,"menu_order":0,"comment_status":"closed","ping_status":"closed","template":"","meta":{"_acf_changed":false,"_et_pb_use_builder":"on","_et_pb_old_content":"","_et_gb_content_width":"","footnotes":""},"acf":[],"yoast_head":"<!-- This site is optimized with the Yoast SEO plugin v22.7 - https:\/\/yoast.com\/wordpress\/plugins\/seo\/ -->\n<title>Palletless - Bocedi srl<\/title>\n<meta name=\"description\" content=\"Las l\u00edneas de embalaje sin paletas de Bocedi permiten embalar la carga sin necesidad de utilizar una paleta.\" \/>\n<meta name=\"robots\" content=\"index, follow, max-snippet:-1, max-image-preview:large, max-video-preview:-1\" \/>\n<link rel=\"canonical\" href=\"https:\/\/stretchhood.it\/es\/sistemas-de-embalaje\/palletless\/\" \/>\n<meta property=\"og:locale\" content=\"es_ES\" \/>\n<meta property=\"og:type\" content=\"article\" \/>\n<meta property=\"og:title\" content=\"Palletless - Bocedi srl\" \/>\n<meta property=\"og:description\" content=\"Las l\u00edneas de embalaje sin paletas de Bocedi permiten embalar la carga sin necesidad de utilizar una paleta.\" \/>\n<meta property=\"og:url\" content=\"https:\/\/stretchhood.it\/es\/sistemas-de-embalaje\/palletless\/\" \/>\n<meta property=\"og:site_name\" content=\"Bocedi srl\" \/>\n<meta property=\"article:modified_time\" content=\"2021-12-30T11:49:58+00:00\" \/>\n<meta property=\"og:image\" content=\"https:\/\/stretchhood.it\/wp-content\/uploads\/2021\/12\/3d-palletless.jpg\" \/>\n\t<meta property=\"og:image:width\" content=\"1200\" \/>\n\t<meta property=\"og:image:height\" content=\"800\" \/>\n\t<meta property=\"og:image:type\" content=\"image\/jpeg\" \/>\n<meta name=\"twitter:card\" content=\"summary_large_image\" \/>\n<meta name=\"twitter:label1\" content=\"Tiempo de lectura\" \/>\n\t<meta name=\"twitter:data1\" content=\"2 minutos\" \/>\n<script type=\"application\/ld+json\" class=\"yoast-schema-graph\">{\"@context\":\"https:\/\/schema.org\",\"@graph\":[{\"@type\":\"WebPage\",\"@id\":\"https:\/\/stretchhood.it\/es\/sistemas-de-embalaje\/palletless\/\",\"url\":\"https:\/\/stretchhood.it\/es\/sistemas-de-embalaje\/palletless\/\",\"name\":\"Palletless - Bocedi srl\",\"isPartOf\":{\"@id\":\"https:\/\/stretchhood.it\/es\/#website\"},\"primaryImageOfPage\":{\"@id\":\"https:\/\/stretchhood.it\/es\/sistemas-de-embalaje\/palletless\/#primaryimage\"},\"image\":{\"@id\":\"https:\/\/stretchhood.it\/es\/sistemas-de-embalaje\/palletless\/#primaryimage\"},\"thumbnailUrl\":\"https:\/\/stretchhood.it\/wp-content\/uploads\/2021\/12\/3d-palletless.jpg\",\"datePublished\":\"2021-11-29T13:17:26+00:00\",\"dateModified\":\"2021-12-30T11:49:58+00:00\",\"description\":\"Las l\u00edneas de embalaje sin paletas de Bocedi permiten embalar la carga sin necesidad de utilizar una paleta.\",\"breadcrumb\":{\"@id\":\"https:\/\/stretchhood.it\/es\/sistemas-de-embalaje\/palletless\/#breadcrumb\"},\"inLanguage\":\"es\",\"potentialAction\":[{\"@type\":\"ReadAction\",\"target\":[\"https:\/\/stretchhood.it\/es\/sistemas-de-embalaje\/palletless\/\"]}]},{\"@type\":\"ImageObject\",\"inLanguage\":\"es\",\"@id\":\"https:\/\/stretchhood.it\/es\/sistemas-de-embalaje\/palletless\/#primaryimage\",\"url\":\"https:\/\/stretchhood.it\/wp-content\/uploads\/2021\/12\/3d-palletless.jpg\",\"contentUrl\":\"https:\/\/stretchhood.it\/wp-content\/uploads\/2021\/12\/3d-palletless.jpg\",\"width\":1200,\"height\":800},{\"@type\":\"BreadcrumbList\",\"@id\":\"https:\/\/stretchhood.it\/es\/sistemas-de-embalaje\/palletless\/#breadcrumb\",\"itemListElement\":[{\"@type\":\"ListItem\",\"position\":1,\"name\":\"Home\",\"item\":\"https:\/\/stretchhood.it\/es\/\"},{\"@type\":\"ListItem\",\"position\":2,\"name\":\"Sistemas de Embalaje\",\"item\":\"https:\/\/mail.stretchhood.it\/es\/sistemas-de-embalaje\/\"},{\"@type\":\"ListItem\",\"position\":3,\"name\":\"Palletless\"}]},{\"@type\":\"WebSite\",\"@id\":\"https:\/\/stretchhood.it\/es\/#website\",\"url\":\"https:\/\/stretchhood.it\/es\/\",\"name\":\"Bocedi srl\",\"description\":\"Pallet Packaging Systems\",\"publisher\":{\"@id\":\"https:\/\/stretchhood.it\/es\/#organization\"},\"potentialAction\":[{\"@type\":\"SearchAction\",\"target\":{\"@type\":\"EntryPoint\",\"urlTemplate\":\"https:\/\/stretchhood.it\/es\/?s={search_term_string}\"},\"query-input\":\"required name=search_term_string\"}],\"inLanguage\":\"es\"},{\"@type\":\"Organization\",\"@id\":\"https:\/\/stretchhood.it\/es\/#organization\",\"name\":\"Bocedi srl\",\"url\":\"https:\/\/stretchhood.it\/es\/\",\"logo\":{\"@type\":\"ImageObject\",\"inLanguage\":\"es\",\"@id\":\"https:\/\/stretchhood.it\/es\/#\/schema\/logo\/image\/\",\"url\":\"https:\/\/www.bocedisrl.com\/wp-content\/uploads\/2021\/11\/logo-bocedi.png\",\"contentUrl\":\"https:\/\/www.bocedisrl.com\/wp-content\/uploads\/2021\/11\/logo-bocedi.png\",\"width\":800,\"height\":480,\"caption\":\"Bocedi srl\"},\"image\":{\"@id\":\"https:\/\/stretchhood.it\/es\/#\/schema\/logo\/image\/\"}}]}<\/script>\n<!-- \/ Yoast SEO plugin. -->","yoast_head_json":{"title":"Palletless - Bocedi srl","description":"Las l\u00edneas de embalaje sin paletas de Bocedi permiten embalar la carga sin necesidad de utilizar una paleta.","robots":{"index":"index","follow":"follow","max-snippet":"max-snippet:-1","max-image-preview":"max-image-preview:large","max-video-preview":"max-video-preview:-1"},"canonical":"https:\/\/stretchhood.it\/es\/sistemas-de-embalaje\/palletless\/","og_locale":"es_ES","og_type":"article","og_title":"Palletless - Bocedi srl","og_description":"Las l\u00edneas de embalaje sin paletas de Bocedi permiten embalar la carga sin necesidad de utilizar una paleta.","og_url":"https:\/\/stretchhood.it\/es\/sistemas-de-embalaje\/palletless\/","og_site_name":"Bocedi srl","article_modified_time":"2021-12-30T11:49:58+00:00","og_image":[{"width":1200,"height":800,"url":"https:\/\/stretchhood.it\/wp-content\/uploads\/2021\/12\/3d-palletless.jpg","type":"image\/jpeg"}],"twitter_card":"summary_large_image","twitter_misc":{"Tiempo de lectura":"2 minutos"},"schema":{"@context":"https:\/\/schema.org","@graph":[{"@type":"WebPage","@id":"https:\/\/stretchhood.it\/es\/sistemas-de-embalaje\/palletless\/","url":"https:\/\/stretchhood.it\/es\/sistemas-de-embalaje\/palletless\/","name":"Palletless - Bocedi srl","isPartOf":{"@id":"https:\/\/stretchhood.it\/es\/#website"},"primaryImageOfPage":{"@id":"https:\/\/stretchhood.it\/es\/sistemas-de-embalaje\/palletless\/#primaryimage"},"image":{"@id":"https:\/\/stretchhood.it\/es\/sistemas-de-embalaje\/palletless\/#primaryimage"},"thumbnailUrl":"https:\/\/stretchhood.it\/wp-content\/uploads\/2021\/12\/3d-palletless.jpg","datePublished":"2021-11-29T13:17:26+00:00","dateModified":"2021-12-30T11:49:58+00:00","description":"Las l\u00edneas de embalaje sin paletas de Bocedi permiten embalar la carga sin necesidad de utilizar una paleta.","breadcrumb":{"@id":"https:\/\/stretchhood.it\/es\/sistemas-de-embalaje\/palletless\/#breadcrumb"},"inLanguage":"es","potentialAction":[{"@type":"ReadAction","target":["https:\/\/stretchhood.it\/es\/sistemas-de-embalaje\/palletless\/"]}]},{"@type":"ImageObject","inLanguage":"es","@id":"https:\/\/stretchhood.it\/es\/sistemas-de-embalaje\/palletless\/#primaryimage","url":"https:\/\/stretchhood.it\/wp-content\/uploads\/2021\/12\/3d-palletless.jpg","contentUrl":"https:\/\/stretchhood.it\/wp-content\/uploads\/2021\/12\/3d-palletless.jpg","width":1200,"height":800},{"@type":"BreadcrumbList","@id":"https:\/\/stretchhood.it\/es\/sistemas-de-embalaje\/palletless\/#breadcrumb","itemListElement":[{"@type":"ListItem","position":1,"name":"Home","item":"https:\/\/stretchhood.it\/es\/"},{"@type":"ListItem","position":2,"name":"Sistemas de Embalaje","item":"https:\/\/mail.stretchhood.it\/es\/sistemas-de-embalaje\/"},{"@type":"ListItem","position":3,"name":"Palletless"}]},{"@type":"WebSite","@id":"https:\/\/stretchhood.it\/es\/#website","url":"https:\/\/stretchhood.it\/es\/","name":"Bocedi srl","description":"Pallet Packaging Systems","publisher":{"@id":"https:\/\/stretchhood.it\/es\/#organization"},"potentialAction":[{"@type":"SearchAction","target":{"@type":"EntryPoint","urlTemplate":"https:\/\/stretchhood.it\/es\/?s={search_term_string}"},"query-input":"required name=search_term_string"}],"inLanguage":"es"},{"@type":"Organization","@id":"https:\/\/stretchhood.it\/es\/#organization","name":"Bocedi srl","url":"https:\/\/stretchhood.it\/es\/","logo":{"@type":"ImageObject","inLanguage":"es","@id":"https:\/\/stretchhood.it\/es\/#\/schema\/logo\/image\/","url":"https:\/\/www.bocedisrl.com\/wp-content\/uploads\/2021\/11\/logo-bocedi.png","contentUrl":"https:\/\/www.bocedisrl.com\/wp-content\/uploads\/2021\/11\/logo-bocedi.png","width":800,"height":480,"caption":"Bocedi srl"},"image":{"@id":"https:\/\/stretchhood.it\/es\/#\/schema\/logo\/image\/"}}]}},"_links":{"self":[{"href":"https:\/\/stretchhood.it\/es\/wp-json\/wp\/v2\/pages\/4301"}],"collection":[{"href":"https:\/\/stretchhood.it\/es\/wp-json\/wp\/v2\/pages"}],"about":[{"href":"https:\/\/stretchhood.it\/es\/wp-json\/wp\/v2\/types\/page"}],"author":[{"embeddable":true,"href":"https:\/\/stretchhood.it\/es\/wp-json\/wp\/v2\/users\/1"}],"replies":[{"embeddable":true,"href":"https:\/\/stretchhood.it\/es\/wp-json\/wp\/v2\/comments?post=4301"}],"version-history":[{"count":2,"href":"https:\/\/stretchhood.it\/es\/wp-json\/wp\/v2\/pages\/4301\/revisions"}],"predecessor-version":[{"id":4413,"href":"https:\/\/stretchhood.it\/es\/wp-json\/wp\/v2\/pages\/4301\/revisions\/4413"}],"up":[{"embeddable":true,"href":"https:\/\/stretchhood.it\/es\/wp-json\/wp\/v2\/pages\/4011"}],"wp:featuredmedia":[{"embeddable":true,"href":"https:\/\/stretchhood.it\/es\/wp-json\/wp\/v2\/media\/2898"}],"wp:attachment":[{"href":"https:\/\/stretchhood.it\/es\/wp-json\/wp\/v2\/media?parent=4301"}],"curies":[{"name":"wp","href":"https:\/\/api.w.org\/{rel}","templated":true}]}}