{"id":4141,"date":"2021-11-29T10:39:40","date_gmt":"2021-11-29T09:39:40","guid":{"rendered":"https:\/\/www.stretchhood.it\/contacto\/"},"modified":"2021-12-30T12:17:54","modified_gmt":"2021-12-30T11:17:54","slug":"contacto","status":"publish","type":"page","link":"https:\/\/stretchhood.it\/es\/contacto\/","title":{"rendered":"Contacto"},"content":{"rendered":"\n<h2 class=\"has-text-align-center wp-block-heading\">Cont\u00e1cta con nosotros<\/h2>\n<div class=\"wp-block-contact-form-7-contact-form-selector\">\n<div class=\"wpcf7 no-js\" id=\"wpcf7-f4287-o1\" lang=\"es-ES\" dir=\"ltr\">\n<div class=\"screen-reader-response\"><p role=\"status\" aria-live=\"polite\" aria-atomic=\"true\"><\/p> <ul><\/ul><\/div>\n<form action=\"\/es\/wp-json\/wp\/v2\/pages\/4141#wpcf7-f4287-o1\" method=\"post\" class=\"wpcf7-form init wpcf7-acceptance-as-validation\" aria-label=\"Formulario de contacto\" enctype=\"multipart\/form-data\" novalidate=\"novalidate\" data-status=\"init\">\n<div style=\"display: none;\">\n<input type=\"hidden\" name=\"_wpcf7\" value=\"4287\" \/>\n<input type=\"hidden\" name=\"_wpcf7_version\" value=\"5.9.4\" \/>\n<input type=\"hidden\" name=\"_wpcf7_locale\" value=\"es_ES\" \/>\n<input type=\"hidden\" name=\"_wpcf7_unit_tag\" value=\"wpcf7-f4287-o1\" \/>\n<input type=\"hidden\" name=\"_wpcf7_container_post\" value=\"0\" \/>\n<input type=\"hidden\" name=\"_wpcf7_posted_data_hash\" value=\"\" \/>\n<input type=\"hidden\" name=\"_wpcf7_recaptcha_response\" value=\"\" \/>\n<\/div>\n<label><span class=\"wpcf7-form-control-wrap\" data-name=\"your-name\"><input size=\"40\" class=\"wpcf7-form-control wpcf7-text wpcf7-validates-as-required\" aria-required=\"true\" aria-invalid=\"false\" placeholder=\"Tu nombre*\" value=\"\" type=\"text\" name=\"your-name\" \/><\/span><\/label>\n\n<label><span class=\"wpcf7-form-control-wrap\" data-name=\"company\"><input size=\"40\" class=\"wpcf7-form-control wpcf7-text wpcf7-validates-as-required\" aria-required=\"true\" aria-invalid=\"false\" placeholder=\"Empresa*\" value=\"\" type=\"text\" name=\"company\" \/><\/span><\/label>\n\n<label><span class=\"wpcf7-form-control-wrap\" data-name=\"country\"><input size=\"40\" class=\"wpcf7-form-control wpcf7-text wpcf7-validates-as-required\" aria-required=\"true\" aria-invalid=\"false\" placeholder=\"Pa\u00eds*\" value=\"\" type=\"text\" name=\"country\" \/><\/span><\/label>\n\n<label><span class=\"wpcf7-form-control-wrap\" data-name=\"your-email\"><input size=\"40\" class=\"wpcf7-form-control wpcf7-email wpcf7-validates-as-required wpcf7-text wpcf7-validates-as-email\" aria-required=\"true\" aria-invalid=\"false\" placeholder=\"Email*\" value=\"\" type=\"email\" name=\"your-email\" \/><\/span><\/label>\n\n<label><span class=\"wpcf7-form-control-wrap\" data-name=\"phone\"><input size=\"40\" class=\"wpcf7-form-control wpcf7-text\" aria-invalid=\"false\" placeholder=\"Tel\u00e9fono\" value=\"\" type=\"text\" name=\"phone\" \/><\/span><\/label>\n\n<label><span class=\"wpcf7-form-control-wrap\" data-name=\"your-recipient\"><select class=\"wpcf7-form-control wpcf7-select wpcf7-validates-as-required\" aria-required=\"true\" aria-invalid=\"false\" name=\"your-recipient\"><option value=\"\">Seleccionar servicios*<\/option><option value=\"Ventas\">Ventas<\/option><option value=\"Servicio post-venta\">Servicio post-venta<\/option><option value=\"Administraci\u00f3n\">Administraci\u00f3n<\/option><option value=\"Trabaja con nosotros\">Trabaja con nosotros<\/option><\/select><\/span><\/label>\n\n<label class=\"contact-form-file\"><span class=\"wpcf7-form-control-wrap\" data-name=\"your-file\"><input size=\"40\" class=\"wpcf7-form-control wpcf7-file\" accept=\".jpg,.jpeg,.png,.pdf\" aria-invalid=\"false\" type=\"file\" name=\"your-file\" \/><\/span><\/label>\n\n<label class=\"contact-form-message\"><span class=\"wpcf7-form-control-wrap\" data-name=\"your-message\"><textarea cols=\"40\" rows=\"5\" class=\"wpcf7-form-control wpcf7-textarea wpcf7-validates-as-required\" aria-required=\"true\" aria-invalid=\"false\" placeholder=\"Tu mensaje*\" name=\"your-message\"><\/textarea><\/span><\/label>\n\n<label class=\"contact-form-consent\"><p>Privacy Policy*<\/p>\n<span class=\"wpcf7-form-control-wrap\" data-name=\"your-consent\"><span class=\"wpcf7-form-control wpcf7-acceptance\"><span class=\"wpcf7-list-item\"><label><input type=\"checkbox\" name=\"your-consent\" value=\"1\" aria-invalid=\"false\" \/><span class=\"wpcf7-list-item-label\">He le\u00eddo atentamente y entendido la nota informativa publicada en bocedisrl.com, Soy plenamente consciente de mis derechos en lo que respecta al procesamiento de los datos personales de acuerdo con la Normativa Europea n. 2016\/679, y doy mi consentimiento para la recogida y el tratamiento de mis datos personales, necesarios para los fines de la nota informativa m\u00e1s arriba mencionada. <a href=\"\/privacy\/\" target=\"_blank\"><\/a><\/span><\/label><\/span><\/span><\/span><\/label>\n\n<label class=\"contact-form-checkbox\"><p>Marketing<\/p>\n<span><span class=\"wpcf7-form-control-wrap\" data-name=\"marketing\"><span class=\"wpcf7-form-control wpcf7-checkbox\"><span class=\"wpcf7-list-item first last\"><input type=\"checkbox\" name=\"marketing[]\" value=\"Asimismo, autorizo el env\u00edo de material publicitario para marketing, estad\u00edsticas, objetivos promocionales tales como folletos, invitaciones, boletines informativos, por correo ordinario, correo electr\u00f3nico y similares, procedentes del Controlador de Datos o de los sujetos especificados en la nota informativa publicada en bocedisrl.com.\" \/><span class=\"wpcf7-list-item-label\">Asimismo, autorizo el env\u00edo de material publicitario para marketing, estad\u00edsticas, objetivos promocionales tales como folletos, invitaciones, boletines informativos, por correo ordinario, correo electr\u00f3nico y similares, procedentes del Controlador de Datos o de los sujetos especificados en la nota informativa publicada en bocedisrl.com.<\/span><\/span><\/span><\/span><\/span><\/label>\n\n<input class=\"wpcf7-form-control wpcf7-hidden\" id=\"page-url-field\" value=\"\" type=\"hidden\" name=\"page-url-field\" \/>\n\n<button id=\"submit\" class=\"et_pb_button wpcf7-form-control wpcf7-submit\">Enviar<\/button>\n\n<script>\ndocument.addEventListener('DOMContentLoaded', function() {\nvar inputElement = document.getElementById(\"page-url-field\");\ninputElement.value = window.location.href;\n});\ndocument.addEventListener( 'wpcf7mailsent', function( event ) {\nif ( '4287' == event.detail.contactFormId )\n        location = 'https:\/\/www.bocedisrl.com\/es\/pagina-de-agradecimiento\/';\n    }, false );\n<\/script><div class=\"wpcf7-response-output\" aria-hidden=\"true\"><\/div>\n<\/form>\n<\/div>\n<\/div>\r\n","protected":false},"excerpt":{"rendered":"<p>Cont\u00e1cta con nosotros \n<div class=\"wpcf7 no-js\" id=\"wpcf7-f4287-o2\" lang=\"es-ES\" dir=\"ltr\">\n<div class=\"screen-reader-response\"><p role=\"status\" aria-live=\"polite\" aria-atomic=\"true\"><\/p> <ul><\/ul><\/div>\n<form action=\"\/es\/wp-json\/wp\/v2\/pages\/4141#wpcf7-f4287-o2\" method=\"post\" class=\"wpcf7-form init wpcf7-acceptance-as-validation\" aria-label=\"Formulario de contacto\" enctype=\"multipart\/form-data\" novalidate=\"novalidate\" data-status=\"init\">\n<div style=\"display: none;\">\n<input type=\"hidden\" name=\"_wpcf7\" value=\"4287\" \/>\n<input type=\"hidden\" name=\"_wpcf7_version\" value=\"5.9.4\" \/>\n<input type=\"hidden\" name=\"_wpcf7_locale\" value=\"es_ES\" \/>\n<input type=\"hidden\" name=\"_wpcf7_unit_tag\" value=\"wpcf7-f4287-o2\" \/>\n<input type=\"hidden\" name=\"_wpcf7_container_post\" value=\"0\" \/>\n<input type=\"hidden\" name=\"_wpcf7_posted_data_hash\" value=\"\" \/>\n<input type=\"hidden\" name=\"_wpcf7_recaptcha_response\" value=\"\" \/>\n<\/div>\n<label><span class=\"wpcf7-form-control-wrap\" data-name=\"your-name\"><input size=\"40\" class=\"wpcf7-form-control wpcf7-text wpcf7-validates-as-required\" aria-required=\"true\" aria-invalid=\"false\" placeholder=\"Tu nombre*\" value=\"\" type=\"text\" name=\"your-name\" \/><\/span><\/label>\n\n<label><span class=\"wpcf7-form-control-wrap\" data-name=\"company\"><input size=\"40\" class=\"wpcf7-form-control wpcf7-text wpcf7-validates-as-required\" aria-required=\"true\" aria-invalid=\"false\" placeholder=\"Empresa*\" value=\"\" type=\"text\" name=\"company\" \/><\/span><\/label>\n\n<label><span class=\"wpcf7-form-control-wrap\" data-name=\"country\"><input size=\"40\" class=\"wpcf7-form-control wpcf7-text wpcf7-validates-as-required\" aria-required=\"true\" aria-invalid=\"false\" placeholder=\"Pa\u00eds*\" value=\"\" type=\"text\" name=\"country\" \/><\/span><\/label>\n\n<label><span class=\"wpcf7-form-control-wrap\" data-name=\"your-email\"><input size=\"40\" class=\"wpcf7-form-control wpcf7-email wpcf7-validates-as-required wpcf7-text wpcf7-validates-as-email\" aria-required=\"true\" aria-invalid=\"false\" placeholder=\"Email*\" value=\"\" type=\"email\" name=\"your-email\" \/><\/span><\/label>\n\n<label><span class=\"wpcf7-form-control-wrap\" data-name=\"phone\"><input size=\"40\" class=\"wpcf7-form-control wpcf7-text\" aria-invalid=\"false\" placeholder=\"Tel\u00e9fono\" value=\"\" type=\"text\" name=\"phone\" \/><\/span><\/label>\n\n<label><span class=\"wpcf7-form-control-wrap\" data-name=\"your-recipient\"><select class=\"wpcf7-form-control wpcf7-select wpcf7-validates-as-required\" aria-required=\"true\" aria-invalid=\"false\" name=\"your-recipient\"><option value=\"\">Seleccionar servicios*<\/option><option value=\"Ventas\">Ventas<\/option><option value=\"Servicio post-venta\">Servicio post-venta<\/option><option value=\"Administraci\u00f3n\">Administraci\u00f3n<\/option><option value=\"Trabaja con nosotros\">Trabaja con nosotros<\/option><\/select><\/span><\/label>\n\n<label class=\"contact-form-file\"><span class=\"wpcf7-form-control-wrap\" data-name=\"your-file\"><input size=\"40\" class=\"wpcf7-form-control wpcf7-file\" accept=\".jpg,.jpeg,.png,.pdf\" aria-invalid=\"false\" type=\"file\" name=\"your-file\" \/><\/span><\/label>\n\n<label class=\"contact-form-message\"><span class=\"wpcf7-form-control-wrap\" data-name=\"your-message\"><textarea cols=\"40\" rows=\"5\" class=\"wpcf7-form-control wpcf7-textarea wpcf7-validates-as-required\" aria-required=\"true\" aria-invalid=\"false\" placeholder=\"Tu mensaje*\" name=\"your-message\"><\/textarea><\/span><\/label>\n\n<label class=\"contact-form-consent\"><p>Privacy Policy*<\/p>\n<span class=\"wpcf7-form-control-wrap\" data-name=\"your-consent\"><span class=\"wpcf7-form-control wpcf7-acceptance\"><span class=\"wpcf7-list-item\"><label><input type=\"checkbox\" name=\"your-consent\" value=\"1\" aria-invalid=\"false\" \/><span class=\"wpcf7-list-item-label\">He le\u00eddo atentamente y entendido la nota informativa publicada en bocedisrl.com, Soy plenamente consciente de mis derechos en lo que respecta al procesamiento de los datos personales de acuerdo con la Normativa Europea n. 2016\/679, y doy mi consentimiento para la recogida y el tratamiento de mis datos personales, necesarios para los fines de la nota informativa m\u00e1s arriba mencionada. <a href=\"\/privacy\/\" target=\"_blank\"><\/a><\/span><\/label><\/span><\/span><\/span><\/label>\n\n<label class=\"contact-form-checkbox\"><p>Marketing<\/p>\n<span><span class=\"wpcf7-form-control-wrap\" data-name=\"marketing\"><span class=\"wpcf7-form-control wpcf7-checkbox\"><span class=\"wpcf7-list-item first last\"><input type=\"checkbox\" name=\"marketing[]\" value=\"Asimismo, autorizo el env\u00edo de material publicitario para marketing, estad\u00edsticas, objetivos promocionales tales como folletos, invitaciones, boletines informativos, por correo ordinario, correo electr\u00f3nico y similares, procedentes del Controlador de Datos o de los sujetos especificados en la nota informativa publicada en bocedisrl.com.\" \/><span class=\"wpcf7-list-item-label\">Asimismo, autorizo el env\u00edo de material publicitario para marketing, estad\u00edsticas, objetivos promocionales tales como folletos, invitaciones, boletines informativos, por correo ordinario, correo electr\u00f3nico y similares, procedentes del Controlador de Datos o de los sujetos especificados en la nota informativa publicada en bocedisrl.com.<\/span><\/span><\/span><\/span><\/span><\/label>\n\n<input class=\"wpcf7-form-control wpcf7-hidden\" value=\"\" type=\"hidden\" name=\"page-url-field\" \/>\n\n<button id=\"submit\" class=\"et_pb_button wpcf7-form-control wpcf7-submit\">Enviar<\/button>\n\n<script>\ndocument.addEventListener('DOMContentLoaded', function() {\nvar inputElement = document.getElementById(\"page-url-field\");\ninputElement.value = window.location.href;\n});\ndocument.addEventListener( 'wpcf7mailsent', function( event ) {\nif ( '4287' == event.detail.contactFormId )\n        location = 'https:\/\/www.bocedisrl.com\/es\/pagina-de-agradecimiento\/';\n    }, false );\n<\/script><div class=\"wpcf7-response-output\" aria-hidden=\"true\"><\/div>\n<\/form>\n<\/div>\n<\/p>\n","protected":false},"author":1,"featured_media":2916,"parent":0,"menu_order":0,"comment_status":"closed","ping_status":"closed","template":"","meta":{"_acf_changed":false,"_et_pb_use_builder":"on","_et_pb_old_content":"","_et_gb_content_width":"","footnotes":""},"acf":[],"yoast_head":"<!-- This site is optimized with the Yoast SEO plugin v22.7 - https:\/\/yoast.com\/wordpress\/plugins\/seo\/ -->\n<title>Contacto - Bocedi srl<\/title>\n<meta name=\"description\" content=\"\u00bfNecesita un presupuesto o tiene preguntas sobre los productos o servicios de Bocedi? Descubra la mejor manera de contactarnos aqu\u00ed o env\u00ede un correo electr\u00f3nico a: info@bocedisrl.com\" \/>\n<meta name=\"robots\" content=\"index, follow, max-snippet:-1, max-image-preview:large, max-video-preview:-1\" \/>\n<link rel=\"canonical\" href=\"https:\/\/stretchhood.it\/es\/contacto\/\" \/>\n<meta property=\"og:locale\" content=\"es_ES\" \/>\n<meta property=\"og:type\" content=\"article\" \/>\n<meta property=\"og:title\" content=\"Contacto - Bocedi srl\" \/>\n<meta property=\"og:description\" content=\"\u00bfNecesita un presupuesto o tiene preguntas sobre los productos o servicios de Bocedi? Descubra la mejor manera de contactarnos aqu\u00ed o env\u00ede un correo electr\u00f3nico a: info@bocedisrl.com\" \/>\n<meta property=\"og:url\" content=\"https:\/\/stretchhood.it\/es\/contacto\/\" \/>\n<meta property=\"og:site_name\" content=\"Bocedi srl\" \/>\n<meta property=\"article:modified_time\" content=\"2021-12-30T11:17:54+00:00\" \/>\n<meta property=\"og:image\" content=\"https:\/\/stretchhood.it\/wp-content\/uploads\/2021\/12\/banner-contact.jpg\" \/>\n\t<meta property=\"og:image:width\" content=\"1200\" \/>\n\t<meta property=\"og:image:height\" content=\"800\" \/>\n\t<meta property=\"og:image:type\" content=\"image\/jpeg\" \/>\n<meta name=\"twitter:card\" content=\"summary_large_image\" \/>\n<script type=\"application\/ld+json\" class=\"yoast-schema-graph\">{\"@context\":\"https:\/\/schema.org\",\"@graph\":[{\"@type\":\"WebPage\",\"@id\":\"https:\/\/stretchhood.it\/es\/contacto\/\",\"url\":\"https:\/\/stretchhood.it\/es\/contacto\/\",\"name\":\"Contacto - Bocedi srl\",\"isPartOf\":{\"@id\":\"https:\/\/stretchhood.it\/es\/#website\"},\"primaryImageOfPage\":{\"@id\":\"https:\/\/stretchhood.it\/es\/contacto\/#primaryimage\"},\"image\":{\"@id\":\"https:\/\/stretchhood.it\/es\/contacto\/#primaryimage\"},\"thumbnailUrl\":\"https:\/\/stretchhood.it\/wp-content\/uploads\/2021\/12\/banner-contact.jpg\",\"datePublished\":\"2021-11-29T09:39:40+00:00\",\"dateModified\":\"2021-12-30T11:17:54+00:00\",\"description\":\"\u00bfNecesita un presupuesto o tiene preguntas sobre los productos o servicios de Bocedi? Descubra la mejor manera de contactarnos aqu\u00ed o env\u00ede un correo electr\u00f3nico a: info@bocedisrl.com\",\"breadcrumb\":{\"@id\":\"https:\/\/stretchhood.it\/es\/contacto\/#breadcrumb\"},\"inLanguage\":\"es\",\"potentialAction\":[{\"@type\":\"ReadAction\",\"target\":[\"https:\/\/stretchhood.it\/es\/contacto\/\"]}]},{\"@type\":\"ImageObject\",\"inLanguage\":\"es\",\"@id\":\"https:\/\/stretchhood.it\/es\/contacto\/#primaryimage\",\"url\":\"https:\/\/stretchhood.it\/wp-content\/uploads\/2021\/12\/banner-contact.jpg\",\"contentUrl\":\"https:\/\/stretchhood.it\/wp-content\/uploads\/2021\/12\/banner-contact.jpg\",\"width\":1200,\"height\":800},{\"@type\":\"BreadcrumbList\",\"@id\":\"https:\/\/stretchhood.it\/es\/contacto\/#breadcrumb\",\"itemListElement\":[{\"@type\":\"ListItem\",\"position\":1,\"name\":\"Home\",\"item\":\"https:\/\/stretchhood.it\/es\/\"},{\"@type\":\"ListItem\",\"position\":2,\"name\":\"Contacto\"}]},{\"@type\":\"WebSite\",\"@id\":\"https:\/\/stretchhood.it\/es\/#website\",\"url\":\"https:\/\/stretchhood.it\/es\/\",\"name\":\"Bocedi srl\",\"description\":\"Pallet Packaging Systems\",\"publisher\":{\"@id\":\"https:\/\/stretchhood.it\/es\/#organization\"},\"potentialAction\":[{\"@type\":\"SearchAction\",\"target\":{\"@type\":\"EntryPoint\",\"urlTemplate\":\"https:\/\/stretchhood.it\/es\/?s={search_term_string}\"},\"query-input\":\"required name=search_term_string\"}],\"inLanguage\":\"es\"},{\"@type\":\"Organization\",\"@id\":\"https:\/\/stretchhood.it\/es\/#organization\",\"name\":\"Bocedi srl\",\"url\":\"https:\/\/stretchhood.it\/es\/\",\"logo\":{\"@type\":\"ImageObject\",\"inLanguage\":\"es\",\"@id\":\"https:\/\/stretchhood.it\/es\/#\/schema\/logo\/image\/\",\"url\":\"https:\/\/www.bocedisrl.com\/wp-content\/uploads\/2021\/11\/logo-bocedi.png\",\"contentUrl\":\"https:\/\/www.bocedisrl.com\/wp-content\/uploads\/2021\/11\/logo-bocedi.png\",\"width\":800,\"height\":480,\"caption\":\"Bocedi srl\"},\"image\":{\"@id\":\"https:\/\/stretchhood.it\/es\/#\/schema\/logo\/image\/\"}}]}<\/script>\n<!-- \/ Yoast SEO plugin. -->","yoast_head_json":{"title":"Contacto - Bocedi srl","description":"\u00bfNecesita un presupuesto o tiene preguntas sobre los productos o servicios de Bocedi? Descubra la mejor manera de contactarnos aqu\u00ed o env\u00ede un correo electr\u00f3nico a: info@bocedisrl.com","robots":{"index":"index","follow":"follow","max-snippet":"max-snippet:-1","max-image-preview":"max-image-preview:large","max-video-preview":"max-video-preview:-1"},"canonical":"https:\/\/stretchhood.it\/es\/contacto\/","og_locale":"es_ES","og_type":"article","og_title":"Contacto - Bocedi srl","og_description":"\u00bfNecesita un presupuesto o tiene preguntas sobre los productos o servicios de Bocedi? Descubra la mejor manera de contactarnos aqu\u00ed o env\u00ede un correo electr\u00f3nico a: info@bocedisrl.com","og_url":"https:\/\/stretchhood.it\/es\/contacto\/","og_site_name":"Bocedi srl","article_modified_time":"2021-12-30T11:17:54+00:00","og_image":[{"width":1200,"height":800,"url":"https:\/\/stretchhood.it\/wp-content\/uploads\/2021\/12\/banner-contact.jpg","type":"image\/jpeg"}],"twitter_card":"summary_large_image","schema":{"@context":"https:\/\/schema.org","@graph":[{"@type":"WebPage","@id":"https:\/\/stretchhood.it\/es\/contacto\/","url":"https:\/\/stretchhood.it\/es\/contacto\/","name":"Contacto - Bocedi srl","isPartOf":{"@id":"https:\/\/stretchhood.it\/es\/#website"},"primaryImageOfPage":{"@id":"https:\/\/stretchhood.it\/es\/contacto\/#primaryimage"},"image":{"@id":"https:\/\/stretchhood.it\/es\/contacto\/#primaryimage"},"thumbnailUrl":"https:\/\/stretchhood.it\/wp-content\/uploads\/2021\/12\/banner-contact.jpg","datePublished":"2021-11-29T09:39:40+00:00","dateModified":"2021-12-30T11:17:54+00:00","description":"\u00bfNecesita un presupuesto o tiene preguntas sobre los productos o servicios de Bocedi? Descubra la mejor manera de contactarnos aqu\u00ed o env\u00ede un correo electr\u00f3nico a: info@bocedisrl.com","breadcrumb":{"@id":"https:\/\/stretchhood.it\/es\/contacto\/#breadcrumb"},"inLanguage":"es","potentialAction":[{"@type":"ReadAction","target":["https:\/\/stretchhood.it\/es\/contacto\/"]}]},{"@type":"ImageObject","inLanguage":"es","@id":"https:\/\/stretchhood.it\/es\/contacto\/#primaryimage","url":"https:\/\/stretchhood.it\/wp-content\/uploads\/2021\/12\/banner-contact.jpg","contentUrl":"https:\/\/stretchhood.it\/wp-content\/uploads\/2021\/12\/banner-contact.jpg","width":1200,"height":800},{"@type":"BreadcrumbList","@id":"https:\/\/stretchhood.it\/es\/contacto\/#breadcrumb","itemListElement":[{"@type":"ListItem","position":1,"name":"Home","item":"https:\/\/stretchhood.it\/es\/"},{"@type":"ListItem","position":2,"name":"Contacto"}]},{"@type":"WebSite","@id":"https:\/\/stretchhood.it\/es\/#website","url":"https:\/\/stretchhood.it\/es\/","name":"Bocedi srl","description":"Pallet Packaging Systems","publisher":{"@id":"https:\/\/stretchhood.it\/es\/#organization"},"potentialAction":[{"@type":"SearchAction","target":{"@type":"EntryPoint","urlTemplate":"https:\/\/stretchhood.it\/es\/?s={search_term_string}"},"query-input":"required name=search_term_string"}],"inLanguage":"es"},{"@type":"Organization","@id":"https:\/\/stretchhood.it\/es\/#organization","name":"Bocedi srl","url":"https:\/\/stretchhood.it\/es\/","logo":{"@type":"ImageObject","inLanguage":"es","@id":"https:\/\/stretchhood.it\/es\/#\/schema\/logo\/image\/","url":"https:\/\/www.bocedisrl.com\/wp-content\/uploads\/2021\/11\/logo-bocedi.png","contentUrl":"https:\/\/www.bocedisrl.com\/wp-content\/uploads\/2021\/11\/logo-bocedi.png","width":800,"height":480,"caption":"Bocedi srl"},"image":{"@id":"https:\/\/stretchhood.it\/es\/#\/schema\/logo\/image\/"}}]}},"_links":{"self":[{"href":"https:\/\/stretchhood.it\/es\/wp-json\/wp\/v2\/pages\/4141"}],"collection":[{"href":"https:\/\/stretchhood.it\/es\/wp-json\/wp\/v2\/pages"}],"about":[{"href":"https:\/\/stretchhood.it\/es\/wp-json\/wp\/v2\/types\/page"}],"author":[{"embeddable":true,"href":"https:\/\/stretchhood.it\/es\/wp-json\/wp\/v2\/users\/1"}],"replies":[{"embeddable":true,"href":"https:\/\/stretchhood.it\/es\/wp-json\/wp\/v2\/comments?post=4141"}],"version-history":[{"count":1,"href":"https:\/\/stretchhood.it\/es\/wp-json\/wp\/v2\/pages\/4141\/revisions"}],"predecessor-version":[{"id":4142,"href":"https:\/\/stretchhood.it\/es\/wp-json\/wp\/v2\/pages\/4141\/revisions\/4142"}],"wp:featuredmedia":[{"embeddable":true,"href":"https:\/\/stretchhood.it\/es\/wp-json\/wp\/v2\/media\/2916"}],"wp:attachment":[{"href":"https:\/\/stretchhood.it\/es\/wp-json\/wp\/v2\/media?parent=4141"}],"curies":[{"name":"wp","href":"https:\/\/api.w.org\/{rel}","templated":true}]}}