{"id":4102,"date":"2021-11-30T14:15:09","date_gmt":"2021-11-30T13:15:09","guid":{"rendered":"https:\/\/www.stretchhood.it\/la-empresa\/valores\/"},"modified":"2021-12-30T12:19:59","modified_gmt":"2021-12-30T11:19:59","slug":"valores","status":"publish","type":"page","link":"https:\/\/stretchhood.it\/es\/la-empresa\/valores\/","title":{"rendered":"Valores"},"content":{"rendered":"\n<div class=\"wp-block-columns no-alignment is-layout-flex wp-container-core-columns-is-layout-1 wp-block-columns-is-layout-flex\">\n<div class=\"wp-block-column is-layout-flow wp-block-column-is-layout-flow\">\n<h2 class=\"has-text-color wp-block-heading\" style=\"color:#e41b13\">Escuchamos<\/h2>\n\n\n\n<p>Escuchamos a nuestros empleados. Nos aseguramos de que trabajen en un entorno sano y motivador que pueda potenciar sus ideas y acciones, para formar un equipo muy unido.<\/p>\n<\/div>\n\n\n\n<div class=\"wp-block-column is-layout-flow wp-block-column-is-layout-flow\">\n<h2 class=\"has-text-color wp-block-heading\" style=\"color:#e41b13\">Construimos<\/h2>\n\n\n\n<p>Construimos relaciones basadas en la lealtad con nuestros clientes, nos comprometemos con lo que decimos y nos centramos en la satisfacci\u00f3n del cliente.<\/p>\n<\/div>\n<\/div>\n\n<div class=\"wp-block-columns no-alignment is-layout-flex wp-container-core-columns-is-layout-2 wp-block-columns-is-layout-flex\">\n<div class=\"wp-block-column is-layout-flow wp-block-column-is-layout-flow\">\n<h2 class=\"has-text-color wp-block-heading\" style=\"color:#e41b13\">Respaldamos<\/h2>\n\n\n\n<p>Respaldamos la calidad de nuestros productos, ofrecemos soluciones seguras y fiables para proporcionar el mejor embalaje a nuestros clientes.<\/p>\n<\/div>\n\n\n\n<div class=\"wp-block-column is-layout-flow wp-block-column-is-layout-flow\">\n<h2 class=\"has-text-color wp-block-heading\" style=\"color:#e41b13\">Nos preocupamos<\/h2>\n\n\n\n<p>Nos preocupamos por el medioambiente y en todo momento prestamos atenci\u00f3n a las soluciones de ingenier\u00eda que nos permitan lograr reducir la cantidad de energ\u00eda necesaria en nuestras m\u00e1quinas y utilizar materiales reciclables.<\/p>\n<\/div>\n<\/div>\n\n<div style=\"height:50px\" aria-hidden=\"true\" class=\"wp-block-spacer\"><\/div>\n\n<div class=\"wp-block-columns is-layout-flex wp-container-core-columns-is-layout-3 wp-block-columns-is-layout-flex\">\n<div class=\"wp-block-column is-layout-flow wp-block-column-is-layout-flow\">\n<h3 class=\"wp-block-heading\">Fabricadas en Italia<\/h3>\n\n\n\n<p>Trabajamos para dise\u00f1ar y fabricar soluciones de embalaje de final de l\u00ednea, producidas exclusivamente en Italia, por ello, nuestra calidad destaca en el mercado internacional.<\/p>\n\n\n\n<h3 class=\"wp-block-heading\">Orientaci\u00f3n hacia el cliente<\/h3>\n\n\n\n<p>La clave de nuestro \u00e9xito se encuentra en nuestra orientaci\u00f3n hacia el cliente. Solo escuchando podemos reunir nuestras mejores capacidades \u2013 experiencia en ingenier\u00eda, pasi\u00f3n e investigaci\u00f3n \u2013 y realizar m\u00e1quinas para el embalaje con la m\u00e1xima calidad, que respondan a todas las necesidades de aplicaci\u00f3n espec\u00edficas.<\/p>\n<\/div>\n\n\n\n<div class=\"wp-block-column is-layout-flow wp-block-column-is-layout-flow\"><div class=\"wp-block-getwid-images-slider fit-right has-arrows-inside has-dots-inside has-images-center has-cropped-images has-fixed-height\"><div class=\"wp-block-getwid-images-slider__wrapper\" data-effect=\"fade\" data-slides-show=\"1\" data-slides-show-laptop=\"1\" data-slides-show-tablet=\"1\" data-slides-show-mobile=\"1\" data-slides-scroll=\"1\" data-autoplay=\"true\" data-autoplay-speed=\"5000\" data-infinite=\"true\" data-animation-speed=\"800\" data-center-mode=\"false\" data-variable-width=\"false\" data-arrows=\"inside\" data-dots=\"inside\" data-spacing=\"none\"><div class=\"wp-block-getwid-images-slider__item\" style=\"height:350px\"><figure><img loading=\"lazy\" decoding=\"async\" width=\"1200\" height=\"800\" src=\"https:\/\/www.stretchhood.it\/wp-content\/uploads\/2021\/12\/image-values-01.jpg\" data-id=\"2026\" data-link=\"https:\/\/www.stretchhood.it\/company\/values\/attachment\/image-values-01\/\" data-original-link=\"https:\/\/www.stretchhood.it\/wp-content\/uploads\/2021\/12\/image-values-01.jpg\" class=\"wp-block-getwid-images-slider__image wp-image-2026\" srcset=\"https:\/\/www.stretchhood.it\/wp-content\/uploads\/2021\/12\/image-values-01.jpg 1200w, https:\/\/www.stretchhood.it\/wp-content\/uploads\/2021\/12\/image-values-01-980x653.jpg 980w, https:\/\/www.stretchhood.it\/wp-content\/uploads\/2021\/12\/image-values-01-480x320.jpg 480w\" sizes=\"(min-width: 0px) and (max-width: 480px) 480px, (min-width: 481px) and (max-width: 980px) 980px, (min-width: 981px) 1200px, 100vw\" \/><\/figure><\/div><\/div><\/div>\r\n<\/div>\n<\/div>\n","protected":false},"excerpt":{"rendered":"<p>Escuchamos Escuchamos a nuestros empleados. Nos aseguramos de que trabajen en un entorno sano y motivador que pueda potenciar sus ideas y acciones, para formar un equipo muy unido. Construimos Construimos relaciones basadas en la lealtad con nuestros clientes, nos comprometemos con lo que decimos y nos centramos en la satisfacci\u00f3n del cliente. Respaldamos Respaldamos [&hellip;]<\/p>\n","protected":false},"author":1,"featured_media":2949,"parent":4083,"menu_order":0,"comment_status":"closed","ping_status":"closed","template":"","meta":{"_acf_changed":false,"_et_pb_use_builder":"","_et_pb_old_content":"","_et_gb_content_width":"","footnotes":""},"acf":[],"yoast_head":"<!-- This site is optimized with the Yoast SEO plugin v22.7 - https:\/\/yoast.com\/wordpress\/plugins\/seo\/ -->\n<title>Valores - Bocedi srl<\/title>\n<meta name=\"description\" content=\"Escuchamos, construimos, nos mantenemos. Estos son nuestros valores fundamentales por lo que nuestra calidad se destaca en el mercado internacional.\" \/>\n<meta name=\"robots\" content=\"index, follow, max-snippet:-1, max-image-preview:large, max-video-preview:-1\" \/>\n<link rel=\"canonical\" href=\"https:\/\/stretchhood.it\/es\/la-empresa\/valores\/\" \/>\n<meta property=\"og:locale\" content=\"es_ES\" \/>\n<meta property=\"og:type\" content=\"article\" \/>\n<meta property=\"og:title\" content=\"Valores - Bocedi srl\" \/>\n<meta property=\"og:description\" content=\"Escuchamos, construimos, nos mantenemos. Estos son nuestros valores fundamentales por lo que nuestra calidad se destaca en el mercado internacional.\" \/>\n<meta property=\"og:url\" content=\"https:\/\/stretchhood.it\/es\/la-empresa\/valores\/\" \/>\n<meta property=\"og:site_name\" content=\"Bocedi srl\" \/>\n<meta property=\"article:modified_time\" content=\"2021-12-30T11:19:59+00:00\" \/>\n<meta property=\"og:image\" content=\"https:\/\/stretchhood.it\/wp-content\/uploads\/2021\/12\/banner-values.jpg\" \/>\n\t<meta property=\"og:image:width\" content=\"1200\" \/>\n\t<meta property=\"og:image:height\" content=\"800\" \/>\n\t<meta property=\"og:image:type\" content=\"image\/jpeg\" \/>\n<meta name=\"twitter:card\" content=\"summary_large_image\" \/>\n<meta name=\"twitter:label1\" content=\"Tiempo de lectura\" \/>\n\t<meta name=\"twitter:data1\" content=\"1 minuto\" \/>\n<script type=\"application\/ld+json\" class=\"yoast-schema-graph\">{\"@context\":\"https:\/\/schema.org\",\"@graph\":[{\"@type\":\"WebPage\",\"@id\":\"https:\/\/stretchhood.it\/es\/la-empresa\/valores\/\",\"url\":\"https:\/\/stretchhood.it\/es\/la-empresa\/valores\/\",\"name\":\"Valores - Bocedi srl\",\"isPartOf\":{\"@id\":\"https:\/\/www.stretchhood.it\/es\/#website\"},\"primaryImageOfPage\":{\"@id\":\"https:\/\/stretchhood.it\/es\/la-empresa\/valores\/#primaryimage\"},\"image\":{\"@id\":\"https:\/\/stretchhood.it\/es\/la-empresa\/valores\/#primaryimage\"},\"thumbnailUrl\":\"https:\/\/stretchhood.it\/wp-content\/uploads\/2021\/12\/banner-values.jpg\",\"datePublished\":\"2021-11-30T13:15:09+00:00\",\"dateModified\":\"2021-12-30T11:19:59+00:00\",\"description\":\"Escuchamos, construimos, nos mantenemos. Estos son nuestros valores fundamentales por lo que nuestra calidad se destaca en el mercado internacional.\",\"breadcrumb\":{\"@id\":\"https:\/\/stretchhood.it\/es\/la-empresa\/valores\/#breadcrumb\"},\"inLanguage\":\"es\",\"potentialAction\":[{\"@type\":\"ReadAction\",\"target\":[\"https:\/\/stretchhood.it\/es\/la-empresa\/valores\/\"]}]},{\"@type\":\"ImageObject\",\"inLanguage\":\"es\",\"@id\":\"https:\/\/stretchhood.it\/es\/la-empresa\/valores\/#primaryimage\",\"url\":\"https:\/\/stretchhood.it\/wp-content\/uploads\/2021\/12\/banner-values.jpg\",\"contentUrl\":\"https:\/\/stretchhood.it\/wp-content\/uploads\/2021\/12\/banner-values.jpg\",\"width\":1200,\"height\":800},{\"@type\":\"BreadcrumbList\",\"@id\":\"https:\/\/stretchhood.it\/es\/la-empresa\/valores\/#breadcrumb\",\"itemListElement\":[{\"@type\":\"ListItem\",\"position\":1,\"name\":\"Home\",\"item\":\"https:\/\/www.stretchhood.it\/es\/\"},{\"@type\":\"ListItem\",\"position\":2,\"name\":\"La Empresa\",\"item\":\"https:\/\/stretchhood.it\/es\/la-empresa\/\"},{\"@type\":\"ListItem\",\"position\":3,\"name\":\"Valores\"}]},{\"@type\":\"WebSite\",\"@id\":\"https:\/\/www.stretchhood.it\/es\/#website\",\"url\":\"https:\/\/www.stretchhood.it\/es\/\",\"name\":\"Bocedi srl\",\"description\":\"Pallet Packaging Systems\",\"publisher\":{\"@id\":\"https:\/\/www.stretchhood.it\/es\/#organization\"},\"potentialAction\":[{\"@type\":\"SearchAction\",\"target\":{\"@type\":\"EntryPoint\",\"urlTemplate\":\"https:\/\/www.stretchhood.it\/es\/?s={search_term_string}\"},\"query-input\":\"required name=search_term_string\"}],\"inLanguage\":\"es\"},{\"@type\":\"Organization\",\"@id\":\"https:\/\/www.stretchhood.it\/es\/#organization\",\"name\":\"Bocedi srl\",\"url\":\"https:\/\/www.stretchhood.it\/es\/\",\"logo\":{\"@type\":\"ImageObject\",\"inLanguage\":\"es\",\"@id\":\"https:\/\/www.stretchhood.it\/es\/#\/schema\/logo\/image\/\",\"url\":\"https:\/\/www.bocedisrl.com\/wp-content\/uploads\/2021\/11\/logo-bocedi.png\",\"contentUrl\":\"https:\/\/www.bocedisrl.com\/wp-content\/uploads\/2021\/11\/logo-bocedi.png\",\"width\":800,\"height\":480,\"caption\":\"Bocedi srl\"},\"image\":{\"@id\":\"https:\/\/www.stretchhood.it\/es\/#\/schema\/logo\/image\/\"}}]}<\/script>\n<!-- \/ Yoast SEO plugin. -->","yoast_head_json":{"title":"Valores - Bocedi srl","description":"Escuchamos, construimos, nos mantenemos. Estos son nuestros valores fundamentales por lo que nuestra calidad se destaca en el mercado internacional.","robots":{"index":"index","follow":"follow","max-snippet":"max-snippet:-1","max-image-preview":"max-image-preview:large","max-video-preview":"max-video-preview:-1"},"canonical":"https:\/\/stretchhood.it\/es\/la-empresa\/valores\/","og_locale":"es_ES","og_type":"article","og_title":"Valores - Bocedi srl","og_description":"Escuchamos, construimos, nos mantenemos. Estos son nuestros valores fundamentales por lo que nuestra calidad se destaca en el mercado internacional.","og_url":"https:\/\/stretchhood.it\/es\/la-empresa\/valores\/","og_site_name":"Bocedi srl","article_modified_time":"2021-12-30T11:19:59+00:00","og_image":[{"width":1200,"height":800,"url":"https:\/\/stretchhood.it\/wp-content\/uploads\/2021\/12\/banner-values.jpg","type":"image\/jpeg"}],"twitter_card":"summary_large_image","twitter_misc":{"Tiempo de lectura":"1 minuto"},"schema":{"@context":"https:\/\/schema.org","@graph":[{"@type":"WebPage","@id":"https:\/\/stretchhood.it\/es\/la-empresa\/valores\/","url":"https:\/\/stretchhood.it\/es\/la-empresa\/valores\/","name":"Valores - Bocedi srl","isPartOf":{"@id":"https:\/\/www.stretchhood.it\/es\/#website"},"primaryImageOfPage":{"@id":"https:\/\/stretchhood.it\/es\/la-empresa\/valores\/#primaryimage"},"image":{"@id":"https:\/\/stretchhood.it\/es\/la-empresa\/valores\/#primaryimage"},"thumbnailUrl":"https:\/\/stretchhood.it\/wp-content\/uploads\/2021\/12\/banner-values.jpg","datePublished":"2021-11-30T13:15:09+00:00","dateModified":"2021-12-30T11:19:59+00:00","description":"Escuchamos, construimos, nos mantenemos. Estos son nuestros valores fundamentales por lo que nuestra calidad se destaca en el mercado internacional.","breadcrumb":{"@id":"https:\/\/stretchhood.it\/es\/la-empresa\/valores\/#breadcrumb"},"inLanguage":"es","potentialAction":[{"@type":"ReadAction","target":["https:\/\/stretchhood.it\/es\/la-empresa\/valores\/"]}]},{"@type":"ImageObject","inLanguage":"es","@id":"https:\/\/stretchhood.it\/es\/la-empresa\/valores\/#primaryimage","url":"https:\/\/stretchhood.it\/wp-content\/uploads\/2021\/12\/banner-values.jpg","contentUrl":"https:\/\/stretchhood.it\/wp-content\/uploads\/2021\/12\/banner-values.jpg","width":1200,"height":800},{"@type":"BreadcrumbList","@id":"https:\/\/stretchhood.it\/es\/la-empresa\/valores\/#breadcrumb","itemListElement":[{"@type":"ListItem","position":1,"name":"Home","item":"https:\/\/www.stretchhood.it\/es\/"},{"@type":"ListItem","position":2,"name":"La Empresa","item":"https:\/\/stretchhood.it\/es\/la-empresa\/"},{"@type":"ListItem","position":3,"name":"Valores"}]},{"@type":"WebSite","@id":"https:\/\/www.stretchhood.it\/es\/#website","url":"https:\/\/www.stretchhood.it\/es\/","name":"Bocedi srl","description":"Pallet Packaging Systems","publisher":{"@id":"https:\/\/www.stretchhood.it\/es\/#organization"},"potentialAction":[{"@type":"SearchAction","target":{"@type":"EntryPoint","urlTemplate":"https:\/\/www.stretchhood.it\/es\/?s={search_term_string}"},"query-input":"required name=search_term_string"}],"inLanguage":"es"},{"@type":"Organization","@id":"https:\/\/www.stretchhood.it\/es\/#organization","name":"Bocedi srl","url":"https:\/\/www.stretchhood.it\/es\/","logo":{"@type":"ImageObject","inLanguage":"es","@id":"https:\/\/www.stretchhood.it\/es\/#\/schema\/logo\/image\/","url":"https:\/\/www.bocedisrl.com\/wp-content\/uploads\/2021\/11\/logo-bocedi.png","contentUrl":"https:\/\/www.bocedisrl.com\/wp-content\/uploads\/2021\/11\/logo-bocedi.png","width":800,"height":480,"caption":"Bocedi srl"},"image":{"@id":"https:\/\/www.stretchhood.it\/es\/#\/schema\/logo\/image\/"}}]}},"_links":{"self":[{"href":"https:\/\/stretchhood.it\/es\/wp-json\/wp\/v2\/pages\/4102"}],"collection":[{"href":"https:\/\/stretchhood.it\/es\/wp-json\/wp\/v2\/pages"}],"about":[{"href":"https:\/\/stretchhood.it\/es\/wp-json\/wp\/v2\/types\/page"}],"author":[{"embeddable":true,"href":"https:\/\/stretchhood.it\/es\/wp-json\/wp\/v2\/users\/1"}],"replies":[{"embeddable":true,"href":"https:\/\/stretchhood.it\/es\/wp-json\/wp\/v2\/comments?post=4102"}],"version-history":[{"count":1,"href":"https:\/\/stretchhood.it\/es\/wp-json\/wp\/v2\/pages\/4102\/revisions"}],"predecessor-version":[{"id":4103,"href":"https:\/\/stretchhood.it\/es\/wp-json\/wp\/v2\/pages\/4102\/revisions\/4103"}],"up":[{"embeddable":true,"href":"https:\/\/stretchhood.it\/es\/wp-json\/wp\/v2\/pages\/4083"}],"wp:featuredmedia":[{"embeddable":true,"href":"https:\/\/stretchhood.it\/es\/wp-json\/wp\/v2\/media\/2949"}],"wp:attachment":[{"href":"https:\/\/stretchhood.it\/es\/wp-json\/wp\/v2\/media?parent=4102"}],"curies":[{"name":"wp","href":"https:\/\/api.w.org\/{rel}","templated":true}]}}